{"id":36,"date":"2013-12-09T12:14:41","date_gmt":"2013-12-09T12:14:41","guid":{"rendered":"http:\/\/wdb.ugr.es\/~jperez\/?page_id=36"},"modified":"2023-03-19T21:58:12","modified_gmt":"2023-03-19T20:58:12","slug":"investigacion","status":"publish","type":"page","link":"https:\/\/wpd.ugr.es\/~jperez\/investigacion\/","title":{"rendered":"Investigaci\u00f3n"},"content":{"rendered":"<p><strong>Temas de investigaci\u00f3n<\/strong><br \/>\nGeometr\u00eda Diferencial. An\u00e1lisis Geom\u00e9trico. Geometr\u00eda de superficies. Problemas asociados a la curvatura media. Superficies m\u00ednimas y de curvatura media constante. Problema isoperim\u00e9trico.<\/p>\n<p><strong>Proyectos de investigaci\u00f3n<\/strong><\/p>\n<ul>\n<li><strong>Unidad de Excelencia Maria de Maeztu (AEI): Instituto de Matem\u00e1ticas de la Universidad de Granada (IMAG)<\/strong><br \/>\nCEX2020-001105-M<br \/>\nCargo: Director cient\u00edfico<br \/>\nDuraci\u00f3n: 1 enero 2022 &#8211; 31 diciembre 2025<\/li>\n<li><strong>Proyecto de Investigaci\u00f3n (AEI): An\u00e1lisis Geom\u00e9trico<\/strong><br \/>\nPID2020-117868GB-I00<br \/>\nCargo: Investigador principal (co-IP Antonio Alarc\u00f3n)<br \/>\nDuraci\u00f3n: 1 septiembre 2021 &#8211; 31 agosto 2024<br \/>\n<a href=\"https:\/\/www.ugr.es\/~surfaces\/index.html\" rel=\"noopener\" target=\"_blank\">P\u00e1gina web<\/a><\/li>\n<li><strong>Proyecto de Excelencia (Junta de Andaluc\u00eda): Superficies y An\u00e1lisis Geom\u00e9trico<\/strong><br \/>\nP18-FR-4049<br \/>\nCargo: Co-IP (Investigador principal Antonio Ros)<br \/>\nDuraci\u00f3n: 1 enero 2020 \u2013 31 marzo 2023<br \/>\nN\u00ba de investigadores participantes: 19<\/li>\n<li><strong>Grupo de Investigaci\u00f3n (Junta de Andaluc\u00eda): Problemas variacionales y EDPs el\u00edpticas en Geometr\u00eda<\/strong><br \/>\nA-FQM-139-UGR18<br \/>\nCargo: Investigador (Investigadora principal Mar\u00eda M. Rodr\u00edguez, Co-IP Jos\u00e9 A. G\u00e1lvez)<br \/>\nDuraci\u00f3n: 1 enero 2020 \u2013 31 diciembre 2021<br \/>\nN\u00ba de investigadores participantes: 10<\/li>\n<li><strong>Proyecto de Investigaci\u00f3n (AEI\/FEDER): An\u00e1lisis Geom\u00e9trico<\/strong><br \/>\nMTM2017-89677-P<br \/>\nCargo: Investigador principal (co-IP Antonio Alarc\u00f3n)<br \/>\nDuraci\u00f3n: 1 enero 2018 &#8211; 31 diciembre 2020<br \/>\nN\u00ba de investigadores participantes: 15<\/li>\n<li><strong>Proyecto de Investigaci\u00f3n (AEI\/FEDER): An\u00e1lisis Geom\u00e9trico<\/strong><br \/>\nMTM2014-52368-P<br \/>\nCargo: Investigador principal<br \/>\nDuraci\u00f3n: 1 enero 2015 &#8211; 31 diciembre 2018<br \/>\nN\u00ba de investigadores participantes: 16<\/li>\n<li><strong>Proyecto de Investigaci\u00f3n (MICINN\/FEDER): An\u00e1lisis Geom\u00e9trico<\/strong><br \/>\nMTM2011-22547<br \/>\nCargo: Investigador principal<br \/>\nDuraci\u00f3n: 1 enero 2012 &#8211; 31 diciembre 2015<br \/>\nN\u00ba de investigadores participantes: 17<\/li>\n<li><strong>Grupo de Investigaci\u00f3n (Junta de Andaluc\u00eda): Problemas variacionales en Geometr\u00eda<\/strong><br \/>\nFQM 325<br \/>\nCargo: Investigador<br \/>\nInvestigador principal: Francisco Urbano P\u00e9rez-Aranda<\/li>\n<\/ul>\n<p><strong><a title=\"Publicaciones\" href=\"https:\/\/wpd.ugr.es\/~jperez\/publications-by-joaquin-perez\/\" target=\"_blank\" rel=\"noopener noreferrer\">Publicaciones y preprints<\/a><\/strong><\/p>\n","protected":false},"excerpt":{"rendered":"<p>Temas de investigaci\u00f3n Geometr\u00eda Diferencial. An\u00e1lisis Geom\u00e9trico. Geometr\u00eda de superficies. Problemas asociados a la curvatura media. Superficies m\u00ednimas y de&hellip;<\/p>\n","protected":false},"author":1,"featured_media":0,"parent":0,"menu_order":0,"comment_status":"closed","ping_status":"closed","template":"","meta":{"_monsterinsights_skip_tracking":false,"_monsterinsights_sitenote_active":false,"_monsterinsights_sitenote_note":"","_monsterinsights_sitenote_category":0,"footnotes":""},"class_list":["post-36","page","type-page","status-publish","hentry"],"_links":{"self":[{"href":"https:\/\/wpd.ugr.es\/~jperez\/wp-json\/wp\/v2\/pages\/36","targetHints":{"allow":["GET"]}}],"collection":[{"href":"https:\/\/wpd.ugr.es\/~jperez\/wp-json\/wp\/v2\/pages"}],"about":[{"href":"https:\/\/wpd.ugr.es\/~jperez\/wp-json\/wp\/v2\/types\/page"}],"author":[{"embeddable":true,"href":"https:\/\/wpd.ugr.es\/~jperez\/wp-json\/wp\/v2\/users\/1"}],"replies":[{"embeddable":true,"href":"https:\/\/wpd.ugr.es\/~jperez\/wp-json\/wp\/v2\/comments?post=36"}],"version-history":[{"count":14,"href":"https:\/\/wpd.ugr.es\/~jperez\/wp-json\/wp\/v2\/pages\/36\/revisions"}],"predecessor-version":[{"id":1440,"href":"https:\/\/wpd.ugr.es\/~jperez\/wp-json\/wp\/v2\/pages\/36\/revisions\/1440"}],"wp:attachment":[{"href":"https:\/\/wpd.ugr.es\/~jperez\/wp-json\/wp\/v2\/media?parent=36"}],"curies":[{"name":"wp","href":"https:\/\/api.w.org\/{rel}","templated":true}]}}