{"id":447,"date":"2016-02-03T20:00:12","date_gmt":"2016-02-03T20:00:12","guid":{"rendered":"http:\/\/wdb.ugr.es\/~jperez\/?page_id=447"},"modified":"2016-02-03T20:06:37","modified_gmt":"2016-02-03T20:06:37","slug":"la-ecuaciones-de-frenet-y-serret","status":"publish","type":"page","link":"https:\/\/wpd.ugr.es\/~jperez\/la-ecuaciones-de-frenet-y-serret\/","title":{"rendered":"Las ecuaciones de Frenet (y Serret)"},"content":{"rendered":"<p>Hemos visto en clase las <b>ecuaciones de Frenet<\/b> para una curva en el espacio. Este sistema lineal de 3 Ecuaciones Diferenciales Ordinarias (EDO) vectoriales con 3 inc\u00f3gnitas vectoriales (9 ecuaciones y 9 inc\u00f3gnitas escalares) fue descubierto por el matem\u00e1tico franc\u00e9s Jean Fr\u00e9d\u00e9ric Frenet en su tesis doctoral, hacia 1847. De forma independiente, otro matem\u00e1tico franc\u00e9s, Joseph Alfred Serret, obtuvo las mismas ecuaciones en 1851. La ecuaciones de Frenet no s\u00f3lo describen la variaci\u00f3n del triedro asociado a una curva p.p.a., sino que tambi\u00e9n son la base de que la curvatura y la torsi\u00f3n determinen esencialmente a la curva, gracias a los teoremas cl\u00e1sicos de existencia y unicidad de problemas de valores iniciales asociados a un sistema de EDO.<\/p>\n<p>Usa el desarrollo en serie de Taylor para probar que si \\(\\alpha \\colon I\\to \\mathbb{R}^3\\) es una curva p.p.a. definida en un intervalo abierto que contiene a cero, entonces para \\(t\\) suficientemente pr\u00f3ximo a cero se tiene<br \/>\n$$<br \/>\n\\begin{array}{rcl}<br \/>\n\\alpha (t)&#038;=&#038;\\alpha (0)+t\\left( 1-\\frac{\\kappa(0)^2t^2}{6}\\right) T(0)<br \/>\n\\\\<br \/>\n&#038; &#038; +t^2\\left( \\frac{\\kappa(0)}{2}+\\frac{\\kappa'(0)t}{6}\\right) N(0)-\\frac{\\kappa(0)\\tau (0)t^3}{6}B(0)+\\mathcal{O}(t^4),<br \/>\n\\end{array}<br \/>\n$$<br \/>\ndonde \\(\\kappa, \\tau \\) son la curvatura y torsi\u00f3n de \\(\\alpha \\), \\(\\{ T,N,B\\} \\) es su triedro de Frenet, y \\(t\\in I\\mapsto \\mathcal{O}(t^4)\\in \\mathbb{R}^3\\) es una aplicaci\u00f3n tal que<br \/>\n$$<br \/>\n\\lim _{t\\to 0}\\frac{O(t^4)}{t^3}=0.<br \/>\n$$<\/p>\n","protected":false},"excerpt":{"rendered":"<p>Hemos visto en clase las ecuaciones de Frenet para una curva en el espacio. Este sistema lineal de 3 Ecuaciones&hellip;<\/p>\n","protected":false},"author":1,"featured_media":0,"parent":0,"menu_order":0,"comment_status":"open","ping_status":"open","template":"","meta":{"_monsterinsights_skip_tracking":false,"_monsterinsights_sitenote_active":false,"_monsterinsights_sitenote_note":"","_monsterinsights_sitenote_category":0,"footnotes":""},"class_list":["post-447","page","type-page","status-publish","hentry"],"_links":{"self":[{"href":"https:\/\/wpd.ugr.es\/~jperez\/wp-json\/wp\/v2\/pages\/447","targetHints":{"allow":["GET"]}}],"collection":[{"href":"https:\/\/wpd.ugr.es\/~jperez\/wp-json\/wp\/v2\/pages"}],"about":[{"href":"https:\/\/wpd.ugr.es\/~jperez\/wp-json\/wp\/v2\/types\/page"}],"author":[{"embeddable":true,"href":"https:\/\/wpd.ugr.es\/~jperez\/wp-json\/wp\/v2\/users\/1"}],"replies":[{"embeddable":true,"href":"https:\/\/wpd.ugr.es\/~jperez\/wp-json\/wp\/v2\/comments?post=447"}],"version-history":[{"count":4,"href":"https:\/\/wpd.ugr.es\/~jperez\/wp-json\/wp\/v2\/pages\/447\/revisions"}],"predecessor-version":[{"id":452,"href":"https:\/\/wpd.ugr.es\/~jperez\/wp-json\/wp\/v2\/pages\/447\/revisions\/452"}],"wp:attachment":[{"href":"https:\/\/wpd.ugr.es\/~jperez\/wp-json\/wp\/v2\/media?parent=447"}],"curies":[{"name":"wp","href":"https:\/\/api.w.org\/{rel}","templated":true}]}}