{"id":546,"date":"2016-02-10T22:41:16","date_gmt":"2016-02-10T22:41:16","guid":{"rendered":"http:\/\/wdb.ugr.es\/~jperez\/?page_id=546"},"modified":"2020-03-05T09:37:08","modified_gmt":"2020-03-05T08:37:08","slug":"la-desigualdad-isopermetrica-ii","status":"publish","type":"page","link":"https:\/\/wpd.ugr.es\/~jperez\/la-desigualdad-isopermetrica-ii\/","title":{"rendered":"La desigualdad isoperim\u00e9trica (II)"},"content":{"rendered":"<p>En esta entrada veremos la demostraci\u00f3n dada por Schmidt en 1939 de la desigualdad isoperim\u00e9trica en el plano:<\/p>\n<p><strong>Teorema.<\/strong><br \/>\nDado un dominio compacto y regular \\(\\Omega \\subset \\mathbb{R}^2\\), se tiene:<br \/>\n$$<br \/>\n4\\pi \\mbox{Area}(\\Omega )\\leq \\mbox{Longitud}(\\partial \\Omega )^2,<br \/>\n\\quad \\mbox{\u00ab=\u00bb} \\Longleftrightarrow \\Omega \\mbox{ es un disco<br \/>\nredondo.}<br \/>\n$$<br \/>\nEs de destacar la sencillez de la prueba, que s\u00f3lo usa geometr\u00eda<br \/>\nelemental, y que no supone existencia de dominios isoperim\u00e9tricos.<\/p>\n<p>Fijamos un dominio compacto y regular \\(\\Omega \\subset \\mathbb{R}^2\\). Tomamos una direcci\u00f3n \\(v\\in \\mathbb{R}^2-\\{ 0\\} \\).<\/p>\n<p>Ejercicio 1. Prueba que existen rectas \\(L,L&#8217;\\) paralelas a \\(v\\) que son tangentes a \\(\\partial \\Omega \\) y tales que \\(\\Omega \\) est\u00e1 contenido en la banda cerrada con borde \\(L\\cup L&#8217;\\).<\/p>\n<p>Llamamos \\(2r\\gt 0\\) a la distancia de \\(L\\) a \\(L&#8217;\\). Ahora consideramos una circunferencia \\(S^1\\) de radio \\(r\\) que sea tangente a \\(L\\) y a \\(L&#8217;\\). Tomamos coordenadas cartesianas en \\(\\mathbb{R}^2\\) de forma que el centro de \\(S^1\\) es \\((0,0)\\) y las rectas \\(L,L&#8217;\\) vienen dadas por<br \/>\n$$<br \/>\nL=\\{ x=r\\} ,\\qquad L&#8217;=\\{ x=-r\\} .<br \/>\n$$<br \/>\nRespecto de estas coordenadas, podemos parametrizar \\(\\partial \\Omega \\) por el arco mediante \\(\\alpha (s)=(x(s),y(s))\\), \\(s\\in [0,B]\\), de forma que \\(\\alpha (0)=\\alpha (B)\\in L\\), siendo \\(B=\\mbox{Longitud}(\\partial \\Omega )\\). As\u00ed, existir\u00e1 \\(s_1\\in (0,B)\\) tal que \\(\\alpha (s_1)\\in L&#8217;\\) (posiblemente \\(s_1\\) no es \u00fanico), como en la siguiente figura:<\/p>\n<p><a href=\"https:\/\/wpd.ugr.es\/~jperez\/wordpress\/wp-content\/uploads\/isoper.png\"><img loading=\"lazy\" decoding=\"async\" src=\"https:\/\/wpd.ugr.es\/~jperez\/wordpress\/wp-content\/uploads\/isoper.png\" alt=\"isoper\" width=\"343\" height=\"578\" class=\"alignnone size-full wp-image-547\" srcset=\"https:\/\/wpd.ugr.es\/~jperez\/wordpress\/wp-content\/uploads\/isoper.png 343w, https:\/\/wpd.ugr.es\/~jperez\/wordpress\/wp-content\/uploads\/isoper-178x300.png 178w\" sizes=\"auto, (max-width: 343px) 100vw, 343px\" \/><\/a><\/p>\n<p>Ejercicio 2. Demuestra que existe una funci\u00f3n \\(\\overline{y}\\colon [0,B]\\to R \\) de clase \\(C^1\\) tal que \\(\\overline{\\alpha }(s)=(x(s),\\overline{y}(s))\\) parametriza la circunferencia \\(S^1\\).<\/p>\n<p>De esta forma, en cada instante \\(s\\), los puntos \\(\\alpha (s)\\) y \\(\\overline{\\alpha }(s)\\) est\u00e1n sobre la misma recta vertical, como en la figura de arriba. <\/p>\n<p>En <a href=\"https:\/\/wpd.ugr.es\/~jperez\/area-del-recinto-encerrado-por-una-curva-cerrada-simple-plana\/\" target=\"_blank\" rel=\"noopener noreferrer\">esta p\u00e1gina<\/a> vimos c\u00f3mo calcular el \u00e1rea de los recintos encerrados por \\(\\alpha \\) y \\(\\overline{\\alpha }\\):<br \/>\n$$<br \/>\n\\mbox{Area}(\\Omega )=\\int _0^Bx(s)y'(s)\\, ds, \\qquad \\pi r^2=-\\int _0^B\\overline{y}(s)x'(s)\\, ds,<br \/>\n$$<br \/>\nluego<br \/>\n$$<br \/>\n\\mbox{(a)}\\hspace{2cm}<br \/>\n\\mbox{Area}(\\Omega )+\\pi r^2=\\int _0^B(xy&#8217;-\\overline{y}x&#8217;)ds\\leq \\int _0^B\\sqrt{(xy&#8217;-\\overline{y}x&#8217;)^2}ds.<br \/>\n$$<br \/>\nEjercicio 3. Usa la desigualdad de Schwarz para probar que \\(\\forall s\\in [0,B]\\),<br \/>\n$$<br \/>\n\\left[ x(s)y'(s)-\\overline{y}(s)x'(s)\\right] ^2\\leq \\left[ x(s)^2+(\\overline{y}(s))^2\\right] \\left[ (y'(s)^2+x'(s)^2\\right] ,<br \/>\n$$<br \/>\ny deduce que<br \/>\n$$<br \/>\n\\left[ xy'(s)-\\overline{y}x&#8217;\\right] ^2\\leq r^2\\qquad \\mbox{ en }\\ [0,B].<br \/>\n$$<\/p>\n<p>Usando el ejercicio 3 en (a), tenemos<br \/>\n$$<br \/>\n\\mbox{(b)}\\hspace{2cm}\\mbox{Area}(\\Omega )+\\pi r^2\\leq \\int _0^Br\\, ds=rB.<br \/>\n$$<br \/>\nPor otro lado, la relaci\u00f3n entre la media geom\u00e9trica y la media aritm\u00e9tica de n\u00fameros positivos implica que<br \/>\n$$<br \/>\n\\mbox{(c)}\\hspace{2cm}\\sqrt{\\mbox{Area}(\\Omega )\\cdot \\pi r^2}\\leq \\frac{1}{2}\\left( \\mbox{Area}(\\Omega )+\\pi r^2\\right) ^2.<br \/>\n$$<br \/>\nDe (b) y (c) deducimos que<br \/>\n$$<br \/>\n\\mbox{Area}(\\Omega )\\cdot \\pi r^2\\leq  \\frac{1}{4}r^2B^2,<br \/>\n$$<br \/>\nque es la desigualdad isoperim\u00e9trica.<\/p>\n<p>Supongamos ahora que se da la igualdad en la desigualdad isoperm\u00e9trica. Entonces, tiene que darse la igualdad en cada desigualdad del desarrollo anterior. En particular:<\/p>\n<ol>\n<li>La igualdad en (c) implica que \\(\\mbox{Area}(\\Omega )=\\pi r^2\\). De aqu\u00ed deducimos que \\(r\\) no depende de la direcci\u00f3n \\(v\\) que tomamos al principio.<\/li>\n<li>La igualdad en (b) implica que se da la igualdad en la desigualdad de Schwarz (ejercicio 3). Por tanto, existe \\(\\lambda =\\lambda (s)\\) tal que \\((x,\\overline{y})=\\lambda (y&#8217;,x&#8217;)\\).\n<\/li>\n<\/ol>\n<p>Ejercicio 4. En el caso 2 anterior, deduce que \\(\\lambda \\) es constante \\(\\pm r\\).<\/p>\n<p>Acabamos de probar que \\(y&#8217;=\\pm \\frac{1}{r}x\\). Como \\(r\\) no depende de la direcci\u00f3n \\(v\\), podemos intercambiar los papeles de \\(x,y\\) con lo que obtendremos an\u00e1logamente \\(x&#8217;=\\pm \\frac{1}{r}y\\). Por tanto,<br \/>\n$$<br \/>\nx^2+y^2=r^2[ (y&#8217;)^2+(x&#8217;)^2]=r^2,<br \/>\n$$<br \/>\nde donde deducimos que \\(\\Omega \\) es un disco de radio \\(r\\).<\/p>\n","protected":false},"excerpt":{"rendered":"<p>En esta entrada veremos la demostraci\u00f3n dada por Schmidt en 1939 de la desigualdad isoperim\u00e9trica en el plano: Teorema. Dado&hellip;<\/p>\n","protected":false},"author":1,"featured_media":0,"parent":0,"menu_order":0,"comment_status":"open","ping_status":"open","template":"","meta":{"_monsterinsights_skip_tracking":false,"_monsterinsights_sitenote_active":false,"_monsterinsights_sitenote_note":"","_monsterinsights_sitenote_category":0,"footnotes":""},"class_list":["post-546","page","type-page","status-publish","hentry"],"_links":{"self":[{"href":"https:\/\/wpd.ugr.es\/~jperez\/wp-json\/wp\/v2\/pages\/546","targetHints":{"allow":["GET"]}}],"collection":[{"href":"https:\/\/wpd.ugr.es\/~jperez\/wp-json\/wp\/v2\/pages"}],"about":[{"href":"https:\/\/wpd.ugr.es\/~jperez\/wp-json\/wp\/v2\/types\/page"}],"author":[{"embeddable":true,"href":"https:\/\/wpd.ugr.es\/~jperez\/wp-json\/wp\/v2\/users\/1"}],"replies":[{"embeddable":true,"href":"https:\/\/wpd.ugr.es\/~jperez\/wp-json\/wp\/v2\/comments?post=546"}],"version-history":[{"count":8,"href":"https:\/\/wpd.ugr.es\/~jperez\/wp-json\/wp\/v2\/pages\/546\/revisions"}],"predecessor-version":[{"id":1262,"href":"https:\/\/wpd.ugr.es\/~jperez\/wp-json\/wp\/v2\/pages\/546\/revisions\/1262"}],"wp:attachment":[{"href":"https:\/\/wpd.ugr.es\/~jperez\/wp-json\/wp\/v2\/media?parent=546"}],"curies":[{"name":"wp","href":"https:\/\/api.w.org\/{rel}","templated":true}]}}