{"id":572,"date":"2016-02-11T08:15:29","date_gmt":"2016-02-11T08:15:29","guid":{"rendered":"http:\/\/wdb.ugr.es\/~jperez\/?page_id=572"},"modified":"2016-02-11T08:17:21","modified_gmt":"2016-02-11T08:17:21","slug":"ovaloides","status":"publish","type":"page","link":"https:\/\/wpd.ugr.es\/~jperez\/ovaloides\/","title":{"rendered":"Ovaloides"},"content":{"rendered":"<p>Hemos visto en clase la interpretaci\u00f3n de que un punto de una superficie sea el\u00edptico o hiperb\u00f3lico, en t\u00e9rminos del comportamiento local de la superficie respecto al plano tangente af\u00edn en ese punto.<\/p>\n<p>Una superficie \\(S\\subset \\mathbb{R}^3\\) se dice un <b>ovaloide<\/b> si es compacta, conexa y todos sus puntos son el\u00edpticos, es decir su curvatura de Gauss es estrictamente positiva. Las esferas y los elipsoides son ejemplos de ovaloides. Demuestra las siguientes propiedades de cualquier ovaloide \\(S\\):<\/p>\n<ol>\n<li>La aplicaci\u00f3n de Gauss \\(N\\colon S\\to \\mathbb{S}^2(1)\\) es un difeomorfismo local.<\/li>\n<li>\\(S\\) es difeomorfo a una esfera.<\/li>\n<\/ol>\n<p>Por ser sus puntos el\u00edpticos, un ovaloide tiene la propiedad de que siempre cae localmente a un lado del plano tangente af\u00edn en cualquiera de sus puntos. Esta idea de convexidad puede demostrarse de forma global, y forma parte del Teorema de Hadamard:<\/p>\n<p><strong>Teorema.<\/strong><br \/>\nEl dominio interior de un ovaloide \\(S\\) es un abierto convexo de \\(\\mathbb{R}^3\\).<\/p>\n<p>Para ver una demostraci\u00f3n de este teorema, consultar el libro \u00abCurvas y superficies\u00bb de Sebasti\u00e1n Montiel y Antonio Ros.<\/p>\n","protected":false},"excerpt":{"rendered":"<p>Hemos visto en clase la interpretaci\u00f3n de que un punto de una superficie sea el\u00edptico o hiperb\u00f3lico, en t\u00e9rminos del&hellip;<\/p>\n","protected":false},"author":1,"featured_media":0,"parent":0,"menu_order":0,"comment_status":"open","ping_status":"open","template":"","meta":{"_monsterinsights_skip_tracking":false,"_monsterinsights_sitenote_active":false,"_monsterinsights_sitenote_note":"","_monsterinsights_sitenote_category":0,"footnotes":""},"class_list":["post-572","page","type-page","status-publish","hentry"],"_links":{"self":[{"href":"https:\/\/wpd.ugr.es\/~jperez\/wp-json\/wp\/v2\/pages\/572","targetHints":{"allow":["GET"]}}],"collection":[{"href":"https:\/\/wpd.ugr.es\/~jperez\/wp-json\/wp\/v2\/pages"}],"about":[{"href":"https:\/\/wpd.ugr.es\/~jperez\/wp-json\/wp\/v2\/types\/page"}],"author":[{"embeddable":true,"href":"https:\/\/wpd.ugr.es\/~jperez\/wp-json\/wp\/v2\/users\/1"}],"replies":[{"embeddable":true,"href":"https:\/\/wpd.ugr.es\/~jperez\/wp-json\/wp\/v2\/comments?post=572"}],"version-history":[{"count":4,"href":"https:\/\/wpd.ugr.es\/~jperez\/wp-json\/wp\/v2\/pages\/572\/revisions"}],"predecessor-version":[{"id":576,"href":"https:\/\/wpd.ugr.es\/~jperez\/wp-json\/wp\/v2\/pages\/572\/revisions\/576"}],"wp:attachment":[{"href":"https:\/\/wpd.ugr.es\/~jperez\/wp-json\/wp\/v2\/media?parent=572"}],"curies":[{"name":"wp","href":"https:\/\/api.w.org\/{rel}","templated":true}]}}