{"id":599,"date":"2016-02-11T09:22:14","date_gmt":"2016-02-11T09:22:14","guid":{"rendered":"http:\/\/wdb.ugr.es\/~jperez\/?page_id=599"},"modified":"2016-02-11T09:22:14","modified_gmt":"2016-02-11T09:22:14","slug":"sobre-el-teorema-de-hilbert","status":"publish","type":"page","link":"https:\/\/wpd.ugr.es\/~jperez\/sobre-el-teorema-de-hilbert\/","title":{"rendered":"Sobre el Teorema de Hilbert"},"content":{"rendered":"<p>En clase hemos visto el Teorema de Hilbert, una condici\u00f3n suficiente para que un punto de una superficie sea umbilical. \u00bfEs cierto el teorema si se suprime \u00fanicamente la hip\u00f3tesis que involucra a la curvatura de Gauss? (es decir, si el punto no se supone el\u00edptico). Si pens\u00e1is que no, hay que dar un contraejemplo.<\/p>\n","protected":false},"excerpt":{"rendered":"<p>En clase hemos visto el Teorema de Hilbert, una condici\u00f3n suficiente para que un punto de una superficie sea umbilical.&hellip;<\/p>\n","protected":false},"author":1,"featured_media":0,"parent":0,"menu_order":0,"comment_status":"open","ping_status":"open","template":"","meta":{"_monsterinsights_skip_tracking":false,"_monsterinsights_sitenote_active":false,"_monsterinsights_sitenote_note":"","_monsterinsights_sitenote_category":0,"footnotes":""},"class_list":["post-599","page","type-page","status-publish","hentry"],"_links":{"self":[{"href":"https:\/\/wpd.ugr.es\/~jperez\/wp-json\/wp\/v2\/pages\/599","targetHints":{"allow":["GET"]}}],"collection":[{"href":"https:\/\/wpd.ugr.es\/~jperez\/wp-json\/wp\/v2\/pages"}],"about":[{"href":"https:\/\/wpd.ugr.es\/~jperez\/wp-json\/wp\/v2\/types\/page"}],"author":[{"embeddable":true,"href":"https:\/\/wpd.ugr.es\/~jperez\/wp-json\/wp\/v2\/users\/1"}],"replies":[{"embeddable":true,"href":"https:\/\/wpd.ugr.es\/~jperez\/wp-json\/wp\/v2\/comments?post=599"}],"version-history":[{"count":1,"href":"https:\/\/wpd.ugr.es\/~jperez\/wp-json\/wp\/v2\/pages\/599\/revisions"}],"predecessor-version":[{"id":600,"href":"https:\/\/wpd.ugr.es\/~jperez\/wp-json\/wp\/v2\/pages\/599\/revisions\/600"}],"wp:attachment":[{"href":"https:\/\/wpd.ugr.es\/~jperez\/wp-json\/wp\/v2\/media?parent=599"}],"curies":[{"name":"wp","href":"https:\/\/api.w.org\/{rel}","templated":true}]}}