{"id":624,"date":"2016-02-11T11:06:19","date_gmt":"2016-02-11T11:06:19","guid":{"rendered":"http:\/\/wdb.ugr.es\/~jperez\/?page_id=624"},"modified":"2020-03-05T09:23:56","modified_gmt":"2020-03-05T08:23:56","slug":"dimensions","status":"publish","type":"page","link":"https:\/\/wpd.ugr.es\/~jperez\/dimensions\/","title":{"rendered":"Dimensions"},"content":{"rendered":"<p>Una cosa curiosa de ver es la pel\u00edcula <a href=\"http:\/\/www.dimensions-math.org\/\" target=\"_blank\" rel=\"noopener noreferrer\">Dimensions<\/a>, del matem\u00e1tico franc\u00e9s <a href=\"https:\/\/en.wikipedia.org\/wiki\/%C3%89tienne_Ghys\" target=\"_blank\" rel=\"noopener noreferrer\">\u00c9tienne Ghys<\/a>. En clave de documental, la pel\u00edcula est\u00e1 dividida en capitulos accesibles para un p\u00fablico sin conocimientos matem\u00e1ticos espec\u00edficos. Se explica desde c\u00f3mo dos n\u00fameros permiten describir la posici\u00f3n de un punto sobre una esfera, la proyecci\u00f3n estereogr\u00e1fica, mundos imaginarios donde los seres viven en una sociedad plana (Planilandia), los s\u00f3lidos plat\u00f3nicos, \u00abcomo ver\u00bb en dimensi\u00f3n 4, los n\u00fameros complejos, las transformaciones de M\u00f6bius, los fractales, las geometr\u00edas no euclideas, la 3-esfera y su fibraci\u00f3n de Hopf, etc. Por el camino, saldr\u00e1n diversos personajes hist\u00f3ricos como Hiparco, Ptolomeo, Riemann, Schl\u00e4fli, Escher, Hopf, Douady y otros.<\/p>\n<p>Realmente vale la pena echarle un vistazo (una vez en <a href=\"http:\/\/www.dimensions-math.org\/\" target=\"_blank\" rel=\"noopener noreferrer\">la p\u00e1gina<\/a>, pod\u00e9is que hacer click en la opci\u00f3n \u00abEspa\u00f1ol\u00bb). Que la disfrut\u00e9is.<\/p>\n","protected":false},"excerpt":{"rendered":"<p>Una cosa curiosa de ver es la pel\u00edcula Dimensions, del matem\u00e1tico franc\u00e9s \u00c9tienne Ghys. En clave de documental, la pel\u00edcula&hellip;<\/p>\n","protected":false},"author":1,"featured_media":0,"parent":0,"menu_order":0,"comment_status":"open","ping_status":"open","template":"","meta":{"_monsterinsights_skip_tracking":false,"_monsterinsights_sitenote_active":false,"_monsterinsights_sitenote_note":"","_monsterinsights_sitenote_category":0,"footnotes":""},"class_list":["post-624","page","type-page","status-publish","hentry"],"_links":{"self":[{"href":"https:\/\/wpd.ugr.es\/~jperez\/wp-json\/wp\/v2\/pages\/624","targetHints":{"allow":["GET"]}}],"collection":[{"href":"https:\/\/wpd.ugr.es\/~jperez\/wp-json\/wp\/v2\/pages"}],"about":[{"href":"https:\/\/wpd.ugr.es\/~jperez\/wp-json\/wp\/v2\/types\/page"}],"author":[{"embeddable":true,"href":"https:\/\/wpd.ugr.es\/~jperez\/wp-json\/wp\/v2\/users\/1"}],"replies":[{"embeddable":true,"href":"https:\/\/wpd.ugr.es\/~jperez\/wp-json\/wp\/v2\/comments?post=624"}],"version-history":[{"count":8,"href":"https:\/\/wpd.ugr.es\/~jperez\/wp-json\/wp\/v2\/pages\/624\/revisions"}],"predecessor-version":[{"id":1250,"href":"https:\/\/wpd.ugr.es\/~jperez\/wp-json\/wp\/v2\/pages\/624\/revisions\/1250"}],"wp:attachment":[{"href":"https:\/\/wpd.ugr.es\/~jperez\/wp-json\/wp\/v2\/media?parent=624"}],"curies":[{"name":"wp","href":"https:\/\/api.w.org\/{rel}","templated":true}]}}