{"id":1105,"date":"2025-12-23T11:36:26","date_gmt":"2025-12-23T10:36:26","guid":{"rendered":"https:\/\/wpd.ugr.es\/~jvalderrama\/?page_id=1105"},"modified":"2025-12-23T12:27:39","modified_gmt":"2025-12-23T11:27:39","slug":"psb","status":"publish","type":"page","link":"https:\/\/wpd.ugr.es\/~jvalderrama\/cv\/psb\/","title":{"rendered":"PSB"},"content":{"rendered":"\n<p class=\"has-text-align-center has-large-font-size\"><strong>Procesamiento de Se\u00f1ales Biom\u00e9dicas<\/strong><\/p>\n\n\n\n<figure class=\"wp-block-image size-large\"><img loading=\"lazy\" decoding=\"async\" width=\"1024\" height=\"585\" src=\"https:\/\/wpd.ugr.es\/~jvalderrama\/wp-content\/uploads\/2025\/12\/Imagen3-completa-1024x585.png\" alt=\"\" class=\"wp-image-1122\" srcset=\"https:\/\/wpd.ugr.es\/~jvalderrama\/wp-content\/uploads\/2025\/12\/Imagen3-completa-1024x585.png 1024w, https:\/\/wpd.ugr.es\/~jvalderrama\/wp-content\/uploads\/2025\/12\/Imagen3-completa-300x171.png 300w, https:\/\/wpd.ugr.es\/~jvalderrama\/wp-content\/uploads\/2025\/12\/Imagen3-completa-768x439.png 768w, https:\/\/wpd.ugr.es\/~jvalderrama\/wp-content\/uploads\/2025\/12\/Imagen3-completa-1536x878.png 1536w, https:\/\/wpd.ugr.es\/~jvalderrama\/wp-content\/uploads\/2025\/12\/Imagen3-completa.png 1792w\" sizes=\"(max-width: 1024px) 100vw, 1024px\" \/><\/figure>\n\n\n\n<p>Material docente de la asignatura <em><a href=\"https:\/\/www.ugr.es\/estudiantes\/grados\/grado-ingenieria-electronica-industrial\/procesamiento-senales-biomedicas\" data-type=\"link\" data-id=\"https:\/\/www.ugr.es\/estudiantes\/grados\/grado-ingenieria-electronica-industrial\/procesamiento-senales-biomedicas\" target=\"_blank\" rel=\"noreferrer noopener\">Procesamiento de Se\u00f1ales Biom\u00e9dicas<\/a><\/em>, preparado por el Dr. Joaqu\u00edn Tom\u00e1s Valderrama Valenzuela en el <em><a href=\"https:\/\/www.ugr.es\/estudiantes\/grados\/grado-ingenieria-electronica-industrial\" target=\"_blank\" rel=\"noreferrer noopener\">Grado de Ingenier\u00eda Electr\u00f3nica Industrial<\/a><\/em> de la <a href=\"https:\/\/www.ugr.es\" target=\"_blank\" rel=\"noreferrer noopener\">Universidad de Granada<\/a>.<\/p>\n\n\n\n<p>Para cualquier pregunta o solicitud de material adicional, contacte con el Profesor en su correo <a href=\"mailto:jvalderrama@ugr.es\" target=\"_blank\" rel=\"noreferrer noopener\">jvalderrama@ugr.es<\/a>.<\/p>\n\n\n\n<div style=\"height:18px\" aria-hidden=\"true\" class=\"wp-block-spacer\"><\/div>\n\n\n\n<h2 class=\"wp-block-heading has-x-large-font-size\">Temas<\/h2>\n\n\n\n<ul>\n<li><a href=\"https:\/\/wpd.ugr.es\/~jvalderrama\/wp-content\/uploads\/2025\/12\/PSB_Tema1.pdf\" data-type=\"attachment\" data-id=\"1119\" target=\"_blank\" rel=\"noreferrer noopener\">Tema 1 &#8211; Fundamentos de Procesado Digital de Se\u00f1ales<\/a><\/li>\n\n\n\n<li><a href=\"https:\/\/wpd.ugr.es\/~jvalderrama\/wp-content\/uploads\/2025\/12\/PSB_Tema2.pdf\" data-type=\"attachment\" data-id=\"1120\" target=\"_blank\" rel=\"noreferrer noopener\">Tema 2 &#8211; Electroencefalograf\u00eda<\/a><\/li>\n\n\n\n<li><a href=\"https:\/\/wpd.ugr.es\/~jvalderrama\/wp-content\/uploads\/2025\/12\/PSB_Tema3.pdf\" data-type=\"attachment\" data-id=\"1121\" target=\"_blank\" rel=\"noreferrer noopener\">Tema 3 &#8211; Electrocardiograf\u00eda<\/a><\/li>\n\n\n\n<li><a href=\"https:\/\/wpd.ugr.es\/~jvalderrama\/wp-content\/uploads\/2025\/12\/PSB_MATLABscripts.zip\" data-type=\"attachment\" data-id=\"1106\" target=\"_blank\" rel=\"noreferrer noopener\">Scripts de MATLAB<\/a><\/li>\n<\/ul>\n\n\n\n<div style=\"height:18px\" aria-hidden=\"true\" class=\"wp-block-spacer\"><\/div>\n\n\n\n<h2 class=\"wp-block-heading has-x-large-font-size\">Pr\u00e1cticas de laboratorio<\/h2>\n\n\n\n<ul>\n<li><a href=\"https:\/\/wpd.ugr.es\/~jvalderrama\/wp-content\/uploads\/2025\/12\/PSB_Practica1.pdf\" data-type=\"attachment\" data-id=\"1107\" target=\"_blank\" rel=\"noreferrer noopener\">Pr\u00e1ctica 1 &#8211; Introducci\u00f3n a MATLAB<\/a>\n<ul>\n<li><a href=\"https:\/\/wpd.ugr.es\/~jvalderrama\/wp-content\/uploads\/2025\/12\/PSB_Practica1_Ejercicios.pdf\" data-type=\"attachment\" data-id=\"1108\" target=\"_blank\" rel=\"noreferrer noopener\">Ejercicios<\/a><\/li>\n<\/ul>\n<\/li>\n\n\n\n<li><a href=\"https:\/\/wpd.ugr.es\/~jvalderrama\/wp-content\/uploads\/2025\/12\/PSB_Practica2.pdf\" data-type=\"attachment\" data-id=\"1109\" target=\"_blank\" rel=\"noreferrer noopener\">Pr\u00e1ctica 2 &#8211; Fundamentos de Procesado de Se\u00f1al<\/a><\/li>\n\n\n\n<li><a href=\"https:\/\/wpd.ugr.es\/~jvalderrama\/wp-content\/uploads\/2025\/12\/PSB_Practica3.pdf\" data-type=\"attachment\" data-id=\"1110\" target=\"_blank\" rel=\"noreferrer noopener\">Pr\u00e1ctica 3 &#8211; Procesado de potenciales evocados auditivos sintetizados<\/a><\/li>\n\n\n\n<li><a href=\"https:\/\/wpd.ugr.es\/~jvalderrama\/wp-content\/uploads\/2025\/12\/PSB_Practica4.pdf\" data-type=\"attachment\" data-id=\"1111\" target=\"_blank\" rel=\"noreferrer noopener\">Pr\u00e1ctica 4 &#8211; Procesado de potenciales evocados auditivos reales<\/a><\/li>\n\n\n\n<li><a href=\"https:\/\/wpd.ugr.es\/~jvalderrama\/wp-content\/uploads\/2025\/12\/PSB_Practica5.pdf\" data-type=\"attachment\" data-id=\"1112\" target=\"_blank\" rel=\"noreferrer noopener\">Pr\u00e1ctica 5 &#8211; Diagn\u00f3stico de cardiopat\u00edas mediante electrocardiograma<\/a>\n<ul>\n<li><a href=\"https:\/\/wpd.ugr.es\/~jvalderrama\/wp-content\/uploads\/2025\/12\/PSB_Practica5_ECGdatabase.zip\" data-type=\"attachment\" data-id=\"1113\" target=\"_blank\" rel=\"noreferrer noopener\">Base de datos de ECGs<\/a><\/li>\n<\/ul>\n<\/li>\n<\/ul>\n\n\n\n<div style=\"height:18px\" aria-hidden=\"true\" class=\"wp-block-spacer\"><\/div>\n\n\n\n<h2 class=\"wp-block-heading has-x-large-font-size\">Problemas, Talleres y Seminarios<\/h2>\n\n\n\n<ul>\n<li><a href=\"https:\/\/wpd.ugr.es\/~jvalderrama\/wp-content\/uploads\/2025\/12\/PSB_ProblemasTema1.pdf\" data-type=\"attachment\" data-id=\"1115\" target=\"_blank\" rel=\"noreferrer noopener\">Problemas Tema 1<\/a>\n<ul>\n<li><a href=\"https:\/\/wpd.ugr.es\/~jvalderrama\/wp-content\/uploads\/2025\/12\/PSB_ProblemasTablasSoporte.pdf\" data-type=\"attachment\" data-id=\"1114\" target=\"_blank\" rel=\"noreferrer noopener\">Tablas de soporte<\/a><\/li>\n<\/ul>\n<\/li>\n\n\n\n<li><a href=\"https:\/\/wpd.ugr.es\/~jvalderrama\/wp-content\/uploads\/2025\/12\/PSB_SeminarioComunicacion.pdf\" data-type=\"attachment\" data-id=\"1116\" target=\"_blank\" rel=\"noreferrer noopener\">Seminario &#8211; T\u00e9cnicas efectivas de comunicaci\u00f3n<\/a><\/li>\n\n\n\n<li><a href=\"https:\/\/wpd.ugr.es\/~jvalderrama\/wp-content\/uploads\/2025\/12\/PSB_TallerLaTeX.pdf\" data-type=\"attachment\" data-id=\"1117\" target=\"_blank\" rel=\"noreferrer noopener\">Taller &#8211; Redacci\u00f3n de textos cient\u00edficos en LaTeX<\/a>\n<ul>\n<li><a href=\"https:\/\/wpd.ugr.es\/~jvalderrama\/wp-content\/uploads\/2025\/12\/PSB_TallerLaTeX_Template.zip\" data-type=\"attachment\" data-id=\"1118\" target=\"_blank\" rel=\"noreferrer noopener\">Plantilla LaTeX<\/a><\/li>\n<\/ul>\n<\/li>\n<\/ul>\n","protected":false},"excerpt":{"rendered":"<p>Procesamiento de Se\u00f1ales Biom\u00e9dicas Material docente de la asignatura Procesamiento de Se\u00f1ales Biom\u00e9dicas, preparado por el Dr. Joaqu\u00edn Tom\u00e1s Valderrama Valenzuela en el Grado de Ingenier\u00eda Electr\u00f3nica Industrial de la Universidad de Granada. Para cualquier pregunta o solicitud de material adicional, contacte con el Profesor en su correo jvalderrama@ugr.es. Temas Pr\u00e1cticas de laboratorio Problemas, Talleres [&hellip;]<\/p>\n","protected":false},"author":1,"featured_media":0,"parent":124,"menu_order":0,"comment_status":"closed","ping_status":"closed","template":"","meta":{"footnotes":""},"_links":{"self":[{"href":"https:\/\/wpd.ugr.es\/~jvalderrama\/wp-json\/wp\/v2\/pages\/1105"}],"collection":[{"href":"https:\/\/wpd.ugr.es\/~jvalderrama\/wp-json\/wp\/v2\/pages"}],"about":[{"href":"https:\/\/wpd.ugr.es\/~jvalderrama\/wp-json\/wp\/v2\/types\/page"}],"author":[{"embeddable":true,"href":"https:\/\/wpd.ugr.es\/~jvalderrama\/wp-json\/wp\/v2\/users\/1"}],"replies":[{"embeddable":true,"href":"https:\/\/wpd.ugr.es\/~jvalderrama\/wp-json\/wp\/v2\/comments?post=1105"}],"version-history":[{"count":7,"href":"https:\/\/wpd.ugr.es\/~jvalderrama\/wp-json\/wp\/v2\/pages\/1105\/revisions"}],"predecessor-version":[{"id":1134,"href":"https:\/\/wpd.ugr.es\/~jvalderrama\/wp-json\/wp\/v2\/pages\/1105\/revisions\/1134"}],"up":[{"embeddable":true,"href":"https:\/\/wpd.ugr.es\/~jvalderrama\/wp-json\/wp\/v2\/pages\/124"}],"wp:attachment":[{"href":"https:\/\/wpd.ugr.es\/~jvalderrama\/wp-json\/wp\/v2\/media?parent=1105"}],"curies":[{"name":"wp","href":"https:\/\/api.w.org\/{rel}","templated":true}]}}