{"id":23,"date":"2024-01-25T12:16:53","date_gmt":"2024-01-25T11:16:53","guid":{"rendered":"https:\/\/wpd.ugr.es\/~jvalderrama\/?page_id=23"},"modified":"2024-01-29T17:00:45","modified_gmt":"2024-01-29T16:00:45","slug":"home","status":"publish","type":"page","link":"https:\/\/wpd.ugr.es\/~jvalderrama\/","title":{"rendered":"Home"},"content":{"rendered":"\n<div class=\"wp-block-group alignfull has-base-background-color has-background has-global-padding is-layout-constrained wp-block-group-is-layout-constrained\" style=\"margin-top:0;margin-bottom:0;padding-top:var(--wp--preset--spacing--20);padding-right:var(--wp--preset--spacing--40);padding-bottom:var(--wp--preset--spacing--20);padding-left:var(--wp--preset--spacing--40)\">\n<div class=\"wp-block-columns alignwide is-layout-flex wp-container-core-columns-layout-1 wp-block-columns-is-layout-flex\" style=\"padding-top:0;padding-bottom:0\">\n<div class=\"wp-block-column is-layout-flow wp-block-column-is-layout-flow\" style=\"padding-right:0;padding-left:0;flex-basis:25%\">\n<figure class=\"wp-block-image alignwide size-full has-custom-border is-style-rounded\"><img loading=\"lazy\" decoding=\"async\" width=\"2091\" height=\"2560\" src=\"https:\/\/wpd.ugr.es\/~jvalderrama\/wp-content\/uploads\/2024\/01\/Perfil_JTV-scaled.jpg\" alt=\"\" class=\"wp-image-44\" style=\"border-style:none;border-width:0px\" srcset=\"https:\/\/wpd.ugr.es\/~jvalderrama\/wp-content\/uploads\/2024\/01\/Perfil_JTV-scaled.jpg 2091w, https:\/\/wpd.ugr.es\/~jvalderrama\/wp-content\/uploads\/2024\/01\/Perfil_JTV-245x300.jpg 245w, https:\/\/wpd.ugr.es\/~jvalderrama\/wp-content\/uploads\/2024\/01\/Perfil_JTV-837x1024.jpg 837w, https:\/\/wpd.ugr.es\/~jvalderrama\/wp-content\/uploads\/2024\/01\/Perfil_JTV-768x940.jpg 768w, https:\/\/wpd.ugr.es\/~jvalderrama\/wp-content\/uploads\/2024\/01\/Perfil_JTV-1255x1536.jpg 1255w, https:\/\/wpd.ugr.es\/~jvalderrama\/wp-content\/uploads\/2024\/01\/Perfil_JTV-1673x2048.jpg 1673w\" sizes=\"(max-width: 2091px) 100vw, 2091px\" \/><\/figure>\n\n\n\n<div class=\"wp-block-group is-content-justification-center is-nowrap is-layout-flex wp-container-core-group-layout-1 wp-block-group-is-layout-flex\">\n<figure class=\"wp-block-image size-large is-resized\"><a href=\"https:\/\/www.linkedin.com\/in\/joaquinvalderrama\/\" target=\"_blank\" rel=\"noreferrer noopener\"><img loading=\"lazy\" decoding=\"async\" width=\"1024\" height=\"1024\" src=\"https:\/\/wpd.ugr.es\/~jvalderrama\/wp-content\/uploads\/2024\/01\/LinkedIn-1024x1024.png\" alt=\"\" class=\"wp-image-65\" style=\"width:auto;height:35px\" srcset=\"https:\/\/wpd.ugr.es\/~jvalderrama\/wp-content\/uploads\/2024\/01\/LinkedIn-1024x1024.png 1024w, https:\/\/wpd.ugr.es\/~jvalderrama\/wp-content\/uploads\/2024\/01\/LinkedIn-300x300.png 300w, https:\/\/wpd.ugr.es\/~jvalderrama\/wp-content\/uploads\/2024\/01\/LinkedIn-150x150.png 150w, https:\/\/wpd.ugr.es\/~jvalderrama\/wp-content\/uploads\/2024\/01\/LinkedIn-768x768.png 768w, https:\/\/wpd.ugr.es\/~jvalderrama\/wp-content\/uploads\/2024\/01\/LinkedIn-1536x1536.png 1536w, https:\/\/wpd.ugr.es\/~jvalderrama\/wp-content\/uploads\/2024\/01\/LinkedIn.png 2048w\" sizes=\"(max-width: 1024px) 100vw, 1024px\" \/><\/a><\/figure>\n\n\n\n<figure class=\"wp-block-image size-large is-resized\"><a href=\"https:\/\/scholar.google.com\/citations?user=maMaIrgAAAAJ&amp;hl=es\" target=\"_blank\" rel=\"noreferrer noopener\"><img loading=\"lazy\" decoding=\"async\" width=\"1024\" height=\"1024\" src=\"https:\/\/wpd.ugr.es\/~jvalderrama\/wp-content\/uploads\/2024\/01\/GScholar-1024x1024.png\" alt=\"\" class=\"wp-image-66\" style=\"width:auto;height:35px\" srcset=\"https:\/\/wpd.ugr.es\/~jvalderrama\/wp-content\/uploads\/2024\/01\/GScholar-1024x1024.png 1024w, https:\/\/wpd.ugr.es\/~jvalderrama\/wp-content\/uploads\/2024\/01\/GScholar-300x300.png 300w, https:\/\/wpd.ugr.es\/~jvalderrama\/wp-content\/uploads\/2024\/01\/GScholar-150x150.png 150w, https:\/\/wpd.ugr.es\/~jvalderrama\/wp-content\/uploads\/2024\/01\/GScholar-768x768.png 768w, https:\/\/wpd.ugr.es\/~jvalderrama\/wp-content\/uploads\/2024\/01\/GScholar-1536x1536.png 1536w, https:\/\/wpd.ugr.es\/~jvalderrama\/wp-content\/uploads\/2024\/01\/GScholar.png 2048w\" sizes=\"(max-width: 1024px) 100vw, 1024px\" \/><\/a><\/figure>\n\n\n\n<figure class=\"wp-block-image size-large is-resized\"><a href=\"https:\/\/www.researchgate.net\/profile\/Joaquin-Valderrama\" target=\"_blank\" rel=\"noreferrer noopener\"><img loading=\"lazy\" decoding=\"async\" width=\"1024\" height=\"1024\" src=\"https:\/\/wpd.ugr.es\/~jvalderrama\/wp-content\/uploads\/2024\/01\/ResearchGate-1024x1024.png\" alt=\"\" class=\"wp-image-67\" style=\"width:auto;height:35px\" srcset=\"https:\/\/wpd.ugr.es\/~jvalderrama\/wp-content\/uploads\/2024\/01\/ResearchGate-1024x1024.png 1024w, https:\/\/wpd.ugr.es\/~jvalderrama\/wp-content\/uploads\/2024\/01\/ResearchGate-300x300.png 300w, https:\/\/wpd.ugr.es\/~jvalderrama\/wp-content\/uploads\/2024\/01\/ResearchGate-150x150.png 150w, https:\/\/wpd.ugr.es\/~jvalderrama\/wp-content\/uploads\/2024\/01\/ResearchGate-768x768.png 768w, https:\/\/wpd.ugr.es\/~jvalderrama\/wp-content\/uploads\/2024\/01\/ResearchGate-1536x1536.png 1536w, https:\/\/wpd.ugr.es\/~jvalderrama\/wp-content\/uploads\/2024\/01\/ResearchGate.png 2048w\" sizes=\"(max-width: 1024px) 100vw, 1024px\" \/><\/a><\/figure>\n\n\n\n<figure class=\"wp-block-image size-full is-resized\"><a href=\"https:\/\/orcid.org\/0000-0002-5529-8620\" target=\"_blank\" rel=\"noopener\"><img loading=\"lazy\" decoding=\"async\" width=\"1024\" height=\"1024\" src=\"https:\/\/wpd.ugr.es\/~jvalderrama\/wp-content\/uploads\/2024\/01\/Orcid-logo.png\" alt=\"\" class=\"wp-image-106\" style=\"width:auto;height:35px\" srcset=\"https:\/\/wpd.ugr.es\/~jvalderrama\/wp-content\/uploads\/2024\/01\/Orcid-logo.png 1024w, https:\/\/wpd.ugr.es\/~jvalderrama\/wp-content\/uploads\/2024\/01\/Orcid-logo-300x300.png 300w, https:\/\/wpd.ugr.es\/~jvalderrama\/wp-content\/uploads\/2024\/01\/Orcid-logo-150x150.png 150w, https:\/\/wpd.ugr.es\/~jvalderrama\/wp-content\/uploads\/2024\/01\/Orcid-logo-768x768.png 768w\" sizes=\"(max-width: 1024px) 100vw, 1024px\" \/><\/a><\/figure>\n\n\n\n<figure class=\"wp-block-image size-full is-resized\"><a href=\"https:\/\/tstc.ugr.es\/informacion\/directorio-personal\/joaquin-tomas-valderrama-valenzuela\" target=\"_blank\" rel=\"noreferrer noopener\"><img loading=\"lazy\" decoding=\"async\" width=\"600\" height=\"457\" src=\"https:\/\/wpd.ugr.es\/~jvalderrama\/wp-content\/uploads\/2024\/01\/tstc.png\" alt=\"\" class=\"wp-image-109\" style=\"width:auto;height:38px\" srcset=\"https:\/\/wpd.ugr.es\/~jvalderrama\/wp-content\/uploads\/2024\/01\/tstc.png 600w, https:\/\/wpd.ugr.es\/~jvalderrama\/wp-content\/uploads\/2024\/01\/tstc-300x229.png 300w\" sizes=\"(max-width: 600px) 100vw, 600px\" \/><\/a><\/figure>\n<\/div>\n<\/div>\n\n\n\n<div class=\"wp-block-column is-layout-flow wp-block-column-is-layout-flow\" style=\"flex-basis:75%\">\n<p style=\"padding-top:0;padding-bottom:0;font-size:clamp(0.875rem, 0.875rem + ((1vw - 0.2rem) * 0.708), 1.3rem);\"><strong>&#8216;Ram\u00f3n y Cajal&#8217; Fellow<\/strong><\/p>\n\n\n\n<p class=\"has-medium-font-size\" style=\"margin-top:0px;margin-right:0;margin-bottom:0px;margin-left:12px\">Department of Signal Theory, Telematics and Communications (<a href=\"https:\/\/tstc.ugr.es\/\" data-type=\"link\" data-id=\"https:\/\/tstc.ugr.es\/\" target=\"_blank\" rel=\"noreferrer noopener\">TSTC-UGR<\/a>)<br>School of Technology and Telecommunications Engineering (<a href=\"https:\/\/etsiit.ugr.es\/\" data-type=\"link\" data-id=\"https:\/\/etsiit.ugr.es\/\" target=\"_blank\" rel=\"noreferrer noopener\">ETSIIT-UGR<\/a>)<br>Research Centre for Information and Communications Technologies (<a href=\"https:\/\/citic.ugr.es\/\" data-type=\"link\" data-id=\"https:\/\/citic.ugr.es\/\" target=\"_blank\" rel=\"noreferrer noopener\">CITIC-UGR<\/a>)<br>University of Granada (<a href=\"https:\/\/www.ugr.es\/\" data-type=\"link\" data-id=\"https:\/\/www.ugr.es\/\" target=\"_blank\" rel=\"noreferrer noopener\">UGR<\/a>), Granada, Spain<br><a href=\"mailto:jvalderrama@ugr.es\">jvalderrama@ugr.es<\/a><\/p>\n\n\n\n<p style=\"font-size:clamp(0.875rem, 0.875rem + ((1vw - 0.2rem) * 0.708), 1.3rem);\"><strong>Honorary Senior Research Fellow<\/strong><\/p>\n\n\n\n<p class=\"has-medium-font-size\" style=\"margin-top:0px;margin-left:12px\">Department of Linguistics<br>Macquarie University (<a href=\"https:\/\/www.mq.edu.au\/\" data-type=\"link\" data-id=\"https:\/\/www.mq.edu.au\/\" target=\"_blank\" rel=\"noreferrer noopener\">MQ<\/a>), Sydney, Australia<br><a href=\"mailto:joaquin.valderrama@mq.edu.au\">joaquin.valderrama@mq.edu.au<\/a><\/p>\n<\/div>\n<\/div>\n<\/div>\n\n\n\n<div class=\"wp-block-group alignfull has-base-2-background-color has-background has-global-padding is-layout-constrained wp-block-group-is-layout-constrained\" style=\"margin-top:0;margin-bottom:0;padding-top:var(--wp--preset--spacing--40);padding-right:var(--wp--preset--spacing--40);padding-bottom:var(--wp--preset--spacing--40);padding-left:var(--wp--preset--spacing--40)\">\n<div class=\"wp-block-columns alignwide is-layout-flex wp-container-core-columns-layout-2 wp-block-columns-is-layout-flex\" style=\"padding-top:0;padding-bottom:0\">\n<div class=\"wp-block-column is-layout-flow wp-container-core-column-layout-3 wp-block-column-is-layout-flow\">\n<div id=\"ez-toc-container\" class=\"ez-toc-v2_0_62 counter-hierarchy ez-toc-counter ez-toc-grey ez-toc-container-direction\">\n<div class=\"ez-toc-title-container\">\n<p class=\"ez-toc-title \" >Table of Contents<\/p>\n<span class=\"ez-toc-title-toggle\"><a href=\"#\" class=\"ez-toc-pull-right ez-toc-btn ez-toc-btn-xs ez-toc-btn-default ez-toc-toggle\" aria-label=\"Toggle Table of Content\"><span class=\"ez-toc-js-icon-con\"><span class=\"\"><span class=\"eztoc-hide\" style=\"display:none;\">Toggle<\/span><span class=\"ez-toc-icon-toggle-span\"><svg style=\"fill: #999;color:#999\" xmlns=\"http:\/\/www.w3.org\/2000\/svg\" class=\"list-377408\" width=\"20px\" height=\"20px\" viewBox=\"0 0 24 24\" fill=\"none\"><path d=\"M6 6H4v2h2V6zm14 0H8v2h12V6zM4 11h2v2H4v-2zm16 0H8v2h12v-2zM4 16h2v2H4v-2zm16 0H8v2h12v-2z\" fill=\"currentColor\"><\/path><\/svg><svg style=\"fill: #999;color:#999\" class=\"arrow-unsorted-368013\" xmlns=\"http:\/\/www.w3.org\/2000\/svg\" width=\"10px\" height=\"10px\" viewBox=\"0 0 24 24\" version=\"1.2\" baseProfile=\"tiny\"><path d=\"M18.2 9.3l-6.2-6.3-6.2 6.3c-.2.2-.3.4-.3.7s.1.5.3.7c.2.2.4.3.7.3h11c.3 0 .5-.1.7-.3.2-.2.3-.5.3-.7s-.1-.5-.3-.7zM5.8 14.7l6.2 6.3 6.2-6.3c.2-.2.3-.5.3-.7s-.1-.5-.3-.7c-.2-.2-.4-.3-.7-.3h-11c-.3 0-.5.1-.7.3-.2.2-.3.5-.3.7s.1.5.3.7z\"\/><\/svg><\/span><\/span><\/span><\/a><\/span><\/div>\n<nav><ul class='ez-toc-list ez-toc-list-level-1 ' ><li class='ez-toc-page-1 ez-toc-heading-level-3'><a class=\"ez-toc-link ez-toc-heading-1\" href=\"https:\/\/wpd.ugr.es\/~jvalderrama\/#Research_projects\" title=\"Research projects\">Research projects<\/a><\/li><li class='ez-toc-page-1 ez-toc-heading-level-3'><a class=\"ez-toc-link ez-toc-heading-2\" href=\"https:\/\/wpd.ugr.es\/~jvalderrama\/#Scientific_production\" title=\"Scientific production\">Scientific production<\/a><\/li><li class='ez-toc-page-1 ez-toc-heading-level-3'><a class=\"ez-toc-link ez-toc-heading-3\" href=\"https:\/\/wpd.ugr.es\/~jvalderrama\/#Curriculum_Vitae\" title=\"Curriculum Vitae\">Curriculum Vitae<\/a><\/li><\/ul><\/nav><\/div>\n<h3 class=\"wp-block-heading has-text-align-left is-style-asterisk has-body-font-family has-large-font-size\" style=\"font-style:normal;font-weight:600\"><span class=\"ez-toc-section\" id=\"Research_projects\"><\/span><a href=\"http:\/\/wpd.ugr.es\/~jvalderrama\/cv\/#projects\" data-type=\"link\" data-id=\"wpd.ugr.es\/~jvalderrama\/cv\/#projects\">Research projects<\/a><span class=\"ez-toc-section-end\"><\/span><\/h3>\n\n\n\n<p class=\"has-text-align-left\">Here you can find a summary of my current and completed research projects.<\/p>\n<\/div>\n\n\n\n<div class=\"wp-block-column is-layout-flow wp-container-core-column-layout-4 wp-block-column-is-layout-flow\">\n<h3 class=\"wp-block-heading has-text-align-left is-style-asterisk has-body-font-family has-large-font-size\" style=\"font-style:normal;font-weight:600\"><span class=\"ez-toc-section\" id=\"Scientific_production\"><\/span><a href=\"http:\/\/wpd.ugr.es\/~jvalderrama\/cv\/#papers\" data-type=\"link\" data-id=\"wpd.ugr.es\/~jvalderrama\/cv\/#papers\">Scientific production<\/a><span class=\"ez-toc-section-end\"><\/span><\/h3>\n\n\n\n<p class=\"has-text-align-left has-medium-font-size\">Get full access to research publications, including manuscripts, supplementary materials and more.<\/p>\n<\/div>\n\n\n\n<div class=\"wp-block-column is-layout-flow wp-container-core-column-layout-5 wp-block-column-is-layout-flow\">\n<h3 class=\"wp-block-heading has-text-align-left is-style-asterisk has-body-font-family has-large-font-size\" style=\"font-style:normal;font-weight:600\"><span class=\"ez-toc-section\" id=\"Curriculum_Vitae\"><\/span><a href=\"https:\/\/wpd.ugr.es\/~jvalderrama\/cv\" data-type=\"link\" data-id=\"https:\/\/wpd.ugr.es\/~jvalderrama\/cv\">Curriculum Vitae<\/a><span class=\"ez-toc-section-end\"><\/span><\/h3>\n\n\n\n<p class=\"has-text-align-left\">These are my career records, encompassing education, publications, projects, teaching experience, awards, and additional achievements.<\/p>\n<\/div>\n<\/div>\n<\/div>\n\n\n\n<div class=\"wp-block-group alignfull has-contrast-background-color has-background has-global-padding is-layout-constrained wp-block-group-is-layout-constrained\" style=\"margin-top:0;margin-bottom:0;padding-top:var(--wp--preset--spacing--40);padding-right:var(--wp--preset--spacing--40);padding-bottom:var(--wp--preset--spacing--40);padding-left:var(--wp--preset--spacing--40)\">\n<div class=\"wp-block-columns alignwide is-layout-flex wp-container-core-columns-layout-3 wp-block-columns-is-layout-flex\" style=\"padding-top:0;padding-bottom:0\">\n<div class=\"wp-block-column has-base-color has-text-color has-link-color wp-elements-26216f3e943757e4649be6b690d90bb3 is-layout-flow wp-container-core-column-layout-6 wp-block-column-is-layout-flow\">\n<p class=\"has-text-align-left has-base-color has-text-color has-link-color has-large-font-size wp-elements-41af9f9f441d9ac759c85216e77544b5\"><strong>Contact<\/strong><\/p>\n\n\n\n<p class=\"has-text-align-left has-base-color has-text-color has-link-color wp-elements-2e334c475c2f3fb8a9ca53e29fad6b58\"><a href=\"https:\/\/www.google.com\/maps\/place\/CITIC-UGR\/@37.1972347,-3.6278633,16.89z\/data=!4m6!3m5!1s0xd71fc5519a65b73:0x718c61440ac71494!8m2!3d37.1977852!4d-3.6240453!16s%2Fg%2F1hm2ykw2l?entry=tts\" data-type=\"link\" data-id=\"https:\/\/www.google.com\/maps\/place\/CITIC-UGR\/@37.1972347,-3.6278633,16.89z\/data=!4m6!3m5!1s0xd71fc5519a65b73:0x718c61440ac71494!8m2!3d37.1977852!4d-3.6240453!16s%2Fg%2F1hm2ykw2l?entry=tts\" target=\"_blank\" rel=\"noreferrer noopener\">Centro de investigaci\u00f3n en Tecnolog\u00edas de la Informaci\u00f3n y las Comunicaciones<\/a> (CITIC-UGR)<br>C\/ Periodista Rafael G\u00f3mez Montero 2, 18014, Despacho IB-16<br>Granada, Spain<\/p>\n\n\n\n<p class=\"has-base-color has-text-color has-link-color wp-elements-ec97a30f3ceb994e5aa9d96b43da1bff\">Email: <a href=\"mailto:jvalderrama@ugr.es\">jvalderrama@ugr.es<\/a>, <a href=\"mailto:joaquin.valderrama@mq.edu.au\">joaquin.valderrama@mq.edu.au<\/a><\/p>\n<\/div>\n\n\n\n<div class=\"wp-block-column is-layout-flow wp-container-core-column-layout-7 wp-block-column-is-layout-flow\" style=\"flex-basis:15%\">\n<figure data-wp-context=\"{ &quot;core&quot;:\n\t\t\t\t{ &quot;image&quot;:\n\t\t\t\t\t{   &quot;imageLoaded&quot;: false,\n\t\t\t\t\t\t&quot;initialized&quot;: false,\n\t\t\t\t\t\t&quot;lightboxEnabled&quot;: false,\n\t\t\t\t\t\t&quot;hideAnimationEnabled&quot;: false,\n\t\t\t\t\t\t&quot;preloadInitialized&quot;: false,\n\t\t\t\t\t\t&quot;lightboxAnimation&quot;: &quot;zoom&quot;,\n\t\t\t\t\t\t&quot;imageUploadedSrc&quot;: &quot;https:\/\/wpd.ugr.es\/~jvalderrama\/wp-content\/uploads\/2024\/01\/citic-e1706197364941.jpg&quot;,\n\t\t\t\t\t\t&quot;imageCurrentSrc&quot;: &quot;&quot;,\n\t\t\t\t\t\t&quot;targetWidth&quot;: &quot;407&quot;,\n\t\t\t\t\t\t&quot;targetHeight&quot;: &quot;572&quot;,\n\t\t\t\t\t\t&quot;scaleAttr&quot;: &quot;&quot;,\n\t\t\t\t\t\t&quot;dialogLabel&quot;: &quot;Enlarged image&quot;\n\t\t\t\t\t}\n\t\t\t\t}\n\t\t\t}\" data-wp-interactive class=\"wp-block-image size-full is-style-rounded wp-lightbox-container\"><img loading=\"lazy\" decoding=\"async\" width=\"407\" height=\"572\" data-wp-effect--setStylesOnResize=\"effects.core.image.setStylesOnResize\" data-wp-effect=\"effects.core.image.setButtonStyles\" data-wp-init=\"effects.core.image.initOriginImage\" data-wp-on--click=\"actions.core.image.showLightbox\" data-wp-on--load=\"actions.core.image.handleLoad\" src=\"https:\/\/wpd.ugr.es\/~jvalderrama\/wp-content\/uploads\/2024\/01\/citic-e1706197364941.jpg\" alt=\"\" class=\"wp-image-113\" srcset=\"https:\/\/wpd.ugr.es\/~jvalderrama\/wp-content\/uploads\/2024\/01\/citic-e1706197364941.jpg 407w, https:\/\/wpd.ugr.es\/~jvalderrama\/wp-content\/uploads\/2024\/01\/citic-e1706197364941-213x300.jpg 213w\" sizes=\"(max-width: 407px) 100vw, 407px\" \/><button\n\t\t\tclass=\"lightbox-trigger\"\n\t\t\ttype=\"button\"\n\t\t\taria-haspopup=\"dialog\"\n\t\t\taria-label=\"Enlarge image\"\n\t\t\tdata-wp-on--click=\"actions.core.image.showLightbox\"\n\t\t\tdata-wp-style--right=\"context.core.image.imageButtonRight\"\n\t\t\tdata-wp-style--top=\"context.core.image.imageButtonTop\"\n\t\t>\n\t\t\t<svg xmlns=\"http:\/\/www.w3.org\/2000\/svg\" width=\"12\" height=\"12\" fill=\"none\" viewBox=\"0 0 12 12\">\n\t\t\t\t<path fill=\"#fff\" d=\"M2 0a2 2 0 0 0-2 2v2h1.5V2a.5.5 0 0 1 .5-.5h2V0H2Zm2 10.5H2a.5.5 0 0 1-.5-.5V8H0v2a2 2 0 0 0 2 2h2v-1.5ZM8 12v-1.5h2a.5.5 0 0 0 .5-.5V8H12v2a2 2 0 0 1-2 2H8Zm2-12a2 2 0 0 1 2 2v2h-1.5V2a.5.5 0 0 0-.5-.5H8V0h2Z\" \/>\n\t\t\t<\/svg>\n\t\t<\/button>        <div data-wp-body=\"\" class=\"wp-lightbox-overlay zoom\"\n            data-wp-bind--role=\"selectors.core.image.roleAttribute\"\n            data-wp-bind--aria-label=\"selectors.core.image.dialogLabel\"\n            data-wp-class--initialized=\"context.core.image.initialized\"\n            data-wp-class--active=\"context.core.image.lightboxEnabled\"\n            data-wp-class--hideAnimationEnabled=\"context.core.image.hideAnimationEnabled\"\n            data-wp-bind--aria-modal=\"selectors.core.image.ariaModal\"\n            data-wp-effect=\"effects.core.image.initLightbox\"\n            data-wp-on--keydown=\"actions.core.image.handleKeydown\"\n            data-wp-on--touchstart=\"actions.core.image.handleTouchStart\"\n            data-wp-on--touchmove=\"actions.core.image.handleTouchMove\"\n            data-wp-on--touchend=\"actions.core.image.handleTouchEnd\"\n            data-wp-on--click=\"actions.core.image.hideLightbox\"\n            tabindex=\"-1\"\n            >\n                <button type=\"button\" aria-label=\"Close\" style=\"fill: var(--wp--preset--color--contrast)\" class=\"close-button\" data-wp-on--click=\"actions.core.image.hideLightbox\">\n                    <svg xmlns=\"http:\/\/www.w3.org\/2000\/svg\" viewBox=\"0 0 24 24\" width=\"20\" height=\"20\" aria-hidden=\"true\" focusable=\"false\"><path d=\"M13 11.8l6.1-6.3-1-1-6.1 6.2-6.1-6.2-1 1 6.1 6.3-6.5 6.7 1 1 6.5-6.6 6.5 6.6 1-1z\"><\/path><\/svg>\n                <\/button>\n                <div class=\"lightbox-image-container\">\n<figure class=\"wp-block-image size-full is-style-rounded responsive-image\"><img decoding=\"async\" data-wp-bind--src=\"context.core.image.imageCurrentSrc\" data-wp-style--object-fit=\"selectors.core.image.lightboxObjectFit\" src=\"\" alt=\"\" class=\"wp-image-113\"\/><\/figure>\n<\/div>\n                <div class=\"lightbox-image-container\">\n<figure class=\"wp-block-image size-full is-style-rounded enlarged-image\"><img decoding=\"async\" data-wp-bind--src=\"selectors.core.image.enlargedImgSrc\" data-wp-style--object-fit=\"selectors.core.image.lightboxObjectFit\" src=\"\" alt=\"\" class=\"wp-image-113\"\/><\/figure>\n<\/div>\n                <div class=\"scrim\" style=\"background-color: var(--wp--preset--color--base)\" aria-hidden=\"true\"><\/div>\n        <\/div><\/figure>\n<\/div>\n<\/div>\n<\/div>\n","protected":false},"excerpt":{"rendered":"<p>&#8216;Ram\u00f3n y Cajal&#8217; Fellow Department of Signal Theory, Telematics and Communications (TSTC-UGR)School of Technology and Telecommunications Engineering (ETSIIT-UGR)Research Centre for Information and Communications Technologies (CITIC-UGR)University of Granada (UGR), Granada, Spainjvalderrama@ugr.es Honorary Senior Research Fellow Department of LinguisticsMacquarie University (MQ), Sydney, Australiajoaquin.valderrama@mq.edu.au Research projects Here you can find a summary of my current and completed research [&hellip;]<\/p>\n","protected":false},"author":1,"featured_media":0,"parent":0,"menu_order":0,"comment_status":"closed","ping_status":"closed","template":"","meta":{"footnotes":""},"_links":{"self":[{"href":"https:\/\/wpd.ugr.es\/~jvalderrama\/wp-json\/wp\/v2\/pages\/23"}],"collection":[{"href":"https:\/\/wpd.ugr.es\/~jvalderrama\/wp-json\/wp\/v2\/pages"}],"about":[{"href":"https:\/\/wpd.ugr.es\/~jvalderrama\/wp-json\/wp\/v2\/types\/page"}],"author":[{"embeddable":true,"href":"https:\/\/wpd.ugr.es\/~jvalderrama\/wp-json\/wp\/v2\/users\/1"}],"replies":[{"embeddable":true,"href":"https:\/\/wpd.ugr.es\/~jvalderrama\/wp-json\/wp\/v2\/comments?post=23"}],"version-history":[{"count":65,"href":"https:\/\/wpd.ugr.es\/~jvalderrama\/wp-json\/wp\/v2\/pages\/23\/revisions"}],"predecessor-version":[{"id":253,"href":"https:\/\/wpd.ugr.es\/~jvalderrama\/wp-json\/wp\/v2\/pages\/23\/revisions\/253"}],"wp:attachment":[{"href":"https:\/\/wpd.ugr.es\/~jvalderrama\/wp-json\/wp\/v2\/media?parent=23"}],"curies":[{"name":"wp","href":"https:\/\/api.w.org\/{rel}","templated":true}]}}