{"id":2,"date":"2025-02-27T09:33:15","date_gmt":"2025-02-27T08:33:15","guid":{"rendered":"https:\/\/wpd.ugr.es\/~legabo\/?page_id=2"},"modified":"2025-03-17T12:12:57","modified_gmt":"2025-03-17T11:12:57","slug":"es","status":"publish","type":"page","link":"https:\/\/wpd.ugr.es\/~legabo\/en\/es\/","title":{"rendered":"Proyecto LEGABO"},"content":{"rendered":"\t\t<div data-elementor-type=\"wp-page\" data-elementor-id=\"2\" class=\"elementor elementor-2\">\n\t\t\t\t<div class=\"elementor-element elementor-element-04289bf e-flex e-con-boxed qodef-elementor-content-no e-con e-parent\" data-id=\"04289bf\" data-element_type=\"container\">\n\t\t\t\t\t<div class=\"e-con-inner\">\n\t\t\t\t<div class=\"elementor-element elementor-element-104f9b5 elementor-widget elementor-widget-text-editor\" data-id=\"104f9b5\" data-element_type=\"widget\" data-widget_type=\"text-editor.default\">\n\t\t\t\t<div class=\"elementor-widget-container\">\n\t\t\t\t\t\t\t\t\t<p>El proyecto \u00abJuicios por aborto en la Espa\u00f1a democr\u00e1tica: derechos reproductivos, culturas materiales y culturas legales de la IVE (1970s-2000s)\u00bb (LEGABO) exami<span style=\"color: var( --e-global-color-text );\">na la historia social y cultural de los juicios por aborto en la Espa\u00f1a desde la segunda mitad de la d\u00e9cada de 1970 hasta la legalizaci\u00f3n del aborto voluntario en 2010. Combinamos <\/span><strong style=\"color: var( --e-global-color-text );\">enfoques metodol\u00f3gicos de historia de la medicina, historia de g\u00e9nero, antropolog\u00eda de la salud, historia y filosof\u00eda del derecho y humanidades digitales<\/strong><span style=\"color: var( --e-global-color-text );\"> para recopilar y analizar, por una parte, las narrativas legales, m\u00e9dicas y medi\u00e1ticas generadas durante los procesos judiciales relacionados con la interrupci\u00f3n voluntaria del embarazo (en adelante IVE) y, por otra, los relatos de las personas proveedoras y gestoras de la IVE implicadas y los de sus letrados\/as.\u00a0<\/span><\/p>\t\t\t\t\t\t\t\t<\/div>\n\t\t\t\t<\/div>\n\t\t\t\t\t<\/div>\n\t\t\t\t<\/div>\n\t\t<div class=\"elementor-element elementor-element-38a9d0b e-flex e-con-boxed qodef-elementor-content-no e-con e-parent\" data-id=\"38a9d0b\" data-element_type=\"container\">\n\t\t\t\t\t<div class=\"e-con-inner\">\n\t\t\t\t<div class=\"elementor-element elementor-element-8345de9 elementor-widget elementor-widget-image-carousel\" data-id=\"8345de9\" data-element_type=\"widget\" data-settings=\"{&quot;slides_to_show&quot;:&quot;1&quot;,&quot;navigation&quot;:&quot;none&quot;,&quot;autoplay&quot;:&quot;yes&quot;,&quot;pause_on_hover&quot;:&quot;yes&quot;,&quot;pause_on_interaction&quot;:&quot;yes&quot;,&quot;autoplay_speed&quot;:5000,&quot;infinite&quot;:&quot;yes&quot;,&quot;effect&quot;:&quot;slide&quot;,&quot;speed&quot;:500}\" data-widget_type=\"image-carousel.default\">\n\t\t\t\t<div class=\"elementor-widget-container\">\n\t\t\t\t\t\t\t<div class=\"elementor-image-carousel-wrapper swiper\" role=\"region\" aria-roledescription=\"carousel\" aria-label=\"Carrusel de im\u00e1genes\" dir=\"ltr\">\n\t\t\t<div class=\"elementor-image-carousel swiper-wrapper\" aria-live=\"off\">\n\t\t\t\t\t\t\t\t<div class=\"swiper-slide\" role=\"group\" aria-roledescription=\"slide\" aria-label=\"1 of 1\"><figure class=\"swiper-slide-inner\"><img decoding=\"async\" class=\"swiper-slide-image\" src=\"https:\/\/wpd.ugr.es\/~legabo\/wp-content\/uploads\/2025\/03\/ABLE-PORTADA-1.png\" alt=\"ABLE PORTADA (1)\" \/><\/figure><\/div>\t\t\t<\/div>\n\t\t\t\t\t<\/div>\n\t\t\t\t\t\t<\/div>\n\t\t\t\t<\/div>\n\t\t\t\t\t<\/div>\n\t\t\t\t<\/div>\n\t\t<div class=\"elementor-element elementor-element-2bd8b09 e-flex e-con-boxed qodef-elementor-content-no e-con e-parent\" data-id=\"2bd8b09\" data-element_type=\"container\">\n\t\t\t\t\t<div class=\"e-con-inner\">\n\t\t\t\t<div class=\"elementor-element elementor-element-f6f6ac9 elementor-widget elementor-widget-text-editor\" data-id=\"f6f6ac9\" data-element_type=\"widget\" data-widget_type=\"text-editor.default\">\n\t\t\t\t<div class=\"elementor-widget-container\">\n\t\t\t\t\t\t\t\t\t<p>La selecci\u00f3n preliminar de fuentes incluye fuentes orales, fuentes de archivo (incluidos archivos personales) y fuentes digitales como sentencias judiciales y art\u00edculos publicados en la prensa diaria y disponibles en hemerotecas digitales.\u00a0Utilizaremos estas fuentes para acercarnos a las\u00a0<strong>culturas materiales y legales del aborto<\/strong>\u00a0en dos periodos: la \u00faltima clandestinidad (1975-1985) y la despenalizaci\u00f3n parcial del aborto en Espa\u00f1a (1985-2010). Adem\u00e1s, examinaremos los juicios y los debates medi\u00e1ticos acerca de ellos como un espacio discursivo potencial para la incorporaci\u00f3n al debate p\u00fablico y a la pr\u00e1ctica sanitaria del concepto de\u00a0<strong>derechos reproductivos<\/strong>, concepto que, en las d\u00e9cadas de 1980 y 1990, se encontraba en proceso de debate y consolidaci\u00f3n internacional.<\/p><p>Con todo ello, contribuiremos a la generaci\u00f3n de conocimiento multi e interdisciplinar sobre la historia de la salud y los derechos reproductivos, que puede mejorar la comprensi\u00f3n de la situaci\u00f3n actual en torno al acceso a la IVE y su percepci\u00f3n sanitaria y social. El proyecto LEGABO propone un avance en la consolidaci\u00f3n de una l\u00ednea de investigaci\u00f3n sobre la historia del aborto en Espa\u00f1a, iniciada en el Instituto Universitario de Estudios de las Mujeres y de G\u00e9nero de la Universidad de Granada en 2021 con el proyecto <strong><a href=\"https:\/\/wpd.ugr.es\/~able\/wordpress\/\" target=\"_blank\" rel=\"noopener\">ABLE<\/a>: Aborto no punible en Espa\u00f1a: ciencia, asistencia y movimientos sociales (d\u00e9cadas de 1980 y 1990)<\/strong>, y ampliada y potenciada gracias a la incorporaci\u00f3n en la presente propuesta de enfoques y metodolog\u00edas de filosof\u00eda del derecho y humanidades digitales.<\/p>\t\t\t\t\t\t\t\t<\/div>\n\t\t\t\t<\/div>\n\t\t\t\t\t<\/div>\n\t\t\t\t<\/div>\n\t\t\t\t<\/div>\n\t\t","protected":false},"excerpt":{"rendered":"<p>El proyecto \u00abJuicios por aborto en la Espa\u00f1a democr\u00e1tica: derechos reproductivos, culturas materiales y culturas legales de la IVE (1970s-2000s)\u00bb (LEGABO) examina la historia social y cultural de los juicios por aborto en la Espa\u00f1a desde la segunda mitad de la d\u00e9cada de 1970 hasta la legalizaci\u00f3n del aborto voluntario en 2010. Combinamos enfoques metodol\u00f3gicos [&hellip;]<\/p>\n","protected":false},"author":1,"featured_media":0,"parent":0,"menu_order":0,"comment_status":"closed","ping_status":"closed","template":"","meta":{"footnotes":""},"class_list":["post-2","page","type-page","status-publish","hentry"],"_links":{"self":[{"href":"https:\/\/wpd.ugr.es\/~legabo\/wp-json\/wp\/v2\/pages\/2","targetHints":{"allow":["GET"]}}],"collection":[{"href":"https:\/\/wpd.ugr.es\/~legabo\/wp-json\/wp\/v2\/pages"}],"about":[{"href":"https:\/\/wpd.ugr.es\/~legabo\/wp-json\/wp\/v2\/types\/page"}],"author":[{"embeddable":true,"href":"https:\/\/wpd.ugr.es\/~legabo\/wp-json\/wp\/v2\/users\/1"}],"replies":[{"embeddable":true,"href":"https:\/\/wpd.ugr.es\/~legabo\/wp-json\/wp\/v2\/comments?post=2"}],"version-history":[{"count":39,"href":"https:\/\/wpd.ugr.es\/~legabo\/wp-json\/wp\/v2\/pages\/2\/revisions"}],"predecessor-version":[{"id":214,"href":"https:\/\/wpd.ugr.es\/~legabo\/wp-json\/wp\/v2\/pages\/2\/revisions\/214"}],"wp:attachment":[{"href":"https:\/\/wpd.ugr.es\/~legabo\/wp-json\/wp\/v2\/media?parent=2"}],"curies":[{"name":"wp","href":"https:\/\/api.w.org\/{rel}","templated":true}]}}