{"id":30,"date":"2025-02-27T15:00:44","date_gmt":"2025-02-27T14:00:44","guid":{"rendered":"https:\/\/wpd.ugr.es\/~legabo\/?page_id=30"},"modified":"2025-11-02T10:37:18","modified_gmt":"2025-11-02T09:37:18","slug":"equipo","status":"publish","type":"page","link":"https:\/\/wpd.ugr.es\/~legabo\/equipo\/","title":{"rendered":"Equipo"},"content":{"rendered":"\t\t<div data-elementor-type=\"wp-page\" data-elementor-id=\"30\" class=\"elementor elementor-30\">\n\t\t\t\t<div class=\"elementor-element elementor-element-1fd4af55 e-flex e-con-boxed qodef-elementor-content-no e-con e-parent\" data-id=\"1fd4af55\" data-element_type=\"container\">\n\t\t\t\t\t<div class=\"e-con-inner\">\n\t\t\t\t<div class=\"elementor-element elementor-element-76815c54 elementor-widget elementor-widget-text-editor\" data-id=\"76815c54\" data-element_type=\"widget\" data-widget_type=\"text-editor.default\">\n\t\t\t\t<div class=\"elementor-widget-container\">\n\t\t\t\t\t\t\t\t\t<p><strong>Agata Ignaciuk<\/strong><\/p><p style=\"text-align: justify;\">Investigadora principal. Es profesora titular en el Departamento de Historia de la Ciencia en el Ciencia en el Departamento de Anatom\u00eda Patol\u00f3gica e Historia de la Ciencia, Universidad de Granada e investigadora del Instituto Universitario de Investigaci\u00f3n en Estudios de las Mujeres y de G\u00e9nero de la misma universidad. Tambi\u00e9n es miembro garante de la Unit for Computational Humanities and Social Sciences (U-CHASS) de la UGR y co-lidera el Working Group sobre proveedores de salud en la red <a href=\"https:\/\/www.cost.eu\/actions\/CA22159\/\">COST CA22159 &#8211; National, International and Transnational Histories of Healthcare, 1850-2000 (EuroHealthHist<\/a>). Su l\u00ednea de investigaci\u00f3n principal es la historia de la salud y de los derechos reproductivos. Ha publicado ampliamente sobre la historia de la anticoncepci\u00f3n y el aborto en el s. XX.\u00a0 Perfil acad\u00e9mico: <a href=\"https:\/\/agataignaciuk.com\/\">https:\/\/agataignaciuk.com\/<\/a><\/p><p><strong>Lidia Bocanegra<\/strong><\/p><p style=\"text-align: justify;\">Co-investigadora principal. Es profesora contratada doctoral en el Departamento de Historia Contempor\u00e1nea, Universidad de Granada. Sus principales l\u00edneas de investigaci\u00f3n son la Historia Digital, las Humanidades Digitales y las Humanidades Ciudadanas aplicadas a la investigaci\u00f3n de proyectos de Historia Contempor\u00e1nea: exilios, metodolog\u00edas participativas e identidades digitales. Ha publicado ampliamente acerca de la participaci\u00f3n p\u00fablica en proyectos de investigaci\u00f3n en humanidades desde la metodolog\u00eda de la ciencia ciudadana. Coordinadora del Programa de Doctorado de Estudios Migratorios y miembro garante de la Unit for Computational Humanities and Social Sciences (U-CHASS), ambas de la UGR. Perfil acad\u00e9mico: <a href=\"https:\/\/urldefense.com\/v3\/__https:\/hcommons.org\/members\/lbocanegra\/__;!!D9dNQwwGXtA!SAGTzHDQB8EG1FDIcyCl9FYVUckpBmDtM0k3bqjDLYg4qmwDiCPazf7fyHqVv_fWahi9FPMZmhbAAUVVW-lr86Hd$\">https:\/\/hcommons.org\/members\/lbocanegra\/<\/a><\/p><p><strong>Josefa Dolores Ruiz Resa<\/strong><\/p><p style=\"text-align: justify;\">Es catedr\u00e1tica de filosof\u00eda del derecho de la Universidad de Granada. Sus l\u00edneas de investigaci\u00f3n son ciencia, tecnolog\u00eda, derecho y sociedad; derecho antidiscriminatorio y ciudadan\u00eda; pensamiento jur\u00eddico-social en sistemas democr\u00e1ticos y autocr\u00e1ticos. Cuenta con amplia experiencia en el campo de derecho y g\u00e9nero. En la actualidad es letrada del Tribunal Constitucional.<\/p><p><strong>Mikel Astrain<\/strong><\/p><p style=\"text-align: justify;\">Es profesor titular de Historia de la Ciencia en el Departamento de Anatom\u00eda Patol\u00f3gica e Historia de la Ciencia, Universidad de Granada. Es director de la revista Dynamis y director del Departamento de Anatom\u00eda Patol\u00f3gica e Historia de la Ciencia. Ha trabajado sobre la medicina y la ciencia ilustrada y el an\u00e1lisis del ejercicio m\u00e9dico en el reino de Granada. Cuenta con una amplia trayectoria en <em>public engagement<\/em> y transferencia.<\/p><p><strong>Marta Velasco<\/strong><\/p><p>Es profesora Ayudante Doctora de la unidad docente de Historia de la Ciencia del departamento de Salud P\u00fablica y Materno infantil en la Facultad de Medicina de la Universidad Complutense de Madrid (UCM) e investigadora del grupo <em>Arte y cultura cient\u00edfica: im\u00e1genes, objetos y espacios del conocimiento <\/em>(UCM). Desde el a\u00f1o 2019 es vicedirectora de la revista <em>Arbor. Ciencia, pensamiento y cultura<\/em> del CSIC. Sus l\u00edneas de investigaci\u00f3n abordan el estudio de la influencia del g\u00e9nero en la construcci\u00f3n de conocimiento biom\u00e9dico desde un punto de vista hist\u00f3rico; el estudio de los procesos de producci\u00f3n, circulaci\u00f3n y estandarizaci\u00f3n de productos biom\u00e9dicos (moscas <em>Drosophila<\/em>, vacunas, pol\u00edticas de Salud P\u00fablica, discursos m\u00e9dicos) desde un punto de vista hist\u00f3rico y de g\u00e9nero; y la historia de las mujeres en las profesiones biosanitarias.<\/p><p><strong>Mar\u00eda Mundi-L\u00f3pez<\/strong><\/p><p style=\"text-align: justify;\">Es graduada en Medicina por la Universidad de Granada (2022) y con un m\u00e1ster en Historia de las ciencias, los saberes y las t\u00e9cnicas por el \u00c9cole des Hautes \u00c9tudes en Sciences Sociales (EHESS) (2024). Actualmente es doctoranda FPU de la Universidad de Granada en cotutela con la EHESS, con un proyecto de tesis titulado \u201cMedication abortion: the socio-history of a transnational practice at the crossroads of medical, militant and lay knowledge.\u201d<\/p><p><strong>Elisa Roncone\u00a0<\/strong><\/p><p style=\"text-align: justify;\">Se gradu\u00f3 en Estudios Isl\u00e1micos por la Universidad La Sapienza de Roma (2018) y continu\u00f3 su formaci\u00f3n con un M\u00e1ster en Estudios de G\u00e9nero y de las Mujeres (GEMMA) en las Universidades de Granada y Bolonia (2022). Es doctoranda FPI en el Departamento de Historia de la Ciencia de la Universidad de Granada, donde investiga la historia de los derechos reproductivos y la justicia reproductiva desde una perspectiva cr\u00edtica y feminista. Su investigaci\u00f3n doctoral se centra en el an\u00e1lisis de los derechos reproductivos en la Espa\u00f1a democr\u00e1tica, examinando las narrativas legales, m\u00e9dicas y medi\u00e1ticas generadas durante estos juicios, combinando metodolog\u00edas de la historia de la medicina, los estudios de g\u00e9nero y las humanidades digitales.<\/p><p><strong>\u00c1ngela Luc\u00eda Agudelo-Gonz\u00e1lez.<\/strong><\/p><p style=\"text-align: justify;\">Es profesora asociada en el Departamento de Psicopedagog\u00eda de la Universidad del Tolima (Colombia). Estudiante doctoral en Historia de la medicina en la Universidad de Granada (Espa\u00f1a). Su investigaci\u00f3n explora la historia de la maternidad y el control de la natalidad en Colombia durante la primera mitad del siglo XX. Cuenta con un M\u00e1ster en Geograf\u00eda de la Universidad de los Andes y un grado en Historia por la Universidad del Atl\u00e1ntico ambos en Colombia. Ha publicado libros y art\u00edculos sobre salud p\u00fablica, eugenesia e historia social de la medicina en Colombia. Perfil web: <a href=\"https:\/\/www.researchgate.net\/profile\/Angela-Agudelo-Gonzalez\">https:\/\/www.researchgate.net\/profile\/Angela-Agudelo-Gonzalez<\/a><\/p><p><strong>Christabelle Sethna<\/strong><\/p><p style=\"text-align: justify;\">La Dra. Christabelle Sethna es historiadora y catedr\u00e1tica en el Instituto de Estudios Feministas y de G\u00e9nero de la Universidad de Ottawa. Utilizando un marco feminista transnacional, investiga sobre educaci\u00f3n sexual, anticoncepci\u00f3n y aborto. Ha coeditado o coescrito varios art\u00edculos, cap\u00edtulos y libros, entre ellos (con Gayle Davis), <em>Abortion Across Borders:<\/em> <em>Transnational Travel and Abortion Services<\/em> (Johns Hopkins University Press, 2019) y (con Steve Hewitt), <em>Just Watch Us: RCMP Surveillance of the Women&#8217;s Liberation Movement in Cold War Canada<\/em> (McGill-Queens University Press, 2018). Actualmente est\u00e1 trabajando en un manuscrito de autor\u00eda \u00fanica sobre los viajes de mujeres canadienses para abortar durante las d\u00e9cadas de 1960 y 1980.<\/p><p><strong>Maud Bracke<\/strong><\/p><p style=\"text-align: justify;\">Maud Anne Bracke es profesora de Historia Europea Moderna en la Universidad de Glasgow, especializada en historia social, pol\u00edtica y de g\u00e9nero posterior a 1945. Tiene un doctorado del Instituto Universitario Europeo de Florencia y ha sido investigadora visitante en Sciences Po Par\u00eds, en la Universidad Federico II de N\u00e1poles y en la Universidad de Gante. Es autora, entre otros, de <em>Women and the Reinvention of the Political:<\/em> <em>Feminism in Italy (<\/em>Routledge 2014), y <em>Reproductive Rights in modern France: Feminism, Contraception and Abortion<\/em> (Oxford University Press, 2025 de pr\u00f3xima publicaci\u00f3n). Ha escrito numerosos art\u00edculos sobre el 1968 en Europa, la revoluci\u00f3n sexual, los movimientos de planificaci\u00f3n familiar y los feminismos transnacionales.<\/p><p><strong>Maria Rentetzi<\/strong><\/p><p style=\"text-align: justify;\">Maria Rentetzi es profesora y catedr\u00e1tica de Estudios de Ciencia, Tecnolog\u00eda y G\u00e9nero en la Universidad Friedrich-Alexander de Erlangen-N\u00faremberg (FAU). Es una de las pocas acad\u00e9micas que trabajan en la intersecci\u00f3n de los estudios de ciencia y tecnolog\u00eda, la diplomacia nuclear y el g\u00e9nero. Su investigaci\u00f3n se centra en dos \u00e1reas de estudio entrelazadas: la investigaci\u00f3n del car\u00e1cter pol\u00edtico e hist\u00f3ricamente situado de la tecnociencia y el an\u00e1lisis cr\u00edtico de g\u00e9nero como una categor\u00eda anal\u00edtica importante en los proyectos tecnocient\u00edficos. Ha sido afiliada del Instituto Max Planck de Historia de la Ciencia (MPIWG), profesora invitada en la Universidad T\u00e9cnica de Berl\u00edn, profesora Silverman en la Universidad de Tel Aviv en Israel y profesora en la Universidad T\u00e9cnica Nacional de Atenas (NTUA). Se incorpor\u00f3 a la FAU en enero de 2021.<\/p>\t\t\t\t\t\t\t\t<\/div>\n\t\t\t\t<\/div>\n\t\t\t\t\t<\/div>\n\t\t\t\t<\/div>\n\t\t\t\t<\/div>\n\t\t","protected":false},"excerpt":{"rendered":"<p>Agata Ignaciuk Investigadora principal. Es profesora titular en el Departamento de Historia de la Ciencia en el Ciencia en el Departamento de Anatom\u00eda Patol\u00f3gica e Historia de la Ciencia, Universidad de Granada e investigadora del Instituto Universitario de Investigaci\u00f3n en Estudios de las Mujeres y de G\u00e9nero de la misma universidad. Tambi\u00e9n es miembro garante [&hellip;]<\/p>\n","protected":false},"author":1,"featured_media":0,"parent":0,"menu_order":0,"comment_status":"closed","ping_status":"closed","template":"","meta":{"footnotes":""},"class_list":["post-30","page","type-page","status-publish","hentry"],"_links":{"self":[{"href":"https:\/\/wpd.ugr.es\/~legabo\/wp-json\/wp\/v2\/pages\/30","targetHints":{"allow":["GET"]}}],"collection":[{"href":"https:\/\/wpd.ugr.es\/~legabo\/wp-json\/wp\/v2\/pages"}],"about":[{"href":"https:\/\/wpd.ugr.es\/~legabo\/wp-json\/wp\/v2\/types\/page"}],"author":[{"embeddable":true,"href":"https:\/\/wpd.ugr.es\/~legabo\/wp-json\/wp\/v2\/users\/1"}],"replies":[{"embeddable":true,"href":"https:\/\/wpd.ugr.es\/~legabo\/wp-json\/wp\/v2\/comments?post=30"}],"version-history":[{"count":42,"href":"https:\/\/wpd.ugr.es\/~legabo\/wp-json\/wp\/v2\/pages\/30\/revisions"}],"predecessor-version":[{"id":859,"href":"https:\/\/wpd.ugr.es\/~legabo\/wp-json\/wp\/v2\/pages\/30\/revisions\/859"}],"wp:attachment":[{"href":"https:\/\/wpd.ugr.es\/~legabo\/wp-json\/wp\/v2\/media?parent=30"}],"curies":[{"name":"wp","href":"https:\/\/api.w.org\/{rel}","templated":true}]}}