{"id":36,"date":"2025-02-27T15:04:20","date_gmt":"2025-02-27T14:04:20","guid":{"rendered":"https:\/\/wpd.ugr.es\/~legabo\/?page_id=36"},"modified":"2026-02-09T12:27:29","modified_gmt":"2026-02-09T11:27:29","slug":"results","status":"publish","type":"page","link":"https:\/\/wpd.ugr.es\/~legabo\/en\/results\/","title":{"rendered":"Publications"},"content":{"rendered":"\t\t<div data-elementor-type=\"wp-page\" data-elementor-id=\"36\" class=\"elementor elementor-36\">\n\t\t\t\t<div class=\"elementor-element elementor-element-1a013328 e-con-full e-flex qodef-elementor-content-no e-con e-parent\" data-id=\"1a013328\" data-element_type=\"container\">\n\t\t<div class=\"elementor-element elementor-element-d8c521d e-con-full e-flex qodef-elementor-content-no elementor-invisible e-con e-child\" data-id=\"d8c521d\" data-element_type=\"container\" data-settings=\"{&quot;animation&quot;:&quot;fadeIn&quot;}\">\n\t\t\t\t<div class=\"elementor-element elementor-element-cc51417 elementor-widget__width-initial elementor-widget elementor-widget-text-editor\" data-id=\"cc51417\" data-element_type=\"widget\" data-widget_type=\"text-editor.default\">\n\t\t\t\t<div class=\"elementor-widget-container\">\n\t\t\t\t\t\t\t\t\t<h2 style=\"text-align: center;\"><span style=\"color: #dacae0;\">LEGABO PUBLICATIONS<\/span><\/h2>\t\t\t\t\t\t\t\t<\/div>\n\t\t\t\t<\/div>\n\t\t\t\t<div class=\"elementor-element elementor-element-2e71823 elementor-widget-mobile__width-initial elementor-widget elementor-widget-text-editor\" data-id=\"2e71823\" data-element_type=\"widget\" data-widget_type=\"text-editor.default\">\n\t\t\t\t<div class=\"elementor-widget-container\">\n\t\t\t\t\t\t\t\t\t<p style=\"text-align: center;\"><span style=\"color: #f1edf2;\"><a style=\"color: #f1edf2;\" href=\"https:\/\/muse.jhu.edu\/article\/971297\" target=\"_blank\" rel=\"noopener\">\u25ab\ufe0f<\/a><\/span><span style=\"color: #ffffff;\"><a style=\"color: #ffffff;\" href=\"https:\/\/www.tandfonline.com\/doi\/citedby\/10.1080\/1081602X.2025.2612345?scroll=top&amp;needAccess=true\">Ignaciuk, Agata, Segura-Arenas, \u00c1ngela, &amp; Mundi-L\u00f3pez, Mar\u00eda. (2026). Weaponizing the law: <i>Acci\u00f3n Familiar<\/i>\u00a0and \u2018pro-life\u2019 strategic litigation in Spain (1985\u20131990).\u00a0<i>The History of the Family<\/i>, 1\u201319. https:\/\/doi.org\/10.1080\/1081602X.2025.2612345<\/a><\/span><\/p><p style=\"text-align: center;\"><span style=\"color: #ffffff;\">\u26aa<\/span><\/p><p style=\"text-align: center;\"><span style=\"color: #f1edf2;\"><a style=\"color: #f1edf2;\" href=\"https:\/\/muse.jhu.edu\/article\/971297\" target=\"_blank\" rel=\"noopener\">\u25ab\ufe0f<\/a><\/span><span style=\"color: #ffffff;\"><span dir=\"auto\">Mundi L\u00f3pez, Mar\u00eda. \u00abMifepristona (RU486): ciencia y controversia en torno a la introducci\u00f3n de la p\u00edldora abortiva en Espa\u00f1a (1982-2000)\u00bb.\u00a0<\/span><i><span dir=\"auto\">Dynamis: Acta Hispanica ad Medicinae Scientiarumque Historiam Illustrandam<\/span><\/i><span dir=\"auto\">\u00a0, 2025, vol.VOL 45, n\u00fam. 2, p. 511-49, doi:10.30827\/dynamis.v45i2.35255.<\/span><\/span><\/p><p style=\"text-align: center;\"><span style=\"color: #ffffff;\">\u26aa<\/span><\/p><p style=\"text-align: center;\"><span style=\"color: #f1edf2;\"><a style=\"color: #f1edf2;\" href=\"https:\/\/muse.jhu.edu\/article\/971297\" target=\"_blank\" rel=\"noopener\">\u25ab\ufe0f<span style=\"color: #ffffff;\">Ignaciuk, Agata and Mar\u00eda Jes\u00fas Santesmases. \u00abOn the Cover: The Politics of Seeing Pregnancy.\u00bb Technology and Culture, vol. 66 no. 4, 2025, p. 937-957. Project MUSE, https:\/\/dx.doi.org\/10.1353\/tech.2025.a971297<\/span><\/a><\/span><\/p>\t\t\t\t\t\t\t\t<\/div>\n\t\t\t\t<\/div>\n\t\t\t\t<\/div>\n\t\t\t\t<\/div>\n\t\t<div class=\"elementor-element elementor-element-dfd3c82 e-con-full e-flex qodef-elementor-content-no e-con e-parent\" data-id=\"dfd3c82\" data-element_type=\"container\">\n\t\t\t\t<div class=\"elementor-element elementor-element-19a679c elementor-widget__width-initial elementor-widget-tablet__width-initial elementor-widget-mobile__width-initial elementor-widget elementor-widget-image\" data-id=\"19a679c\" data-element_type=\"widget\" data-widget_type=\"image.default\">\n\t\t\t\t<div class=\"elementor-widget-container\">\n\t\t\t\t\t\t\t\t\t\t\t\t\t\t\t<img fetchpriority=\"high\" decoding=\"async\" width=\"1120\" height=\"1600\" src=\"https:\/\/wpd.ugr.es\/~legabo\/wp-content\/uploads\/2025\/11\/webs-3.jpg\" class=\"attachment-full size-full wp-image-793\" alt=\"\" srcset=\"https:\/\/wpd.ugr.es\/~legabo\/wp-content\/uploads\/2025\/11\/webs-3.jpg 1120w, https:\/\/wpd.ugr.es\/~legabo\/wp-content\/uploads\/2025\/11\/webs-3-210x300.jpg 210w, https:\/\/wpd.ugr.es\/~legabo\/wp-content\/uploads\/2025\/11\/webs-3-717x1024.jpg 717w, https:\/\/wpd.ugr.es\/~legabo\/wp-content\/uploads\/2025\/11\/webs-3-768x1097.jpg 768w, https:\/\/wpd.ugr.es\/~legabo\/wp-content\/uploads\/2025\/11\/webs-3-1075x1536.jpg 1075w\" sizes=\"(max-width: 1120px) 100vw, 1120px\" \/>\t\t\t\t\t\t\t\t\t\t\t\t\t\t\t<\/div>\n\t\t\t\t<\/div>\n\t\t\t\t<\/div>\n\t\t<div class=\"elementor-element elementor-element-8e1d422 e-con-full e-flex qodef-elementor-content-no e-con e-parent\" data-id=\"8e1d422\" data-element_type=\"container\">\n\t\t\t\t<div class=\"elementor-element elementor-element-9d4b8e0 elementor-widget__width-initial elementor-widget-mobile__width-initial elementor-widget elementor-widget-text-editor\" data-id=\"9d4b8e0\" data-element_type=\"widget\" data-widget_type=\"text-editor.default\">\n\t\t\t\t<div class=\"elementor-widget-container\">\n\t\t\t\t\t\t\t\t\t<h4 style=\"text-align: center;\"><span style=\"color: #e5daf2;\"><b>Previous publications related to LEGABO<\/b><\/span><\/h4>\t\t\t\t\t\t\t\t<\/div>\n\t\t\t\t<\/div>\n\t\t\t\t<div class=\"elementor-element elementor-element-96670b6 elementor-button-info elementor-align-center elementor-widget elementor-widget-button\" data-id=\"96670b6\" data-element_type=\"widget\" data-widget_type=\"button.default\">\n\t\t\t\t<div class=\"elementor-widget-container\">\n\t\t\t\t\t\t\t\t\t<div class=\"elementor-button-wrapper\">\n\t\t\t\t\t<a class=\"elementor-button elementor-button-link elementor-size-sm\" href=\"https:\/\/wpd.ugr.es\/~able\/wordpress\/\">\n\t\t\t\t\t\t<span class=\"elementor-button-content-wrapper\">\n\t\t\t\t\t\t\t\t\t<span class=\"elementor-button-text\">ABLE Project<\/span>\n\t\t\t\t\t<\/span>\n\t\t\t\t\t<\/a>\n\t\t\t\t<\/div>\n\t\t\t\t\t\t\t\t<\/div>\n\t\t\t\t<\/div>\n\t\t\t\t<\/div>\n\t\t<div class=\"elementor-element elementor-element-2d04696 e-con-full e-flex qodef-elementor-content-no e-con e-parent\" data-id=\"2d04696\" data-element_type=\"container\">\n\t\t\t\t<div class=\"elementor-element elementor-element-b669f25 elementor-widget elementor-widget-text-editor\" data-id=\"b669f25\" data-element_type=\"widget\" data-widget_type=\"text-editor.default\">\n\t\t\t\t<div class=\"elementor-widget-container\">\n\t\t\t\t\t\t\t\t\t<p style=\"text-align: center;\"><span style=\"color: #000000;\">\u25ab\ufe0f<span style=\"color: #ffffff;\">Ignaciuk, Agata. \u00abLimitations, Innovations and Imitations: Chemical Contraceptives in Communist Poland.\u00bb In The Routledge Handbook of Sexuality in East Central Europe, edited by Agnieszka Ko\u015bcia\u0144ska, Anita Kurimay, Kate\u0159ina Li\u0161kov\u00e1 and Hadley Z Renkin, 211-2019. London: Routledge, 2025. https:\/\/doi.org\/10.4324\/9781003204763-23<\/span><\/span><\/p><p style=\"text-align: center;\"><span style=\"color: #ffffff;\">\u26aa<\/span><\/p><p style=\"text-align: center;\"><span style=\"color: #ffffff;\">\u25ab\ufe0fIgnaciuk, Agata. \u00abReproductive Healthcare in Transition: Women Doctors and Abortion Services in Spain (1980s\u20131990s).\u00bb Social History of Medicine. Published online (2025): 1\u201322.\u00a0<a class=\"c-link c-link--underline\" style=\"color: #ffffff;\" href=\"https:\/\/doi.org\/https:\/\/doi.org\/10.1093\/shm\/hkaf066\" target=\"_blank\" rel=\"noopener noreferrer\" data-stringify-link=\"https:\/\/doi.org\/https:\/\/doi.org\/10.1093\/shm\/hkaf066\" data-sk=\"tooltip_parent\">https:\/\/doi.org\/https:\/\/doi.org\/10.1093\/shm\/hkaf066<\/a><\/span><\/p><p style=\"text-align: center;\"><span style=\"color: #ffffff;\">\u26aa<\/span><\/p><p style=\"text-align: center;\"><span style=\"color: #ffffff;\">\u25ab\ufe0fMundi-L\u00f3pez, Maria and Ignaciuk, Agata. \u00abDifferent aspirations: medicine, activism and uterine vacuum aspiration technology in Spain (1960s\u20131980s)\u00bb. Medical History. Published online 2025:1-21. doi:10.1017\/mdh.2025.10031\u00a0<\/span><\/p>\t\t\t\t\t\t\t\t<\/div>\n\t\t\t\t<\/div>\n\t\t\t\t<div class=\"elementor-element elementor-element-db6b994 elementor-view-default elementor-widget elementor-widget-icon\" data-id=\"db6b994\" data-element_type=\"widget\" data-widget_type=\"icon.default\">\n\t\t\t\t<div class=\"elementor-widget-container\">\n\t\t\t\t\t\t\t<div class=\"elementor-icon-wrapper\">\n\t\t\t<div class=\"elementor-icon\">\n\t\t\t<svg aria-hidden=\"true\" class=\"e-font-icon-svg e-fas-transgender-alt\" viewBox=\"0 0 480 512\" xmlns=\"http:\/\/www.w3.org\/2000\/svg\"><path d=\"M468 0h-79c-10.7 0-16 12.9-8.5 20.5l16.9 16.9-80.7 80.7C294.5 104.1 268.2 96 240 96c-28.2 0-54.5 8.1-76.7 22.1l-16.5-16.5 19.8-19.8c4.7-4.7 4.7-12.3 0-17l-28.3-28.3c-4.7-4.7-12.3-4.7-17 0l-19.8 19.8-19-19 16.9-16.9C107.1 12.9 101.7 0 91 0H12C5.4 0 0 5.4 0 12v79c0 10.7 12.9 16 20.5 8.5l16.9-16.9 19 19-19.8 19.8c-4.7 4.7-4.7 12.3 0 17l28.3 28.3c4.7 4.7 12.3 4.7 17 0l19.8-19.8 16.5 16.5C104.1 185.5 96 211.8 96 240c0 68.5 47.9 125.9 112 140.4V408h-36c-6.6 0-12 5.4-12 12v40c0 6.6 5.4 12 12 12h36v28c0 6.6 5.4 12 12 12h40c6.6 0 12-5.4 12-12v-28h36c6.6 0 12-5.4 12-12v-40c0-6.6-5.4-12-12-12h-36v-27.6c64.1-14.6 112-71.9 112-140.4 0-28.2-8.1-54.5-22.1-76.7l80.7-80.7 16.9 16.9c7.6 7.6 20.5 2.2 20.5-8.5V12c0-6.6-5.4-12-12-12zM240 320c-44.1 0-80-35.9-80-80s35.9-80 80-80 80 35.9 80 80-35.9 80-80 80z\"><\/path><\/svg>\t\t\t<\/div>\n\t\t<\/div>\n\t\t\t\t\t\t<\/div>\n\t\t\t\t<\/div>\n\t\t\t\t<\/div>\n\t\t<div class=\"elementor-element elementor-element-8fd6244 e-grid e-con-boxed qodef-elementor-content-no e-con e-parent\" data-id=\"8fd6244\" data-element_type=\"container\">\n\t\t\t\t\t<div class=\"e-con-inner\">\n\t\t\t\t\t<\/div>\n\t\t\t\t<\/div>\n\t\t\t\t<\/div>\n\t\t","protected":false},"excerpt":{"rendered":"<p>LEGABO PUBLICATIONS \u25ab\ufe0fIgnaciuk, Agata, Segura-Arenas, \u00c1ngela, &amp; Mundi-L\u00f3pez, Mar\u00eda. (2026). Weaponizing the law: Acci\u00f3n Familiar\u00a0and \u2018pro-life\u2019 strategic litigation in Spain (1985\u20131990).\u00a0The History of the Family, 1\u201319. https:\/\/doi.org\/10.1080\/1081602X.2025.2612345 \u26aa \u25ab\ufe0fMundi L\u00f3pez, Mar\u00eda. \u00abMifepristona (RU486): ciencia y controversia en torno a la introducci\u00f3n de la p\u00edldora abortiva en Espa\u00f1a (1982-2000)\u00bb.\u00a0Dynamis: Acta Hispanica ad Medicinae Scientiarumque Historiam Illustrandam\u00a0, [&hellip;]<\/p>\n","protected":false},"author":1,"featured_media":0,"parent":0,"menu_order":0,"comment_status":"closed","ping_status":"closed","template":"","meta":{"footnotes":""},"class_list":["post-36","page","type-page","status-publish","hentry"],"_links":{"self":[{"href":"https:\/\/wpd.ugr.es\/~legabo\/wp-json\/wp\/v2\/pages\/36","targetHints":{"allow":["GET"]}}],"collection":[{"href":"https:\/\/wpd.ugr.es\/~legabo\/wp-json\/wp\/v2\/pages"}],"about":[{"href":"https:\/\/wpd.ugr.es\/~legabo\/wp-json\/wp\/v2\/types\/page"}],"author":[{"embeddable":true,"href":"https:\/\/wpd.ugr.es\/~legabo\/wp-json\/wp\/v2\/users\/1"}],"replies":[{"embeddable":true,"href":"https:\/\/wpd.ugr.es\/~legabo\/wp-json\/wp\/v2\/comments?post=36"}],"version-history":[{"count":99,"href":"https:\/\/wpd.ugr.es\/~legabo\/wp-json\/wp\/v2\/pages\/36\/revisions"}],"predecessor-version":[{"id":960,"href":"https:\/\/wpd.ugr.es\/~legabo\/wp-json\/wp\/v2\/pages\/36\/revisions\/960"}],"wp:attachment":[{"href":"https:\/\/wpd.ugr.es\/~legabo\/wp-json\/wp\/v2\/media?parent=36"}],"curies":[{"name":"wp","href":"https:\/\/api.w.org\/{rel}","templated":true}]}}