{"id":233,"date":"2023-04-26T16:31:15","date_gmt":"2023-04-26T16:31:15","guid":{"rendered":"https:\/\/wpd.ugr.es\/~lipoplex\/?page_id=233"},"modified":"2023-04-26T16:38:02","modified_gmt":"2023-04-26T16:38:02","slug":"enlaces-de-interes","status":"publish","type":"page","link":"https:\/\/wpd.ugr.es\/~lipoplex\/enlaces-de-interes\/","title":{"rendered":"Enlaces de inter\u00e9s"},"content":{"rendered":"\t\t<div data-elementor-type=\"wp-page\" data-elementor-id=\"233\" class=\"elementor elementor-233\">\n\t\t\t\t\t\t\t\t\t<section class=\"elementor-section elementor-top-section elementor-element elementor-element-a5e1cd5 elementor-section-boxed elementor-section-height-default elementor-section-height-default wpr-particle-no wpr-jarallax-no wpr-parallax-no wpr-sticky-section-no\" data-id=\"a5e1cd5\" data-element_type=\"section\">\n\t\t\t\t\t\t<div class=\"elementor-container elementor-column-gap-default\">\n\t\t\t\t\t<div class=\"elementor-column elementor-col-100 elementor-top-column elementor-element elementor-element-d1fbf54\" data-id=\"d1fbf54\" data-element_type=\"column\">\n\t\t\t<div class=\"elementor-widget-wrap elementor-element-populated\">\n\t\t\t\t\t\t\t\t<div class=\"elementor-element elementor-element-268bb2a elementor-widget elementor-widget-heading\" data-id=\"268bb2a\" data-element_type=\"widget\" data-widget_type=\"heading.default\">\n\t\t\t\t<div class=\"elementor-widget-container\">\n\t\t\t<style>\/*! elementor - v3.13.1 - 09-05-2023 *\/\n.elementor-heading-title{padding:0;margin:0;line-height:1}.elementor-widget-heading .elementor-heading-title[class*=elementor-size-]>a{color:inherit;font-size:inherit;line-height:inherit}.elementor-widget-heading .elementor-heading-title.elementor-size-small{font-size:15px}.elementor-widget-heading .elementor-heading-title.elementor-size-medium{font-size:19px}.elementor-widget-heading .elementor-heading-title.elementor-size-large{font-size:29px}.elementor-widget-heading .elementor-heading-title.elementor-size-xl{font-size:39px}.elementor-widget-heading .elementor-heading-title.elementor-size-xxl{font-size:59px}<\/style><h2 class=\"elementor-heading-title elementor-size-default\">Enlaces de inter\u00e9s\n<\/h2>\t\t<\/div>\n\t\t\t\t<\/div>\n\t\t\t\t<div class=\"elementor-element elementor-element-fb8fe81 elementor-widget elementor-widget-text-editor\" data-id=\"fb8fe81\" data-element_type=\"widget\" data-widget_type=\"text-editor.default\">\n\t\t\t\t<div class=\"elementor-widget-container\">\n\t\t\t<style>\/*! elementor - v3.13.1 - 09-05-2023 *\/\n.elementor-widget-text-editor.elementor-drop-cap-view-stacked .elementor-drop-cap{background-color:#69727d;color:#fff}.elementor-widget-text-editor.elementor-drop-cap-view-framed .elementor-drop-cap{color:#69727d;border:3px solid;background-color:transparent}.elementor-widget-text-editor:not(.elementor-drop-cap-view-default) .elementor-drop-cap{margin-top:8px}.elementor-widget-text-editor:not(.elementor-drop-cap-view-default) .elementor-drop-cap-letter{width:1em;height:1em}.elementor-widget-text-editor .elementor-drop-cap{float:left;text-align:center;line-height:1;font-size:50px}.elementor-widget-text-editor .elementor-drop-cap-letter{display:inline-block}<\/style>\t\t\t\t<p><a href=\"http:\/\/biocol.ugr.es\/\">Grupo de F\u00edsica de Fluidos y Biocoloides de Granada<\/a><\/p><p><a href=\"http:\/\/grados.ugr.es\/fisica\/\">Grado en F\u00edsica (UGR)<\/a><\/p><p><a id=\"enlace_stack\" href=\"https:\/\/web.archive.org\/web\/20211023055814\/http:\/\/masteres.ugr.es\/fisica\/\">M\u00e1ster en F\u00edsica: Radiaciones, Nanotecnolog\u00eda, Part\u00edculas y Astrof\u00edsica<\/a><a id=\"enlace_stack\" href=\"https:\/\/web.archive.org\/web\/20211023055814\/http:\/\/masteres.ugr.es\/fisica\/\"><\/a><\/p><p><a href=\"https:\/\/web.archive.org\/web\/20211023055814\/https:\/\/ic1.es\/\">Instituto Interuniversitario Carlos I de F\u00edsica Te\u00f3rica y Computacional (iC1)<\/a><\/p>\t\t\t\t\t\t<\/div>\n\t\t\t\t<\/div>\n\t\t\t\t\t<\/div>\n\t\t<\/div>\n\t\t\t\t\t\t\t<\/div>\n\t\t<\/section>\n\t\t\t\t\t\t\t<\/div>\n\t\t","protected":false},"excerpt":{"rendered":"<p>Enlaces de inter\u00e9s Grupo de F\u00edsica de Fluidos y Biocoloides de Granada Grado en F\u00edsica (UGR) M\u00e1ster en F\u00edsica: Radiaciones, Nanotecnolog\u00eda, Part\u00edculas y Astrof\u00edsica Instituto&hellip;<\/p>\n","protected":false},"author":1,"featured_media":0,"parent":0,"menu_order":0,"comment_status":"closed","ping_status":"closed","template":"","meta":[],"_links":{"self":[{"href":"https:\/\/wpd.ugr.es\/~lipoplex\/wp-json\/wp\/v2\/pages\/233"}],"collection":[{"href":"https:\/\/wpd.ugr.es\/~lipoplex\/wp-json\/wp\/v2\/pages"}],"about":[{"href":"https:\/\/wpd.ugr.es\/~lipoplex\/wp-json\/wp\/v2\/types\/page"}],"author":[{"embeddable":true,"href":"https:\/\/wpd.ugr.es\/~lipoplex\/wp-json\/wp\/v2\/users\/1"}],"replies":[{"embeddable":true,"href":"https:\/\/wpd.ugr.es\/~lipoplex\/wp-json\/wp\/v2\/comments?post=233"}],"version-history":[{"count":7,"href":"https:\/\/wpd.ugr.es\/~lipoplex\/wp-json\/wp\/v2\/pages\/233\/revisions"}],"predecessor-version":[{"id":251,"href":"https:\/\/wpd.ugr.es\/~lipoplex\/wp-json\/wp\/v2\/pages\/233\/revisions\/251"}],"wp:attachment":[{"href":"https:\/\/wpd.ugr.es\/~lipoplex\/wp-json\/wp\/v2\/media?parent=233"}],"curies":[{"name":"wp","href":"https:\/\/api.w.org\/{rel}","templated":true}]}}