{"id":320,"date":"2023-05-23T18:28:24","date_gmt":"2023-05-23T18:28:24","guid":{"rendered":"https:\/\/wpd.ugr.es\/~lipoplex\/home-english\/"},"modified":"2023-06-05T13:13:55","modified_gmt":"2023-06-05T13:13:55","slug":"home-english","status":"publish","type":"page","link":"https:\/\/wpd.ugr.es\/~lipoplex\/en\/home-english\/","title":{"rendered":"home &#8211; English"},"content":{"rendered":"\t\t<div data-elementor-type=\"wp-page\" data-elementor-id=\"320\" class=\"elementor elementor-320\">\n\t\t\t\t\t\t\t\t\t<section class=\"elementor-section elementor-top-section elementor-element elementor-element-bb0a3a0 elementor-section-boxed elementor-section-height-default elementor-section-height-default wpr-particle-no wpr-jarallax-no wpr-parallax-no wpr-sticky-section-no\" data-id=\"bb0a3a0\" data-element_type=\"section\">\n\t\t\t\t\t\t<div class=\"elementor-container elementor-column-gap-default\">\n\t\t\t\t\t<div class=\"elementor-column elementor-col-100 elementor-top-column elementor-element elementor-element-f3d4fd8\" data-id=\"f3d4fd8\" data-element_type=\"column\">\n\t\t\t<div class=\"elementor-widget-wrap elementor-element-populated\">\n\t\t\t\t\t\t\t\t<div class=\"elementor-element elementor-element-ff54096 elementor-widget elementor-widget-heading\" data-id=\"ff54096\" data-element_type=\"widget\" data-widget_type=\"heading.default\">\n\t\t\t\t<div class=\"elementor-widget-container\">\n\t\t\t<style>\/*! elementor - v3.13.1 - 09-05-2023 *\/\n.elementor-heading-title{padding:0;margin:0;line-height:1}.elementor-widget-heading .elementor-heading-title[class*=elementor-size-]>a{color:inherit;font-size:inherit;line-height:inherit}.elementor-widget-heading .elementor-heading-title.elementor-size-small{font-size:15px}.elementor-widget-heading .elementor-heading-title.elementor-size-medium{font-size:19px}.elementor-widget-heading .elementor-heading-title.elementor-size-large{font-size:29px}.elementor-widget-heading .elementor-heading-title.elementor-size-xl{font-size:39px}.elementor-widget-heading .elementor-heading-title.elementor-size-xxl{font-size:59px}<\/style><h2 class=\"elementor-heading-title elementor-size-default\">PROJECT<\/h2>\t\t<\/div>\n\t\t\t\t<\/div>\n\t\t\t\t<div class=\"elementor-element elementor-element-302bbe7 elementor-widget elementor-widget-text-editor\" data-id=\"302bbe7\" data-element_type=\"widget\" data-widget_type=\"text-editor.default\">\n\t\t\t\t<div class=\"elementor-widget-container\">\n\t\t\t<style>\/*! elementor - v3.13.1 - 09-05-2023 *\/\n.elementor-widget-text-editor.elementor-drop-cap-view-stacked .elementor-drop-cap{background-color:#69727d;color:#fff}.elementor-widget-text-editor.elementor-drop-cap-view-framed .elementor-drop-cap{color:#69727d;border:3px solid;background-color:transparent}.elementor-widget-text-editor:not(.elementor-drop-cap-view-default) .elementor-drop-cap{margin-top:8px}.elementor-widget-text-editor:not(.elementor-drop-cap-view-default) .elementor-drop-cap-letter{width:1em;height:1em}.elementor-widget-text-editor .elementor-drop-cap{float:left;text-align:center;line-height:1;font-size:50px}.elementor-widget-text-editor .elementor-drop-cap-letter{display:inline-block}<\/style>\t\t\t\t<p>The study of\u00a0<strong>anionic lipoplexes,\u00a0<\/strong><em>i.e.\u00a0<\/em>ternary systems formed by anionic lipids, cations and DNA, becomes the main research line in the project \u201c<strong>Physicochemical properties of DNA-lipid complexes with biotechnology applications\u201d (P09-FQM-4698)<\/strong>. This research project was funded by Junta de Andaluc\u00eda and was carried out in the Department of Applied Physics in the University of Granada (Spain) under the supervision of Dr.\u00a0<a href=\"http:\/\/wpd.ugr.es\/~lipoplex\/?page_id=56&amp;lang=en\"><strong>Alberto Mart\u00edn-Molina.<\/strong><\/a><\/p>\t\t\t\t\t\t<\/div>\n\t\t\t\t<\/div>\n\t\t\t\t<div class=\"elementor-element elementor-element-e034685 elementor-widget elementor-widget-button\" data-id=\"e034685\" data-element_type=\"widget\" data-widget_type=\"button.default\">\n\t\t\t\t<div class=\"elementor-widget-container\">\n\t\t\t\t\t<div class=\"elementor-button-wrapper\">\n\t\t\t<a href=\"https:\/\/wpd.ugr.es\/~lipoplex\/wp-content\/uploads\/2023\/06\/AbstractProject4.pdf\" target=\"_blank\" class=\"elementor-button-link elementor-button elementor-size-md\" role=\"button\">\n\t\t\t\t\t\t<span class=\"elementor-button-content-wrapper\">\n\t\t\t\t\t\t<span class=\"elementor-button-text\">See\u00a0abstract of the project<\/span>\n\t\t<\/span>\n\t\t\t\t\t<\/a>\n\t\t<\/div>\n\t\t\t\t<\/div>\n\t\t\t\t<\/div>\n\t\t\t\t<div class=\"elementor-element elementor-element-5537830 elementor-widget elementor-widget-text-editor\" data-id=\"5537830\" data-element_type=\"widget\" data-widget_type=\"text-editor.default\">\n\t\t\t\t<div class=\"elementor-widget-container\">\n\t\t\t\t\t\t\t<p>This research line has continued through of 2 Microprojects from\u00a0<em>\u201cCompromiso con la investigaci\u00f3n y el desarrollo\u201d<\/em>\u00a0supported by\u00a0<a href=\"http:\/\/biotic.ugr.es\/en\/\"><em>Campus de Excelencia Internacional BioTic Granada<\/em><\/a>:<\/p><p><strong>1.<\/strong>\u00a0<a href=\"http:\/\/wpd.ugr.es\/~lipoplex\/wp-content\/uploads\/Resumen-proyecto-Teresa1.pdf\">Mechanics properties of lipid interfaces: experiments and all-atomic simulactions (BS14-2015).\u00a0<\/a>Principal Investigator:\u00a0<strong>Teresa del Castillo-Santaella.<\/strong><\/p><p><strong>2.\u00a0<\/strong><a href=\"http:\/\/wpd.ugr.es\/~lipoplex\/wp-content\/uploads\/Resumen-proyecto-GLC1.pdf\">Biophysics of phosphatidic acid interfaces (BS28-2015).<\/a><strong>\u00a0<\/strong>Principal Investigator:\u00a0<strong>Germ\u00e1n Luque-Caballero<\/strong>\u00a0and\u00a0<strong><a href=\"http:\/\/wpd.ugr.es\/~lipoplex\/?page_id=56&amp;lang=en\">Alberto Mart\u00edn-Molina<\/a>.<\/strong><\/p>\t\t\t\t\t\t<\/div>\n\t\t\t\t<\/div>\n\t\t\t\t\t<\/div>\n\t\t<\/div>\n\t\t\t\t\t\t\t<\/div>\n\t\t<\/section>\n\t\t\t\t<section class=\"elementor-section elementor-top-section elementor-element elementor-element-f15fb27 elementor-section-boxed elementor-section-height-default elementor-section-height-default wpr-particle-no wpr-jarallax-no wpr-parallax-no wpr-sticky-section-no\" data-id=\"f15fb27\" data-element_type=\"section\">\n\t\t\t\t\t\t<div class=\"elementor-container elementor-column-gap-default\">\n\t\t\t\t\t<div class=\"elementor-column elementor-col-100 elementor-top-column elementor-element elementor-element-7ef7602\" data-id=\"7ef7602\" data-element_type=\"column\">\n\t\t\t<div class=\"elementor-widget-wrap elementor-element-populated\">\n\t\t\t\t\t\t\t\t<div class=\"elementor-element elementor-element-4f6faf8 elementor-widget elementor-widget-heading\" data-id=\"4f6faf8\" data-element_type=\"widget\" data-widget_type=\"heading.default\">\n\t\t\t\t<div class=\"elementor-widget-container\">\n\t\t\t<h2 class=\"elementor-heading-title elementor-size-default\">THESIS<\/h2>\t\t<\/div>\n\t\t\t\t<\/div>\n\t\t\t\t<div class=\"elementor-element elementor-element-1d3f165 elementor-widget elementor-widget-text-editor\" data-id=\"1d3f165\" data-element_type=\"widget\" data-widget_type=\"text-editor.default\">\n\t\t\t\t<div class=\"elementor-widget-container\">\n\t\t\t\t\t\t\t<p>PhD Thesis: \u201c<a href=\"http:\/\/bencore.ugr.es\/iii\/encore\/record\/C__Rb2416129__SLuque%20Caballero__Orightresult__X4?lang=spi&amp;suite=pearl\"><em>Cation-mediated interaction between DNA and Anionic Lipid Surfaces: experimental and simulation study<\/em><\/a>\u201d of Germ\u00e1n Luque-Caballero associated to the project P09-FQM-4698. Granada, July 2014.<\/p>\t\t\t\t\t\t<\/div>\n\t\t\t\t<\/div>\n\t\t\t\t\t<\/div>\n\t\t<\/div>\n\t\t\t\t\t\t\t<\/div>\n\t\t<\/section>\n\t\t\t\t<section class=\"elementor-section elementor-top-section elementor-element elementor-element-900d7b4 elementor-section-boxed elementor-section-height-default elementor-section-height-default wpr-particle-no wpr-jarallax-no wpr-parallax-no wpr-sticky-section-no\" data-id=\"900d7b4\" data-element_type=\"section\">\n\t\t\t\t\t\t<div class=\"elementor-container elementor-column-gap-default\">\n\t\t\t\t\t<div class=\"elementor-column elementor-col-100 elementor-top-column elementor-element elementor-element-93d4125\" data-id=\"93d4125\" data-element_type=\"column\">\n\t\t\t<div class=\"elementor-widget-wrap elementor-element-populated\">\n\t\t\t\t\t\t\t\t<div class=\"elementor-element elementor-element-a3175d4 elementor-widget elementor-widget-heading\" data-id=\"a3175d4\" data-element_type=\"widget\" data-widget_type=\"heading.default\">\n\t\t\t\t<div class=\"elementor-widget-container\">\n\t\t\t<h2 class=\"elementor-heading-title elementor-size-default\">Last publications related to the project\u2019s research line<\/h2>\t\t<\/div>\n\t\t\t\t<\/div>\n\t\t\t\t<div class=\"elementor-element elementor-element-8c83df7 elementor-widget elementor-widget-text-editor\" data-id=\"8c83df7\" data-element_type=\"widget\" data-widget_type=\"text-editor.default\">\n\t\t\t\t<div class=\"elementor-widget-container\">\n\t\t\t\t\t\t\t<p><strong>[8]\u00a0<\/strong><a href=\"https:\/\/www.mdpi.com\/2310-2861\/8\/3\/184\">\u201cComplexation of DNA with Thermoresponsive Charged Microgels: Role of Swelling State and Electrostatics\u201d<\/a>.\u00a0<strong>Gels 8 (2022) 184<\/strong>. J. Maldonado-Valderrama, Y. Yang, M. Jim\u00e9nez-Guerra, T. del Castillo-Santaella, J. Ramos, A. Mart\u00edn-Molina<\/p><p><strong>[7]<\/strong>\u00a0\u201c<a href=\"https:\/\/www.sciencedirect.com\/science\/article\/pii\/S0927776519301407\">Interaction of DNA with likely-charged lipid monolayers: an experimental study<\/a>\u201c.\u00a0<strong>Colloids and Surfaces B: Biointerfaces 178 (2019) 170-176.<\/strong>\u00a0G. Luque-Caballero, J. Maldonado-Valderrama, M. Quesada-P\u00e9rez, A. Mart\u00edn-Molina<\/p><p><strong>[6]<\/strong>\u00a0\u201c<a href=\"http:\/\/onlinelibrary.wiley.com\/doi\/10.1002\/jemt.22654\/full\">Atomic Force Microscopy as a tool to study the adsorption of DNA onto lipid interfaces<\/a>\u201c.\u00a0<em><strong>Microscopy Research and Technique 80 (1), 11-17\u00a0<\/strong><\/em><strong>(2017).<\/strong>\u00a0G. Luque-Caballero, J. Maldonado-Valderrama, M. Quesada-P\u00e9rez, A. Mart\u00edn-Molina<\/p><p><strong>[5]\u00a0<\/strong>\u201c<a href=\"http:\/\/link.springer.com\/article\/10.1007\/s00249-015-1045-6\">Experimental and theoretical study of the interactions underlying anionic lipoplexes<\/a>\u201d\u00a0<strong><em>EUROPEAN BIOPHYSICS JOURNAL WITH BIOPHYSICS LETTERS 44, S195-S195\u00a0<\/em>(2015).\u00a0<\/strong>G. Luque-Caballero<sup>1<\/sup>, J. Maldonado-Valderrama, M. Quesada-P\u00e9rez, A. Mart\u00edn-Molina<\/p><p><strong>[4]\u00a0<\/strong>\u201c<a href=\"http:\/\/scitation.aip.org\/content\/aip\/journal\/jcp\/140\/17\/10.1063\/1.4872263\">Polyelectrolyte adsorption onto like-charged surfaces mediated by trivalent counterions: A Monte Carlo simulation study<\/a>\u201c.\u00a0<strong><em>J. Chem. Phys<\/em>. 140, 174701 (2014)<\/strong>\u00a0G. Luque-Caballero, A. Mart\u00edn-Molina, M. Quesada-P\u00e9rez<\/p><p><strong>[3]\u00a0\u201c<\/strong><a href=\"http:\/\/pubs.rsc.org\/en\/content\/articlelanding\/2014\/sm\/c3sm52428k#!divAbstract\">Using AFM to probe the complexation of DNA with anionic lipid mediated by Ca<sup>2+<\/sup>:<sup>\u00a0<\/sup>the role of surface pressure<\/a>\u201c.<strong>\u00a0<em>Soft Matter<\/em>, 2014, 10, 2805\u20132815.\u00a0<\/strong>G. Luque-Caballero, A. Mart\u00edn-Molina, A. Y. S\u00e1nchez-Trevi\u00f1o, M. A. Rodriguez-Valverde, M. A. Cabrerizo-Vilchez, J. Maldonado-Valderrama<\/p><p><strong>[2]<\/strong>\u00a0\u201c<a href=\"http:\/\/www.sciencedirect.com\/science\/article\/pii\/S0001868613001589\">Adsorption of DNA onto anionic lipid surfaces<\/a>\u201c.\u00a0<strong><em>Adv. Colloid \u00a0Interface Sci.\u00a0<\/em>(Volume 206, April 2014, Pages 172\u2013185)<\/strong>\u00a0A. Mart\u00edn-Molina, G. Luque-Caballero, J. Faraudo, M. Quesada-P\u00e9rez, J. Maldonado-Valderrama<\/p><p><strong>[1]<\/strong>\u00a0\u201c<a href=\"http:\/\/www.sciencedirect.com\/science\/article\/pii\/S1359029413001131\">Competing forces in the interaction of polyelectrolytes with charged interfaces\u201d<\/a>.<em>\u00a0<\/em><strong><em>Curr. Opin. Colloid Interface Sci.<\/em>\u00a0Volume 18, Issue 6, December 2013, Pages 517\u2013523.<\/strong>\u00a0J. Faraudo, A. Mart\u00edn-Molina<\/p>\t\t\t\t\t\t<\/div>\n\t\t\t\t<\/div>\n\t\t\t\t\t<\/div>\n\t\t<\/div>\n\t\t\t\t\t\t\t<\/div>\n\t\t<\/section>\n\t\t\t\t\t\t\t<\/div>\n\t\t","protected":false},"excerpt":{"rendered":"<p>PROJECT The study of\u00a0anionic lipoplexes,\u00a0i.e.\u00a0ternary systems formed by anionic lipids, cations and DNA, becomes the main research line in the project \u201cPhysicochemical properties of DNA-lipid&hellip;<\/p>\n","protected":false},"author":1,"featured_media":0,"parent":0,"menu_order":0,"comment_status":"closed","ping_status":"closed","template":"","meta":[],"_links":{"self":[{"href":"https:\/\/wpd.ugr.es\/~lipoplex\/wp-json\/wp\/v2\/pages\/320"}],"collection":[{"href":"https:\/\/wpd.ugr.es\/~lipoplex\/wp-json\/wp\/v2\/pages"}],"about":[{"href":"https:\/\/wpd.ugr.es\/~lipoplex\/wp-json\/wp\/v2\/types\/page"}],"author":[{"embeddable":true,"href":"https:\/\/wpd.ugr.es\/~lipoplex\/wp-json\/wp\/v2\/users\/1"}],"replies":[{"embeddable":true,"href":"https:\/\/wpd.ugr.es\/~lipoplex\/wp-json\/wp\/v2\/comments?post=320"}],"version-history":[{"count":9,"href":"https:\/\/wpd.ugr.es\/~lipoplex\/wp-json\/wp\/v2\/pages\/320\/revisions"}],"predecessor-version":[{"id":333,"href":"https:\/\/wpd.ugr.es\/~lipoplex\/wp-json\/wp\/v2\/pages\/320\/revisions\/333"}],"wp:attachment":[{"href":"https:\/\/wpd.ugr.es\/~lipoplex\/wp-json\/wp\/v2\/media?parent=320"}],"curies":[{"name":"wp","href":"https:\/\/api.w.org\/{rel}","templated":true}]}}