{"id":37,"date":"2023-04-18T09:59:19","date_gmt":"2023-04-18T09:59:19","guid":{"rendered":"https:\/\/wpd.ugr.es\/~lipoplex\/?page_id=37"},"modified":"2023-06-08T10:41:12","modified_gmt":"2023-06-08T10:41:12","slug":"elementor-37","status":"publish","type":"page","link":"https:\/\/wpd.ugr.es\/~lipoplex\/","title":{"rendered":"home"},"content":{"rendered":"\t\t<div data-elementor-type=\"wp-post\" data-elementor-id=\"37\" class=\"elementor elementor-37\">\n\t\t\t\t\t\t\t\t\t<section class=\"elementor-section elementor-top-section elementor-element elementor-element-560c721 elementor-section-boxed elementor-section-height-default elementor-section-height-default wpr-particle-no wpr-jarallax-no wpr-parallax-no wpr-sticky-section-no\" data-id=\"560c721\" data-element_type=\"section\">\n\t\t\t\t\t\t<div class=\"elementor-container elementor-column-gap-default\">\n\t\t\t\t\t<div class=\"elementor-column elementor-col-100 elementor-top-column elementor-element elementor-element-5de96be\" data-id=\"5de96be\" data-element_type=\"column\">\n\t\t\t<div class=\"elementor-widget-wrap elementor-element-populated\">\n\t\t\t\t\t\t\t\t<div class=\"elementor-element elementor-element-1b80e22 elementor-widget elementor-widget-heading\" data-id=\"1b80e22\" data-element_type=\"widget\" data-widget_type=\"heading.default\">\n\t\t\t\t<div class=\"elementor-widget-container\">\n\t\t\t<style>\/*! elementor - v3.13.1 - 09-05-2023 *\/\n.elementor-heading-title{padding:0;margin:0;line-height:1}.elementor-widget-heading .elementor-heading-title[class*=elementor-size-]>a{color:inherit;font-size:inherit;line-height:inherit}.elementor-widget-heading .elementor-heading-title.elementor-size-small{font-size:15px}.elementor-widget-heading .elementor-heading-title.elementor-size-medium{font-size:19px}.elementor-widget-heading .elementor-heading-title.elementor-size-large{font-size:29px}.elementor-widget-heading .elementor-heading-title.elementor-size-xl{font-size:39px}.elementor-widget-heading .elementor-heading-title.elementor-size-xxl{font-size:59px}<\/style><h2 class=\"elementor-heading-title elementor-size-default\">NOTICIAS<\/h2>\t\t<\/div>\n\t\t\t\t<\/div>\n\t\t\t\t<div class=\"elementor-element elementor-element-30eab2c wpr-grid-columns-3 wpr-grid-columns--tablet2 wpr-grid-columns--mobile1 wpr-item-styles-inner elementor-widget elementor-widget-wpr-grid\" data-id=\"30eab2c\" data-element_type=\"widget\" data-widget_type=\"wpr-grid.default\">\n\t\t\t\t<div class=\"elementor-widget-container\">\n\t\t\t<ul class=\"wpr-grid-filters elementor-clearfix wpr-grid-filters-sep-right\"><li class=\" wpr-pointer-none wpr-pointer-line-fx wpr-pointer-fx-none\"><span data-filter=\"*\" class=\"wpr-active-filter \">All Post<\/span><em class=\"wpr-grid-filters-sep\"><\/em><\/li><li class=\" wpr-pointer-none wpr-pointer-line-fx wpr-pointer-fx-none\"><span  data-filter=\".category-sin-categoria\">Sin categor\u00eda<\/span><em class=\"wpr-grid-filters-sep\"><\/em><\/li><\/ul><section class=\"wpr-grid elementor-clearfix\" data-settings=\"{&quot;layout&quot;:&quot;fitRows&quot;,&quot;columns_desktop&quot;:3,&quot;gutter_hr&quot;:32,&quot;gutter_hr_mobile&quot;:32,&quot;gutter_hr_mobile_extra&quot;:32,&quot;gutter_hr_tablet&quot;:32,&quot;gutter_hr_tablet_extra&quot;:32,&quot;gutter_hr_laptop&quot;:32,&quot;gutter_hr_widescreen&quot;:32,&quot;gutter_vr&quot;:15,&quot;gutter_vr_mobile&quot;:15,&quot;gutter_vr_mobile_extra&quot;:15,&quot;gutter_vr_tablet&quot;:15,&quot;gutter_vr_tablet_extra&quot;:15,&quot;gutter_vr_laptop&quot;:15,&quot;gutter_vr_widescreen&quot;:15,&quot;animation&quot;:&quot;default&quot;,&quot;animation_duration&quot;:0.3,&quot;animation_delay&quot;:0.1,&quot;deeplinking&quot;:&quot;&quot;,&quot;filters_linkable&quot;:&quot;no&quot;,&quot;filters_default_filter&quot;:&quot;&quot;,&quot;filters_count&quot;:&quot;&quot;,&quot;filters_hide_empty&quot;:&quot;no&quot;,&quot;filters_animation&quot;:&quot;default&quot;,&quot;filters_animation_duration&quot;:0.3,&quot;filters_animation_delay&quot;:0.1,&quot;pagination_type&quot;:&quot;load-more&quot;,&quot;pagination_max_pages&quot;:1,&quot;lightbox&quot;:{&quot;selector&quot;:&quot;.wpr-grid-image-wrap&quot;,&quot;iframeMaxWidth&quot;:&quot;60%&quot;,&quot;hash&quot;:false,&quot;autoplay&quot;:&quot;true&quot;,&quot;pause&quot;:5000,&quot;progressBar&quot;:&quot;true&quot;,&quot;counter&quot;:&quot;true&quot;,&quot;controls&quot;:&quot;true&quot;,&quot;getCaptionFromTitleOrAlt&quot;:&quot;true&quot;,&quot;thumbnail&quot;:&quot;&quot;,&quot;showThumbByDefault&quot;:&quot;&quot;,&quot;share&quot;:&quot;&quot;,&quot;zoom&quot;:&quot;true&quot;,&quot;fullScreen&quot;:&quot;true&quot;,&quot;download&quot;:&quot;true&quot;}}\"><article class=\"wpr-grid-item elementor-clearfix post-1 post type-post status-publish format-standard hentry category-sin-categoria\"><div class=\"wpr-grid-item-inner\"><div class=\"wpr-grid-media-wrap wpr-effect-size-medium \" data-overlay-link=\"yes\"><div class=\"wpr-grid-media-hover wpr-animation-wrap\"><div class=\"wpr-grid-media-hover-bg  wpr-overlay-fade-in wpr-anim-size-large wpr-anim-timing-ease-default wpr-anim-transparency\" data-url=\"https:\/\/wpd.ugr.es\/~lipoplex\/hola-mundo\/\"><\/div><\/div><\/div><div class=\"wpr-grid-item-below-content elementor-clearfix\"><h2 class=\"wpr-grid-item-title elementor-repeater-item-ea165fa wpr-grid-item-display-block wpr-grid-item-align-left wpr-pointer-none wpr-pointer-line-fx wpr-pointer-fx-fade\"><div class=\"inner-block\"><a target=\"_self\"  href=\"https:\/\/wpd.ugr.es\/~lipoplex\/hola-mundo\/\">F\u00edsicos de la UGR desarrollan unos microgeles con nanopart\u00edculas de oro que permiten diagnosticar y tratar tumores.<\/a><\/div><\/h2><div class=\"wpr-grid-item-excerpt elementor-repeater-item-a962fdb wpr-grid-item-display-block wpr-grid-item-align-left\"><div class=\"inner-block\"><p>Se trata de un proyecto internacional en el que participan tambi\u00e9n tres instituciones de Par\u00eds (Laboratoire de Chimie et de&hellip;<\/p><\/div><\/div><div class=\"wpr-grid-item-read-more elementor-repeater-item-dd24eff wpr-grid-item-display-inline wpr-grid-item-align-left\"><div class=\"inner-block\"><a target=\"_self\" href=\"https:\/\/wpd.ugr.es\/~lipoplex\/hola-mundo\/\" class=\"wpr-button-effect wpr-button-none\"><span>Leer m\u00e1s<\/span><\/a><\/div><\/div><\/div><\/div><\/article><\/section>\t\t<\/div>\n\t\t\t\t<\/div>\n\t\t\t\t<div class=\"elementor-element elementor-element-ad546f4 elementor-widget elementor-widget-button\" data-id=\"ad546f4\" data-element_type=\"widget\" data-widget_type=\"button.default\">\n\t\t\t\t<div class=\"elementor-widget-container\">\n\t\t\t\t\t<div class=\"elementor-button-wrapper\">\n\t\t\t<a href=\"https:\/\/wpd.ugr.es\/~lipoplex\/noticias\" target=\"_blank\" class=\"elementor-button-link elementor-button elementor-size-md\" role=\"button\">\n\t\t\t\t\t\t<span class=\"elementor-button-content-wrapper\">\n\t\t\t\t\t\t<span class=\"elementor-button-text\">Todas las noticias<\/span>\n\t\t<\/span>\n\t\t\t\t\t<\/a>\n\t\t<\/div>\n\t\t\t\t<\/div>\n\t\t\t\t<\/div>\n\t\t\t\t<div class=\"elementor-element elementor-element-6ced00d elementor-widget elementor-widget-heading\" data-id=\"6ced00d\" data-element_type=\"widget\" data-widget_type=\"heading.default\">\n\t\t\t\t<div class=\"elementor-widget-container\">\n\t\t\t<h2 class=\"elementor-heading-title elementor-size-default\">PROYECTO<\/h2>\t\t<\/div>\n\t\t\t\t<\/div>\n\t\t\t\t<div class=\"elementor-element elementor-element-58c3b27 elementor-widget elementor-widget-text-editor\" data-id=\"58c3b27\" data-element_type=\"widget\" data-widget_type=\"text-editor.default\">\n\t\t\t\t<div class=\"elementor-widget-container\">\n\t\t\t<style>\/*! elementor - v3.13.1 - 09-05-2023 *\/\n.elementor-widget-text-editor.elementor-drop-cap-view-stacked .elementor-drop-cap{background-color:#69727d;color:#fff}.elementor-widget-text-editor.elementor-drop-cap-view-framed .elementor-drop-cap{color:#69727d;border:3px solid;background-color:transparent}.elementor-widget-text-editor:not(.elementor-drop-cap-view-default) .elementor-drop-cap{margin-top:8px}.elementor-widget-text-editor:not(.elementor-drop-cap-view-default) .elementor-drop-cap-letter{width:1em;height:1em}.elementor-widget-text-editor .elementor-drop-cap{float:left;text-align:center;line-height:1;font-size:50px}.elementor-widget-text-editor .elementor-drop-cap-letter{display:inline-block}<\/style>\t\t\t\t<p>El estudio de\u00a0<strong>lipolejos ani\u00f3nicos<\/strong>: complejos formados por l\u00edpidos ani\u00f3nicos y ADN (mediados por cationes), forma parte del proyecto \u201c<strong>Propiedades f\u00edsico-qu\u00edmicas de complejos mesosc\u00f3picos de inter\u00e9s biotecnol\u00f3gico (P09-FQM-4698)<\/strong>\u201c. Proyecto de Investigaci\u00f3n financiado por la Junta de Andaluc\u00eda y realizado en el Departamento de F\u00edsica Aplicada de la Universidad de Granada bajo la direcci\u00f3n de\u00a0<a href=\"https:\/\/wpd.ugr.es\/~lipoplex\/alberto-martin-molina\/\">Alberto Mart\u00edn Molina<\/a>\u00a0<\/p>\t\t\t\t\t\t<\/div>\n\t\t\t\t<\/div>\n\t\t\t\t<div class=\"elementor-element elementor-element-41f3aae elementor-widget elementor-widget-button\" data-id=\"41f3aae\" data-element_type=\"widget\" data-widget_type=\"button.default\">\n\t\t\t\t<div class=\"elementor-widget-container\">\n\t\t\t\t\t<div class=\"elementor-button-wrapper\">\n\t\t\t<a href=\"https:\/\/wpd.ugr.es\/~lipoplex\/wp-content\/uploads\/2023\/04\/AbstractProyecto.pdf\" target=\"_blank\" class=\"elementor-button-link elementor-button elementor-size-md\" role=\"button\">\n\t\t\t\t\t\t<span class=\"elementor-button-content-wrapper\">\n\t\t\t\t\t\t<span class=\"elementor-button-text\">Ver resumen del proyecto<\/span>\n\t\t<\/span>\n\t\t\t\t\t<\/a>\n\t\t<\/div>\n\t\t\t\t<\/div>\n\t\t\t\t<\/div>\n\t\t\t\t<div class=\"elementor-element elementor-element-8f64d0d elementor-widget elementor-widget-text-editor\" data-id=\"8f64d0d\" data-element_type=\"widget\" data-widget_type=\"text-editor.default\">\n\t\t\t\t<div class=\"elementor-widget-container\">\n\t\t\t\t\t\t\t<p>Esta l\u00ednea de investigaci\u00f3n se ha continuado mediante el desarrollo de 2 Microproyectos de I+D+i (IV Convocatoria \u201cCompromiso con la investigaci\u00f3n y el desarrollo\u201d) concedidos por el\u00a0<a href=\"http:\/\/biotic.ugr.es\/\">Campus de Excelencia Internacional BioTic Granada<\/a>:<\/p><p><strong>1.\u00a0<\/strong><a href=\"https:\/\/wpd.ugr.es\/~lipoplex\/wp-content\/uploads\/2023\/04\/Resumen-proyecto-Teresa-1.pdf\" target=\"_blank\" rel=\"noopener\">Propiedades mec\u00e1nicas de interfases lip\u00eddicas: estudio experimental y simulaciones atom\u00edsticas (BS14-2015).<\/a>\u00a0Cuya Investigadora Principal es\u00a0<a href=\"https:\/\/web.archive.org\/web\/20220308105253\/https:\/\/wpd.ugr.es\/~lipoplex\/?page_id=629\">Teresa del Castillo Santaella<\/a>.<\/p><p><strong>2.<\/strong>\u00a0<a href=\"https:\/\/wpd.ugr.es\/~lipoplex\/wp-content\/uploads\/2023\/04\/Resumen-proyecto-GLC-1.pdf\">Biof\u00edsica de las interfases de \u00e1cido fosfat\u00eddico (BS28-2015).<\/a><strong>\u00a0<\/strong>Cuyos Investigadores Principales somos Germ\u00e1n Luque Caballero y\u00a0<a href=\"https:\/\/wpd.ugr.es\/~lipoplex\/alberto-martin-molina\/\">Alberto Mart\u00edn Molina<\/a><\/p>\t\t\t\t\t\t<\/div>\n\t\t\t\t<\/div>\n\t\t\t\t\t<\/div>\n\t\t<\/div>\n\t\t\t\t\t\t\t<\/div>\n\t\t<\/section>\n\t\t\t\t<section class=\"elementor-section elementor-top-section elementor-element elementor-element-939d113 elementor-section-boxed elementor-section-height-default elementor-section-height-default wpr-particle-no wpr-jarallax-no wpr-parallax-no wpr-sticky-section-no\" data-id=\"939d113\" data-element_type=\"section\">\n\t\t\t\t\t\t<div class=\"elementor-container elementor-column-gap-default\">\n\t\t\t\t\t<div class=\"elementor-column elementor-col-100 elementor-top-column elementor-element elementor-element-847c195\" data-id=\"847c195\" data-element_type=\"column\">\n\t\t\t<div class=\"elementor-widget-wrap elementor-element-populated\">\n\t\t\t\t\t\t\t\t<div class=\"elementor-element elementor-element-5a02c49 elementor-widget elementor-widget-heading\" data-id=\"5a02c49\" data-element_type=\"widget\" data-widget_type=\"heading.default\">\n\t\t\t\t<div class=\"elementor-widget-container\">\n\t\t\t<h2 class=\"elementor-heading-title elementor-size-default\">TESIS<\/h2>\t\t<\/div>\n\t\t\t\t<\/div>\n\t\t\t\t<div class=\"elementor-element elementor-element-55504b1 elementor-widget elementor-widget-text-editor\" data-id=\"55504b1\" data-element_type=\"widget\" data-widget_type=\"text-editor.default\">\n\t\t\t\t<div class=\"elementor-widget-container\">\n\t\t\t\t\t\t\t<p>El proyecto P09-FQM-4698 financi\u00f3 la Tesis Doctoral: <a href=\"http:\/\/bencore.ugr.es\/iii\/encore\/record\/C__Rb2416129__SLuque%20Caballero__Orightresult__X4?lang=spi&amp;suite=pearl\"><strong>\u201c<em>Cation-mediated interaction between DNA and Anionic Lipid Surfaces: experimental and simulation study<\/em>\u201d<\/strong><\/a> por parte del Dr. Germ\u00e1n Luque Caballero en Granada, Julio de 2014.<\/p>\t\t\t\t\t\t<\/div>\n\t\t\t\t<\/div>\n\t\t\t\t\t<\/div>\n\t\t<\/div>\n\t\t\t\t\t\t\t<\/div>\n\t\t<\/section>\n\t\t\t\t<section class=\"elementor-section elementor-top-section elementor-element elementor-element-55c7409 elementor-section-boxed elementor-section-height-default elementor-section-height-default wpr-particle-no wpr-jarallax-no wpr-parallax-no wpr-sticky-section-no\" data-id=\"55c7409\" data-element_type=\"section\">\n\t\t\t\t\t\t<div class=\"elementor-container elementor-column-gap-default\">\n\t\t\t\t\t<div class=\"elementor-column elementor-col-100 elementor-top-column elementor-element elementor-element-a38131f\" data-id=\"a38131f\" data-element_type=\"column\">\n\t\t\t<div class=\"elementor-widget-wrap elementor-element-populated\">\n\t\t\t\t\t\t\t\t<div class=\"elementor-element elementor-element-f5688c0 elementor-widget elementor-widget-heading\" data-id=\"f5688c0\" data-element_type=\"widget\" data-widget_type=\"heading.default\">\n\t\t\t\t<div class=\"elementor-widget-container\">\n\t\t\t<h2 class=\"elementor-heading-title elementor-size-default\">Publicaciones relacionadas con la l\u00ednea de investigaci\u00f3n del proyecto<\/h2>\t\t<\/div>\n\t\t\t\t<\/div>\n\t\t\t\t<div class=\"elementor-element elementor-element-ecb0e97 elementor-widget elementor-widget-text-editor\" data-id=\"ecb0e97\" data-element_type=\"widget\" data-widget_type=\"text-editor.default\">\n\t\t\t\t<div class=\"elementor-widget-container\">\n\t\t\t\t\t\t\t<p><strong>[7]<\/strong>\u00a0\u201c<a href=\"https:\/\/www.sciencedirect.com\/science\/article\/pii\/S0927776519301407\">Interaction of DNA with likely-charged lipid monolayers: an experimental study<\/a>\u201c.\u00a0<strong>Colloids and Surfaces B: Biointerfaces 178 (2019) 170-176.<\/strong>\u00a0G. Luque-Caballero, J. Maldonado-Valderrama, M. Quesada-P\u00e9rez, A. Mart\u00edn-Molina<\/p><p><strong>[6]<\/strong>\u00a0\u201c<a href=\"http:\/\/onlinelibrary.wiley.com\/doi\/10.1002\/jemt.22654\/full\">Atomic Force Microscopy as a tool to study the adsorption of DNA onto lipid interfaces<\/a>\u201c.\u00a0<em><strong>Microscopy Research and Technique 80 (1), 11-17\u00a0<\/strong><\/em><strong>(2017).<\/strong>\u00a0G. Luque-Caballero, J. Maldonado-Valderrama, M. Quesada-P\u00e9rez, A. Mart\u00edn-Molina<\/p><p><strong>[5]\u00a0<\/strong>\u201c<a href=\"http:\/\/link.springer.com\/article\/10.1007\/s00249-015-1045-6\">Experimental and theoretical study of the interactions underlying anionic lipoplexes<\/a>\u201d\u00a0<strong><em>EUROPEAN BIOPHYSICS JOURNAL WITH BIOPHYSICS LETTERS 44, S195-S195\u00a0<\/em>(2015).\u00a0<\/strong>G. Luque-Caballero<sup>1<\/sup>, J. Maldonado-Valderrama, M. Quesada-P\u00e9rez, A. Mart\u00edn-Molina<\/p><p><strong>[4]\u00a0<\/strong>\u201c<a href=\"http:\/\/scitation.aip.org\/content\/aip\/journal\/jcp\/140\/17\/10.1063\/1.4872263\">Polyelectrolyte adsorption onto like-charged surfaces mediated by trvalent counterions: A Monte Carlo simulation study<\/a>\u201c.\u00a0<strong><em>J. Chem. Phys<\/em>. 140, 174701 (2014)<\/strong>\u00a0G. Luque-Caballero, A. Mart\u00edn-Molina, M. Quesada-P\u00e9rez<\/p><p><strong>[3]\u00a0\u201c<\/strong><a href=\"http:\/\/pubs.rsc.org\/en\/content\/articlelanding\/2014\/sm\/c3sm52428k#!divAbstract\">Using AFM to probe the complexation of DNA with anionic lipid mediated by Ca<sup>2+<\/sup>:<sup>\u00a0<\/sup>the role of surface pressure<\/a>\u201c.<strong>\u00a0<em>Soft Matter<\/em>, 2014, 10, 2805\u20132815.\u00a0<\/strong>G. Luque-Caballero, A. Mart\u00edn-Molina, A. Y. S\u00e1nchez-Trevi\u00f1o, M. A. Rodriguez-Valverde, M. A. Cabrerizo-Vilchez, J. Maldonado-Valderrama<\/p><p><strong>[2]<\/strong>\u00a0\u201c<a href=\"http:\/\/www.sciencedirect.com\/science\/article\/pii\/S0001868613001589\">Adsorption of DNA onto anionic lipid surfaces<\/a>\u201c.\u00a0<strong><em>Adv. Colloid \u00a0Interface Sci.\u00a0<\/em>(Volume 206, April 2014, Pages 172\u2013185)<\/strong>\u00a0A. Mart\u00edn-Molina, G. Luque-Caballero, J. Faraudo, M. Quesada-P\u00e9rez, J. Maldonado-Valderrama<\/p><p><strong>[1]<\/strong>\u00a0\u201c<a href=\"http:\/\/www.sciencedirect.com\/science\/article\/pii\/S1359029413001131\">Competing forces in the interaction of polyelectrolytes with charged interfaces\u201d<\/a>.<em>\u00a0<\/em><strong><em>Curr. Opin. Colloid Interface Sci.<\/em>\u00a0Volume 18, Issue 6, December 2013, Pages 517\u2013523.<\/strong>\u00a0J. Faraudo, A. Mart\u00edn-Molina<\/p>\t\t\t\t\t\t<\/div>\n\t\t\t\t<\/div>\n\t\t\t\t\t<\/div>\n\t\t<\/div>\n\t\t\t\t\t\t\t<\/div>\n\t\t<\/section>\n\t\t\t\t\t\t\t<\/div>\n\t\t","protected":false},"excerpt":{"rendered":"<p>NOTICIAS All Post Sin categor\u00eda F\u00edsicos de la UGR desarrollan unos microgeles con nanopart\u00edculas de oro que permiten diagnosticar y tratar tumores. Se trata de&hellip;<\/p>\n","protected":false},"author":1,"featured_media":0,"parent":0,"menu_order":0,"comment_status":"closed","ping_status":"closed","template":"","meta":[],"_links":{"self":[{"href":"https:\/\/wpd.ugr.es\/~lipoplex\/wp-json\/wp\/v2\/pages\/37"}],"collection":[{"href":"https:\/\/wpd.ugr.es\/~lipoplex\/wp-json\/wp\/v2\/pages"}],"about":[{"href":"https:\/\/wpd.ugr.es\/~lipoplex\/wp-json\/wp\/v2\/types\/page"}],"author":[{"embeddable":true,"href":"https:\/\/wpd.ugr.es\/~lipoplex\/wp-json\/wp\/v2\/users\/1"}],"replies":[{"embeddable":true,"href":"https:\/\/wpd.ugr.es\/~lipoplex\/wp-json\/wp\/v2\/comments?post=37"}],"version-history":[{"count":58,"href":"https:\/\/wpd.ugr.es\/~lipoplex\/wp-json\/wp\/v2\/pages\/37\/revisions"}],"predecessor-version":[{"id":372,"href":"https:\/\/wpd.ugr.es\/~lipoplex\/wp-json\/wp\/v2\/pages\/37\/revisions\/372"}],"wp:attachment":[{"href":"https:\/\/wpd.ugr.es\/~lipoplex\/wp-json\/wp\/v2\/media?parent=37"}],"curies":[{"name":"wp","href":"https:\/\/api.w.org\/{rel}","templated":true}]}}