{"id":375,"date":"2023-06-13T17:08:27","date_gmt":"2023-06-13T17:08:27","guid":{"rendered":"https:\/\/wpd.ugr.es\/~lipoplex\/?page_id=375"},"modified":"2023-06-13T17:22:49","modified_gmt":"2023-06-13T17:22:49","slug":"members-eng","status":"publish","type":"page","link":"https:\/\/wpd.ugr.es\/~lipoplex\/en\/members-eng\/","title":{"rendered":"Colaborations eng"},"content":{"rendered":"\t\t<div data-elementor-type=\"wp-page\" data-elementor-id=\"375\" class=\"elementor elementor-375\">\n\t\t\t\t\t\t\t\t\t<section class=\"elementor-section elementor-top-section elementor-element elementor-element-e1d363d elementor-section-boxed elementor-section-height-default elementor-section-height-default wpr-particle-no wpr-jarallax-no wpr-parallax-no wpr-sticky-section-no\" data-id=\"e1d363d\" data-element_type=\"section\">\n\t\t\t\t\t\t<div class=\"elementor-container elementor-column-gap-default\">\n\t\t\t\t\t<div class=\"elementor-column elementor-col-100 elementor-top-column elementor-element elementor-element-2ce5b40\" data-id=\"2ce5b40\" data-element_type=\"column\">\n\t\t\t<div class=\"elementor-widget-wrap elementor-element-populated\">\n\t\t\t\t\t\t\t\t<div class=\"elementor-element elementor-element-0f1d218 elementor-widget elementor-widget-heading\" data-id=\"0f1d218\" data-element_type=\"widget\" data-widget_type=\"heading.default\">\n\t\t\t\t<div class=\"elementor-widget-container\">\n\t\t\t<style>\/*! elementor - v3.13.1 - 09-05-2023 *\/\n.elementor-heading-title{padding:0;margin:0;line-height:1}.elementor-widget-heading .elementor-heading-title[class*=elementor-size-]>a{color:inherit;font-size:inherit;line-height:inherit}.elementor-widget-heading .elementor-heading-title.elementor-size-small{font-size:15px}.elementor-widget-heading .elementor-heading-title.elementor-size-medium{font-size:19px}.elementor-widget-heading .elementor-heading-title.elementor-size-large{font-size:29px}.elementor-widget-heading .elementor-heading-title.elementor-size-xl{font-size:39px}.elementor-widget-heading .elementor-heading-title.elementor-size-xxl{font-size:59px}<\/style><h2 class=\"elementor-heading-title elementor-size-default\">COLABORADORES<\/h2>\t\t<\/div>\n\t\t\t\t<\/div>\n\t\t\t\t<div class=\"elementor-element elementor-element-57c5dce elementor-widget elementor-widget-text-editor\" data-id=\"57c5dce\" data-element_type=\"widget\" data-widget_type=\"text-editor.default\">\n\t\t\t\t<div class=\"elementor-widget-container\">\n\t\t\t<style>\/*! elementor - v3.13.1 - 09-05-2023 *\/\n.elementor-widget-text-editor.elementor-drop-cap-view-stacked .elementor-drop-cap{background-color:#69727d;color:#fff}.elementor-widget-text-editor.elementor-drop-cap-view-framed .elementor-drop-cap{color:#69727d;border:3px solid;background-color:transparent}.elementor-widget-text-editor:not(.elementor-drop-cap-view-default) .elementor-drop-cap{margin-top:8px}.elementor-widget-text-editor:not(.elementor-drop-cap-view-default) .elementor-drop-cap-letter{width:1em;height:1em}.elementor-widget-text-editor .elementor-drop-cap{float:left;text-align:center;line-height:1;font-size:50px}.elementor-widget-text-editor .elementor-drop-cap-letter{display:inline-block}<\/style>\t\t\t\t<p><a href=\"https:\/\/web.archive.org\/web\/20211023043933\/http:\/\/icmab.es\/staff\/detail\/593\">Jordi Faraudo<\/a>\u00a0(CSIC-ICMAB)<\/p><p><a href=\"https:\/\/web.archive.org\/web\/20211023043933\/http:\/\/pendientedemigracion.ucm.es\/info\/coloidal\/index.html\">Elena Junquera<\/a>\u00a0(Universidad Complutense de Madrid)<\/p><p><a href=\"http:\/\/www.ifisica.uaslp.mx\/index.php?option=com_contact&amp;view=contact&amp;catid=12:investigadores&amp;id=13-dr-enrique-gonzalez-tovar\">Enrique Gonz\u00e1lez-Tovar<\/a>\u00a0(Universidad Aut\u00f3noma de San Luis Potos\u00ed, M\u00e9xico)<\/p><p><a href=\"http:\/\/physics.fe.uni-lj.si\/members\/klemenb\/klemenb.htm\">Klemen Bohinc<\/a>\u00a0(Universidad de Ljubljana, Eslovenia)<\/p><p><a href=\"https:\/\/www.chalmers.se\/en\/staff\/Pages\/sandra-rocha.aspx\">Sandra Rocha<\/a>\u00a0(Universidad de Chalmers, Suecia)<\/p><p><a href=\"http:\/\/dcbi.azc.uam.mx\/siapi\/personal\/2457\/\">Gerardo Odriozola<\/a>\u00a0(UAM-Azcapotzalco, M\u00e9xico)<\/p>\t\t\t\t\t\t<\/div>\n\t\t\t\t<\/div>\n\t\t\t\t\t<\/div>\n\t\t<\/div>\n\t\t\t\t\t\t\t<\/div>\n\t\t<\/section>\n\t\t\t\t\t\t\t<\/div>\n\t\t","protected":false},"excerpt":{"rendered":"","protected":false},"author":1,"featured_media":0,"parent":0,"menu_order":0,"comment_status":"closed","ping_status":"closed","template":"","meta":[],"_links":{"self":[{"href":"https:\/\/wpd.ugr.es\/~lipoplex\/wp-json\/wp\/v2\/pages\/375"}],"collection":[{"href":"https:\/\/wpd.ugr.es\/~lipoplex\/wp-json\/wp\/v2\/pages"}],"about":[{"href":"https:\/\/wpd.ugr.es\/~lipoplex\/wp-json\/wp\/v2\/types\/page"}],"author":[{"embeddable":true,"href":"https:\/\/wpd.ugr.es\/~lipoplex\/wp-json\/wp\/v2\/users\/1"}],"replies":[{"embeddable":true,"href":"https:\/\/wpd.ugr.es\/~lipoplex\/wp-json\/wp\/v2\/comments?post=375"}],"version-history":[{"count":2,"href":"https:\/\/wpd.ugr.es\/~lipoplex\/wp-json\/wp\/v2\/pages\/375\/revisions"}],"predecessor-version":[{"id":395,"href":"https:\/\/wpd.ugr.es\/~lipoplex\/wp-json\/wp\/v2\/pages\/375\/revisions\/395"}],"wp:attachment":[{"href":"https:\/\/wpd.ugr.es\/~lipoplex\/wp-json\/wp\/v2\/media?parent=375"}],"curies":[{"name":"wp","href":"https:\/\/api.w.org\/{rel}","templated":true}]}}