{"id":2447,"date":"2014-10-07T19:08:09","date_gmt":"2014-10-07T17:08:09","guid":{"rendered":"http:\/\/wdb.ugr.es\/~luisca\/?page_id=2447"},"modified":"2025-03-18T22:45:44","modified_gmt":"2025-03-18T21:45:44","slug":"people","status":"publish","type":"page","link":"https:\/\/wpd.ugr.es\/~luisca\/people\/","title":{"rendered":"People"},"content":{"rendered":"<h3>Current members<\/h3>\n<p><div class=\"omsc-one-third\">\n<img decoding=\"async\" loading=\"lazy\" class=\"lazyload alignnone  wp-image-3126\" data-original=\"http:\/\/wpd.ugr.es\/~luisca\/wp-content\/uploads\/2024\/05\/LCLG-253x300.jpg\" alt=\"\" width=\"210\" height=\"249\" srcset=\"https:\/\/wpd.ugr.es\/~luisca\/wp-content\/uploads\/2024\/05\/LCLG-253x300.jpg 253w, https:\/\/wpd.ugr.es\/~luisca\/wp-content\/uploads\/2024\/05\/LCLG.jpg 400w\" sizes=\"(max-width: 210px) 100vw, 210px\" \/><br \/>\n<div class=\"clear\"><\/div><\/div><br \/>\n<div class=\"omsc-one-third\">\n<div style=\"margin-top: 40px;\"><span style=\"font-size: 120%;\"><strong>Luis Carlos L\u00f3pez Garc\u00eda<\/strong>, <em>Ph.D. (PI)<\/em><\/span><\/p>\n<ul>\n<li style=\"list-style-type: none;\">\n<ul>\n<li>Professor<\/li>\n<li>Department of Physiology<\/li>\n<li>Biomedical Research Center<\/li>\n<li>University of Granada<\/li>\n<\/ul>\n<\/li>\n<\/ul>\n<p><a href=\"mailto:luisca@ugr.es\" target=\"_top\" rel=\"noopener\"><strong>luisca@ugr.es<\/strong><\/a><\/p>\n<\/div>\n<p><div class=\"clear\"><\/div><\/div><\/p>\n<div class=\"omsc-one-third omsc-last\">\n<p><img decoding=\"async\" loading=\"lazy\" class=\"lazyload alignright size-full wp-image-2663\" data-original=\"http:\/\/wpd.ugr.es\/~luisca\/wp-content\/uploads\/2014\/10\/IMG_3267.jpg\" alt=\"IMG_3267\" width=\"500\" height=\"369\" srcset=\"https:\/\/wpd.ugr.es\/~luisca\/wp-content\/uploads\/2014\/10\/IMG_3267.jpg 500w, https:\/\/wpd.ugr.es\/~luisca\/wp-content\/uploads\/2014\/10\/IMG_3267-300x221.jpg 300w\" sizes=\"(max-width: 500px) 100vw, 500px\" \/><\/p>\n<p><div class=\"clear\"><\/div><\/div><div class=\"omsc-clear\"><\/div>\n<p><div class=\"omsc-one-third\">\n<img decoding=\"async\" loading=\"lazy\" class=\"lazyload alignleft size-full wp-image-2655\" data-original=\"http:\/\/wpd.ugr.es\/~luisca\/wp-content\/uploads\/2014\/10\/agus.jpg\" alt=\"agus\" width=\"208\" height=\"289\" \/><br \/>\n<div class=\"clear\"><\/div><\/div><br \/>\n<div class=\"omsc-one-third\">\n<div style=\"margin-top: 40px;\"><span style=\"font-size: 120%;\"><strong>Agust\u00edn Hidalgo Guti\u00e9rrez<\/strong><\/span><\/p>\n<ul>\n<li>Postdoc<\/li>\n<li>Department of Physiology<\/li>\n<li>Biomedical Research Center<\/li>\n<li>University of Granada<\/li>\n<\/ul>\n<\/div>\n<p><div class=\"clear\"><\/div><\/div><\/p>\n<div class=\"omsc-one-third omsc-last\">\n<p><div class=\"clear\"><\/div><\/div><div class=\"omsc-clear\"><\/div>\n<p><div class=\"omsc-one-third\">\n<img decoding=\"async\" loading=\"lazy\" class=\"lazyload alignleft size-full wp-image-2658\" data-original=\"http:\/\/wpd.ugr.es\/~luisca\/wp-content\/uploads\/2014\/10\/Eliana.jpg\" alt=\"Eliana\" width=\"207\" height=\"274\" \/><div class=\"clear\"><\/div><\/div><br \/>\n<div class=\"omsc-one-third\">\n<div style=\"margin-top: 40px;\"><span style=\"font-size: 120%;\"><strong>Eliana Barriocanal Casado<\/strong><\/span><\/p>\n<ul>\n<li>Postdoc<\/li>\n<li>Department of Physiology<\/li>\n<li>Biomedical Research Center<\/li>\n<li>University of Granada<\/li>\n<\/ul>\n<\/div>\n<p><div class=\"clear\"><\/div><\/div><\/p>\n<div class=\"omsc-one-third omsc-last\">\n<p><div class=\"clear\"><\/div><\/div><div class=\"omsc-clear\"><\/div>\n<p><div class=\"omsc-one-third\">\n<img decoding=\"async\" loading=\"lazy\" class=\"lazyload alignleft size-full wp-image-2658\" data-original=\"http:\/\/wpd.ugr.es\/~luisca\/wp-content\/uploads\/2014\/10\/elena.jpg\" alt=\"Elena\" width=\"207\" height=\"274\" \/><div class=\"clear\"><\/div><\/div><br \/>\n<div class=\"omsc-one-third\">\n<div style=\"margin-top: 40px;\"><span style=\"font-size: 120%;\"><strong>Elena D\u00edaz Casado<\/strong><\/span><\/p>\n<ul>\n<li>Assistant Professor<\/li>\n<li>Department of Physiology<\/li>\n<li>Biomedical Research Center<\/li>\n<li>University of Granada<\/li>\n<\/ul>\n<\/div>\n<p><div class=\"clear\"><\/div><\/div><\/p>\n<div class=\"omsc-one-third omsc-last\">\n<p><div class=\"clear\"><\/div><\/div><div class=\"omsc-clear\"><\/div>\n<p><div class=\"omsc-one-third\">\n<img decoding=\"async\" loading=\"lazy\" class=\"lazyload alignleft size-full wp-image-2658\" data-original=\"http:\/\/wpd.ugr.es\/~luisca\/wp-content\/uploads\/2014\/10\/laura.png\" alt=\"Laura\" width=\"207\" height=\"274\" \/><div class=\"clear\"><\/div><\/div><br \/>\n<div class=\"omsc-one-third\">\n<div style=\"margin-top: 40px;\"><span style=\"font-size: 120%;\"><strong>Laura Jim\u00e9nez S\u00e1nchez<\/strong><\/span><\/p>\n<ul>\n<li>Postdoc<\/li>\n<li>Ibs.Granada<\/li>\n<li>Biomedical Research Center<\/li>\n<li>University of Granada<\/li>\n<\/ul>\n<\/div>\n<p><div class=\"clear\"><\/div><\/div><\/p>\n<div class=\"omsc-one-third omsc-last\">\n<p><div class=\"clear\"><\/div><\/div><div class=\"omsc-clear\"><\/div>\n<p><div class=\"omsc-one-third\">\n<img decoding=\"async\" loading=\"lazy\" class=\"lazyload alignleft size-full wp-image-2658\" data-original=\"http:\/\/wpd.ugr.es\/~luisca\/wp-content\/uploads\/2014\/10\/lopez.png\" alt=\"Lopez Herrador\" width=\"207\" height=\"274\" \/><div class=\"clear\"><\/div><\/div><br \/>\n<div class=\"omsc-one-third\">\n<div style=\"margin-top: 40px;\"><span style=\"font-size: 120%;\"><strong>Sergio L\u00f3pez Herrador<\/strong><\/span><\/p>\n<ul>\n<li>Graduate Student<\/li>\n<li>Department of Physiology<\/li>\n<li>Biomedical Research Center<\/li>\n<li>University of Granada<\/li>\n<\/ul>\n<\/div>\n<p><div class=\"clear\"><\/div><\/div><\/p>\n<div class=\"omsc-one-third omsc-last\">\n<p><div class=\"clear\"><\/div><\/div><div class=\"omsc-clear\"><\/div>\n<p><div class=\"omsc-one-third\">\n<img decoding=\"async\" loading=\"lazy\" class=\"lazyload alignleft size-full wp-image-2658\" data-original=\"http:\/\/wpd.ugr.es\/~luisca\/wp-content\/uploads\/2021\/11\/JuliaCorral.jpg\" alt=\"JuliaCorral\" width=\"207\" height=\"274\" \/><div class=\"clear\"><\/div><\/div><br \/>\n<div class=\"omsc-one-third\">\n<div style=\"margin-top: 40px;\"><span style=\"font-size: 120%;\"><strong>Julia Corral Sarasa<\/strong><\/span><\/p>\n<ul>\n<li>Graduate Student<\/li>\n<li>Department of Physiology<\/li>\n<li>Biomedical Research Center<\/li>\n<li>University of Granada<\/li>\n<\/ul>\n<\/div>\n<p><div class=\"clear\"><\/div><\/div><\/p>\n<div class=\"omsc-one-third omsc-last\">\n<p><div class=\"clear\"><\/div><\/div><div class=\"omsc-clear\"><\/div>\n<div class=\"omsc-one-third\">\n<p><img decoding=\"async\" loading=\"lazy\" class=\"lazyload alignnone  wp-image-3127\" data-original=\"http:\/\/wpd.ugr.es\/~luisca\/wp-content\/uploads\/2024\/05\/Enrica-233x300.jpg\" alt=\"\" width=\"208\" height=\"267\" srcset=\"https:\/\/wpd.ugr.es\/~luisca\/wp-content\/uploads\/2024\/05\/Enrica-233x300.jpg 233w, https:\/\/wpd.ugr.es\/~luisca\/wp-content\/uploads\/2024\/05\/Enrica.jpg 564w\" sizes=\"(max-width: 208px) 100vw, 208px\" \/><\/p>\n<p><div class=\"clear\"><\/div><\/div>\n<div class=\"omsc-one-third\">\n<p><strong>Enrica Olivieri<\/strong><\/p>\n<ul>\n<li>Researcher<\/li>\n<li>Department of Physiology<\/li>\n<li>Biomedical Research Center<\/li>\n<li>University of Granada<\/li>\n<\/ul>\n<p><div class=\"clear\"><\/div><\/div>\n<div class=\"omsc-one-third omsc-last\">\n<p><div class=\"clear\"><\/div><\/div><div class=\"omsc-clear\"><\/div>\n<div class=\"omsc-one-third\">\n<p><img decoding=\"async\" loading=\"lazy\" class=\"lazyload alignnone size-medium wp-image-3167\" data-original=\"http:\/\/wpd.ugr.es\/~luisca\/wp-content\/uploads\/2025\/03\/Yaco-Morillas2-219x300.jpg\" alt=\"\" width=\"219\" height=\"300\" srcset=\"https:\/\/wpd.ugr.es\/~luisca\/wp-content\/uploads\/2025\/03\/Yaco-Morillas2-219x300.jpg 219w, https:\/\/wpd.ugr.es\/~luisca\/wp-content\/uploads\/2025\/03\/Yaco-Morillas2.jpg 598w\" sizes=\"(max-width: 219px) 100vw, 219px\" \/><\/p>\n<p><div class=\"clear\"><\/div><\/div><br \/>\n<div class=\"omsc-one-third\">\n<p><strong>Yaco Morillas<\/strong><\/p>\n<ul>\n<li>Graduate Student<\/li>\n<li>Department of Physiology<\/li>\n<li>Biomedical Research Center<\/li>\n<li>University of Granada<\/li>\n<\/ul>\n<p><div class=\"clear\"><\/div><\/div><\/p>\n<div class=\"omsc-one-third omsc-last\">\n<p><div class=\"clear\"><\/div><\/div><div class=\"omsc-clear\"><\/div>\n<h3>Former members<\/h3>\n<div class=\"omsc-one-half omsc-last\"><div class=\"clear\"><\/div><\/div><div class=\"omsc-clear\"><\/div>\n<p><strong>Pilar Gonz\u00e1lez Garc\u00eda (2017-2025)<\/strong><\/p>\n<ul>\n<li>Former position: undergrad and PhD student (FPU), and postdoc<\/li>\n<\/ul>\n<div class=\"omsc-one-half omsc-last\"><div class=\"clear\"><\/div><\/div><div class=\"omsc-clear\"><\/div>\n<p><strong>Inmaculada Gallego L\u00f3pez (2023-2025)<\/strong><\/p>\n<ul>\n<li>Former position: Technician<\/li>\n<\/ul>\n<div class=\"omsc-one-half omsc-last\"><div class=\"clear\"><\/div><\/div><div class=\"omsc-clear\"><\/div>\n<p><strong>Juan M. Mart\u00ednez G\u00e1lvez (2022-2024)<\/strong><\/p>\n<ul>\n<li>Former position: Margarita Salas posdoc<\/li>\n<\/ul>\n<div class=\"omsc-one-half omsc-last\"><div class=\"clear\"><\/div><\/div><div class=\"omsc-clear\"><\/div>\n<p><strong>Sara Torres Rusillo (2022-2023)<\/strong><\/p>\n<ul>\n<li>Former position: Posdoc<\/li>\n<\/ul>\n<p><div class=\"omsc-one-half omsc-last\"><div class=\"clear\"><\/div><\/div><div class=\"omsc-clear\"><\/div><br \/>\n<strong>Julio Ruiz (2022-2023)<\/strong><\/p>\n<ul>\n<li>Former position: researcher<\/li>\n<\/ul>\n<p><div class=\"omsc-one-half omsc-last\"><div class=\"clear\"><\/div><\/div><div class=\"omsc-clear\"><\/div><br \/>\n<strong>Macarena Gil (2022-2023)<\/strong><\/p>\n<ul>\n<li>Former position: researcher<\/li>\n<\/ul>\n<p><div class=\"omsc-one-half omsc-last\"><div class=\"clear\"><\/div><\/div><div class=\"omsc-clear\"><\/div><br \/>\n<strong>Seth Joel Drey (2020)<\/strong><\/p>\n<ul>\n<li>Former position: international undergraduate student (Consortium for Advanced Studies Abroad)<\/li>\n<\/ul>\n<p><div class=\"omsc-one-half omsc-last\"><div class=\"clear\"><\/div><\/div><div class=\"omsc-clear\"><\/div><br \/>\n<strong>Olugbemi T Olaniyan (2019)<\/strong><\/p>\n<ul>\n<li>Former position: international postdoctoral researcher (Coimbra group program)<\/li>\n<\/ul>\n<p><div class=\"omsc-one-half omsc-last\"><div class=\"clear\"><\/div><\/div><div class=\"omsc-clear\"><\/div><br \/>\n<strong>Ussipbek Botagoz (2018-2019)<\/strong><\/p>\n<ul>\n<li>Former position: international visiting researcher (Erasmus+)<\/li>\n<\/ul>\n<p><div class=\"omsc-one-half omsc-last\"><div class=\"clear\"><\/div><\/div><div class=\"omsc-clear\"><\/div><br \/>\n<strong>Cristina Mascaraque Molina<\/strong><\/p>\n<ul>\n<li>Former position: Postdoc (2016-2018)<\/li>\n<\/ul>\n<p><div class=\"omsc-one-half omsc-last\"><div class=\"clear\"><\/div><\/div><div class=\"omsc-clear\"><\/div><br \/>\n<strong>Mar\u00eda Rodr\u00edguez Hidalgo<\/strong><\/p>\n<ul>\n<li>Former position: Master student (2016-2017)<\/li>\n<\/ul>\n<p><div class=\"omsc-one-half omsc-last\"><div class=\"clear\"><\/div><\/div><div class=\"omsc-clear\"><\/div><br \/>\n<strong>Marta Luna S\u00e1nchez<\/strong><\/p>\n<ul>\n<li>Former position: Ph.D. student (2012-2016), funded by Junta de Andaluc\u00eda (Spain)<\/li>\n<\/ul>\n<p><div class=\"omsc-one-half omsc-last\"><div class=\"clear\"><\/div><\/div><div class=\"omsc-clear\"><\/div><br \/>\n<strong>Cristina Cueto<\/strong><\/p>\n<ul>\n<li>Former position: Master student (2014-2015)<\/li>\n<\/ul>\n<p><div class=\"omsc-one-half omsc-last\"><div class=\"clear\"><\/div><\/div><div class=\"omsc-clear\"><\/div><br \/>\n<strong>Julio Chaves Serrano<\/strong><\/p>\n<ul>\n<li>Former position: International undergraduate student (2012-2013)<\/li>\n<\/ul>\n<p><div class=\"omsc-one-half omsc-last\"><div class=\"clear\"><\/div><\/div><div class=\"omsc-clear\"><\/div><br \/>\n<strong>Laura Garc\u00eda Corzo<\/strong><\/p>\n<ul>\n<li>Former position: Ph.D. student (2010-2014), funded by MINECO (Spain)<\/li>\n<\/ul>\n<p><div class=\"omsc-one-half omsc-last\"><div class=\"clear\"><\/div><\/div><div class=\"omsc-clear\"><\/div><br \/>\n<strong>Natasha Lesly Mora Fonseca<\/strong><\/p>\n<ul>\n<li>Former position: International undergraduate student (2012-2013)<\/li>\n<\/ul>\n<div class=\"omsc-one-half omsc-last\"><div class=\"clear\"><\/div><\/div><div class=\"omsc-clear\"><\/div>\n","protected":false},"excerpt":{"rendered":"<p>Current members Former members Pilar Gonz\u00e1lez Garc\u00eda (2017-2025) Former position: undergrad and PhD student (FPU), and postdoc Inmaculada Gallego L\u00f3pez (2023-2025) Former position: Technician Juan&hellip;<\/p>\n<p><a href=\"https:\/\/wpd.ugr.es\/~luisca\/people\/\" class=\"more-link post-excerpt-readmore\">Read more<\/a><\/p>\n","protected":false},"author":1,"featured_media":0,"parent":0,"menu_order":0,"comment_status":"open","ping_status":"open","template":"","meta":[],"_links":{"self":[{"href":"https:\/\/wpd.ugr.es\/~luisca\/wp-json\/wp\/v2\/pages\/2447"}],"collection":[{"href":"https:\/\/wpd.ugr.es\/~luisca\/wp-json\/wp\/v2\/pages"}],"about":[{"href":"https:\/\/wpd.ugr.es\/~luisca\/wp-json\/wp\/v2\/types\/page"}],"author":[{"embeddable":true,"href":"https:\/\/wpd.ugr.es\/~luisca\/wp-json\/wp\/v2\/users\/1"}],"replies":[{"embeddable":true,"href":"https:\/\/wpd.ugr.es\/~luisca\/wp-json\/wp\/v2\/comments?post=2447"}],"version-history":[{"count":96,"href":"https:\/\/wpd.ugr.es\/~luisca\/wp-json\/wp\/v2\/pages\/2447\/revisions"}],"predecessor-version":[{"id":3175,"href":"https:\/\/wpd.ugr.es\/~luisca\/wp-json\/wp\/v2\/pages\/2447\/revisions\/3175"}],"wp:attachment":[{"href":"https:\/\/wpd.ugr.es\/~luisca\/wp-json\/wp\/v2\/media?parent=2447"}],"curies":[{"name":"wp","href":"https:\/\/api.w.org\/{rel}","templated":true}]}}