{"id":1022,"date":"2019-11-01T20:16:00","date_gmt":"2019-11-01T20:16:00","guid":{"rendered":"http:\/\/wpd.ugr.es\/~makerspace\/wordpress\/?page_id=1022"},"modified":"2022-05-20T11:16:44","modified_gmt":"2022-05-20T09:16:44","slug":"1-makerspace","status":"publish","type":"page","link":"https:\/\/wpd.ugr.es\/~makerspace\/wordpresss\/","title":{"rendered":"Makerspace"},"content":{"rendered":"<table class=\" aligncenter\" style=\"width: 50%; border-style: none;\">\n<tbody>\n<tr>\n<td style=\"margin: 50px; width: 30%; border-style: none none solid; border-bottom: 10px solid #2e4760; text-align: center; vertical-align: bottom;\" scope=\"row\"><img loading=\"lazy\" class=\"alignnone wp-image-136\" src=\"https:\/\/wpd.ugr.es\/~makerspace\/wordpresss\/wp-content\/uploads\/2018\/03\/logo-makerspace-e1608030355423.png\" alt=\"\" width=\"61\" height=\"61\" \/><\/p>\n<p><a href=\"https:\/\/wpd.ugr.es\/~makerspace\/wordpresss\/\"><em><strong>MAKERSPACEUGR<\/strong><\/em><\/a><\/td>\n<td style=\"margin: 10px; border-style: none; text-align: center; vertical-align: top; width: 4.92754%;\" scope=\"row\"><\/td>\n<td style=\"text-align: center; vertical-align: top; width: 30%; border-style: none none solid; border-bottom: 10px solid #2e4760;\" scope=\"row\"><img loading=\"lazy\" class=\"aligncenter wp-image-945\" src=\"https:\/\/wpd.ugr.es\/~makerspace\/wordpresss\/wp-content\/uploads\/2019\/10\/A-300x265.png\" alt=\"\" width=\"70\" height=\"62\" srcset=\"https:\/\/wpd.ugr.es\/~makerspace\/wordpresss\/wp-content\/uploads\/2019\/10\/A-300x265.png 300w, https:\/\/wpd.ugr.es\/~makerspace\/wordpresss\/wp-content\/uploads\/2019\/10\/A-1024x905.png 1024w, https:\/\/wpd.ugr.es\/~makerspace\/wordpresss\/wp-content\/uploads\/2019\/10\/A-768x679.png 768w, https:\/\/wpd.ugr.es\/~makerspace\/wordpresss\/wp-content\/uploads\/2019\/10\/A-100x88.png 100w, https:\/\/wpd.ugr.es\/~makerspace\/wordpresss\/wp-content\/uploads\/2019\/10\/A-150x133.png 150w, https:\/\/wpd.ugr.es\/~makerspace\/wordpresss\/wp-content\/uploads\/2019\/10\/A-200x177.png 200w, https:\/\/wpd.ugr.es\/~makerspace\/wordpresss\/wp-content\/uploads\/2019\/10\/A-450x398.png 450w, https:\/\/wpd.ugr.es\/~makerspace\/wordpresss\/wp-content\/uploads\/2019\/10\/A-600x531.png 600w, https:\/\/wpd.ugr.es\/~makerspace\/wordpresss\/wp-content\/uploads\/2019\/10\/A-900x796.png 900w, https:\/\/wpd.ugr.es\/~makerspace\/wordpresss\/wp-content\/uploads\/2019\/10\/A.png 1200w\" sizes=\"(max-width: 70px) 100vw, 70px\" \/><\/p>\n<p><a href=\"https:\/\/wpd.ugr.es\/~makerspace\/wordpresss\/academiamaker\/\" target=\"_blank\" rel=\"noopener\"><em><strong>ACADEMIAMAKERUGR<\/strong><\/em><\/a><\/td>\n<td style=\"margin: 10px; border-style: none; text-align: center; vertical-align: top; width: 4.92754%;\" scope=\"row\"><\/td>\n<td style=\"margin: 0px; text-align: center; vertical-align: top; width: 30%; border-style: none none solid; border-bottom: 10px solid #2e4760;\" scope=\"row\"><img loading=\"lazy\" class=\"aligncenter wp-image-956\" src=\"https:\/\/wpd.ugr.es\/~makerspace\/wordpresss\/wp-content\/uploads\/2019\/10\/O-e1609878987322-300x297.png\" alt=\"\" width=\"63\" height=\"62\" srcset=\"https:\/\/wpd.ugr.es\/~makerspace\/wordpresss\/wp-content\/uploads\/2019\/10\/O-e1609878987322-300x297.png 300w, https:\/\/wpd.ugr.es\/~makerspace\/wordpresss\/wp-content\/uploads\/2019\/10\/O-e1609878987322-150x148.png 150w, https:\/\/wpd.ugr.es\/~makerspace\/wordpresss\/wp-content\/uploads\/2019\/10\/O-e1609878987322-100x99.png 100w, https:\/\/wpd.ugr.es\/~makerspace\/wordpresss\/wp-content\/uploads\/2019\/10\/O-e1609878987322-200x198.png 200w, https:\/\/wpd.ugr.es\/~makerspace\/wordpresss\/wp-content\/uploads\/2019\/10\/O-e1609878987322-450x445.png 450w, https:\/\/wpd.ugr.es\/~makerspace\/wordpresss\/wp-content\/uploads\/2019\/10\/O-e1609878987322.png 539w\" sizes=\"(max-width: 63px) 100vw, 63px\" \/><\/p>\n<p><a href=\"https:\/\/wpd.ugr.es\/~makerspace\/wordpresss\/oficinamaker-2\/\" target=\"_blank\" rel=\"noopener\"><em><strong>OFICINAMAKERUGR<\/strong><\/em><\/a><\/td>\n<\/tr>\n<tr>\n<td style=\"text-align: center; vertical-align: top; width: 30%; border-style: none;\" scope=\"row\"><img loading=\"lazy\" class=\"aligncenter wp-image-934 size-full\" src=\"https:\/\/wpd.ugr.es\/~makerspace\/wordpresss\/wp-content\/uploads\/2019\/10\/3d-e1572118349974.jpg\" alt=\"\" width=\"300\" height=\"103\" srcset=\"https:\/\/wpd.ugr.es\/~makerspace\/wordpresss\/wp-content\/uploads\/2019\/10\/3d-e1572118349974.jpg 300w, https:\/\/wpd.ugr.es\/~makerspace\/wordpresss\/wp-content\/uploads\/2019\/10\/3d-e1572118349974-100x34.jpg 100w, https:\/\/wpd.ugr.es\/~makerspace\/wordpresss\/wp-content\/uploads\/2019\/10\/3d-e1572118349974-150x52.jpg 150w, https:\/\/wpd.ugr.es\/~makerspace\/wordpresss\/wp-content\/uploads\/2019\/10\/3d-e1572118349974-200x69.jpg 200w\" sizes=\"(max-width: 300px) 100vw, 300px\" \/><a href=\"https:\/\/wpd.ugr.es\/~makerspace\/wordpresss\/maquinas-y-manuales-de-uso\/\">Inventario de M\u00e1quinas<\/a><\/p>\n<p><img loading=\"lazy\" class=\"aligncenter wp-image-953 size-thumbnail\" src=\"https:\/\/wpd.ugr.es\/~makerspace\/wordpresss\/wp-content\/uploads\/2019\/10\/cita-previa-bn-150x100.png\" alt=\"\" width=\"150\" height=\"100\" \/><a href=\"https:\/\/wpd.ugr.es\/~makerspace\/wordpresss\/cita-previa\/\">Cita Previa<\/a><\/p>\n<p><img loading=\"lazy\" class=\"aligncenter wp-image-937 size-full\" src=\"https:\/\/wpd.ugr.es\/~makerspace\/wordpresss\/wp-content\/uploads\/2019\/10\/precios-publicos-datafono-e1572121159888.jpg\" alt=\"\" width=\"300\" height=\"100\" srcset=\"https:\/\/wpd.ugr.es\/~makerspace\/wordpresss\/wp-content\/uploads\/2019\/10\/precios-publicos-datafono-e1572121159888.jpg 300w, https:\/\/wpd.ugr.es\/~makerspace\/wordpresss\/wp-content\/uploads\/2019\/10\/precios-publicos-datafono-e1572121159888-100x33.jpg 100w, https:\/\/wpd.ugr.es\/~makerspace\/wordpresss\/wp-content\/uploads\/2019\/10\/precios-publicos-datafono-e1572121159888-150x50.jpg 150w, https:\/\/wpd.ugr.es\/~makerspace\/wordpresss\/wp-content\/uploads\/2019\/10\/precios-publicos-datafono-e1572121159888-200x67.jpg 200w\" sizes=\"(max-width: 300px) 100vw, 300px\" \/><a href=\"http:\/\/wpd.ugr.es\/~makerspace\/wordpresss\/?page_id=20\" target=\"_blank\" rel=\"noopener noreferrer\">Precios P\u00fablicos<\/a><\/td>\n<td style=\"text-align: center; vertical-align: top; border-style: none; width: 4.92754%;\" scope=\"row\"><\/td>\n<td style=\"text-align: center; vertical-align: top; width: 30%; border-style: none;\" scope=\"row\"><img loading=\"lazy\" class=\"aligncenter wp-image-948 size-thumbnail\" src=\"https:\/\/wpd.ugr.es\/~makerspace\/wordpresss\/wp-content\/uploads\/2019\/10\/academiamaker-e1572122962906-150x150.png\" alt=\"\" width=\"150\" height=\"150\" \/><a href=\"https:\/\/wpd.ugr.es\/~makerspace\/wordpresss\/academiamaker\/\">Cursos Online<\/a><\/p>\n<p><img loading=\"lazy\" class=\"alignnone wp-image-1094 size-medium\" src=\"https:\/\/wpd.ugr.es\/~makerspace\/wordpresss\/wp-content\/uploads\/2020\/01\/MAKER_cartel-138x300.jpg\" alt=\"\" width=\"138\" height=\"300\" srcset=\"https:\/\/wpd.ugr.es\/~makerspace\/wordpresss\/wp-content\/uploads\/2020\/01\/MAKER_cartel-138x300.jpg 138w, https:\/\/wpd.ugr.es\/~makerspace\/wordpresss\/wp-content\/uploads\/2020\/01\/MAKER_cartel-472x1024.jpg 472w, https:\/\/wpd.ugr.es\/~makerspace\/wordpresss\/wp-content\/uploads\/2020\/01\/MAKER_cartel-768x1665.jpg 768w, https:\/\/wpd.ugr.es\/~makerspace\/wordpresss\/wp-content\/uploads\/2020\/01\/MAKER_cartel-708x1536.jpg 708w, https:\/\/wpd.ugr.es\/~makerspace\/wordpresss\/wp-content\/uploads\/2020\/01\/MAKER_cartel-100x217.jpg 100w, https:\/\/wpd.ugr.es\/~makerspace\/wordpresss\/wp-content\/uploads\/2020\/01\/MAKER_cartel-150x325.jpg 150w, https:\/\/wpd.ugr.es\/~makerspace\/wordpresss\/wp-content\/uploads\/2020\/01\/MAKER_cartel-200x434.jpg 200w, https:\/\/wpd.ugr.es\/~makerspace\/wordpresss\/wp-content\/uploads\/2020\/01\/MAKER_cartel-300x650.jpg 300w, https:\/\/wpd.ugr.es\/~makerspace\/wordpresss\/wp-content\/uploads\/2020\/01\/MAKER_cartel-450x976.jpg 450w, https:\/\/wpd.ugr.es\/~makerspace\/wordpresss\/wp-content\/uploads\/2020\/01\/MAKER_cartel-600x1301.jpg 600w, https:\/\/wpd.ugr.es\/~makerspace\/wordpresss\/wp-content\/uploads\/2020\/01\/MAKER_cartel.jpg 850w\" sizes=\"(max-width: 138px) 100vw, 138px\" \/><\/p>\n<p><a href=\"https:\/\/wpd.ugr.es\/~makerspace\/wordpresss\/oficinamaker-2\/\">Sesi\u00f3n Maker<\/a><\/td>\n<td style=\"text-align: center; vertical-align: top; border-style: none; width: 4.92754%;\" scope=\"row\"><\/td>\n<td style=\"text-align: center; vertical-align: top; width: 30%; border-style: none;\" scope=\"row\"><img loading=\"lazy\" class=\"aligncenter wp-image-714 size-thumbnail\" src=\"https:\/\/wpd.ugr.es\/~makerspace\/wordpresss\/wp-content\/uploads\/2019\/02\/topografia-Sierra-Nevada-e1572181426595-150x150.jpg\" alt=\"\" width=\"150\" height=\"150\" \/><a href=\"http:\/\/wpd.ugr.es\/~makerspace\/wordpresss\/oficinamaker-2\/\">Asesor\u00eda y Consultor\u00eda<\/a><\/p>\n<p>&nbsp;<\/td>\n<\/tr>\n<\/tbody>\n<\/table>\n<p>&nbsp;<\/p>\n","protected":false},"excerpt":{"rendered":"<p>MAKERSPACEUGR ACADEMIAMAKERUGR OFICINAMAKERUGR Inventario de M\u00e1quinas Cita Previa Precios P\u00fablicos Cursos Online Sesi\u00f3n Maker Asesor\u00eda y Consultor\u00eda &nbsp; &nbsp;<\/p>\n","protected":false},"author":1,"featured_media":0,"parent":0,"menu_order":0,"comment_status":"closed","ping_status":"closed","template":"","meta":[],"_links":{"self":[{"href":"https:\/\/wpd.ugr.es\/~makerspace\/wordpresss\/wp-json\/wp\/v2\/pages\/1022"}],"collection":[{"href":"https:\/\/wpd.ugr.es\/~makerspace\/wordpresss\/wp-json\/wp\/v2\/pages"}],"about":[{"href":"https:\/\/wpd.ugr.es\/~makerspace\/wordpresss\/wp-json\/wp\/v2\/types\/page"}],"author":[{"embeddable":true,"href":"https:\/\/wpd.ugr.es\/~makerspace\/wordpresss\/wp-json\/wp\/v2\/users\/1"}],"replies":[{"embeddable":true,"href":"https:\/\/wpd.ugr.es\/~makerspace\/wordpresss\/wp-json\/wp\/v2\/comments?post=1022"}],"version-history":[{"count":9,"href":"https:\/\/wpd.ugr.es\/~makerspace\/wordpresss\/wp-json\/wp\/v2\/pages\/1022\/revisions"}],"predecessor-version":[{"id":2455,"href":"https:\/\/wpd.ugr.es\/~makerspace\/wordpresss\/wp-json\/wp\/v2\/pages\/1022\/revisions\/2455"}],"wp:attachment":[{"href":"https:\/\/wpd.ugr.es\/~makerspace\/wordpresss\/wp-json\/wp\/v2\/media?parent=1022"}],"curies":[{"name":"wp","href":"https:\/\/api.w.org\/{rel}","templated":true}]}}