{"id":1100,"date":"2020-02-08T12:24:36","date_gmt":"2020-02-08T12:24:36","guid":{"rendered":"https:\/\/wpd.ugr.es\/~makerspace\/wordpress\/?page_id=1100"},"modified":"2025-04-28T12:29:25","modified_gmt":"2025-04-28T10:29:25","slug":"cita-previa","status":"publish","type":"page","link":"https:\/\/wpd.ugr.es\/~makerspace\/wordpresss\/cita-previa\/","title":{"rendered":"Cita previa"},"content":{"rendered":"<p style=\"text-align: center;\"><strong>PARA LANZAR TAREAS A LAS M\u00c1QUINAS DE MAKERSPACEUGR ES OBLIGATORIO PEDIR CITA PREVIA Y SER USUARIO ACREDITADO<\/strong><\/p>\n<p style=\"text-align: center;\">Son usuarios acreditados aquellos que est\u00e1n inscritos en la AcademiaMakerUGR; han completado el<a href=\"https:\/\/wpd.ugr.es\/~makerspace\/wordpresss\/academiamaker\/\"> Curso de Iniciaci\u00f3n Online correspondiente<\/a> a la m\u00e1quina que quieran usar .<\/p>\n<p>&nbsp;<\/p>\n<table style=\"border-collapse: collapse; width: 100%;\">\n<tbody>\n<tr>\n<td style=\"width: 100%; background-color: #a1cbd6; border-style: none; text-align: center;\"><span style=\"text-align: center; font-size: 14pt;\">C\u00f3mo reservar una m\u00e1quina en MAKERSPACEUGR<\/span><\/td>\n<\/tr>\n<\/tbody>\n<\/table>\n<p><strong><span style=\"font-size: 12pt;\">1. Reserva tu cita, presencialmente en el propio MAKERSPACE, o bien por tel\u00e9fono en el 958240808; por email NO se admiten citas<\/span><\/strong><\/p>\n<p><strong><span style=\"font-size: 12pt;\">2.<\/span><\/strong> Si no asistes a tu hora ser\u00e1s penalizado. No podr\u00e1s utilizar ning\u00fan servicio de MakerspaceUGR durante 2 meses.<\/p>\n<p><strong><span style=\"font-size: 12pt;\">3.<\/span><\/strong> Antes de ir prepara los archivos de tu tarea conforme has aprendido en el <a href=\"https:\/\/wpd.ugr.es\/~makerspace\/wordpresss\/academiamaker\/\">Curso de Iniciaci\u00f3n Online de la AcademiaMaker:<\/a><\/p>\n<p><strong><span style=\"font-size: 12pt;\">4.<\/span><\/strong> Pres\u00e9ntate en el Laboratorio con antelaci\u00f3n a la hora estimada de tu turno con el material de soporte que desees transformar.<\/p>\n<p><strong><span style=\"font-size: 12pt;\">5.<\/span><\/strong> El abono de las tarifas se har\u00e1 exclusivamente mediante tarjeta de d\u00e9bito o cr\u00e9dito dentro de las instalaciones.<\/p>\n<p>Si tienes alguna duda sobre el procedimiento de reserva de m\u00e1quinas <a href=\"https:\/\/wpd.ugr.es\/~makerspace\/wordpresss\/contacto\/\" target=\"_blank\" rel=\"noopener noreferrer\">contacta con nosotros<\/a><\/p>\n","protected":false},"excerpt":{"rendered":"<p>PARA LANZAR TAREAS A LAS M\u00c1QUINAS DE MAKERSPACEUGR ES OBLIGATORIO PEDIR CITA PREVIA Y SER USUARIO ACREDITADO Son usuarios acreditados aquellos que est\u00e1n inscritos en la AcademiaMakerUGR; han completado el Curso de Iniciaci\u00f3n Online correspondiente a la m\u00e1quina que quieran &hellip;<\/p>\n<p class=\"read-more\"> <a class=\"more-link\" href=\"https:\/\/wpd.ugr.es\/~makerspace\/wordpresss\/cita-previa\/\"> <span class=\"screen-reader-text\">Cita previa<\/span> Leer m\u00e1s \u00bb<\/a><\/p>\n","protected":false},"author":1,"featured_media":0,"parent":0,"menu_order":0,"comment_status":"closed","ping_status":"closed","template":"full-width-page.php","meta":[],"_links":{"self":[{"href":"https:\/\/wpd.ugr.es\/~makerspace\/wordpresss\/wp-json\/wp\/v2\/pages\/1100"}],"collection":[{"href":"https:\/\/wpd.ugr.es\/~makerspace\/wordpresss\/wp-json\/wp\/v2\/pages"}],"about":[{"href":"https:\/\/wpd.ugr.es\/~makerspace\/wordpresss\/wp-json\/wp\/v2\/types\/page"}],"author":[{"embeddable":true,"href":"https:\/\/wpd.ugr.es\/~makerspace\/wordpresss\/wp-json\/wp\/v2\/users\/1"}],"replies":[{"embeddable":true,"href":"https:\/\/wpd.ugr.es\/~makerspace\/wordpresss\/wp-json\/wp\/v2\/comments?post=1100"}],"version-history":[{"count":16,"href":"https:\/\/wpd.ugr.es\/~makerspace\/wordpresss\/wp-json\/wp\/v2\/pages\/1100\/revisions"}],"predecessor-version":[{"id":2472,"href":"https:\/\/wpd.ugr.es\/~makerspace\/wordpresss\/wp-json\/wp\/v2\/pages\/1100\/revisions\/2472"}],"wp:attachment":[{"href":"https:\/\/wpd.ugr.es\/~makerspace\/wordpresss\/wp-json\/wp\/v2\/media?parent=1100"}],"curies":[{"name":"wp","href":"https:\/\/api.w.org\/{rel}","templated":true}]}}