{"id":1403,"date":"2021-01-02T21:35:08","date_gmt":"2021-01-02T21:35:08","guid":{"rendered":"https:\/\/wpd.ugr.es\/~makerspace\/wordpresss\/?page_id=1403"},"modified":"2021-02-09T20:29:57","modified_gmt":"2021-02-09T20:29:57","slug":"parametros","status":"publish","type":"page","link":"https:\/\/wpd.ugr.es\/~makerspace\/wordpresss\/parametros\/","title":{"rendered":"Parametros"},"content":{"rendered":"<p><a href=\"https:\/\/wpd.ugr.es\/~makerspace\/wordpresss\/parametros-impresora-3d\/\">Par\u00e1metros de fundido y velocidad para los filamentos 3D m\u00e1s usuales<\/a><\/p>\n<p><a href=\"https:\/\/wpd.ugr.es\/~makerspace\/wordpresss\/parametros-corte-laser\/\">Par\u00e1metros de velocidad e intensidad para la cortadora-fresadora l\u00e1ser<\/a><\/p>\n<p><a href=\"https:\/\/wpd.ugr.es\/~makerspace\/wordpresss\/parametros-mecanizado-cnc\/\">Par\u00e1metros de velocidad de avance y rotaci\u00f3n del mandril para mecanizado CNC<\/a><\/p>\n","protected":false},"excerpt":{"rendered":"<p>Par\u00e1metros de fundido y velocidad para los filamentos 3D m\u00e1s usuales Par\u00e1metros de velocidad e intensidad para la cortadora-fresadora l\u00e1ser Par\u00e1metros de velocidad de avance y rotaci\u00f3n del mandril para mecanizado CNC<\/p>\n","protected":false},"author":1,"featured_media":0,"parent":0,"menu_order":0,"comment_status":"closed","ping_status":"closed","template":"","meta":[],"_links":{"self":[{"href":"https:\/\/wpd.ugr.es\/~makerspace\/wordpresss\/wp-json\/wp\/v2\/pages\/1403"}],"collection":[{"href":"https:\/\/wpd.ugr.es\/~makerspace\/wordpresss\/wp-json\/wp\/v2\/pages"}],"about":[{"href":"https:\/\/wpd.ugr.es\/~makerspace\/wordpresss\/wp-json\/wp\/v2\/types\/page"}],"author":[{"embeddable":true,"href":"https:\/\/wpd.ugr.es\/~makerspace\/wordpresss\/wp-json\/wp\/v2\/users\/1"}],"replies":[{"embeddable":true,"href":"https:\/\/wpd.ugr.es\/~makerspace\/wordpresss\/wp-json\/wp\/v2\/comments?post=1403"}],"version-history":[{"count":6,"href":"https:\/\/wpd.ugr.es\/~makerspace\/wordpresss\/wp-json\/wp\/v2\/pages\/1403\/revisions"}],"predecessor-version":[{"id":1614,"href":"https:\/\/wpd.ugr.es\/~makerspace\/wordpresss\/wp-json\/wp\/v2\/pages\/1403\/revisions\/1614"}],"wp:attachment":[{"href":"https:\/\/wpd.ugr.es\/~makerspace\/wordpresss\/wp-json\/wp\/v2\/media?parent=1403"}],"curies":[{"name":"wp","href":"https:\/\/api.w.org\/{rel}","templated":true}]}}