{"id":203,"date":"2018-03-31T12:45:23","date_gmt":"2018-03-31T12:45:23","guid":{"rendered":"http:\/\/wpd.ugr.es\/~makerspace\/wordpress\/?page_id=203"},"modified":"2022-05-20T11:19:24","modified_gmt":"2022-05-20T09:19:24","slug":"contacto","status":"publish","type":"page","link":"https:\/\/wpd.ugr.es\/~makerspace\/wordpresss\/contacto\/","title":{"rendered":"Contacto"},"content":{"rendered":"<p><span style=\"font-family: helvetica, arial, sans-serif; line-heigh: 120%;\"><strong>Direcci\u00f3n: <\/strong><\/span><\/p>\n<ul style=\"list-style-type: square;\">\n<li><span style=\"font-family: helvetica, arial, sans-serif; font-size: 10pt;\">MAKERSPACEUGR <\/span><\/li>\n<li><span style=\"font-family: helvetica, arial, sans-serif; font-size: 10pt;\">Escuela T\u00e9cnica Superior de Arquitectura<\/span><\/li>\n<li><span style=\"font-family: helvetica, arial, sans-serif; font-size: 10pt;\">Universidad de Granada<\/span><\/li>\n<li><span style=\"font-family: helvetica, arial, sans-serif; font-size: 10pt;\">Campo del Pr\u00edncipe s\/n<\/span><\/li>\n<li><span style=\"font-family: helvetica, arial, sans-serif; font-size: 10pt;\">18009 Granada (Espa\u00f1a)<\/span><\/li>\n<\/ul>\n<p><span style=\"font-family: helvetica, arial, sans-serif;\"><strong>Tel\u00e9fono:<\/strong><\/span><\/p>\n<ul style=\"list-style-type: square;\">\n<li><span style=\"font-family: helvetica, arial, sans-serif; font-size: 10pt;\">+34 958 24 08 08<\/span><\/li>\n<\/ul>\n<p><span style=\"font-family: helvetica, arial, sans-serif;\"><strong>Email:<\/strong><\/span><\/p>\n<ul style=\"list-style-type: square;\">\n<li><span style=\"font-family: helvetica, arial, sans-serif;\"><a href=\"mailto:makerspace@ugr.es\" target=\"_blank\" rel=\"noopener noreferrer\"><span style=\"font-size: 10pt;\">makerspace@ugr.es<\/span><\/a><\/span><\/li>\n<\/ul>\n<p><span style=\"font-family: helvetica, arial, sans-serif;\"><strong>Email informaci\u00f3n para Cita Previa:<\/strong><\/span><\/p>\n<ul style=\"list-style-type: square;\">\n<li><span style=\"font-family: helvetica, arial, sans-serif;\"><a href=\"mailto:reservas.makerspace@ugr.es\" target=\"_blank\" rel=\"noopener noreferrer\"><span style=\"font-size: 10pt;\"> reservas.makerspace@ugr.es<\/span><\/a><\/span><\/li>\n<\/ul>\n<p>&nbsp;<\/p>\n<p><iframe loading=\"lazy\" src=\"https:\/\/www.google.com\/maps\/d\/u\/3\/embed?mid=1m_GQVqAUvZpYWFo07A4PEpBkuo2J7PF1\" width=\"100%\" height=\"400\"><span style=\"display: inline-block; width: 0px; overflow: hidden; line-height: 0;\" data-mce-type=\"bookmark\" class=\"mce_SELRES_start\">\ufeff<\/span><span style=\"display: inline-block; width: 0px; overflow: hidden; line-height: 0;\" data-mce-type=\"bookmark\" class=\"mce_SELRES_start\">\ufeff<\/span><\/iframe><\/p>\n","protected":false},"excerpt":{"rendered":"<p>Direcci\u00f3n: MAKERSPACEUGR Escuela T\u00e9cnica Superior de Arquitectura Universidad de Granada Campo del Pr\u00edncipe s\/n 18009 Granada (Espa\u00f1a) Tel\u00e9fono: +34 958 24 08 08 Email: makerspace@ugr.es Email informaci\u00f3n para Cita Previa: reservas.makerspace@ugr.es &nbsp; \ufeff\ufeff<\/p>\n","protected":false},"author":1,"featured_media":0,"parent":0,"menu_order":0,"comment_status":"closed","ping_status":"closed","template":"","meta":[],"_links":{"self":[{"href":"https:\/\/wpd.ugr.es\/~makerspace\/wordpresss\/wp-json\/wp\/v2\/pages\/203"}],"collection":[{"href":"https:\/\/wpd.ugr.es\/~makerspace\/wordpresss\/wp-json\/wp\/v2\/pages"}],"about":[{"href":"https:\/\/wpd.ugr.es\/~makerspace\/wordpresss\/wp-json\/wp\/v2\/types\/page"}],"author":[{"embeddable":true,"href":"https:\/\/wpd.ugr.es\/~makerspace\/wordpresss\/wp-json\/wp\/v2\/users\/1"}],"replies":[{"embeddable":true,"href":"https:\/\/wpd.ugr.es\/~makerspace\/wordpresss\/wp-json\/wp\/v2\/comments?post=203"}],"version-history":[{"count":3,"href":"https:\/\/wpd.ugr.es\/~makerspace\/wordpresss\/wp-json\/wp\/v2\/pages\/203\/revisions"}],"predecessor-version":[{"id":2458,"href":"https:\/\/wpd.ugr.es\/~makerspace\/wordpresss\/wp-json\/wp\/v2\/pages\/203\/revisions\/2458"}],"wp:attachment":[{"href":"https:\/\/wpd.ugr.es\/~makerspace\/wordpresss\/wp-json\/wp\/v2\/media?parent=203"}],"curies":[{"name":"wp","href":"https:\/\/api.w.org\/{rel}","templated":true}]}}