{"id":180,"date":"2017-05-30T08:40:29","date_gmt":"2017-05-30T08:40:29","guid":{"rendered":"http:\/\/wpd.ugr.es\/~marodri\/?page_id=180"},"modified":"2026-04-17T22:23:15","modified_gmt":"2026-04-17T22:23:15","slug":"people","status":"publish","type":"page","link":"https:\/\/wpd.ugr.es\/~marodri\/people\/","title":{"rendered":"Supervised PhDs"},"content":{"rendered":"\n<div style=\"max-width: 900px; margin: 40px auto; font-family: -apple-system, BlinkMacSystemFont, 'Segoe UI', Roboto, Helvetica, Arial, sans-serif;\">\n\n\n\n    <ul style=\"list-style: none; padding: 0; margin: 0; display: flex; flex-direction: column; gap: 15px;\">\n\n        <li style=\"padding: 15px 20px; border-left: 4px solid #1a365d; background-color: #f9f9f9; border-radius: 0 8px 8px 0; display: flex; justify-content: space-between; align-items: center; flex-wrap: wrap; gap: 15px; transition: transform 0.2s, box-shadow 0.2s;\">\n            <div style=\"flex: 1 1 60%; min-width: 250px;\">\n                <h4 style=\"margin: 0 0 5px 0; color: #1a365d; font-size: 1.1em; line-height: 1.4;\">Water and complex fluid drop dynamics on vibrating surfaces<\/h4>\n                <div style=\"color: #555; font-size: 0.95em;\">Schon G. Fusco<\/div>\n            <\/div>\n            <div style=\"display: flex; align-items: center; gap: 15px;\">\n                <span style=\"background: #e2e8f0; padding: 4px 10px; border-radius: 4px; font-size: 0.85em; font-weight: bold; color: #334155;\">2024<\/span>\n                <a href=\"https:\/\/hdl.handle.net\/10481\/97364\" target=\"_blank\" rel=\"noopener noreferrer\" style=\"background-color: #c62b2e; color: #ffffff; text-decoration: none; padding: 8px 15px; border-radius: 5px; font-size: 0.85em; font-weight: bold; white-space: nowrap;\">Document &rarr;<\/a>\n            <\/div>\n        <\/li>\n\n        <li style=\"padding: 15px 20px; border-left: 4px solid #1a365d; background-color: #f9f9f9; border-radius: 0 8px 8px 0; display: flex; justify-content: space-between; align-items: center; flex-wrap: wrap; gap: 15px; transition: transform 0.2s, box-shadow 0.2s;\">\n            <div style=\"flex: 1 1 60%; min-width: 250px;\">\n                <h4 style=\"margin: 0 0 5px 0; color: #1a365d; font-size: 1.1em; line-height: 1.4;\">Design and preparation of icephobic metal-based surfaces<\/h4>\n                <div style=\"color: #555; font-size: 0.95em;\">P. Francisco Ib\u00e1\u00f1ez Ib\u00e1\u00f1ez<\/div>\n            <\/div>\n            <div style=\"display: flex; align-items: center; gap: 15px;\">\n                <span style=\"background: #e2e8f0; padding: 4px 10px; border-radius: 4px; font-size: 0.85em; font-weight: bold; color: #334155;\">2021<\/span>\n                <a href=\"https:\/\/hdl.handle.net\/10481\/69649\" target=\"_blank\" rel=\"noopener noreferrer\" style=\"background-color: #c62b2e; color: #ffffff; text-decoration: none; padding: 8px 15px; border-radius: 5px; font-size: 0.85em; font-weight: bold; white-space: nowrap;\">Document &rarr;<\/a>\n            <\/div>\n        <\/li>\n\n        <li style=\"padding: 15px 20px; border-left: 4px solid #1a365d; background-color: #f9f9f9; border-radius: 0 8px 8px 0; display: flex; justify-content: space-between; align-items: center; flex-wrap: wrap; gap: 15px; transition: transform 0.2s, box-shadow 0.2s;\">\n            <div style=\"flex: 1 1 60%; min-width: 250px;\">\n                <h4 style=\"margin: 0 0 5px 0; color: #1a365d; font-size: 1.1em; line-height: 1.4;\">Interfacial characterization of heavy naphthenic bitumen for paving<\/h4>\n                <div style=\"color: #555; font-size: 0.95em;\">Felipe II Guerrero Barba<\/div>\n            <\/div>\n            <div style=\"display: flex; align-items: center; gap: 15px;\">\n                <span style=\"background: #e2e8f0; padding: 4px 10px; border-radius: 4px; font-size: 0.85em; font-weight: bold; color: #334155;\">2017<\/span>\n                <a href=\"https:\/\/hdl.handle.net\/10481\/48432\" target=\"_blank\" rel=\"noopener noreferrer\" style=\"background-color: #c62b2e; color: #ffffff; text-decoration: none; padding: 8px 15px; border-radius: 5px; font-size: 0.85em; font-weight: bold; white-space: nowrap;\">Document &rarr;<\/a>\n            <\/div>\n        <\/li>\n\n        <li style=\"padding: 15px 20px; border-left: 4px solid #1a365d; background-color: #f9f9f9; border-radius: 0 8px 8px 0; display: flex; justify-content: space-between; align-items: center; flex-wrap: wrap; gap: 15px; transition: transform 0.2s, box-shadow 0.2s;\">\n            <div style=\"flex: 1 1 60%; min-width: 250px;\">\n                <h4 style=\"margin: 0 0 5px 0; color: #1a365d; font-size: 1.1em; line-height: 1.4;\">Estudio de superficies texturizadas desde topograf\u00eda microm\u00e9trica a nanom\u00e9trica para aplicaciones bioadhesivas<\/h4>\n                <div style=\"color: #555; font-size: 0.95em;\">P.J. Ram\u00f3n Torregrosa<\/div>\n            <\/div>\n            <div style=\"display: flex; align-items: center; gap: 15px;\">\n                <span style=\"background: #e2e8f0; padding: 4px 10px; border-radius: 4px; font-size: 0.85em; font-weight: bold; color: #334155;\">2016<\/span>\n                <a href=\"https:\/\/hdl.handle.net\/10481\/43485\" target=\"_blank\" rel=\"noopener noreferrer\" style=\"background-color: #c62b2e; color: #ffffff; text-decoration: none; padding: 8px 15px; border-radius: 5px; font-size: 0.85em; font-weight: bold; white-space: nowrap;\">Document &rarr;<\/a>\n            <\/div>\n        <\/li>\n\n        <li style=\"padding: 15px 20px; border-left: 4px solid #1a365d; background-color: #f9f9f9; border-radius: 0 8px 8px 0; display: flex; justify-content: space-between; align-items: center; flex-wrap: wrap; gap: 15px; transition: transform 0.2s, box-shadow 0.2s;\">\n            <div style=\"flex: 1 1 60%; min-width: 250px;\">\n                <h4 style=\"margin: 0 0 5px 0; color: #1a365d; font-size: 1.1em; line-height: 1.4;\">Colloidal assembly by convective deposition. The role of electric charge, substrate wettability and particle density<\/h4>\n                <div style=\"color: #555; font-size: 0.95em;\">D. Noguera Mar\u00edn<\/div>\n            <\/div>\n            <div style=\"display: flex; align-items: center; gap: 15px;\">\n                <span style=\"background: #e2e8f0; padding: 4px 10px; border-radius: 4px; font-size: 0.85em; font-weight: bold; color: #334155;\">2015<\/span>\n                <a href=\"https:\/\/hdl.handle.net\/10481\/40011\" target=\"_blank\" rel=\"noopener noreferrer\" style=\"background-color: #c62b2e; color: #ffffff; text-decoration: none; padding: 8px 15px; border-radius: 5px; font-size: 0.85em; font-weight: bold; white-space: nowrap;\">Document &rarr;<\/a>\n            <\/div>\n        <\/li>\n\n        <li style=\"padding: 15px 20px; border-left: 4px solid #1a365d; background-color: #f9f9f9; border-radius: 0 8px 8px 0; display: flex; justify-content: space-between; align-items: center; flex-wrap: wrap; gap: 15px; transition: transform 0.2s, box-shadow 0.2s;\">\n            <div style=\"flex: 1 1 60%; min-width: 250px;\">\n                <h4 style=\"margin: 0 0 5px 0; color: #1a365d; font-size: 1.1em; line-height: 1.4;\">Physicochemical characterization of the interfacial behaviour of Janus nanoparticles<\/h4>\n                <div style=\"color: #555; font-size: 0.95em;\">M.A. Fernandez Rodriguez<\/div>\n            <\/div>\n            <div style=\"display: flex; align-items: center; gap: 15px;\">\n                <span style=\"background: #e2e8f0; padding: 4px 10px; border-radius: 4px; font-size: 0.85em; font-weight: bold; color: #334155;\">2015<\/span>\n                <a href=\"https:\/\/hdl.handle.net\/10481\/41244\" target=\"_blank\" rel=\"noopener noreferrer\" style=\"background-color: #c62b2e; color: #ffffff; text-decoration: none; padding: 8px 15px; border-radius: 5px; font-size: 0.85em; font-weight: bold; white-space: nowrap;\">Document &rarr;<\/a>\n            <\/div>\n        <\/li>\n\n        <li style=\"padding: 15px 20px; border-left: 4px solid #1a365d; background-color: #f9f9f9; border-radius: 0 8px 8px 0; display: flex; justify-content: space-between; align-items: center; flex-wrap: wrap; gap: 15px; transition: transform 0.2s, box-shadow 0.2s;\">\n            <div style=\"flex: 1 1 60%; min-width: 250px;\">\n                <h4 style=\"margin: 0 0 5px 0; color: #1a365d; font-size: 1.1em; line-height: 1.4;\">Osteoblastic cell response of biomimetic coatings formed on titanium surfaces mediated by self-assembled films<\/h4>\n                <div style=\"color: #555; font-size: 0.95em;\">A.Y. S\u00e1nchez Trevi\u00f1o<\/div>\n            <\/div>\n            <div style=\"display: flex; align-items: center; gap: 15px;\">\n                <span style=\"background: #e2e8f0; padding: 4px 10px; border-radius: 4px; font-size: 0.85em; font-weight: bold; color: #334155;\">2014<\/span>\n                <a href=\"https:\/\/hdl.handle.net\/10481\/34099\" target=\"_blank\" rel=\"noopener noreferrer\" style=\"background-color: #c62b2e; color: #ffffff; text-decoration: none; padding: 8px 15px; border-radius: 5px; font-size: 0.85em; font-weight: bold; white-space: nowrap;\">Document &rarr;<\/a>\n            <\/div>\n        <\/li>\n\n        <li style=\"padding: 15px 20px; border-left: 4px solid #1a365d; background-color: #f9f9f9; border-radius: 0 8px 8px 0; display: flex; justify-content: space-between; align-items: center; flex-wrap: wrap; gap: 15px; transition: transform 0.2s, box-shadow 0.2s;\">\n            <div style=\"flex: 1 1 60%; min-width: 250px;\">\n                <h4 style=\"margin: 0 0 5px 0; color: #1a365d; font-size: 1.1em; line-height: 1.4;\">Nanoparticle deposits formed at driven contact lines<\/h4>\n                <div style=\"color: #555; font-size: 0.95em;\">C.L. Moraila Mart\u00ednez<\/div>\n            <\/div>\n            <div style=\"display: flex; align-items: center; gap: 15px;\">\n                <span style=\"background: #e2e8f0; padding: 4px 10px; border-radius: 4px; font-size: 0.85em; font-weight: bold; color: #334155;\">2012<\/span>\n                <a href=\"https:\/\/hdl.handle.net\/10481\/23985\" target=\"_blank\" rel=\"noopener noreferrer\" style=\"background-color: #c62b2e; color: #ffffff; text-decoration: none; padding: 8px 15px; border-radius: 5px; font-size: 0.85em; font-weight: bold; white-space: nowrap;\">Document &rarr;<\/a>\n            <\/div>\n        <\/li>\n\n        <li style=\"padding: 15px 20px; border-left: 4px solid #1a365d; background-color: #f9f9f9; border-radius: 0 8px 8px 0; display: flex; justify-content: space-between; align-items: center; flex-wrap: wrap; gap: 15px; transition: transform 0.2s, box-shadow 0.2s;\">\n            <div style=\"flex: 1 1 60%; min-width: 250px;\">\n                <h4 style=\"margin: 0 0 5px 0; color: #1a365d; font-size: 1.1em; line-height: 1.4;\">Efecto de la rugosidad y heterogeneidad superficial en fen\u00f3menos de mojado<\/h4>\n                <div style=\"color: #555; font-size: 0.95em;\">F.J. Montes Ruiz-Cabello<\/div>\n            <\/div>\n            <div style=\"display: flex; align-items: center; gap: 15px;\">\n                <span style=\"background: #e2e8f0; padding: 4px 10px; border-radius: 4px; font-size: 0.85em; font-weight: bold; color: #334155;\">2009<\/span>\n                <a href=\"https:\/\/hdl.handle.net\/10481\/2413\" target=\"_blank\" rel=\"noopener noreferrer\" style=\"background-color: #c62b2e; color: #ffffff; text-decoration: none; padding: 8px 15px; border-radius: 5px; font-size: 0.85em; font-weight: bold; white-space: nowrap;\">Document &rarr;<\/a>\n            <\/div>\n        <\/li>\n\n        <li style=\"padding: 15px 20px; border-left: 4px solid #1a365d; background-color: #f9f9f9; border-radius: 0 8px 8px 0; display: flex; justify-content: space-between; align-items: center; flex-wrap: wrap; gap: 15px; transition: transform 0.2s, box-shadow 0.2s;\">\n            <div style=\"flex: 1 1 60%; min-width: 250px;\">\n                <h4 style=\"margin: 0 0 5px 0; color: #1a365d; font-size: 1.1em; line-height: 1.4;\">Caracterizaci\u00f3n superficial y evaluaci\u00f3n de la eficacia de los adhesivos autograbadores en dentina<\/h4>\n                <div style=\"color: #555; font-size: 0.95em;\">J.A. Aguilar Mendoza<\/div>\n            <\/div>\n            <div style=\"display: flex; align-items: center; gap: 15px;\">\n                <span style=\"background: #e2e8f0; padding: 4px 10px; border-radius: 4px; font-size: 0.85em; font-weight: bold; color: #334155;\">2005<\/span>\n                <a href=\"https:\/\/granatensis.ugr.es\/permalink\/34CBUA_UGR\/138nfak\/alma991002167589704990\" target=\"_blank\" rel=\"noopener noreferrer\" style=\"background-color: #c62b2e; color: #ffffff; text-decoration: none; padding: 8px 15px; border-radius: 5px; font-size: 0.85em; font-weight: bold; white-space: nowrap;\">Document &rarr;<\/a>\n            <\/div>\n        <\/li>\n\n        <li style=\"padding: 15px 20px; border-left: 4px solid #1a365d; background-color: #f9f9f9; border-radius: 0 8px 8px 0; display: flex; justify-content: space-between; align-items: center; flex-wrap: wrap; gap: 15px; transition: transform 0.2s, box-shadow 0.2s;\">\n            <div style=\"flex: 1 1 60%; min-width: 250px;\">\n                <h4 style=\"margin: 0 0 5px 0; color: #1a365d; font-size: 1.1em; line-height: 1.4;\">Mojado en condiciones de no-equilibrio sobre superficies reales<\/h4>\n                <div style=\"color: #555; font-size: 0.95em;\">P.M. Gea J\u00f3dar<\/div>\n            <\/div>\n            <div style=\"display: flex; align-items: center; gap: 15px;\">\n                <span style=\"background: #e2e8f0; padding: 4px 10px; border-radius: 4px; font-size: 0.85em; font-weight: bold; color: #334155;\">2005<\/span>\n                <a href=\"https:\/\/hdl.handle.net\/10481\/939\" target=\"_blank\" rel=\"noopener noreferrer\" style=\"background-color: #c62b2e; color: #ffffff; text-decoration: none; padding: 8px 15px; border-radius: 5px; font-size: 0.85em; font-weight: bold; white-space: nowrap;\">Document &rarr;<\/a>\n            <\/div>\n        <\/li>\n\n    <\/ul>\n<\/div>\n","protected":false},"excerpt":{"rendered":"<p>Water and complex fluid drop dynamics on vibrating surfaces Schon G. Fusco 2024 Document &rarr; Design and preparation of icephobic metal-based surfaces P. Francisco Ib\u00e1\u00f1ez Ib\u00e1\u00f1ez 2021 Document &rarr; Interfacial characterization of heavy naphthenic bitumen for paving Felipe II Guerrero Barba 2017 Document &rarr; Estudio de superficies texturizadas desde topograf\u00eda microm\u00e9trica a nanom\u00e9trica para aplicaciones [&hellip;]<\/p>\n","protected":false},"author":1,"featured_media":0,"parent":0,"menu_order":0,"comment_status":"closed","ping_status":"closed","template":"","meta":{"footnotes":""},"class_list":["post-180","page","type-page","status-publish","hentry"],"_links":{"self":[{"href":"https:\/\/wpd.ugr.es\/~marodri\/wp-json\/wp\/v2\/pages\/180","targetHints":{"allow":["GET"]}}],"collection":[{"href":"https:\/\/wpd.ugr.es\/~marodri\/wp-json\/wp\/v2\/pages"}],"about":[{"href":"https:\/\/wpd.ugr.es\/~marodri\/wp-json\/wp\/v2\/types\/page"}],"author":[{"embeddable":true,"href":"https:\/\/wpd.ugr.es\/~marodri\/wp-json\/wp\/v2\/users\/1"}],"replies":[{"embeddable":true,"href":"https:\/\/wpd.ugr.es\/~marodri\/wp-json\/wp\/v2\/comments?post=180"}],"version-history":[{"count":6,"href":"https:\/\/wpd.ugr.es\/~marodri\/wp-json\/wp\/v2\/pages\/180\/revisions"}],"predecessor-version":[{"id":426,"href":"https:\/\/wpd.ugr.es\/~marodri\/wp-json\/wp\/v2\/pages\/180\/revisions\/426"}],"wp:attachment":[{"href":"https:\/\/wpd.ugr.es\/~marodri\/wp-json\/wp\/v2\/media?parent=180"}],"curies":[{"name":"wp","href":"https:\/\/api.w.org\/{rel}","templated":true}]}}