{"id":29,"date":"2017-05-29T14:45:30","date_gmt":"2017-05-29T14:45:30","guid":{"rendered":"http:\/\/wpd.ugr.es\/~marodri\/?page_id=29"},"modified":"2026-04-19T22:26:31","modified_gmt":"2026-04-19T22:26:31","slug":"emulsions","status":"publish","type":"page","link":"https:\/\/wpd.ugr.es\/~marodri\/research\/emulsions\/","title":{"rendered":"Emulsions for waterproofing and road paving"},"content":{"rendered":"\n<div style=\"max-width: 900px; margin: 40px auto; font-family: -apple-system, BlinkMacSystemFont, 'Segoe UI', Roboto, Helvetica, Arial, sans-serif;\">\n\n    <h3 style=\"color: #1a365d; border-bottom: 2px solid #c62b2e; padding-bottom: 10px; margin-bottom: 25px; font-size: 1.5em; font-weight: bold;\">\n        Peer-reviewed international publications\n    <\/h3>\n\n    <ul style=\"list-style: none; padding: 0; margin: 0 0 50px 0; display: flex; flex-direction: column; gap: 15px;\">\n        \n        <li style=\"padding: 15px 20px; border-left: 4px solid #1a365d; background-color: #f9f9f9; border-radius: 0 8px 8px 0; display: flex; justify-content: space-between; align-items: center; flex-wrap: wrap; gap: 15px; transition: transform 0.2s, box-shadow 0.2s;\">\n            <div style=\"flex: 1 1 60%; min-width: 250px;\">\n                <h4 style=\"margin: 0 0 5px 0; color: #1a365d; font-size: 1.1em; line-height: 1.4;\">Bitumen spreading on calcareous aggregates at high temperature<\/h4>\n                <div style=\"color: #555; font-size: 0.95em;\">Felipe II Guerrero-Barba, Miguel A. Cabrerizo V\u00edlchez and <strong>M. A. Rodr\u00edguez-Valverde<\/strong> &bull; <em>J Mater Sci<\/em>, 49:7723\u20137729<\/div>\n            <\/div>\n            <div style=\"display: flex; align-items: center; gap: 12px; flex-wrap: wrap;\">\n                <span style=\"background: #e2e8f0; padding: 4px 10px; border-radius: 4px; font-size: 0.85em; font-weight: bold; color: #334155;\">2014<\/span>\n                <a href=\"https:\/\/doi.org\/10.1007\/S10853-014-8482-Y\" target=\"_blank\" rel=\"noopener noreferrer\" style=\"background-color: #c62b2e; color: #ffffff; text-decoration: none; padding: 8px 15px; border-radius: 5px; font-size: 0.85em; font-weight: bold; white-space: nowrap;\">Editorial<\/a>\n            <\/div>\n        <\/li>\n\n        <li style=\"padding: 15px 20px; border-left: 4px solid #1a365d; background-color: #f9f9f9; border-radius: 0 8px 8px 0; display: flex; justify-content: space-between; align-items: center; flex-wrap: wrap; gap: 15px; transition: transform 0.2s, box-shadow 0.2s;\">\n            <div style=\"flex: 1 1 60%; min-width: 250px;\">\n                <h4 style=\"margin: 0 0 5px 0; color: #1a365d; font-size: 1.1em; line-height: 1.4;\">Interfacial energy of heavy naphthenic bitumen in aqueous medium<\/h4>\n                <div style=\"color: #555; font-size: 0.95em;\">Felipe II Guerrero-Barba, Carmen L. Moraila-Mart\u00ednez, Didier Lesueur, M.A. Cabrerizo-V\u00edlchez and <strong>M.A. Rodr\u00edguez-Valverde<\/strong> &bull; <em>Fuel<\/em>, 112, 45\u201349<\/div>\n            <\/div>\n            <div style=\"display: flex; align-items: center; gap: 12px; flex-wrap: wrap;\">\n                <span style=\"background: #e2e8f0; padding: 4px 10px; border-radius: 4px; font-size: 0.85em; font-weight: bold; color: #334155;\">2013<\/span>\n                <a href=\"https:\/\/doi.org\/10.1016\/J.FUEL.2013.04.086\" target=\"_blank\" rel=\"noopener noreferrer\" style=\"background-color: #c62b2e; color: #ffffff; text-decoration: none; padding: 8px 15px; border-radius: 5px; font-size: 0.85em; font-weight: bold; white-space: nowrap;\">Editorial<\/a>\n            <\/div>\n        <\/li>\n\n        <li style=\"padding: 15px 20px; border-left: 4px solid #1a365d; background-color: #f9f9f9; border-radius: 0 8px 8px 0; display: flex; justify-content: space-between; align-items: center; flex-wrap: wrap; gap: 15px; transition: transform 0.2s, box-shadow 0.2s;\">\n            <div style=\"flex: 1 1 60%; min-width: 250px;\">\n                <h4 style=\"margin: 0 0 5px 0; color: #1a365d; font-size: 1.1em; line-height: 1.4;\">Imaging techniques applied to characterize bitumen and bituminous emulsions<\/h4>\n                <div style=\"color: #555; font-size: 0.95em;\"><strong>M.A. Rodr\u00edguez-Valverde<\/strong>, P. J. Ram\u00f3n-Torregrosa, A. P\u00e1ez-Due\u00f1as, M.A. Cabrerizo-V\u00edlchez and R. Hidalgo-\u00c1lvarez &bull; <em>Advances in Colloid and Interface Science<\/em>, 136, 93-108<\/div>\n            <\/div>\n            <div style=\"display: flex; align-items: center; gap: 12px; flex-wrap: wrap;\">\n                <span style=\"background: #e2e8f0; padding: 4px 10px; border-radius: 4px; font-size: 0.85em; font-weight: bold; color: #334155;\">2008<\/span>\n                <a href=\"https:\/\/doi.org\/10.1016\/J.CIS.2007.07.008\" target=\"_blank\" rel=\"noopener noreferrer\" style=\"background-color: #c62b2e; color: #ffffff; text-decoration: none; padding: 8px 15px; border-radius: 5px; font-size: 0.85em; font-weight: bold; white-space: nowrap;\">Editorial<\/a>\n            <\/div>\n        <\/li>\n\n        <li style=\"padding: 15px 20px; border-left: 4px solid #1a365d; background-color: #f9f9f9; border-radius: 0 8px 8px 0; display: flex; justify-content: space-between; align-items: center; flex-wrap: wrap; gap: 15px; transition: transform 0.2s, box-shadow 0.2s;\">\n            <div style=\"flex: 1 1 60%; min-width: 250px;\">\n                <h4 style=\"margin: 0 0 5px 0; color: #1a365d; font-size: 1.1em; line-height: 1.4;\">Stabilization of paraffin emulsions used in the manufacture of chipboard panels by liquid crystalline phases<\/h4>\n                <div style=\"color: #555; font-size: 0.95em;\">R. M\u00fajica Garai, et al. &bull; <em>Journal of Dispersion Science and Technology<\/em>, 28(6), 829-836<\/div>\n            <\/div>\n            <div style=\"display: flex; align-items: center; gap: 12px; flex-wrap: wrap;\">\n                <span style=\"background: #e2e8f0; padding: 4px 10px; border-radius: 4px; font-size: 0.85em; font-weight: bold; color: #334155;\">2007<\/span>\n                <a href=\"https:\/\/doi.org\/10.1080\/01932690701341777\" target=\"_blank\" rel=\"noopener noreferrer\" style=\"background-color: #c62b2e; color: #ffffff; text-decoration: none; padding: 8px 15px; border-radius: 5px; font-size: 0.85em; font-weight: bold; white-space: nowrap;\">Editorial<\/a>\n            <\/div>\n        <\/li>\n\n        <li style=\"padding: 15px 20px; border-left: 4px solid #1a365d; background-color: #f9f9f9; border-radius: 0 8px 8px 0; display: flex; justify-content: space-between; align-items: center; flex-wrap: wrap; gap: 15px; transition: transform 0.2s, box-shadow 0.2s;\">\n            <div style=\"flex: 1 1 60%; min-width: 250px;\">\n                <h4 style=\"margin: 0 0 5px 0; color: #1a365d; font-size: 1.1em; line-height: 1.4;\">Influence of oil content in paraffins on the behaviour of wax-emulsions: wetting and rheology<\/h4>\n                <div style=\"color: #555; font-size: 0.95em;\"><strong>M.A. Rodr\u00edguez Valverde<\/strong>, et al. &bull; <em>Journal of Dispersion Science and Technology<\/em>, 27(2), 155-163<\/div>\n            <\/div>\n            <div style=\"display: flex; align-items: center; gap: 12px; flex-wrap: wrap;\">\n                <span style=\"background: #e2e8f0; padding: 4px 10px; border-radius: 4px; font-size: 0.85em; font-weight: bold; color: #334155;\">2006<\/span>\n                <a href=\"https:\/\/doi.org\/10.1080\/01932690500265672\" target=\"_blank\" rel=\"noopener noreferrer\" style=\"background-color: #c62b2e; color: #ffffff; text-decoration: none; padding: 8px 15px; border-radius: 5px; font-size: 0.85em; font-weight: bold; white-space: nowrap;\">Editorial<\/a>\n            <\/div>\n        <\/li>\n\n        <li style=\"padding: 15px 20px; border-left: 4px solid #1a365d; background-color: #f9f9f9; border-radius: 0 8px 8px 0; display: flex; justify-content: space-between; align-items: center; flex-wrap: wrap; gap: 15px; transition: transform 0.2s, box-shadow 0.2s;\">\n            <div style=\"flex: 1 1 60%; min-width: 250px;\">\n                <h4 style=\"margin: 0 0 5px 0; color: #1a365d; font-size: 1.1em; line-height: 1.4;\">Study on the effect of raw material composition on water-repellent capacity of paraffin wax emulsions on wood<\/h4>\n                <div style=\"color: #555; font-size: 0.95em;\">R. Mujika Garai, et al. &bull; <em>Journal of Dispersion Science and Technology<\/em>, 26(1), 9-18<\/div>\n            <\/div>\n            <div style=\"display: flex; align-items: center; gap: 12px; flex-wrap: wrap;\">\n                <span style=\"background: #e2e8f0; padding: 4px 10px; border-radius: 4px; font-size: 0.85em; font-weight: bold; color: #334155;\">2005<\/span>\n                <a href=\"https:\/\/doi.org\/10.1081\/DIS-200040182\" target=\"_blank\" rel=\"noopener noreferrer\" style=\"background-color: #c62b2e; color: #ffffff; text-decoration: none; padding: 8px 15px; border-radius: 5px; font-size: 0.85em; font-weight: bold; white-space: nowrap;\">Editorial<\/a>\n            <\/div>\n        <\/li>\n\n        <li style=\"padding: 15px 20px; border-left: 4px solid #1a365d; background-color: #f9f9f9; border-radius: 0 8px 8px 0; display: flex; justify-content: space-between; align-items: center; flex-wrap: wrap; gap: 15px; transition: transform 0.2s, box-shadow 0.2s;\">\n            <div style=\"flex: 1 1 60%; min-width: 250px;\">\n                <h4 style=\"margin: 0 0 5px 0; color: #1a365d; font-size: 1.1em; line-height: 1.4;\">Stability of highly charged particles: bitumen-in-water dispersions<\/h4>\n                <div style=\"color: #555; font-size: 0.95em;\"><strong>M.A. Rodr\u00edguez Valverde<\/strong>, M.A. Cabrerizo V\u00edlchez, A. P\u00e1ez Due\u00f1as and R. Hidalgo \u00c1lvarez &bull; <em>Colloids Surf. A: Physicochem. Eng. Aspects<\/em>, 222, 233-251<\/div>\n            <\/div>\n            <div style=\"display: flex; align-items: center; gap: 12px; flex-wrap: wrap;\">\n                <span style=\"background: #e2e8f0; padding: 4px 10px; border-radius: 4px; font-size: 0.85em; font-weight: bold; color: #334155;\">2003<\/span>\n                <a href=\"https:\/\/doi.org\/10.1016\/S0927-7757(03)00228-0\" target=\"_blank\" rel=\"noopener noreferrer\" style=\"background-color: #c62b2e; color: #ffffff; text-decoration: none; padding: 8px 15px; border-radius: 5px; font-size: 0.85em; font-weight: bold; white-space: nowrap;\">Editorial<\/a>\n            <\/div>\n        <\/li>\n    <\/ul>\n\n    <h3 style=\"color: #1a365d; border-bottom: 2px solid #c62b2e; padding-bottom: 10px; margin-bottom: 25px; font-size: 1.5em; font-weight: bold;\">\n        Peer-reviewed book chapters\/proceedings\n    <\/h3>\n\n    <ul style=\"list-style: none; padding: 0; margin: 0 0 50px 0; display: flex; flex-direction: column; gap: 15px;\">\n        \n        <li style=\"padding: 15px 20px; border-left: 4px solid #1a365d; background-color: #f9f9f9; border-radius: 0 8px 8px 0; display: flex; justify-content: space-between; align-items: center; flex-wrap: wrap; gap: 15px; transition: transform 0.2s, box-shadow 0.2s;\">\n            <div style=\"flex: 1 1 60%; min-width: 250px;\">\n                <h4 style=\"margin: 0 0 5px 0; color: #1a365d; font-size: 1.1em; line-height: 1.4;\">Adsorption Isotherms of cationic surfactants on bitumen films studied using Axisymmetric Drop Shape Analysis<\/h4>\n                <div style=\"color: #555; font-size: 0.95em;\"><strong>M.A. Rodr\u00edguez Valverde<\/strong>, A. P\u00e1ez Due\u00f1as, M.A. Cabrerizo V\u00edlchez and R. Hidalgo \u00c1lvarez &bull; <em>Contact Angle, Wettability and Adhesion<\/em>, Vol. 3, 441-462<\/div>\n                <div style=\"font-size: 0.85em; color: #777; margin-top: 5px;\">Ed. K.L. Mittal. VSP &bull; ISBN: 90-6764-391-2<\/div>\n            <\/div>\n            <div style=\"display: flex; align-items: center; gap: 12px; flex-wrap: wrap;\">\n                <span style=\"background: #e2e8f0; padding: 4px 10px; border-radius: 4px; font-size: 0.85em; font-weight: bold; color: #334155;\">2003<\/span>\n                <a href=\"http:\/\/www.knovel.com\/web\/portal\/browse\/display?_EXT_KNOVEL_DISPLAY_bookid=1568\" target=\"_blank\" rel=\"noopener noreferrer\" style=\"background-color: #c62b2e; color: #ffffff; text-decoration: none; padding: 8px 15px; border-radius: 5px; font-size: 0.85em; font-weight: bold; white-space: nowrap;\">Editorial<\/a>\n            <\/div>\n        <\/li>\n    <\/ul>\n\n    <h3 style=\"color: #1a365d; border-bottom: 2px solid #c62b2e; padding-bottom: 10px; margin-bottom: 25px; font-size: 1.5em; font-weight: bold;\">\n        National publications\n    <\/h3>\n\n    <ul style=\"list-style: none; padding: 0; margin: 0 0 50px 0; display: flex; flex-direction: column; gap: 15px;\">\n        \n        <li style=\"padding: 15px 20px; border-left: 4px solid #1a365d; background-color: #f9f9f9; border-radius: 0 8px 8px 0; display: flex; justify-content: space-between; align-items: center; flex-wrap: wrap; gap: 15px; transition: transform 0.2s, box-shadow 0.2s;\">\n            <div style=\"flex: 1 1 60%; min-width: 250px;\">\n                <h4 style=\"margin: 0 0 5px 0; color: #1a365d; font-size: 1.1em; line-height: 1.4;\">Velocidad de rotura de las emulsiones bituminosas en contacto con \u00e1ridos<\/h4>\n                <div style=\"color: #555; font-size: 0.95em;\"><strong>M.A. Rodr\u00edguez Valverde<\/strong>, A. P\u00e1ez Due\u00f1as, M.A. Cabrerizo V\u00edlchez y R. Hidalgo \u00c1lvarez &bull; <em>Carreteras<\/em>, 130, 22-31<\/div>\n            <\/div>\n            <div style=\"display: flex; align-items: center; gap: 12px; flex-wrap: wrap;\">\n                <span style=\"background: #e2e8f0; padding: 4px 10px; border-radius: 4px; font-size: 0.85em; font-weight: bold; color: #334155;\">2003<\/span>\n                <a href=\"http:\/\/www.aecarretera.com\/servicios\/publicaciones\/revista-carreteras\/articulos-publicados\/173-revista-carreteras-n-130\/1183-velocidad-de-rotura-de-las-emulsiones-bituminosas-en-contacto-con-aridos\" target=\"_blank\" rel=\"noopener noreferrer\" style=\"background-color: #c62b2e; color: #ffffff; text-decoration: none; padding: 8px 15px; border-radius: 5px; font-size: 0.85em; font-weight: bold; white-space: nowrap;\">Editorial<\/a>\n            <\/div>\n        <\/li>\n    <\/ul>\n\n    <h3 style=\"color: #1a365d; border-bottom: 2px solid #c62b2e; padding-bottom: 10px; margin-bottom: 25px; font-size: 1.5em; font-weight: bold;\">\n        Projects (partners) \/ Contracts with industry\n    <\/h3>\n\n    <ul style=\"list-style: none; padding: 0; margin: 0; display: flex; flex-direction: column; gap: 15px;\">\n        \n        <li style=\"padding: 15px 20px; border-left: 4px solid #1a365d; background-color: #f9f9f9; border-radius: 0 8px 8px 0; display: flex; justify-content: space-between; align-items: center; flex-wrap: wrap; gap: 15px; transition: transform 0.2s, box-shadow 0.2s;\">\n            <div style=\"flex: 1 1 60%; min-width: 250px;\">\n                <h4 style=\"margin: 0 0 5px 0; color: #1a365d; font-size: 1.1em; line-height: 1.4;\">Influencia del tratamiento t\u00e9rmico en la capacidad impermeabilizante de las emulsiones de parafina<\/h4>\n                <div style=\"color: #555; font-size: 0.95em;\"><em>MEC, ref. PET2005_0548_00<\/em> &bull; National programme PETRI<\/div>\n            <\/div>\n            <div style=\"display: flex; align-items: center; gap: 12px; flex-wrap: wrap;\">\n                <span style=\"background: #e2e8f0; padding: 4px 10px; border-radius: 4px; font-size: 0.85em; font-weight: bold; color: #334155;\">2006 &#8211; 2008<\/span>\n            <\/div>\n        <\/li>\n\n        <li style=\"padding: 15px 20px; border-left: 4px solid #1a365d; background-color: #f9f9f9; border-radius: 0 8px 8px 0; display: flex; justify-content: space-between; align-items: center; flex-wrap: wrap; gap: 15px; transition: transform 0.2s, box-shadow 0.2s;\">\n            <div style=\"flex: 1 1 60%; min-width: 250px;\">\n                <h4 style=\"margin: 0 0 5px 0; color: #1a365d; font-size: 1.1em; line-height: 1.4;\">Development of a novel industrial process for production of micronized bituminous emulsions<\/h4>\n                <div style=\"color: #555; font-size: 0.95em;\"><em>CDTI, ref. 200440702<\/em> &bull; Industrial project of technological development<\/div>\n            <\/div>\n            <div style=\"display: flex; align-items: center; gap: 12px; flex-wrap: wrap;\">\n                <span style=\"background: #e2e8f0; padding: 4px 10px; border-radius: 4px; font-size: 0.85em; font-weight: bold; color: #334155;\">2004 &#8211; 2005<\/span>\n            <\/div>\n        <\/li>\n\n        <li style=\"padding: 15px 20px; border-left: 4px solid #1a365d; background-color: #f9f9f9; border-radius: 0 8px 8px 0; display: flex; justify-content: space-between; align-items: center; flex-wrap: wrap; gap: 15px; transition: transform 0.2s, box-shadow 0.2s;\">\n            <div style=\"flex: 1 1 60%; min-width: 250px;\">\n                <h4 style=\"margin: 0 0 5px 0; color: #1a365d; font-size: 1.1em; line-height: 1.4;\">Feasibility for semi-industrial production of micronized bituminous emulsions<\/h4>\n                <div style=\"color: #555; font-size: 0.95em;\"><em>MCYT, ref. PTQ2004-1211<\/em> &bull; Spanish program &#8220;Torres Quevedo&#8221;<\/div>\n            <\/div>\n            <div style=\"display: flex; align-items: center; gap: 12px; flex-wrap: wrap;\">\n                <span style=\"background: #e2e8f0; padding: 4px 10px; border-radius: 4px; font-size: 0.85em; font-weight: bold; color: #334155;\">2005 &#8211; 2006<\/span>\n            <\/div>\n        <\/li>\n\n        <li style=\"padding: 15px 20px; border-left: 4px solid #1a365d; background-color: #f9f9f9; border-radius: 0 8px 8px 0; display: flex; justify-content: space-between; align-items: center; flex-wrap: wrap; gap: 15px; transition: transform 0.2s, box-shadow 0.2s;\">\n            <div style=\"flex: 1 1 60%; min-width: 250px;\">\n                <h4 style=\"margin: 0 0 5px 0; color: #1a365d; font-size: 1.1em; line-height: 1.4;\">Influence of crude origin in cationic bitumen emulsions<\/h4>\n                <div style=\"color: #555; font-size: 0.95em;\"><em>Junta de Andalucia<\/em> &bull; Industrial cooperation project<\/div>\n            <\/div>\n            <div style=\"display: flex; align-items: center; gap: 12px; flex-wrap: wrap;\">\n                <span style=\"background: #e2e8f0; padding: 4px 10px; border-radius: 4px; font-size: 0.85em; font-weight: bold; color: #334155;\">2002 &#8211; 2003<\/span>\n            <\/div>\n        <\/li>\n\n        <li style=\"padding: 15px 20px; border-left: 4px solid #1a365d; background-color: #f9f9f9; border-radius: 0 8px 8px 0; display: flex; justify-content: space-between; align-items: center; flex-wrap: wrap; gap: 15px; transition: transform 0.2s, box-shadow 0.2s;\">\n            <div style=\"flex: 1 1 60%; min-width: 250px;\">\n                <h4 style=\"margin: 0 0 5px 0; color: #1a365d; font-size: 1.1em; line-height: 1.4;\">Physical-Chemical Aspects of cationic bituminous emulsions<\/h4>\n                <div style=\"color: #555; font-size: 0.95em;\"><em>ERDF, ref. 1FD97-0608<\/em> &bull; Programme ITY 1998-2001<\/div>\n            <\/div>\n            <div style=\"display: flex; align-items: center; gap: 12px; flex-wrap: wrap;\">\n                <span style=\"background: #e2e8f0; padding: 4px 10px; border-radius: 4px; font-size: 0.85em; font-weight: bold; color: #334155;\">1998 &#8211; 2001<\/span>\n            <\/div>\n        <\/li>\n    <\/ul>\n\n<\/div>\n","protected":false},"excerpt":{"rendered":"<p>Peer-reviewed international publications Bitumen spreading on calcareous aggregates at high temperature Felipe II Guerrero-Barba, Miguel A. Cabrerizo V\u00edlchez and M. A. Rodr\u00edguez-Valverde &bull; J Mater Sci, 49:7723\u20137729 2014 Editorial Interfacial energy of heavy naphthenic bitumen in aqueous medium Felipe II Guerrero-Barba, Carmen L. Moraila-Mart\u00ednez, Didier Lesueur, M.A. Cabrerizo-V\u00edlchez and M.A. Rodr\u00edguez-Valverde &bull; Fuel, 112, 45\u201349 [&hellip;]<\/p>\n","protected":false},"author":1,"featured_media":0,"parent":105,"menu_order":4,"comment_status":"closed","ping_status":"closed","template":"","meta":{"footnotes":""},"class_list":["post-29","page","type-page","status-publish","hentry"],"_links":{"self":[{"href":"https:\/\/wpd.ugr.es\/~marodri\/wp-json\/wp\/v2\/pages\/29","targetHints":{"allow":["GET"]}}],"collection":[{"href":"https:\/\/wpd.ugr.es\/~marodri\/wp-json\/wp\/v2\/pages"}],"about":[{"href":"https:\/\/wpd.ugr.es\/~marodri\/wp-json\/wp\/v2\/types\/page"}],"author":[{"embeddable":true,"href":"https:\/\/wpd.ugr.es\/~marodri\/wp-json\/wp\/v2\/users\/1"}],"replies":[{"embeddable":true,"href":"https:\/\/wpd.ugr.es\/~marodri\/wp-json\/wp\/v2\/comments?post=29"}],"version-history":[{"count":6,"href":"https:\/\/wpd.ugr.es\/~marodri\/wp-json\/wp\/v2\/pages\/29\/revisions"}],"predecessor-version":[{"id":501,"href":"https:\/\/wpd.ugr.es\/~marodri\/wp-json\/wp\/v2\/pages\/29\/revisions\/501"}],"up":[{"embeddable":true,"href":"https:\/\/wpd.ugr.es\/~marodri\/wp-json\/wp\/v2\/pages\/105"}],"wp:attachment":[{"href":"https:\/\/wpd.ugr.es\/~marodri\/wp-json\/wp\/v2\/media?parent=29"}],"curies":[{"name":"wp","href":"https:\/\/api.w.org\/{rel}","templated":true}]}}