{"id":33,"date":"2017-05-29T14:47:18","date_gmt":"2017-05-29T14:47:18","guid":{"rendered":"http:\/\/wpd.ugr.es\/~marodri\/?page_id=33"},"modified":"2026-04-18T09:43:33","modified_gmt":"2026-04-18T09:43:33","slug":"teaching","status":"publish","type":"page","link":"https:\/\/wpd.ugr.es\/~marodri\/teaching\/","title":{"rendered":"Physics teaching"},"content":{"rendered":"\n<figure class=\"wp-block-gallery has-nested-images columns-default is-cropped wp-block-gallery-1 is-layout-flex wp-block-gallery-is-layout-flex\">\n<figure class=\"wp-block-image aligncenter is-resized\"><img decoding=\"async\" src=\"https:\/\/wpd.ugr.es\/~marodri\/wp-content\/uploads\/2023\/02\/FFI.bmp\" alt=\"\" style=\"width:276px;height:auto\"\/><\/figure>\n\n\n\n<figure class=\"wp-block-image is-resized\"><a href=\"http:\/\/editorialtecnica.libreriafleming.com\/libreria\/product_info.php?products_id=126706\" target=\"_blank\" rel=\"noopener\"><img decoding=\"async\" src=\"https:\/\/wpd.ugr.es\/~marodri\/wp-content\/uploads\/2023\/02\/Portada-Mecanica-y-Ondas.png\" alt=\"\" style=\"aspect-ratio:0.6987760852337765;width:284px;height:auto\"\/><\/a><\/figure>\n<\/figure>\n\n\n\n<ul style=\"list-style: none; padding: 0; margin: 0; display: flex; flex-direction: column; gap: 15px; font-family: -apple-system, BlinkMacSystemFont, 'Segoe UI', Roboto, Helvetica, Arial, sans-serif;\">\n\n    <li style=\"padding: 15px 20px; border-left: 4px solid #1a365d; background-color: #f9f9f9; border-radius: 0 8px 8px 0; display: flex; justify-content: space-between; align-items: center; flex-wrap: wrap; gap: 15px; transition: transform 0.2s, box-shadow 0.2s;\">\n        <div style=\"flex: 1 1 60%; min-width: 250px;\">\n            <h4 style=\"margin: 0 0 5px 0; color: #1a365d; font-size: 1.1em; line-height: 1.4;\">Mec\u00e1nica y Ondas &#8211; para f\u00edsicxs sin pretensiones<\/h4>\n            <div style=\"color: #555; font-size: 0.95em; line-height: 1.5;\">\n                Miguel \u00c1ngel Rodr\u00edguez Valverde<br>\n                <em>Editorial T\u00e9cnica AVICAM<\/em> &bull; <span style=\"font-size: 0.9em; color: #777;\">ISBN: 978-84-10081-49-9<\/span>\n            <\/div>\n        <\/div>\n        <div style=\"display: flex; align-items: center; gap: 12px; flex-wrap: wrap;\">\n            <span style=\"background: #e2e8f0; padding: 4px 10px; border-radius: 4px; font-size: 0.85em; font-weight: bold; color: #334155;\">2024<\/span>\n        <\/div>\n    <\/li>\n\n    <li style=\"padding: 15px 20px; border-left: 4px solid #1a365d; background-color: #f9f9f9; border-radius: 0 8px 8px 0; display: flex; justify-content: space-between; align-items: center; flex-wrap: wrap; gap: 15px; transition: transform 0.2s, box-shadow 0.2s;\">\n        <div style=\"flex: 1 1 60%; min-width: 250px;\">\n            <h4 style=\"margin: 0 0 5px 0; color: #1a365d; font-size: 1.1em; line-height: 1.4;\">Fundamentos F\u00edsicos de la Ingenier\u00eda<\/h4>\n            <div style=\"color: #555; font-size: 0.95em; line-height: 1.5;\">\n                David Blanco Navarro, Alberto Mart\u00edn Molina y Miguel \u00c1ngel Rodr\u00edguez Valverde<br>\n                <em>Editorial T\u00e9cnica AVICAM<\/em> &bull; <span style=\"font-size: 0.9em; color: #777;\">ISBN: 978-84-943533-4-5<\/span>\n            <\/div>\n        <\/div>\n        <div style=\"display: flex; align-items: center; gap: 12px; flex-wrap: wrap;\">\n            <span style=\"background: #e2e8f0; padding: 4px 10px; border-radius: 4px; font-size: 0.85em; font-weight: bold; color: #334155;\">2015<\/span>\n            <a href=\"https:\/\/dialnet.unirioja.es\/servlet\/libro?codigo=765184\" target=\"_blank\" rel=\"noopener noreferrer\" style=\"background-color: #c62b2e; color: #ffffff; text-decoration: none; padding: 8px 15px; border-radius: 5px; font-size: 0.85em; font-weight: bold; white-space: nowrap;\">Ver Libro &rarr;<\/a>\n        <\/div>\n    <\/li>\n\n    <li style=\"padding: 15px 20px; border-left: 4px solid #1a365d; background-color: #f9f9f9; border-radius: 0 8px 8px 0; display: flex; justify-content: space-between; align-items: center; flex-wrap: wrap; gap: 15px; transition: transform 0.2s, box-shadow 0.2s;\">\n        <div style=\"flex: 1 1 60%; min-width: 250px;\">\n            <h4 style=\"margin: 0 0 5px 0; color: #1a365d; font-size: 1.1em; line-height: 1.4;\">\ud83d\udda5\ufe0f Teaching Innovation Portal<\/h4>\n            <div style=\"color: #555; font-size: 0.95em; line-height: 1.5;\">\n                Resources for University Physics education.\n            <\/div>\n        <\/div>\n        <div style=\"display: flex; align-items: center; gap: 12px; flex-wrap: wrap;\">\n            <span style=\"background: #e2e8f0; padding: 4px 10px; border-radius: 4px; font-size: 0.85em; font-weight: bold; color: #334155;\">Online<\/span>\n            <a href=\"http:\/\/eppursimuove.ugr.es\/\" target=\"_blank\" rel=\"noopener noreferrer\" style=\"background-color: #c62b2e; color: #ffffff; text-decoration: none; padding: 8px 15px; border-radius: 5px; font-size: 0.85em; font-weight: bold; white-space: nowrap;\">Visitar Web &rarr;<\/a>\n        <\/div>\n    <\/li>\n\n    <li style=\"padding: 15px 20px; border-left: 4px solid #1a365d; background-color: #f9f9f9; border-radius: 0 8px 8px 0; display: flex; justify-content: space-between; align-items: center; flex-wrap: wrap; gap: 15px; transition: transform 0.2s, box-shadow 0.2s;\">\n        <div style=\"flex: 1 1 60%; min-width: 250px;\">\n            <h4 style=\"margin: 0 0 5px 0; color: #1a365d; font-size: 1.1em; line-height: 1.4;\">\u270d\ufe0f Blog: F\u00edsica Comprimida<\/h4>\n            <div style=\"color: #555; font-size: 0.95em; line-height: 1.5;\">\n                Personal blog for physics insights and outreach.\n            <\/div>\n        <\/div>\n        <div style=\"display: flex; align-items: center; gap: 12px; flex-wrap: wrap;\">\n            <span style=\"background: #e2e8f0; padding: 4px 10px; border-radius: 4px; font-size: 0.85em; font-weight: bold; color: #334155;\">Online<\/span>\n            <a href=\"https:\/\/blogs.ugr.es\/physics-zip\/\" target=\"_blank\" rel=\"noopener noreferrer\" style=\"background-color: #c62b2e; color: #ffffff; text-decoration: none; padding: 8px 15px; border-radius: 5px; font-size: 0.85em; font-weight: bold; white-space: nowrap;\">Visitar Blog &rarr;<\/a>\n        <\/div>\n    <\/li>\n\n<\/ul>\n\n\n\n<div style=\"max-width: 900px; margin: 40px auto; font-family: -apple-system, BlinkMacSystemFont, 'Segoe UI', Roboto, Helvetica, Arial, sans-serif;\">\n\n    <h3 style=\"color: #1a365d; border-bottom: 2px solid #c62b2e; padding-bottom: 10px; margin-bottom: 25px; font-size: 1.5em; font-weight: bold;\">\n        Peer-reviewed international publications\n    <\/h3>\n\n    <ul style=\"list-style: none; padding: 0; margin: 0 0 50px 0; display: flex; flex-direction: column; gap: 15px;\">\n\n        <li style=\"padding: 15px 20px; border-left: 4px solid #1a365d; background-color: #f9f9f9; border-radius: 0 8px 8px 0; display: flex; justify-content: space-between; align-items: center; flex-wrap: wrap; gap: 15px; transition: transform 0.2s, box-shadow 0.2s;\">\n            <div style=\"flex: 1 1 60%; min-width: 250px;\">\n                <h4 style=\"margin: 0 0 5px 0; color: #1a365d; font-size: 1.1em; line-height: 1.4;\">Derivation of the Jurin\u2019s law revisited<\/h4>\n                <div style=\"color: #555; font-size: 0.95em;\">M.A. Rodriguez-Valverde &#038; M. Tirado-Miranda &bull; <em>Eur. J. Phys. 32, 49-54<\/em><\/div>\n            <\/div>\n            <div style=\"display: flex; align-items: center; gap: 12px; flex-wrap: wrap;\">\n                <span style=\"background: #e2e8f0; padding: 4px 10px; border-radius: 4px; font-size: 0.85em; font-weight: bold; color: #334155;\">2011<\/span>\n                <a href=\"http:\/\/iopscience.iop.org\/0143-0807\/32\/1\/005\/\" target=\"_blank\" rel=\"noopener noreferrer\" style=\"background-color: #c62b2e; color: #ffffff; text-decoration: none; padding: 8px 15px; border-radius: 5px; font-size: 0.85em; font-weight: bold; white-space: nowrap;\">Editorial<\/a>\n            <\/div>\n        <\/li>\n\n        <li style=\"padding: 15px 20px; border-left: 4px solid #1a365d; background-color: #f9f9f9; border-radius: 0 8px 8px 0; display: flex; justify-content: space-between; align-items: center; flex-wrap: wrap; gap: 15px; transition: transform 0.2s, box-shadow 0.2s;\">\n            <div style=\"flex: 1 1 60%; min-width: 250px;\">\n                <h4 style=\"margin: 0 0 5px 0; color: #1a365d; font-size: 1.1em; line-height: 1.4;\">A simpler derivation of the integral formula of electrical resistance<\/h4>\n                <div style=\"color: #555; font-size: 0.95em;\">M.A. Rodriguez-Valverde &#038; M. Tirado-Miranda &bull; <em>Eur. J. Phys. 30, L47-L50<\/em><\/div>\n            <\/div>\n            <div style=\"display: flex; align-items: center; gap: 12px; flex-wrap: wrap;\">\n                <span style=\"background: #e2e8f0; padding: 4px 10px; border-radius: 4px; font-size: 0.85em; font-weight: bold; color: #334155;\">2009<\/span>\n                <a href=\"https:\/\/iopscience.iop.org\/article\/10.1088\/0143-0807\/30\/4\/L01\/pdf\" target=\"_blank\" rel=\"noopener noreferrer\" style=\"background-color: #c62b2e; color: #ffffff; text-decoration: none; padding: 8px 15px; border-radius: 5px; font-size: 0.85em; font-weight: bold; white-space: nowrap;\">Editorial<\/a>\n            <\/div>\n        <\/li>\n\n        <li style=\"padding: 15px 20px; border-left: 4px solid #1a365d; background-color: #f9f9f9; border-radius: 0 8px 8px 0; display: flex; justify-content: space-between; align-items: center; flex-wrap: wrap; gap: 15px; transition: transform 0.2s, box-shadow 0.2s;\">\n            <div style=\"flex: 1 1 60%; min-width: 250px;\">\n                <h4 style=\"margin: 0 0 5px 0; color: #1a365d; font-size: 1.1em; line-height: 1.4;\">The Young-Laplace Equation links Capillarity with Geometrical Optics<\/h4>\n                <div style=\"color: #555; font-size: 0.95em;\">M.A. Rodr\u00edguez Valverde, M.A. Cabrerizo V\u00edlchez &#038; R. Hidalgo \u00c1lvarez &bull; <em>Eur. J. Phys. 24, 159-168<\/em><\/div>\n            <\/div>\n            <div style=\"display: flex; align-items: center; gap: 12px; flex-wrap: wrap;\">\n                <span style=\"background: #e2e8f0; padding: 4px 10px; border-radius: 4px; font-size: 0.85em; font-weight: bold; color: #334155;\">2003<\/span>\n                <a href=\"http:\/\/iopscience.iop.org\/0143-0807\/24\/2\/356\" target=\"_blank\" rel=\"noopener noreferrer\" style=\"background-color: #c62b2e; color: #ffffff; text-decoration: none; padding: 8px 15px; border-radius: 5px; font-size: 0.85em; font-weight: bold; white-space: nowrap;\">Editorial<\/a>\n            <\/div>\n        <\/li>\n\n    <\/ul>\n\n    <h3 style=\"color: #1a365d; border-bottom: 2px solid #c62b2e; padding-bottom: 10px; margin-bottom: 25px; font-size: 1.5em; font-weight: bold;\">\n        National publications (Spanish)\n    <\/h3>\n\n    <ul style=\"list-style: none; padding: 0; margin: 0; display: flex; flex-direction: column; gap: 15px;\">\n\n        <li style=\"padding: 15px 20px; border-left: 4px solid #1a365d; background-color: #f9f9f9; border-radius: 0 8px 8px 0; display: flex; justify-content: space-between; align-items: center; flex-wrap: wrap; gap: 15px;\">\n            <div style=\"flex: 1 1 60%; min-width: 250px;\">\n                <h4 style=\"margin: 0 0 5px 0; color: #1a365d; font-size: 1.1em; line-height: 1.4;\">Din\u00e1mica del s\u00f3lido r\u00edgido usando el centro instant\u00e1neo de rotaci\u00f3n: reconciliaci\u00f3n entre las perspectivas Newtoniana y Lagrangiana<\/h4>\n                <div style=\"color: #555; font-size: 0.95em;\">M.A. Rodr\u00edguez Valverde<\/div>\n            <\/div>\n            <div style=\"display: flex; align-items: center; gap: 12px; flex-wrap: wrap;\">\n                <span style=\"background: #e2e8f0; padding: 4px 10px; border-radius: 4px; font-size: 0.85em; font-weight: bold; color: #334155;\">2023<\/span>\n                <a href=\"https:\/\/revistadefisica.es\/index.php\/ref\/article\/view\/2911\" target=\"_blank\" rel=\"noopener noreferrer\" style=\"background-color: #c62b2e; color: #ffffff; text-decoration: none; padding: 8px 15px; border-radius: 5px; font-size: 0.85em; font-weight: bold; white-space: nowrap;\">Editorial<\/a>\n            <\/div>\n        <\/li>\n\n        <li style=\"padding: 15px 20px; border-left: 4px solid #1a365d; background-color: #f9f9f9; border-radius: 0 8px 8px 0; display: flex; justify-content: space-between; align-items: center; flex-wrap: wrap; gap: 15px;\">\n            <div style=\"flex: 1 1 60%; min-width: 250px;\">\n                <h4 style=\"margin: 0 0 5px 0; color: #1a365d; font-size: 1.1em; line-height: 1.4;\">Rozamiento est\u00e1tico: \u00bffuerza o condici\u00f3n?<\/h4>\n                <div style=\"color: #555; font-size: 0.95em;\">M.A. Rodr\u00edguez Valverde y M. Tirado Miranda &bull; <em>Revista Espa\u00f1ola de F\u00edsica, 35(1), 6-10<\/em><\/div>\n            <\/div>\n            <div style=\"display: flex; align-items: center; gap: 12px; flex-wrap: wrap;\">\n                <span style=\"background: #e2e8f0; padding: 4px 10px; border-radius: 4px; font-size: 0.85em; font-weight: bold; color: #334155;\">2021<\/span>\n                <a href=\"http:\/\/revistadefisica.es\/index.php\/ref\/article\/view\/2671\" target=\"_blank\" rel=\"noopener noreferrer\" style=\"background-color: #c62b2e; color: #ffffff; text-decoration: none; padding: 8px 15px; border-radius: 5px; font-size: 0.85em; font-weight: bold; white-space: nowrap;\">Editorial<\/a>\n            <\/div>\n        <\/li>\n\n        <li style=\"padding: 15px 20px; border-left: 4px solid #1a365d; background-color: #f9f9f9; border-radius: 0 8px 8px 0; display: flex; justify-content: space-between; align-items: center; flex-wrap: wrap; gap: 15px;\">\n            <div style=\"flex: 1 1 60%; min-width: 250px;\">\n                <h4 style=\"margin: 0 0 5px 0; color: #1a365d; font-size: 1.1em; line-height: 1.4;\">La Capilaridad como inspiraci\u00f3n en F\u00edsica: una revisi\u00f3n hist\u00f3rica<\/h4>\n                <div style=\"color: #555; font-size: 0.95em;\">M.A. Rodr\u00edguez Valverde y M. Tirado Miranda &bull; <em>Revista Espa\u00f1ola de F\u00edsica 33(4), 7-11<\/em><\/div>\n            <\/div>\n            <div style=\"display: flex; align-items: center; gap: 12px; flex-wrap: wrap;\">\n                <span style=\"background: #e2e8f0; padding: 4px 10px; border-radius: 4px; font-size: 0.85em; font-weight: bold; color: #334155;\">2019<\/span>\n                <a href=\"http:\/\/revistadefisica.es\/index.php\/ref\/article\/view\/2536\" target=\"_blank\" rel=\"noopener noreferrer\" style=\"background-color: #c62b2e; color: #ffffff; text-decoration: none; padding: 8px 15px; border-radius: 5px; font-size: 0.85em; font-weight: bold; white-space: nowrap;\">Editorial<\/a>\n            <\/div>\n        <\/li>\n\n        <li style=\"padding: 15px 20px; border-left: 4px solid #1a365d; background-color: #f9f9f9; border-radius: 0 8px 8px 0; display: flex; justify-content: space-between; align-items: center; flex-wrap: wrap; gap: 15px;\">\n            <div style=\"flex: 1 1 60%; min-width: 250px;\">\n                <h4 style=\"margin: 0 0 5px 0; color: #1a365d; font-size: 1.1em; line-height: 1.4;\">Modelo mec\u00e1nico para la desviaci\u00f3n de Rutherford<\/h4>\n                <div style=\"color: #555; font-size: 0.95em;\">P. Mu\u00f1oz L\u00f3pez, M. Cabrerizo V\u00edlchez y M.A. Rodr\u00edguez Valverde &bull; <em>Revista Espa\u00f1ola de F\u00edsica 33(2), 29-34<\/em><\/div>\n            <\/div>\n            <div style=\"display: flex; align-items: center; gap: 12px; flex-wrap: wrap;\">\n                <span style=\"background: #e2e8f0; padding: 4px 10px; border-radius: 4px; font-size: 0.85em; font-weight: bold; color: #334155;\">2019<\/span>\n                <a href=\"http:\/\/revistadefisica.es\/index.php\/ref\/article\/view\/2455\" target=\"_blank\" rel=\"noopener noreferrer\" style=\"background-color: #c62b2e; color: #ffffff; text-decoration: none; padding: 8px 15px; border-radius: 5px; font-size: 0.85em; font-weight: bold; white-space: nowrap;\">Editorial<\/a>\n            <\/div>\n        <\/li>\n\n        <li style=\"padding: 15px 20px; border-left: 4px solid #1a365d; background-color: #f9f9f9; border-radius: 0 8px 8px 0; display: flex; justify-content: space-between; align-items: center; flex-wrap: wrap; gap: 15px;\">\n            <div style=\"flex: 1 1 60%; min-width: 250px;\">\n                <h4 style=\"margin: 0 0 5px 0; color: #1a365d; font-size: 1.1em; line-height: 1.4;\">Universalidad de la unidad de medida: De la vara de medir a la luz<\/h4>\n                <div style=\"color: #555; font-size: 0.95em;\">M.A. Rodr\u00edguez Valverde y M. Tirado Miranda &bull; <em>Revista Espa\u00f1ola de F\u00edsica 32(2), 33-35<\/em><\/div>\n            <\/div>\n            <div style=\"display: flex; align-items: center; gap: 12px; flex-wrap: wrap;\">\n                <span style=\"background: #e2e8f0; padding: 4px 10px; border-radius: 4px; font-size: 0.85em; font-weight: bold; color: #334155;\">2018<\/span>\n                <a href=\"http:\/\/revistadefisica.es\/index.php\/ref\/article\/view\/2369\" target=\"_blank\" rel=\"noopener noreferrer\" style=\"background-color: #c62b2e; color: #ffffff; text-decoration: none; padding: 8px 15px; border-radius: 5px; font-size: 0.85em; font-weight: bold; white-space: nowrap;\">Editorial<\/a>\n            <\/div>\n        <\/li>\n\n        <li style=\"padding: 15px 20px; border-left: 4px solid #1a365d; background-color: #f9f9f9; border-radius: 0 8px 8px 0; display: flex; justify-content: space-between; align-items: center; flex-wrap: wrap; gap: 15px;\">\n            <div style=\"flex: 1 1 60%; min-width: 250px;\">\n                <h4 style=\"margin: 0 0 5px 0; color: #1a365d; font-size: 1.1em; line-height: 1.4;\">El controvertido caso de los dos planos paralelos homog\u00e9neamente cargados e indefinidos en Electrost\u00e1tica<\/h4>\n                <div style=\"color: #555; font-size: 0.95em;\">M.A. Rodr\u00edguez Valverde y M. Tirado Miranda &bull; <em>Revista Espa\u00f1ola de F\u00edsica 31(4), 13-15<\/em><\/div>\n            <\/div>\n            <div style=\"display: flex; align-items: center; gap: 12px; flex-wrap: wrap;\">\n                <span style=\"background: #e2e8f0; padding: 4px 10px; border-radius: 4px; font-size: 0.85em; font-weight: bold; color: #334155;\">2017<\/span>\n                <a href=\"http:\/\/revistadefisica.es\/index.php\/ref\/article\/view\/1937\" target=\"_blank\" rel=\"noopener noreferrer\" style=\"background-color: #c62b2e; color: #ffffff; text-decoration: none; padding: 8px 15px; border-radius: 5px; font-size: 0.85em; font-weight: bold; white-space: nowrap;\">Editorial<\/a>\n            <\/div>\n        <\/li>\n\n        <li style=\"padding: 15px 20px; border-left: 4px solid #1a365d; background-color: #f9f9f9; border-radius: 0 8px 8px 0; display: flex; justify-content: space-between; align-items: center; flex-wrap: wrap; gap: 15px;\">\n            <div style=\"flex: 1 1 60%; min-width: 250px;\">\n                <h4 style=\"margin: 0 0 5px 0; color: #1a365d; font-size: 1.1em; line-height: 1.4;\">La Carrera del Pavo de Segovia: Un ejemplo de fricci\u00f3n actuando como fuerza motriz<\/h4>\n                <div style=\"color: #555; font-size: 0.95em;\">M.A. Rodr\u00edguez Valverde y M. Tirado Miranda &bull; <em>Revista Espa\u00f1ola de F\u00edsica 26(1), 23-24<\/em><\/div>\n            <\/div>\n            <div style=\"display: flex; align-items: center; gap: 12px; flex-wrap: wrap;\">\n                <span style=\"background: #e2e8f0; padding: 4px 10px; border-radius: 4px; font-size: 0.85em; font-weight: bold; color: #334155;\">2012<\/span>\n                <a href=\"http:\/\/revistadefisica.es\/index.php\/ref\/article\/view\/1344\" target=\"_blank\" rel=\"noopener noreferrer\" style=\"background-color: #c62b2e; color: #ffffff; text-decoration: none; padding: 8px 15px; border-radius: 5px; font-size: 0.85em; font-weight: bold; white-space: nowrap;\">Editorial<\/a>\n            <\/div>\n        <\/li>\n\n        <li style=\"padding: 15px 20px; border-left: 4px solid #1a365d; background-color: #f9f9f9; border-radius: 0 8px 8px 0; display: flex; justify-content: space-between; align-items: center; flex-wrap: wrap; gap: 15px;\">\n            <div style=\"flex: 1 1 60%; min-width: 250px;\">\n                <h4 style=\"margin: 0 0 5px 0; color: #1a365d; font-size: 1.1em; line-height: 1.4;\">Escalado y an\u00e1lisis dimensional<\/h4>\n                <div style=\"color: #555; font-size: 0.95em;\">M.A. Rodr\u00edguez Valverde y P.J. Ram\u00f3n-Torregrosa &bull; <em>Revista Espa\u00f1ola de F\u00edsica 24(1), 75<\/em><\/div>\n            <\/div>\n            <div style=\"display: flex; align-items: center; gap: 12px; flex-wrap: wrap;\">\n                <span style=\"background: #e2e8f0; padding: 4px 10px; border-radius: 4px; font-size: 0.85em; font-weight: bold; color: #334155;\">2010<\/span>\n              \n            <\/div>\n        <\/li>\n\n        <li style=\"padding: 15px 20px; border-left: 4px solid #1a365d; background-color: #f9f9f9; border-radius: 0 8px 8px 0; display: flex; justify-content: space-between; align-items: center; flex-wrap: wrap; gap: 15px;\">\n            <div style=\"flex: 1 1 60%; min-width: 250px;\">\n                <h4 style=\"margin: 0 0 5px 0; color: #1a365d; font-size: 1.1em; line-height: 1.4;\">Doscientos a\u00f1os de Meniscos L\u00edquidos: 1805-2005<\/h4>\n                <div style=\"color: #555; font-size: 0.95em;\">M.A. Rodr\u00edguez Valverde y M. Tirado Miranda &bull; <em>Revista Espa\u00f1ola de F\u00edsica 20(3), 51-56<\/em><\/div>\n            <\/div>\n            <div style=\"display: flex; align-items: center; gap: 12px; flex-wrap: wrap;\">\n                <span style=\"background: #e2e8f0; padding: 4px 10px; border-radius: 4px; font-size: 0.85em; font-weight: bold; color: #334155;\">2006<\/span>\n                <a href=\"http:\/\/revistadefisica.es\/index.php\/ref\/article\/view\/1777\" target=\"_blank\" rel=\"noopener noreferrer\" style=\"background-color: #c62b2e; color: #ffffff; text-decoration: none; padding: 8px 15px; border-radius: 5px; font-size: 0.85em; font-weight: bold; white-space: nowrap;\">Editorial<\/a>\n            <\/div>\n        <\/li>\n\n        <li style=\"padding: 15px 20px; border-left: 4px solid #1a365d; background-color: #f9f9f9; border-radius: 0 8px 8px 0; display: flex; justify-content: space-between; align-items: center; flex-wrap: wrap; gap: 15px;\">\n            <div style=\"flex: 1 1 60%; min-width: 250px;\">\n                <h4 style=\"margin: 0 0 5px 0; color: #1a365d; font-size: 1.1em; line-height: 1.4;\">\u00bfInterfase o interfaz?<\/h4>\n                <div style=\"color: #555; font-size: 0.95em;\">M.A. Rodr\u00edguez Valverde &bull; <em>Revista Espa\u00f1ola de F\u00edsica 18(2), 47-48<\/em><\/div>\n            <\/div>\n            <div style=\"display: flex; align-items: center; gap: 12px; flex-wrap: wrap;\">\n                <span style=\"background: #e2e8f0; padding: 4px 10px; border-radius: 4px; font-size: 0.85em; font-weight: bold; color: #334155;\">2004<\/span>\n                \n            <\/div>\n        <\/li>\n\n    <\/ul>\n<\/div>\n","protected":false},"excerpt":{"rendered":"<p>Mec\u00e1nica y Ondas &#8211; para f\u00edsicxs sin pretensiones Miguel \u00c1ngel Rodr\u00edguez Valverde Editorial T\u00e9cnica AVICAM &bull; ISBN: 978-84-10081-49-9 2024 Fundamentos F\u00edsicos de la Ingenier\u00eda David Blanco Navarro, Alberto Mart\u00edn Molina y Miguel \u00c1ngel Rodr\u00edguez Valverde Editorial T\u00e9cnica AVICAM &bull; ISBN: 978-84-943533-4-5 2015 Ver Libro &rarr; \ud83d\udda5\ufe0f Teaching Innovation Portal Resources for University Physics education. Online [&hellip;]<\/p>\n","protected":false},"author":1,"featured_media":0,"parent":0,"menu_order":4,"comment_status":"closed","ping_status":"closed","template":"","meta":{"footnotes":""},"class_list":["post-33","page","type-page","status-publish","hentry"],"_links":{"self":[{"href":"https:\/\/wpd.ugr.es\/~marodri\/wp-json\/wp\/v2\/pages\/33","targetHints":{"allow":["GET"]}}],"collection":[{"href":"https:\/\/wpd.ugr.es\/~marodri\/wp-json\/wp\/v2\/pages"}],"about":[{"href":"https:\/\/wpd.ugr.es\/~marodri\/wp-json\/wp\/v2\/types\/page"}],"author":[{"embeddable":true,"href":"https:\/\/wpd.ugr.es\/~marodri\/wp-json\/wp\/v2\/users\/1"}],"replies":[{"embeddable":true,"href":"https:\/\/wpd.ugr.es\/~marodri\/wp-json\/wp\/v2\/comments?post=33"}],"version-history":[{"count":22,"href":"https:\/\/wpd.ugr.es\/~marodri\/wp-json\/wp\/v2\/pages\/33\/revisions"}],"predecessor-version":[{"id":475,"href":"https:\/\/wpd.ugr.es\/~marodri\/wp-json\/wp\/v2\/pages\/33\/revisions\/475"}],"wp:attachment":[{"href":"https:\/\/wpd.ugr.es\/~marodri\/wp-json\/wp\/v2\/media?parent=33"}],"curies":[{"name":"wp","href":"https:\/\/api.w.org\/{rel}","templated":true}]}}