


{"id":1036,"date":"2017-09-07T15:23:07","date_gmt":"2017-09-07T14:23:07","guid":{"rendered":"http:\/\/wpd.ugr.es\/~marubio\/?page_id=1036"},"modified":"2022-11-12T19:12:47","modified_gmt":"2022-11-12T18:12:47","slug":"inicio","status":"publish","type":"page","link":"https:\/\/wpd.ugr.es\/~marubio\/inicio\/","title":{"rendered":"Bienvenidos"},"content":{"rendered":"<p>&nbsp;<\/p>\n<h1>\u03a0\u03ac\u03bd\u03c4\u03b1 \u1fe5\u03b5\u1fd6<\/h1>\n<p><img decoding=\"async\" loading=\"lazy\" class=\"wp-image-629 alignright\" src=\"http:\/\/wpd.ugr.es\/~marubio\/wp-content\/uploads\/2012\/03\/mrubio_2-1.jpg\" alt=\"\" width=\"210\" height=\"232\" \/><\/p>\n<p><i>En 2021 dej\u00e9 la vida acad\u00e9mica para probar la vida de un mandar\u00edn europeo. El tiempo dir\u00e1 si esta aventura es temporal o permanente. Mientras, dejo esta p\u00e1gina web como recuerdo.<\/i><\/p>\n<hr \/>\n<p>Bienvenidos a mi p\u00e1gina web acad\u00e9mica. Soy profesor del Departamento de Ciencias de la Computaci\u00f3n e Inteligencia Artificial de la Universidad de Granada, Espa\u00f1a.<\/p>\n<p>Mi docencia est\u00e1 relacionada con modelos de computaci\u00f3n e inteligencia artificial. Tambi\u00e9n imparto docencia sobre el uso de herramientas inform\u00e1ticas en las ciencias de la salud.<\/p>\n<p>Mi investigaci\u00f3n trata sobre el uso de t\u00e9cnicas computacionales -Machine Learning- para el an\u00e1lisis de conjuntos de datos masivos en el \u00e1mbito de la ciencia y la medicina. El \u00faltimo proyecto en el que colaboro pretende utilizar t\u00e9cnicas de inteligencia artificial para mejorar el an\u00e1lisis del rendimiento de los estudiantes de programaci\u00f3n: <em>Learning Analytics<\/em>.<\/p>\n","protected":false},"excerpt":{"rendered":"<p>&nbsp; \u03a0\u03ac\u03bd\u03c4\u03b1 \u1fe5\u03b5\u1fd6 En 2021 dej\u00e9 la vida acad\u00e9mica para probar la vida de un mandar\u00edn europeo. El tiempo dir\u00e1 si esta aventura es temporal o permanente. Mientras, dejo esta p\u00e1gina web como recuerdo. Bienvenidos a mi p\u00e1gina web acad\u00e9mica. Soy profesor del Departamento de Ciencias de la Computaci\u00f3n e Inteligencia Artificial de la Universidad &hellip; <\/p>\n<p class=\"link-more\"><a href=\"https:\/\/wpd.ugr.es\/~marubio\/inicio\/\" class=\"more-link\">Continuar leyendo<span class=\"screen-reader-text\"> \u00abBienvenidos\u00bb<\/span><\/a><\/p>\n","protected":false},"author":1,"featured_media":0,"parent":0,"menu_order":0,"comment_status":"closed","ping_status":"closed","template":"","meta":[],"_links":{"self":[{"href":"https:\/\/wpd.ugr.es\/~marubio\/wp-json\/wp\/v2\/pages\/1036"}],"collection":[{"href":"https:\/\/wpd.ugr.es\/~marubio\/wp-json\/wp\/v2\/pages"}],"about":[{"href":"https:\/\/wpd.ugr.es\/~marubio\/wp-json\/wp\/v2\/types\/page"}],"author":[{"embeddable":true,"href":"https:\/\/wpd.ugr.es\/~marubio\/wp-json\/wp\/v2\/users\/1"}],"replies":[{"embeddable":true,"href":"https:\/\/wpd.ugr.es\/~marubio\/wp-json\/wp\/v2\/comments?post=1036"}],"version-history":[{"count":25,"href":"https:\/\/wpd.ugr.es\/~marubio\/wp-json\/wp\/v2\/pages\/1036\/revisions"}],"predecessor-version":[{"id":2072,"href":"https:\/\/wpd.ugr.es\/~marubio\/wp-json\/wp\/v2\/pages\/1036\/revisions\/2072"}],"wp:attachment":[{"href":"https:\/\/wpd.ugr.es\/~marubio\/wp-json\/wp\/v2\/media?parent=1036"}],"curies":[{"name":"wp","href":"https:\/\/api.w.org\/{rel}","templated":true}]}}