{"id":17,"date":"2022-07-06T11:05:57","date_gmt":"2022-07-06T11:05:57","guid":{"rendered":"https:\/\/wpd.ugr.es\/~micofood\/?page_id=17"},"modified":"2022-09-02T11:19:18","modified_gmt":"2022-09-02T11:19:18","slug":"presentaciones","status":"publish","type":"page","link":"https:\/\/wpd.ugr.es\/~micofood\/presentaciones\/","title":{"rendered":"Presentaciones"},"content":{"rendered":"\n<p>Los res\u00famenes de las presentaciones deber\u00e1n enviarse al siguiente correo: micofood@ugr.es y deber\u00e1n seguir el formato especificado en este documento (<a href=\"https:\/\/wpd.ugr.es\/~micofood\/wp-content\/uploads\/2022\/07\/abstract-template-22.docx\" data-type=\"attachment\" data-id=\"57\">plantilla para res\u00famenes<\/a>). La extensi\u00f3n del archivo debe ser .docx para luego poder montar el libro de res\u00famenes.<\/p>\n\n\n\n<p>El plazo para el env\u00edo de res\u00famenes se ampli\u00f3 hasta el <strong><u>viernes 22 de julio<\/u><\/strong>. <\/p>\n\n\n\n<p>Las comunicaciones seleccionadas como presentaci\u00f3n oral dispondr\u00e1n de un tiempo m\u00e1ximo de <strong>15 min<\/strong>. Se recomienda que la exposici\u00f3n tenga una duraci\u00f3n de 10 min, para continuar con 5 min de debate.<\/p>\n\n\n\n<p>Las comunicaciones seleccionadas como p\u00f3ster deber\u00e1n tener unas dimensiones de <strong>59.4 x 84.1 cm<\/strong> (tama\u00f1o A1).<\/p>\n","protected":false},"excerpt":{"rendered":"<p>Los res\u00famenes de las presentaciones deber\u00e1n enviarse al siguiente correo: micofood@ugr.es y deber\u00e1n seguir el formato especificado en este documento (plantilla para res\u00famenes). La extensi\u00f3n del archivo debe ser .docx para luego poder montar el libro de res\u00famenes. El plazo para el env\u00edo de res\u00famenes se ampli\u00f3 hasta el viernes 22 de julio. Las comunicaciones [&hellip;]<\/p>\n","protected":false},"author":1,"featured_media":0,"parent":0,"menu_order":0,"comment_status":"closed","ping_status":"closed","template":"","meta":[],"_links":{"self":[{"href":"https:\/\/wpd.ugr.es\/~micofood\/wp-json\/wp\/v2\/pages\/17"}],"collection":[{"href":"https:\/\/wpd.ugr.es\/~micofood\/wp-json\/wp\/v2\/pages"}],"about":[{"href":"https:\/\/wpd.ugr.es\/~micofood\/wp-json\/wp\/v2\/types\/page"}],"author":[{"embeddable":true,"href":"https:\/\/wpd.ugr.es\/~micofood\/wp-json\/wp\/v2\/users\/1"}],"replies":[{"embeddable":true,"href":"https:\/\/wpd.ugr.es\/~micofood\/wp-json\/wp\/v2\/comments?post=17"}],"version-history":[{"count":14,"href":"https:\/\/wpd.ugr.es\/~micofood\/wp-json\/wp\/v2\/pages\/17\/revisions"}],"predecessor-version":[{"id":277,"href":"https:\/\/wpd.ugr.es\/~micofood\/wp-json\/wp\/v2\/pages\/17\/revisions\/277"}],"wp:attachment":[{"href":"https:\/\/wpd.ugr.es\/~micofood\/wp-json\/wp\/v2\/media?parent=17"}],"curies":[{"name":"wp","href":"https:\/\/api.w.org\/{rel}","templated":true}]}}