{"id":2,"date":"2022-07-06T10:47:35","date_gmt":"2022-07-06T10:47:35","guid":{"rendered":"https:\/\/wpd.ugr.es\/~micofood\/?page_id=2"},"modified":"2022-11-08T23:28:27","modified_gmt":"2022-11-08T23:28:27","slug":"bienvenidos","status":"publish","type":"page","link":"https:\/\/wpd.ugr.es\/~micofood\/","title":{"rendered":"Bienvenidos"},"content":{"rendered":"\n<h5><strong>VII Reuni\u00f3n de la Red Nacional sobre las micotoxinas y hongos toxig\u00e9nicos y de sus procesos de descontaminaci\u00f3n (MICOFOOD 2022)<\/strong><\/h5>\n\n\n\n<p>Los d\u00edas 29-30 de septiembre tendr\u00e1 lugar la VII Reuni\u00f3n MICOFOOD, organizada por la Universidad de Granada, con sede en la Facultad de Ciencias (Sal\u00f3n de Grados), en el Campus de Fuente Nueva.<\/p>\n\n\n\n<p>La reuni\u00f3n comenzar\u00e1 el jueves 29 de septiembre sobre las 9:30 h (a las 9:00 se entregar\u00e1 la documentaci\u00f3n) y finalizar\u00e1 el viernes 30 a mediod\u00eda. M\u00e1s adelante estar\u00e1 disponible el programa definitivo.<\/p>\n\n\n\n<p><strong>Actualizaciones<\/strong>:<\/p>\n\n\n\n<p class=\"has-vivid-red-color has-text-color\"><strong>08 &#8211; Nov. Disponible el \u00e1lbum de fotos<\/strong> <strong><a rel=\"noreferrer noopener\" href=\"https:\/\/fotos.fqm302.es\/s\/2j7l27vtbi\/micofood-2022\" target=\"_blank\">aqu\u00ed<\/a>.<\/strong><\/p>\n\n\n\n<p class=\"has-vivid-red-color has-text-color\"><strong>28 &#8211; Sep. Disponible el libro de res\u00famenes <a href=\"https:\/\/wpd.ugr.es\/~micofood\/wp-content\/uploads\/2022\/10\/Libro-Resumenes-Micofood.pdf\" data-type=\"attachment\" data-id=\"315\" target=\"_blank\" rel=\"noreferrer noopener\">aqu\u00ed<\/a>.<\/strong><\/p>\n\n\n\n<p class=\"has-vivid-red-color has-text-color\"><strong>27 &#8211; Sep<\/strong>. <strong>Ya est\u00e1 disponible el programa final en este<\/strong> <a rel=\"noreferrer noopener\" href=\"https:\/\/wpd.ugr.es\/~micofood\/wp-content\/uploads\/2022\/09\/Programa-Micofood-2022-FINAL.pdf\" data-type=\"attachment\" data-id=\"297\" target=\"_blank\"><strong>enlace<\/strong><\/a>.<\/p>\n","protected":false},"excerpt":{"rendered":"<p>VII Reuni\u00f3n de la Red Nacional sobre las micotoxinas y hongos toxig\u00e9nicos y de sus procesos de descontaminaci\u00f3n (MICOFOOD 2022) Los d\u00edas 29-30 de septiembre tendr\u00e1 lugar la VII Reuni\u00f3n MICOFOOD, organizada por la Universidad de Granada, con sede en la Facultad de Ciencias (Sal\u00f3n de Grados), en el Campus de Fuente Nueva. La reuni\u00f3n [&hellip;]<\/p>\n","protected":false},"author":1,"featured_media":8,"parent":0,"menu_order":0,"comment_status":"closed","ping_status":"open","template":"","meta":[],"_links":{"self":[{"href":"https:\/\/wpd.ugr.es\/~micofood\/wp-json\/wp\/v2\/pages\/2"}],"collection":[{"href":"https:\/\/wpd.ugr.es\/~micofood\/wp-json\/wp\/v2\/pages"}],"about":[{"href":"https:\/\/wpd.ugr.es\/~micofood\/wp-json\/wp\/v2\/types\/page"}],"author":[{"embeddable":true,"href":"https:\/\/wpd.ugr.es\/~micofood\/wp-json\/wp\/v2\/users\/1"}],"replies":[{"embeddable":true,"href":"https:\/\/wpd.ugr.es\/~micofood\/wp-json\/wp\/v2\/comments?post=2"}],"version-history":[{"count":16,"href":"https:\/\/wpd.ugr.es\/~micofood\/wp-json\/wp\/v2\/pages\/2\/revisions"}],"predecessor-version":[{"id":319,"href":"https:\/\/wpd.ugr.es\/~micofood\/wp-json\/wp\/v2\/pages\/2\/revisions\/319"}],"wp:featuredmedia":[{"embeddable":true,"href":"https:\/\/wpd.ugr.es\/~micofood\/wp-json\/wp\/v2\/media\/8"}],"wp:attachment":[{"href":"https:\/\/wpd.ugr.es\/~micofood\/wp-json\/wp\/v2\/media?parent=2"}],"curies":[{"name":"wp","href":"https:\/\/api.w.org\/{rel}","templated":true}]}}