{"id":85,"date":"2022-07-07T09:45:59","date_gmt":"2022-07-07T09:45:59","guid":{"rendered":"https:\/\/wpd.ugr.es\/~micofood\/?page_id=85"},"modified":"2022-07-19T16:09:18","modified_gmt":"2022-07-19T16:09:18","slug":"inscripcion","status":"publish","type":"page","link":"https:\/\/wpd.ugr.es\/~micofood\/inscripcion\/","title":{"rendered":"Inscripci\u00f3n"},"content":{"rendered":"\n<p>El importe de la inscripci\u00f3n es de <strong>50 \u20ac<\/strong> (exento de IVA por ser la UGR una administraci\u00f3n p\u00fablica).<\/p>\n\n\n\n<p>Esta cuota incluye la asistencia a todas las conferencias, caf\u00e9s, comida del jueves 29 de septiembre, c\u00f3ctel en el Carmen de la Victoria el jueves 29 de septiembre por la noche, y aperitivo de despedida el viernes 30 de septiembre a mediod\u00eda.<\/p>\n\n\n\n<p><strong>SECyTA conceder\u00e1 ayudas para la asistencia a esta reuni\u00f3n a estudiantes socios. Las condiciones de esta ayuda para la asistencia a congresos patrocinados por SECyTA y el impreso de solicitud se pueden encontrar en este <a rel=\"noreferrer noopener\" href=\"https:\/\/secyta.es\/es\/grantssecyta\" target=\"_blank\">enlace<\/a>.<\/strong><\/p>\n\n\n\n<p>Aquellos participantes, que a\u00fan no se hayan inscrito a trav\u00e9s del formulario de la web de la red <a rel=\"noreferrer noopener\" href=\"https:\/\/micofood.es\/workshop\/\" target=\"_blank\">Micofood<\/a>, pueden hacerlo en el mismo enlace que all\u00ed aparece: <a rel=\"noreferrer noopener\" href=\"https:\/\/forms.gle\/xqUDpuojmhnajgNY6\" target=\"_blank\">formulario inscripci\u00f3n<\/a>.<\/p>\n\n\n\n<p>La fecha l\u00edmite para el pago de la inscripci\u00f3n es el 15 de septiembre. <\/p>\n\n\n\n<p>Desafortunadamente no nos es posible aceptar pagos con tarjeta, as\u00ed que el pago se realizar\u00e1 por <strong>transferencia bancaria<\/strong> al siguiente n\u00famero de cuenta:<\/p>\n\n\n\n<p><strong>ES58 2100 4224 3913 0072 0546<\/strong><\/p>\n\n\n\n<p><strong>Titular: UNIVERSIDAD DE GRANADA CIF: Q1818002F<\/strong><\/p>\n\n\n\n<p class=\"has-vivid-red-color has-text-color\"><strong>En el concepto deber\u00e1 constar: <\/strong>&#8220;<strong>Inscripci\u00f3n a MICOFOOD 2022- NOMBRE DEL PARTICIPANTE<\/strong>&#8220;<\/p>\n\n\n\n<p>Una vez realizado el pago, se deber\u00e1 enviar copia de la transferencia al correo <strong>micofood@ugr.es<\/strong><\/p>\n\n\n<form action=\"..\/formtest.php\" enctype=\"multipart\/form-data\" method=\"POST\" name=\"formu2-test\">\n<div id=\"formulario\">\n<p>Si necesita una factura o recibo, complete el siguiente formulario:<\/p>\n<table>\n<tbody>\n<tr>\n<td>Nombre<\/td>\n<td><input maxlength=\"30\" name=\"name\" size=\"30\" type=\"text\"><\/td>\n<\/tr>\n<tr>\n<td>Apellidos<\/td>\n<td><input maxlength=\"60\" name=\"surname\" size=\"60\" type=\"text\"><\/td>\n<\/tr>\n<tr>\n<td>Instituci\u00f3n \/ Empresa <\/td>\n<td><input maxlength=\"60\" name=\"institucion\" size=\"60\" type=\"text\"><\/td>\n<\/tr>\n<tr>\n<td>Correo electr\u00f3nico<\/td>\n<td><input maxlength=\"60\" name=\"correo\" size=\"60\" type=\"text\"><\/td>\n<\/tr>\n<tr>\n<td>Tel\u00e9fono<\/td>\n<td><input maxlength=\"30\" name=\"phone\" size=\"30\" type=\"text\"><\/td>\n<\/tr>\n<tr>\n<td>Direcci\u00f3n<\/td>\n<td><input maxlength=\"60\" name=\"address\" size=\"60\" type=\"text\"><\/td>\n<\/tr>\n<tr>\n<td>Direcci\u00f3n (l\u00ednea 2)<\/td>\n<td><input maxlength=\"60\" name=\"address2\" size=\"60\" type=\"text\"><\/td>\n<\/tr>\n<tr>\n<td>C\u00f3digo postal<\/td>\n<td><input maxlength=\"30\" name=\"cpostal\" size=\"30\" type=\"text\"><\/td>\n<\/tr>\n<tr>\n<td>Ciudad<\/td>\n<td><input maxlength=\"60\" name=\"ciudad\" size=\"60\" type=\"text\"><\/td>\n<\/tr>\n<tr>\n<td>Pa\u00eds<\/td>\n<td><input maxlength=\"60\" name=\"pais\" size=\"60\" type=\"text\"><\/td>\n<\/tr>\n<\/tbody>\n<\/table>\n<p>Indique si la factura es para:<\/p>\n<table>\n<tbody>\n<tr>\n<td><input id=\"tipodni\" checked=\"checked\" name=\"tipo\" type=\"radio\" value=\"Persona f\u00edsica\"> Persona f\u00edsica<\/td>\n<\/tr>\n<tr>\n<td><input id=\"tipocif\" name=\"tipo\" type=\"radio\" value=\"Instituci\u00f3n \/ Empresa\"> Instituci\u00f3n \/ Empresa <\/td>\n<\/tr>\n<\/tbody>\n<\/table>\n<table>\n<tbody>\n<tr>\n<td>DNI<\/td>\n<td><input id=\"dni\" disabled=\"disabled\" maxlength=\"30\" name=\"dni\" size=\"20\" type=\"text\"><\/td>\n<\/tr>\n<tr>\n<td>CIF<\/td>\n<td><input id=\"cif\" disabled=\"disabled\" maxlength=\"30\" name=\"cif\" size=\"20\" type=\"text\"><\/td>\n<\/tr>\n<\/tbody>\n<\/table>\n<p>Una vez realizado el pago, se deber\u00e1 enviar copia de la transferencia indicando si:<\/p>\n<table>\n<tbody>\n<tr>\n<td><input id=\"recibo\" checked=\"checked\" name=\"factura\" type=\"radio\" value=\"No requiere factura (s\u00f3lo recibo)\"> No requiere factura, s\u00f3lo recibo<\/td>\n<\/tr>\n<tr>\n<td><input id=\"facturapdf\" name=\"factura\" type=\"radio\" value=\"Se requiere factura en pdf una vez realizado el pago\"> Se requiere factura est\u00e1ndar una vez realizado el pago<\/td>\n<\/tr>\n<tr>\n<td><input id=\"proforma\" name=\"factura\" type=\"radio\" value=\"Se requiere factura proforma y posterior factura est\u00e1ndar\"> Se requiere factura proforma y una posterior factura est\u00e1ndar<\/td>\n<\/tr>\n<tr>\n<td><input id=\"efactura\" name=\"factura\" type=\"radio\" value=\"Se requiere factura proforma y posterior factura electr\u00f3nica\"> Se requiere factura proforma y una posterior factura electr\u00f3nica<\/td>\n<\/tr>\n<\/tbody>\n<\/table>\n<table>\n<tbody>\n<tr>\n<td>\u00d3rgano Gestor &#8211; ROL receptor:<\/td>\n<td><input id=\"ROLR\" disabled=\"disabled\" maxlength=\"35\" name=\"ROLR\" size=\"40\" type=\"text\"><\/td>\n<\/tr>\n<tr>\n<td>Oficina Contable &#8211; ROL fiscal:<\/td>\n<td><input id=\"ROLF\" disabled=\"disabled\" maxlength=\"35\" name=\"ROLF\" size=\"40\" type=\"text\"><\/td>\n<\/tr>\n<tr>\n<td>Unidad Tramitadora &#8211; ROL pagador:<\/td>\n<td><input id=\"ROLP\" disabled=\"disabled\" maxlength=\"35\" name=\"ROLP\" size=\"40\" type=\"text\"><\/td>\n<\/tr>\n<tr>\n<td>Unidad Proponente &#8211; ROL comprador:<\/td>\n<td><input id=\"ROLC\" disabled=\"disabled\" maxlength=\"35\" name=\"ROLC\" size=\"40\" type=\"text\"><\/td>\n<\/tr>\n<\/tbody>\n<\/table>\n<p><input name=\"submit\" type=\"submit\" value=\"Enviar\">\n<\/p>\n<\/div>\n<\/form>\n\n\n<p class=\"has-vivid-red-color has-text-color\"><strong>* Las solicitudes recibidas durante el mes de agosto se tramitar\u00e1n en septiembre.<\/strong><\/p>\n","protected":false},"excerpt":{"rendered":"<p>El importe de la inscripci\u00f3n es de 50 \u20ac (exento de IVA por ser la UGR una administraci\u00f3n p\u00fablica). Esta cuota incluye la asistencia a todas las conferencias, caf\u00e9s, comida del jueves 29 de septiembre, c\u00f3ctel en el Carmen de la Victoria el jueves 29 de septiembre por la noche, y aperitivo de despedida el [&hellip;]<\/p>\n","protected":false},"author":1,"featured_media":0,"parent":0,"menu_order":0,"comment_status":"closed","ping_status":"closed","template":"","meta":[],"_links":{"self":[{"href":"https:\/\/wpd.ugr.es\/~micofood\/wp-json\/wp\/v2\/pages\/85"}],"collection":[{"href":"https:\/\/wpd.ugr.es\/~micofood\/wp-json\/wp\/v2\/pages"}],"about":[{"href":"https:\/\/wpd.ugr.es\/~micofood\/wp-json\/wp\/v2\/types\/page"}],"author":[{"embeddable":true,"href":"https:\/\/wpd.ugr.es\/~micofood\/wp-json\/wp\/v2\/users\/1"}],"replies":[{"embeddable":true,"href":"https:\/\/wpd.ugr.es\/~micofood\/wp-json\/wp\/v2\/comments?post=85"}],"version-history":[{"count":9,"href":"https:\/\/wpd.ugr.es\/~micofood\/wp-json\/wp\/v2\/pages\/85\/revisions"}],"predecessor-version":[{"id":262,"href":"https:\/\/wpd.ugr.es\/~micofood\/wp-json\/wp\/v2\/pages\/85\/revisions\/262"}],"wp:attachment":[{"href":"https:\/\/wpd.ugr.es\/~micofood\/wp-json\/wp\/v2\/media?parent=85"}],"curies":[{"name":"wp","href":"https:\/\/api.w.org\/{rel}","templated":true}]}}