{"id":87,"date":"2022-07-07T09:48:56","date_gmt":"2022-07-07T09:48:56","guid":{"rendered":"https:\/\/wpd.ugr.es\/~micofood\/?page_id=87"},"modified":"2022-07-20T12:53:21","modified_gmt":"2022-07-20T12:53:21","slug":"comites","status":"publish","type":"page","link":"https:\/\/wpd.ugr.es\/~micofood\/comites\/","title":{"rendered":"Comit\u00e9s"},"content":{"rendered":"\n<h5>Comit\u00e9 organizador<\/h5>\n\n\n\n<ul><li>Laura G\u00e1miz Gracia (Universidad de Granada)<\/li><li>Ana M\u00aa Garc\u00eda Campa\u00f1a (Universidad de Granada)<\/li><li>Francisco J. Lara Vargas (Universidad de Granada)<\/li><li>Maykel Hern\u00e1ndez Mesa (Universidad de Granada)<\/li><li>M\u00aa del Mar Delgado Povedano (Universidad de Granada)<\/li><li>Laura Carbonell Rozas (Universidad de Granada)<\/li><li>M\u00aa del Mar Aparicio Muriana (Universidad de Granada)<\/li><li>Jos\u00e9\u00a0Vega Hidalgo (Universidad de Granada)<\/li><li>Jordi Ma\u00f1es Vinuesa (Universitat de Val\u00e8ncia) <\/li><li>Jorge Calpe Ruano (Universitat de Val\u00e8ncia)<\/li><\/ul>\n\n\n\n<h5>Comit\u00e9 cient\u00edfico<\/h5>\n\n\n\n<ul><li>Ana Mar\u00eda Garc\u00eda Campa\u00f1a (Universidad de Granada)<\/li><li>Laura G\u00e1miz Gracia (Universidad de Granada)<\/li><li>Jordi Ma\u00f1es Vinuesa (Universitat de Val\u00e8ncia)<\/li><li>Laura Righetti (Universidad de Parma)<\/li><li>Giuseppe Meca (Universitat de Val\u00e8ncia)<\/li><li>Misericordia Jim\u00e9nez Escamilla (Universitat de Val\u00e8ncia)<\/li><li>Mar Rodr\u00edguez Jovita (Universidad de Extremadura)<\/li><li>Vicente Sanchis Almenar (Universitat de Lleida)<\/li><li>Agust\u00edn Ari\u00f1o Moneva (Universidad de Zaragoza)<\/li><li>Covadonga V\u00e1zquez Est\u00e9vez (Universidad Complutense de Madrid)<\/li><li>Elena Gonz\u00e1lez-Pe\u00f1as (Universidad de Navarra)<\/li><li>Adela L\u00f3pez de Cerain (Universidad de Navarra)<\/li><li>Luis Gonz\u00e1lez Candelas (Consejo Superior de Investigaciones Cient\u00edficas)<\/li><li>Alberto Cepeda S\u00e1ez (Universidad de Santiago de Compostela)<\/li><li>Francisco Javier Caba\u00f1es Saenz (Universitat Aut\u00f2noma de Barcelona)<\/li><\/ul>\n","protected":false},"excerpt":{"rendered":"<p>Comit\u00e9 organizador Laura G\u00e1miz Gracia (Universidad de Granada) Ana M\u00aa Garc\u00eda Campa\u00f1a (Universidad de Granada) Francisco J. Lara Vargas (Universidad de Granada) Maykel Hern\u00e1ndez Mesa (Universidad de Granada) M\u00aa del Mar Delgado Povedano (Universidad de Granada) Laura Carbonell Rozas (Universidad de Granada) M\u00aa del Mar Aparicio Muriana (Universidad de Granada) Jos\u00e9\u00a0Vega Hidalgo (Universidad de Granada) [&hellip;]<\/p>\n","protected":false},"author":1,"featured_media":0,"parent":0,"menu_order":0,"comment_status":"closed","ping_status":"closed","template":"","meta":[],"_links":{"self":[{"href":"https:\/\/wpd.ugr.es\/~micofood\/wp-json\/wp\/v2\/pages\/87"}],"collection":[{"href":"https:\/\/wpd.ugr.es\/~micofood\/wp-json\/wp\/v2\/pages"}],"about":[{"href":"https:\/\/wpd.ugr.es\/~micofood\/wp-json\/wp\/v2\/types\/page"}],"author":[{"embeddable":true,"href":"https:\/\/wpd.ugr.es\/~micofood\/wp-json\/wp\/v2\/users\/1"}],"replies":[{"embeddable":true,"href":"https:\/\/wpd.ugr.es\/~micofood\/wp-json\/wp\/v2\/comments?post=87"}],"version-history":[{"count":5,"href":"https:\/\/wpd.ugr.es\/~micofood\/wp-json\/wp\/v2\/pages\/87\/revisions"}],"predecessor-version":[{"id":263,"href":"https:\/\/wpd.ugr.es\/~micofood\/wp-json\/wp\/v2\/pages\/87\/revisions\/263"}],"wp:attachment":[{"href":"https:\/\/wpd.ugr.es\/~micofood\/wp-json\/wp\/v2\/media?parent=87"}],"curies":[{"name":"wp","href":"https:\/\/api.w.org\/{rel}","templated":true}]}}