{"id":89,"date":"2022-07-07T09:50:31","date_gmt":"2022-07-07T09:50:31","guid":{"rendered":"https:\/\/wpd.ugr.es\/~micofood\/?page_id=89"},"modified":"2022-07-07T16:15:17","modified_gmt":"2022-07-07T16:15:17","slug":"alhambra","status":"publish","type":"page","link":"https:\/\/wpd.ugr.es\/~micofood\/alhambra\/","title":{"rendered":"Alhambra"},"content":{"rendered":"\n<p>Por petici\u00f3n de alguno de los participantes, se est\u00e1 organizando una visita a la Alhambra el viernes 30 por la tarde, una vez finalizada la reuni\u00f3n. Los interesados en participar deben comunicarlo antes del 15 de julio al correo:<\/p>\n\n\n\n<p>micofood@ugr.es<\/p>\n\n\n\n<p>indicando en el asunto \u201cVISITA A LA ALHAMBRA\u201d, y proporcionando nombre y DNI.<\/p>\n\n\n\n<p>Debido a la falta de financiaci\u00f3n, el coste de la visita corre a cargo del participante. <\/p>\n","protected":false},"excerpt":{"rendered":"<p>Por petici\u00f3n de alguno de los participantes, se est\u00e1 organizando una visita a la Alhambra el viernes 30 por la tarde, una vez finalizada la reuni\u00f3n. Los interesados en participar deben comunicarlo antes del 15 de julio al correo: micofood@ugr.es indicando en el asunto \u201cVISITA A LA ALHAMBRA\u201d, y proporcionando nombre y DNI. Debido a [&hellip;]<\/p>\n","protected":false},"author":1,"featured_media":0,"parent":0,"menu_order":0,"comment_status":"closed","ping_status":"closed","template":"","meta":[],"_links":{"self":[{"href":"https:\/\/wpd.ugr.es\/~micofood\/wp-json\/wp\/v2\/pages\/89"}],"collection":[{"href":"https:\/\/wpd.ugr.es\/~micofood\/wp-json\/wp\/v2\/pages"}],"about":[{"href":"https:\/\/wpd.ugr.es\/~micofood\/wp-json\/wp\/v2\/types\/page"}],"author":[{"embeddable":true,"href":"https:\/\/wpd.ugr.es\/~micofood\/wp-json\/wp\/v2\/users\/1"}],"replies":[{"embeddable":true,"href":"https:\/\/wpd.ugr.es\/~micofood\/wp-json\/wp\/v2\/comments?post=89"}],"version-history":[{"count":4,"href":"https:\/\/wpd.ugr.es\/~micofood\/wp-json\/wp\/v2\/pages\/89\/revisions"}],"predecessor-version":[{"id":126,"href":"https:\/\/wpd.ugr.es\/~micofood\/wp-json\/wp\/v2\/pages\/89\/revisions\/126"}],"wp:attachment":[{"href":"https:\/\/wpd.ugr.es\/~micofood\/wp-json\/wp\/v2\/media?parent=89"}],"curies":[{"name":"wp","href":"https:\/\/api.w.org\/{rel}","templated":true}]}}