{"id":97,"date":"2022-07-07T10:25:27","date_gmt":"2022-07-07T10:25:27","guid":{"rendered":"https:\/\/wpd.ugr.es\/~micofood\/?page_id=97"},"modified":"2022-07-16T11:10:59","modified_gmt":"2022-07-16T11:10:59","slug":"alojamiento","status":"publish","type":"page","link":"https:\/\/wpd.ugr.es\/~micofood\/alojamiento\/","title":{"rendered":"Alojamiento"},"content":{"rendered":"\n<p>Para aquellos que vengan de fuera, la informaci\u00f3n para reserva del hotel es la siguiente:<\/p>\n\n\n\n<p>Hotel Granada Center (justo enfrente de la Facultad de Ciencias):<\/p>\n\n\n\n<p>Habitaci\u00f3n doble uso individual: 63.63 \u20ac + iva<\/p>\n\n\n\n<p>Habitaci\u00f3n doble: 72.72 \u20ac + iva<\/p>\n\n\n\n<p>*precio por habitaci\u00f3n\/ noche (alojamiento y desayuno)<\/p>\n\n\n\n<p>&nbsp;Las reservas se realizar\u00e1n directamente con la agencia de viajes de El Corte Ingl\u00e9s, a trav\u00e9s del siguiente <a rel=\"noreferrer noopener\" href=\"https:\/\/forms.office.com\/r\/wWmagYBiyL\" target=\"_blank\">enlace<\/a>.<\/p>\n\n\n\n<p>Desde la organizaci\u00f3n se ha dado la posibilidad de reservar tambi\u00e9n la noche del 30 de septiembre para aquellos que quieran ampliar su estancia hasta el s\u00e1bado. \u00a0No obstante, hay que tener en cuenta que las reservas para el congreso est\u00e1n bloqueadas solamente\u00a0hasta el 30 de Junio, por lo que recomendamos que aquellos interesados en pernoctar en el hotel ofertado hagan la reserva antes de esta fecha.<\/p>\n\n\n\n<div id=\"mapa\" class=\"mapa\"><\/div>\n","protected":false},"excerpt":{"rendered":"<p>Para aquellos que vengan de fuera, la informaci\u00f3n para reserva del hotel es la siguiente: Hotel Granada Center (justo enfrente de la Facultad de Ciencias): Habitaci\u00f3n doble uso individual: 63.63 \u20ac + iva Habitaci\u00f3n doble: 72.72 \u20ac + iva *precio por habitaci\u00f3n\/ noche (alojamiento y desayuno) &nbsp;Las reservas se realizar\u00e1n directamente con la agencia de [&hellip;]<\/p>\n","protected":false},"author":1,"featured_media":0,"parent":0,"menu_order":0,"comment_status":"closed","ping_status":"closed","template":"","meta":[],"_links":{"self":[{"href":"https:\/\/wpd.ugr.es\/~micofood\/wp-json\/wp\/v2\/pages\/97"}],"collection":[{"href":"https:\/\/wpd.ugr.es\/~micofood\/wp-json\/wp\/v2\/pages"}],"about":[{"href":"https:\/\/wpd.ugr.es\/~micofood\/wp-json\/wp\/v2\/types\/page"}],"author":[{"embeddable":true,"href":"https:\/\/wpd.ugr.es\/~micofood\/wp-json\/wp\/v2\/users\/1"}],"replies":[{"embeddable":true,"href":"https:\/\/wpd.ugr.es\/~micofood\/wp-json\/wp\/v2\/comments?post=97"}],"version-history":[{"count":5,"href":"https:\/\/wpd.ugr.es\/~micofood\/wp-json\/wp\/v2\/pages\/97\/revisions"}],"predecessor-version":[{"id":247,"href":"https:\/\/wpd.ugr.es\/~micofood\/wp-json\/wp\/v2\/pages\/97\/revisions\/247"}],"wp:attachment":[{"href":"https:\/\/wpd.ugr.es\/~micofood\/wp-json\/wp\/v2\/media?parent=97"}],"curies":[{"name":"wp","href":"https:\/\/api.w.org\/{rel}","templated":true}]}}