{"id":1503,"date":"2022-01-14T00:37:14","date_gmt":"2022-01-14T00:37:14","guid":{"rendered":"https:\/\/wpd.ugr.es\/~mitema\/wordpress\/?page_id=1503"},"modified":"2024-11-28T20:09:10","modified_gmt":"2024-11-28T20:09:10","slug":"que-se-pretende","status":"publish","type":"page","link":"https:\/\/wpd.ugr.es\/~mitema\/wordpress\/?page_id=1503","title":{"rendered":"\u00bfQu\u00e9 se pretende?"},"content":{"rendered":"\n<ul><li>Organizar coloquios, congresos, reuniones y seminarios de car\u00e1cter cient\u00edfico relacionados con &nbsp;mitos, imaginarios y tem\u00e1ticas pluridisciplinares.<\/li><li>Editar publicaciones cient\u00edficas o divulgativas relacionados con la materias propias de MITEMA.<\/li><li>Establecer acuerdos o contratos con otras entidades que faciliten o favorezcan los fines de MITEMA.<\/li><li>Respaldar proyectos de investigaci\u00f3n regionales, nacionales e internacionales orientados al estudio de diferentes tem\u00e1ticas desde el punto de vista de la arquetipolog\u00eda figurativa, la mitodolog\u00eda, la mitocr\u00edtica, el mitoan\u00e1lisis, la antropolog\u00eda cultural \u2026<\/li><li>Apoyar, promover y encauzar tesis doctorales sobre tem\u00e1ticas directamente relacionadas con las actividades de MITEMA.<\/li><li>Programar actividades de divulgaci\u00f3n orientadas a mostrar la presencia e influencia de los mitos y el imaginario en la sociedad contempor\u00e1nea.<\/li><li>Fomentar la transferencia a la sociedad a trav\u00e9s de tem\u00e1ticas pluridisciplinares relacionadas con la cultura espa\u00f1ola y andaluza.<\/li><li>Establecer pasarelas universidad-empresa.<\/li><\/ul>\n\n\n\n<h4>Dado que el 6\/10\/2012, MITEMA se asoci\u00f3 a la red internacional <a href=\"https:\/\/www.ufrgs.br\/cri2i\/\" target=\"_blank\" rel=\"noreferrer noopener\">CRI2i<\/a>, MITEMA responder\u00e1 igualmente a los objetivos marcados por dicha red de investigaci\u00f3n internacional:<\/h4>\n\n\n\n<ul><li>Federar actividades y tem\u00e1ticas,<\/li><li>Proponer proyectos en com\u00fan con financiaci\u00f3n internacional,<\/li><li>Participar en publicaciones internacionales, organizar congresos anuales itinerantes, etc.<\/li><\/ul>\n","protected":false},"excerpt":{"rendered":"<p>Organizar coloquios, congresos, reuniones y seminarios de car\u00e1cter cient\u00edfico relacionados con &nbsp;mitos, imaginarios y tem\u00e1ticas pluridisciplinares. Editar publicaciones cient\u00edficas o divulgativas relacionados con la materias propias de MITEMA. Establecer acuerdos o contratos con otras entidades que faciliten o favorezcan los fines de MITEMA. Respaldar proyectos de investigaci\u00f3n regionales, nacionales e internacionales orientados al estudio de &hellip; <\/p>\n<p class=\"link-more\"><a href=\"https:\/\/wpd.ugr.es\/~mitema\/wordpress\/?page_id=1503\" class=\"more-link\">Read more<span class=\"screen-reader-text\"> &#8220;\u00bfQu\u00e9 se pretende?&#8221;<\/span><\/a><\/p>\n","protected":false},"author":1,"featured_media":0,"parent":0,"menu_order":0,"comment_status":"closed","ping_status":"closed","template":"","meta":{"_mi_skip_tracking":false},"_links":{"self":[{"href":"https:\/\/wpd.ugr.es\/~mitema\/wordpress\/index.php?rest_route=\/wp\/v2\/pages\/1503"}],"collection":[{"href":"https:\/\/wpd.ugr.es\/~mitema\/wordpress\/index.php?rest_route=\/wp\/v2\/pages"}],"about":[{"href":"https:\/\/wpd.ugr.es\/~mitema\/wordpress\/index.php?rest_route=\/wp\/v2\/types\/page"}],"author":[{"embeddable":true,"href":"https:\/\/wpd.ugr.es\/~mitema\/wordpress\/index.php?rest_route=\/wp\/v2\/users\/1"}],"replies":[{"embeddable":true,"href":"https:\/\/wpd.ugr.es\/~mitema\/wordpress\/index.php?rest_route=%2Fwp%2Fv2%2Fcomments&post=1503"}],"version-history":[{"count":4,"href":"https:\/\/wpd.ugr.es\/~mitema\/wordpress\/index.php?rest_route=\/wp\/v2\/pages\/1503\/revisions"}],"predecessor-version":[{"id":1762,"href":"https:\/\/wpd.ugr.es\/~mitema\/wordpress\/index.php?rest_route=\/wp\/v2\/pages\/1503\/revisions\/1762"}],"wp:attachment":[{"href":"https:\/\/wpd.ugr.es\/~mitema\/wordpress\/index.php?rest_route=%2Fwp%2Fv2%2Fmedia&parent=1503"}],"curies":[{"name":"wp","href":"https:\/\/api.w.org\/{rel}","templated":true}]}}