{"id":1505,"date":"2022-01-14T00:37:54","date_gmt":"2022-01-14T00:37:54","guid":{"rendered":"https:\/\/wpd.ugr.es\/~mitema\/wordpress\/?page_id=1505"},"modified":"2022-01-14T23:50:18","modified_gmt":"2022-01-14T23:50:18","slug":"estatutos","status":"publish","type":"page","link":"https:\/\/wpd.ugr.es\/~mitema\/wordpress\/?page_id=1505","title":{"rendered":"ESTATUTOS"},"content":{"rendered":"\n<h2>CAPITULO I<\/h2>\n\n\n\n<h3>DENOMINACI\u00d3N, FINES, DOMICILIO Y \u00c1MBITO<\/h3>\n\n\n\n<p><strong>Art\u00edculo 1.<\/strong>&nbsp;Con la denominaci\u00f3n&nbsp; MITEMA (mitos, imaginarios, tem\u00e1ticas pluridisciplinares) se constituye una ASOCIACI\u00d3N al amparo de la Ley Org\u00e1nica 1\/2002, de 22 de marzo, y normas complementarias, con personalidad jur\u00eddica y plena capacidad de obrar, careciendo de \u00e1nimo de lucro.<\/p>\n\n\n\n<p><strong>Art\u00edculo 2.<\/strong>&nbsp;Esta Asociaci\u00f3n se constituye por tiempo indefinido.<\/p>\n\n\n\n<p><strong>Art\u00edculo 3<\/strong>. La existencia de esta Asociaci\u00f3n tiene como fines:<\/p>\n\n\n\n<ol><li>Fomentar la investigaci\u00f3n en humanidades desde el punto de vista pluridisciplinar a nivel nacional e internacional<\/li><li>Demostrar la existencia de pasarelas culturales o \u201cbassins s\u00e9mantiques (cuencas sem\u00e1nticas)\u201d entre lenguas y \u00e9pocas diversas a trav\u00e9s del estudio de mitos, imaginarios y tem\u00e1ticas pluridisciplinares<\/li><li>Desarrollar la cultura espa\u00f1ola y andaluza fomentando la relaci\u00f3n universidad-empresa.<\/li><\/ol>\n\n\n\n<p><strong>Art\u00edculo 4.<\/strong>&nbsp;Para el cumplimiento de estos fines se realizar\u00e1n las siguientes actividades:<\/p>\n\n\n\n<ol><li>A nivel local y nacional: propuesta de tem\u00e1ticas de investigaci\u00f3n (publicaciones, congresos, seminarios, proyectos de investigaci\u00f3n a nivel nacional) que permitan sacar conclusiones en torno a las nociones de \u201cmitos, imaginarios, tem\u00e1ticas pluridisciplinares\u201d y abarquen lenguas, literaturas y culturas estudiadas en la universidad de Granada.<\/li><li>A nivel internacional: establecimiento de l\u00edneas de investigaci\u00f3n, participaci\u00f3n en congresos itinerantes, proyectos de investigaci\u00f3n internacionales seg\u00fan las directrices de los CRII (Centres de Recherches internationales sur l\u2019imaginaire) a los cuales esta asociaci\u00f3n estar\u00e1 vinculada.<\/li><\/ol>\n\n\n\n<p><strong>Art\u00edculo 5.<\/strong>&nbsp;La Asociaci\u00f3n establece su domicilio social en Facultad de Filosof\u00eda y Letras, C\/ Campus de Cartuja, n\u00ba s\/n, CP. 18071, y su \u00e1mbito territorial en el que va a realizar principalmente sus actividades es todo el territorio del Estado&nbsp; espa\u00f1ol y m\u00e1s concretamente en la Comunidad Aut\u00f3noma de Andaluc\u00eda, provincia de Granada.<\/p>\n\n\n\n<h2>CAPITULO II<\/h2>\n\n\n\n<h3>\u00d3RGANO DE REPRESENTACI\u00d3N<\/h3>\n\n\n\n<p><strong>Art\u00edculo 6.<\/strong>&nbsp;La Asociaci\u00f3n ser\u00e1 gestionada y representada por una Junta Directiva formada por: un Presidente\/a, un Vicepresidente\/a, un Secretario\/a y un tesorero\/a. Todos los cargos que componen la Junta Directiva ser\u00e1n gratuitos. \u00c9stos ser\u00e1n designados y revocados por la Asamblea General y su mandato tendr\u00e1 una duraci\u00f3n de 4 a\u00f1os renovables .<\/p>\n\n\n\n<p><strong>Art\u00edculo 7<\/strong>. Estos podr\u00e1n causar baja por renuncia voluntaria comunicada por escrito a la Junta Directiva, por incumplimiento de las obligaciones que tuvieran encomendadas y por expiraci\u00f3n del mandato.<\/p>\n\n\n\n<p><strong>Art\u00edculo 8.<\/strong>&nbsp;Los miembros de la Junta Directiva que hubieran agotado el plazo para el cual fueron elegidos, continuar\u00e1n ostentando sus cargos hasta el momento en que se produzca la aceptaci\u00f3n de los que los sustituyan.<\/p>\n\n\n\n<p><strong>Art\u00edculo 9.<\/strong>&nbsp;La Junta Directiva se reunir\u00e1 cuantas veces lo determine su Presidente\/a y a iniciativa o petici\u00f3n de 50% de sus miembros. Quedar\u00e1 constituida cuando asista la mitad m\u00e1s uno de sus miembros y para que sus acuerdos sean v\u00e1lidos deber\u00e1n ser tomados por mayor\u00eda de votos. En caso de empate, el voto del Presidente\/a ser\u00e1 de calidad.<\/p>\n\n\n\n<p><strong>Art\u00edculo 10.<\/strong>&nbsp;Facultades de la Junta Directiva:<\/p>\n\n\n\n<p>Las facultades de la Junta Directiva se extender\u00e1n, con car\u00e1cter general a todos los actos propios de las finalidades de la Asociaci\u00f3n, siempre que no requieran, seg\u00fan estos Estatutos, autorizaci\u00f3n expresa de la Asamblea General.<\/p>\n\n\n\n<p>Son facultades particulares de la Junta Directiva:<\/p>\n\n\n\n<ol><li>Dirigir las actividades sociales y llevar la gesti\u00f3n econ\u00f3mica y administrativa de la Asociaci\u00f3n, acordando realizar los oportunos contratos y actos.<\/li><li>Ejecutar los acuerdos de la Asamblea General.<\/li><li>Formular y someter a la aprobaci\u00f3n de la Asamblea General los balances y las cuentas anuales.<\/li><li>Resolver sobre la admisi\u00f3n de nuevos asociados.<ul><li>Nombrar delegados para alguna determinada actividad de la Asociaci\u00f3n.<\/li><li>Cualquier otra facultad que no sea de la exclusiva competencia de la Asamblea General de socios.<\/li><\/ul><\/li><\/ol>\n\n\n\n<p><strong>Art\u00edculo 11.<\/strong>&nbsp;El Presidente\/a tendr\u00e1 las siguientes atribuciones: representar legalmente a la Asociaci\u00f3n ante toda clase de organismos p\u00fablicos o privados; convocar, presidir y levantar las sesiones que celebre la Asamblea General y la Junta Directiva, as\u00ed como dirigir las deliberaciones de una y otra; ordenar pagos y autorizar con su firma los documentos, actas y correspondencia; adoptar cualquier medida urgente que la buena marcha de la Asociaci\u00f3n aconseje o en el desarrollo de sus actividades resulte necesaria o conveniente, sin perjuicio de dar cuenta posteriormente a la Junta Directiva.<\/p>\n\n\n\n<p><strong>Art\u00edculo 12.<\/strong>&nbsp;El Vicepresidente\/a sustituir\u00e1 al Presidente en ausencia de \u00e9ste, motivada por enfermedad o cualquier otra causa, y tendr\u00e1 las mismas atribuciones que \u00e9l.<\/p>\n\n\n\n<p><strong>Art\u00edculo 13.<\/strong>&nbsp;El Secretario\/a tendr\u00e1 a cargo la direcci\u00f3n de los trabajos puramente administrativos de la Asociaci\u00f3n, expedir\u00e1 certificaciones, llevar\u00e1 los libros de la Asociaci\u00f3n legalmente establecidos y el fichero de asociados, y custodiar\u00e1 la documentaci\u00f3n de la entidad, haciendo que se cursen a las comunicaciones sobre designaci\u00f3n de Juntas Directivas y dem\u00e1s acuerdos sociales inscribibles a los Registros correspondientes, as\u00ed como el cumplimiento de las obligaciones documentales en los t\u00e9rminos que legalmente correspondan.<\/p>\n\n\n\n<p><strong>Art\u00edculo 14.<\/strong>&nbsp;El Tesorero\/a recaudar\u00e1 y custodiar\u00e1 los fondos pertenecientes a la Asociaci\u00f3n y dar\u00e1 cumplimiento a las \u00f3rdenes de pago que expida el Presidente\/a.<\/p>\n\n\n\n<p><strong>Art\u00edculo 15.<\/strong>&nbsp;Los Vocales, en caso de haberlos, tendr\u00e1n las obligaciones propias de su cargo como miembros de la Junta Directiva, y as\u00ed como las que nazcan de las delegaciones o comisiones de trabajo que la propia Junta las encomiende.<\/p>\n\n\n\n<p><strong>Art\u00edculo 16.<\/strong>&nbsp;Las vacantes que se pudieran producir durante el mandato de cualquiera de los miembros de la Junta Directiva, ser\u00e1n cubiertas provisionalmente entre dichos miembros hasta la elecci\u00f3n definitiva por la Asamblea General convocada al efecto.<\/p>\n\n\n\n<h2>CAPITULO III<\/h2>\n\n\n\n<h3>ASAMBLEA GENERAL<\/h3>\n\n\n\n<p><strong>Art\u00edculo 17.<\/strong>&nbsp;La Asamblea General es el \u00f3rgano supremo de gobierno la Asociaci\u00f3n y estar\u00e1 integrada por todos los asociados.<\/p>\n\n\n\n<p><strong>Art\u00edculo 18.<\/strong>&nbsp;Las reuniones de la Asamblea General ser\u00e1n ordinarias y extraordinarias. La ordinaria se celebrar\u00e1 una vez al a\u00f1o dentro de los cuatro meses siguientes al cierre del ejercicio; las extraordinarias se celebrar\u00e1n cuando las circunstancias lo aconsejen, a juicio del Presidente\/a cuando la Junta Directiva lo acuerde o cuando lo proponga por escrito una d\u00e9cima parte de los asociados.<\/p>\n\n\n\n<p><strong>Art\u00edculo 19.<\/strong>&nbsp;Las convocatorias de las Asambleas Generales se realizar\u00e1n por escrito expresando el lugar, d\u00eda y hora de la reuni\u00f3n as\u00ed como el orden del d\u00eda con expresi\u00f3n concreta de los asuntos a tratar. Entre la convocatoria y el d\u00eda se\u00f1alado para la celebraci\u00f3n de la Asamblea en primera convocatoria habr\u00e1n de mediar al menos quince d\u00edas, pudiendo as\u00ed mismo hacerse constar si procediera la fecha y hora en que se reunir\u00e1 la Asamblea en segunda convocatoria, sin que entre una y otra pueda mediar un plazo inferior a una hora.<\/p>\n\n\n\n<p><strong>Art\u00edculo 20.<\/strong>&nbsp;Las Asambleas Generales, tanto ordinarias como extraordinarias, quedar\u00e1n v\u00e1lidamente constituidas en primera convocatoria cuando concurran a ella un tercio de los asociados con derecho a voto, y en segunda convocatoria cualquiera que sea el n\u00famero de asociados con derecho a voto.<\/p>\n\n\n\n<p>Los acuerdos se tomar\u00e1n por mayor\u00eda simple de las personas presentes o representadas cuando los votos afirmativos superen a los negativos, no siendo computables a estos efectos los votos nulos, en blanco, ni las abstenciones.<\/p>\n\n\n\n<p>Ser\u00e1 necesario mayor\u00eda cualificada de las personas presentes o representadas, que resultar\u00e1 cuando los votos afirmativos superen la mitad de \u00e9stas, para :<\/p>\n\n\n\n<ol><li>Disoluci\u00f3n de la entidad.<\/li><li>Modificaci\u00f3n de Estatutos.<\/li><li>Disposici\u00f3n o enajenaci\u00f3n de bienes integrantes del inmovilizado.<\/li><li>Remuneraci\u00f3n de los miembros del \u00f3rgano de representaci\u00f3n.<\/li><\/ol>\n\n\n\n<p><strong>Art\u00edculo 21.<\/strong>&nbsp;Son facultades de la Asamblea General:<\/p>\n\n\n\n<ol><li>Aprobar la gesti\u00f3n de la Junta Directiva.<\/li><li>Examinar y aprobar las Cuentas anuales.<\/li><li>Elegir a los miembros de la Junta Directiva.<\/li><li>Fijar las cuotas ordinarias o extraordinarias.<\/li><li>Disoluci\u00f3n de la asociaci\u00f3n.<\/li><li>Modificaci\u00f3n de los Estatutos.<\/li><li>Disposici\u00f3n o enajenaci\u00f3n de los bienes<\/li><li>Acordar, en su caso, la remuneraci\u00f3n de los miembros de los \u00f3rganos de representaci\u00f3n .<\/li><li>Cualquiera otra que no sea competencia atribuida a otro \u00f3rgano social.<\/li><\/ol>\n\n\n\n<p><strong>Art\u00edculo 22.<\/strong>&nbsp;Requieren acuerdo de la Asamblea General Extraordinaria convocada al efecto:<\/p>\n\n\n\n<ol><li>Modificaci\u00f3n de los Estatutos.<\/li><li>Disoluci\u00f3n de la Asociaci\u00f3n.<\/li><\/ol>\n\n\n\n<h2>CAPITULO IV<\/h2>\n\n\n\n<h3>SOCIOS\/AS<\/h3>\n\n\n\n<p><strong>Art\u00edculo 23.<\/strong>&nbsp;Podr\u00e1n pertenecer a la Asociaci\u00f3n aquellas personas con capacidad de obrar&nbsp; que tengan inter\u00e9s en el desarrollo de los fines de la Asociaci\u00f3n.<\/p>\n\n\n\n<p><strong>Art\u00edculo 24.<\/strong>&nbsp;Dentro de la Asociaci\u00f3n existir\u00e1n las siguientes clases de socios\/as:<\/p>\n\n\n\n<ol><li>Fundadores, que ser\u00e1n aquellos que participen en el acto de constituci\u00f3n de la Asociaci\u00f3n.<\/li><li>De n\u00famero, que ser\u00e1n los que ingresen despu\u00e9s de la constituci\u00f3n de la Asociaci\u00f3n.<\/li><li>De honor, los que por su prestigio o por haber contribuido de modo relevante a la dignificaci\u00f3n y desarrollo de la Asociaci\u00f3n, se hagan acreedores a tal distinci\u00f3n. El nombramiento de los socios de honor corresponder\u00e1 a la Junta Directiva o a la Asamblea General.<\/li><\/ol>\n\n\n\n<p><strong>Art\u00edculo 25.<\/strong>&nbsp;Los socios\/as causar\u00e1n baja por alguna de las causas siguientes:<\/p>\n\n\n\n<ol><li>Por renuncia voluntaria, comunicada por escrito a la Junta Directiva.<\/li><li>Por incumplimiento de las obligaciones econ\u00f3micas, si dejara de satisfacer 3 cuotas peri\u00f3dicas.<\/li><\/ol>\n\n\n\n<p><strong>Art\u00edculo 26.<\/strong>&nbsp;Los socios\/as de n\u00famero y fundadores tendr\u00e1n los siguientes derechos:<\/p>\n\n\n\n<ol><li>Tomar parte en cuantas actividades organice la Asociaci\u00f3n en cumplimiento de sus fines.<\/li><li>Disfrutar de todas las ventajas y beneficios que la Asociaci\u00f3n pueda obtener.<\/li><li>Participar en las Asambleas con voz y voto.<\/li><li>Ser electores y elegibles para los cargos directivos.<\/li><li>Recibir informaci\u00f3n sobre los acuerdos adoptados por los \u00f3rganos de la Asociaci\u00f3n.<\/li><li>Hacer sugerencias a los miembros de la Junta Directiva en orden al mejor cumplimiento de los fines de la Asociaci\u00f3n.<\/li><\/ol>\n\n\n\n<p><strong>Art\u00edculo 27.<\/strong>&nbsp;Los socios\/as fundadores y de n\u00famero tendr\u00e1n las siguientes obligaciones:<\/p>\n\n\n\n<ol><li>Cumplir los presentes Estatutos y los acuerdos v\u00e1lidos de las Asambleas y la Junta Directiva.<\/li><li>Abonar las cuotas que se fijen.<\/li><li>Asistir a las Asambleas y dem\u00e1s actos que se organicen.<\/li><li>Desempe\u00f1ar, en su caso, las obligaciones inherentes al cargo que ocupen.<\/li><\/ol>\n\n\n\n<p><strong>Art\u00edculo 28.<\/strong>&nbsp;Los socios\/as de honor tendr\u00e1n las mismas obligaciones que los fundadores y de n\u00famero a excepci\u00f3n de las previstas en los apartados b) y d), del art\u00edculo anterior.<\/p>\n\n\n\n<p>Asimismo, tendr\u00e1n los mismos derechos a excepci\u00f3n de los que figuran en los apartados c) y d) del art\u00edculo 26, pudiendo asistir a las asambleas sin derecho de voto.<\/p>\n\n\n\n<p><strong>Art\u00edculo 29.<\/strong>&nbsp;Los recursos econ\u00f3micos previstos para el desarrollo de los fines y actividades de la Asociaci\u00f3n ser\u00e1n los siguientes:<\/p>\n\n\n\n<ol><li>Las cuotas de socios\/as, peri\u00f3dicas o extraordinarias. Se estable la siguiente cuant\u00eda: 20 euros anuales a profesorado, personal administrativo o no docente, gratuito para el alumnado.<\/li><li>Las subvenciones, legados o herencias que pudiera recibir de forma legal por parte de los asociados o de terceras personas.<\/li><li>Cualquier otro recurso l\u00edcito.<\/li><\/ol>\n\n\n\n<p><strong>Art\u00edculo 30.<\/strong>&nbsp;El patrimonio inicial o Fondo Social de la Asociaci\u00f3n es de&nbsp; 0 euros (se carece por el momento de fondo social o patrimonio).<\/p>\n\n\n\n<p><strong>Art\u00edculo 31.<\/strong>&nbsp;El ejercicio asociativo y econ\u00f3mico ser\u00e1 anual y su cierre tendr\u00e1 lugar el&nbsp; 31 de diciembre de cada a\u00f1o.<\/p>\n\n\n\n<h2>CAPITULO V<\/h2>\n\n\n\n<h3>DISOLUCI\u00d3N<\/h3>\n\n\n\n<p><strong>Art\u00edculo 32.<\/strong>&nbsp;Se disolver\u00e1 voluntariamente cuando as\u00ed lo acuerde la Asamblea General Extraordinaria, convocada al efecto, con arreglo a lo dispuesto en el art\u00edculo 20 de los presentes Estatutos.<\/p>\n\n\n\n<p><strong>Art\u00edculo 33.<\/strong>&nbsp;En caso de disoluci\u00f3n, se nombrar\u00e1 una comisi\u00f3n liquidadora la cual, una vez extinguidas las deudas, y si existiese sobrante liquido lo destinar\u00e1 para fines que no desvirt\u00faen su naturaleza no lucrativa (concretamente a investigaci\u00f3n relacionada con MITEMA).<\/p>\n\n\n\n<h3>DISPOSICION ADICIONAL<\/h3>\n\n\n\n<p>En todo cuanto no est\u00e9 previsto en los presentes Estatutos se aplicar\u00e1 la vigente Ley Org\u00e1nica 1\/2002, de 22 de marzo, reguladora del Derecho de Asociaci\u00f3n, y las disposiciones complementarias.<\/p>\n\n\n\n<h4>En Granada, a 14 de Mayo de 2012<\/h4>\n\n\n\n<p>(FIRMAS de los miembros promotores que figuren como otorgantes del Acta Fundacional. En el caso de ser una posterior modificaci\u00f3n de los estatutos inscritos en el Registro, firmar\u00e1n: Presidente\/a, Secretario\/a o representantes de la entidad seg\u00fan sus Estatutos. Deber\u00e1n firmar tambi\u00e9n en el margen de cada una de las hojas de los Estatutos).<\/p>\n\n\n\n<h5>D\u00d1A. Mercedes Montoro Araque<\/h5>\n\n\n\n<h5>D\u00d1A. Natalia Arregui Barrag\u00e1n<\/h5>\n\n\n\n<h5>D\u00d1A. M\u00aa del Carmen Alberdi Urquizu<\/h5>\n","protected":false},"excerpt":{"rendered":"<p>CAPITULO I DENOMINACI\u00d3N, FINES, DOMICILIO Y \u00c1MBITO Art\u00edculo 1.&nbsp;Con la denominaci\u00f3n&nbsp; MITEMA (mitos, imaginarios, tem\u00e1ticas pluridisciplinares) se constituye una ASOCIACI\u00d3N al amparo de la Ley Org\u00e1nica 1\/2002, de 22 de marzo, y normas complementarias, con personalidad jur\u00eddica y plena capacidad de obrar, careciendo de \u00e1nimo de lucro. Art\u00edculo 2.&nbsp;Esta Asociaci\u00f3n se constituye por tiempo indefinido. &hellip; <\/p>\n<p class=\"link-more\"><a href=\"https:\/\/wpd.ugr.es\/~mitema\/wordpress\/?page_id=1505\" class=\"more-link\">Read more<span class=\"screen-reader-text\"> &#8220;ESTATUTOS&#8221;<\/span><\/a><\/p>\n","protected":false},"author":1,"featured_media":0,"parent":0,"menu_order":0,"comment_status":"closed","ping_status":"closed","template":"","meta":{"_mi_skip_tracking":false},"_links":{"self":[{"href":"https:\/\/wpd.ugr.es\/~mitema\/wordpress\/index.php?rest_route=\/wp\/v2\/pages\/1505"}],"collection":[{"href":"https:\/\/wpd.ugr.es\/~mitema\/wordpress\/index.php?rest_route=\/wp\/v2\/pages"}],"about":[{"href":"https:\/\/wpd.ugr.es\/~mitema\/wordpress\/index.php?rest_route=\/wp\/v2\/types\/page"}],"author":[{"embeddable":true,"href":"https:\/\/wpd.ugr.es\/~mitema\/wordpress\/index.php?rest_route=\/wp\/v2\/users\/1"}],"replies":[{"embeddable":true,"href":"https:\/\/wpd.ugr.es\/~mitema\/wordpress\/index.php?rest_route=%2Fwp%2Fv2%2Fcomments&post=1505"}],"version-history":[{"count":2,"href":"https:\/\/wpd.ugr.es\/~mitema\/wordpress\/index.php?rest_route=\/wp\/v2\/pages\/1505\/revisions"}],"predecessor-version":[{"id":1530,"href":"https:\/\/wpd.ugr.es\/~mitema\/wordpress\/index.php?rest_route=\/wp\/v2\/pages\/1505\/revisions\/1530"}],"wp:attachment":[{"href":"https:\/\/wpd.ugr.es\/~mitema\/wordpress\/index.php?rest_route=%2Fwp%2Fv2%2Fmedia&parent=1505"}],"curies":[{"name":"wp","href":"https:\/\/api.w.org\/{rel}","templated":true}]}}