{"id":1622,"date":"2022-02-14T14:31:25","date_gmt":"2022-02-14T14:31:25","guid":{"rendered":"https:\/\/wpd.ugr.es\/~mitema\/wordpress\/?page_id=1622"},"modified":"2022-02-15T15:13:20","modified_gmt":"2022-02-15T15:13:20","slug":"miembros-de-mitema","status":"publish","type":"page","link":"https:\/\/wpd.ugr.es\/~mitema\/wordpress\/?page_id=1622","title":{"rendered":"Miembros de Mitema"},"content":{"rendered":"\n<h2>Junta Directiva<\/h2>\n\n\n<div class='rt-container-fluid rt-team-container rt-pos-r rt-team-container-1660' id='rt-team-container-662506702'  data-layout='layout3' data-desktop-col='3'  data-tab-col='2'  data-mobile-col='1' data-sc-id='1660' data-popup-bg=''><div data-title='Loading ...' class='rt-row rt-content-loader layout3 ttp-even ttp-pre-loader'><div class='rt-col-md-4 rt-col-sm-6 rt-col-xs-12 even-grid-item rt-grid-item' data-id='1625'><div class=\"single-team-area\"><figure><a class='' data-id='1625' target='_self' href='https:\/\/wpd.ugr.es\/~mitema\/wordpress\/?team=mercedes-montoro-araque'><img width=\"150\" height=\"150\" src=\"https:\/\/wpd.ugr.es\/~mitema\/wordpress\/wp-content\/uploads\/2022\/02\/miembro03-2-150x150.jpg\" class=\"img-responsive rt-team-img\" alt=\"Mercedes MONTORO ARAQUE\" loading=\"lazy\" srcset=\"https:\/\/wpd.ugr.es\/~mitema\/wordpress\/wp-content\/uploads\/2022\/02\/miembro03-2-150x150.jpg 150w, https:\/\/wpd.ugr.es\/~mitema\/wordpress\/wp-content\/uploads\/2022\/02\/miembro03-2-400x400.jpg 400w\" sizes=\"100vw\" \/><\/a><\/figure><div class='tlp-content2'><h3><span class=\"team-name\"><a class=\"\" data-id=\"1625\" target=\"_self\" title=\"Mercedes MONTORO ARAQUE\" href=\"https:\/\/wpd.ugr.es\/~mitema\/wordpress\/?team=mercedes-montoro-araque\">Mercedes MONTORO ARAQUE<\/a><\/span><\/h3><div class=\"short-bio\"><p>Presidenta. Profesora Titular Universidad (acreditada a Catedr\u00e1tica) en el \u00e1rea de Filolog\u00eda Francesa (UGR)<\/p><\/div><\/div><\/div><\/div><div class='rt-col-md-4 rt-col-sm-6 rt-col-xs-12 even-grid-item rt-grid-item' data-id='1630'><div class=\"single-team-area\"><figure><a class='' data-id='1630' target='_self' href='https:\/\/wpd.ugr.es\/~mitema\/wordpress\/?team=maria-flores-fernandez'><img width=\"160\" height=\"160\" class=\"default-img\" src=\"https:\/\/wpd.ugr.es\/~mitema\/wordpress\/wp-content\/plugins\/tlp-team\/assets\/images\/demo.jpg\" \/><\/a><\/figure><div class='tlp-content2'><h3><span class=\"team-name\"><a class=\"\" data-id=\"1630\" target=\"_self\" title=\"Mar\u00eda FLORES FERN\u00c1NDEZ\" href=\"https:\/\/wpd.ugr.es\/~mitema\/wordpress\/?team=maria-flores-fernandez\">Mar\u00eda FLORES FERN\u00c1NDEZ<\/a><\/span><\/h3><div class=\"short-bio\"><p>Secretaria. Profesora Ayudante doctora en el \u00e1rea de Filolog\u00eda Francesa (UGR).<\/p><\/div><\/div><\/div><\/div><div class='rt-col-md-4 rt-col-sm-6 rt-col-xs-12 even-grid-item rt-grid-item' data-id='1636'><div class=\"single-team-area\"><figure><a class='' data-id='1636' target='_self' href='https:\/\/wpd.ugr.es\/~mitema\/wordpress\/?team=victoria-ferrety-montiel'><img width=\"150\" height=\"150\" src=\"https:\/\/wpd.ugr.es\/~mitema\/wordpress\/wp-content\/uploads\/2022\/02\/foto-Granada-150x150.jpg\" class=\"img-responsive rt-team-img\" alt=\"Victoria FERRETY MONTIEL\" loading=\"lazy\" srcset=\"https:\/\/wpd.ugr.es\/~mitema\/wordpress\/wp-content\/uploads\/2022\/02\/foto-Granada-150x150.jpg 150w, https:\/\/wpd.ugr.es\/~mitema\/wordpress\/wp-content\/uploads\/2022\/02\/foto-Granada-400x400.jpg 400w\" sizes=\"100vw\" \/><\/a><\/figure><div class='tlp-content2'><h3><span class=\"team-name\"><a class=\"\" data-id=\"1636\" target=\"_self\" title=\"Victoria FERRETY MONTIEL\" href=\"https:\/\/wpd.ugr.es\/~mitema\/wordpress\/?team=victoria-ferrety-montiel\">Victoria FERRETY MONTIEL<\/a><\/span><\/h3><div class=\"short-bio\"><p>Tesorera. Profesora Contratada Doctora (acreditada a Titular) en el \u00e1rea de Filolog\u00eda Francesa (UCA).<\/p><\/div><\/div><\/div><\/div><div class=\"rt-loading-overlay\"><\/div><div class=\"rt-loading rt-ball-clip-rotate\"><div><\/div><\/div><\/div><\/div>\n\n\n\n<h2>Miembros actuales<\/h2>\n\n\n<div class='rt-container-fluid rt-team-container rt-pos-r rt-team-container-1626' id='rt-team-container-604537692'  data-layout='layout2' data-desktop-col='1'  data-tab-col='1'  data-mobile-col='1' data-sc-id='1626' data-popup-bg=''><div data-title='Loading ...' class='rt-row rt-content-loader layout2 ttp-even ttp-pre-loader'><div class='rt-col-md-12 rt-col-sm-12 rt-col-xs-12 even-grid-item rt-grid-item' data-id='1628'><div class=\"single-team-area\"><div class=\"img-area rt-col-sm-4 rt-col-xs-12 \"><figure><a class='' data-id='1628' target='_self' href='https:\/\/wpd.ugr.es\/~mitema\/wordpress\/?team=carmen-alberdi-urquizu'><img width=\"150\" height=\"150\" src=\"https:\/\/wpd.ugr.es\/~mitema\/wordpress\/wp-content\/uploads\/2022\/02\/fondo-acuarel-miembros-150x150.jpg\" class=\"img-responsive rt-team-img\" alt=\"Carmen ALBERDI URQUIZU\" loading=\"lazy\" srcset=\"https:\/\/wpd.ugr.es\/~mitema\/wordpress\/wp-content\/uploads\/2022\/02\/fondo-acuarel-miembros-150x150.jpg 150w, https:\/\/wpd.ugr.es\/~mitema\/wordpress\/wp-content\/uploads\/2022\/02\/fondo-acuarel-miembros-400x400.jpg 400w\" sizes=\"100vw\" \/><\/a><\/figure><\/div><div class=\"rttm-content-area rt-col-sm-8 rt-col-xs-12 \"><h3><span class=\"team-name\"><a class=\"\" data-id=\"1628\" target=\"_self\" title=\"Carmen ALBERDI URQUIZU\" href=\"https:\/\/wpd.ugr.es\/~mitema\/wordpress\/?team=carmen-alberdi-urquizu\">Carmen ALBERDI URQUIZU<\/a><\/span><\/h3><div class=\"short-bio\"><p>Profesora Titular de la Universidad de Granada en el \u00e1rea de Lengua y Ling\u00fc\u00edstica francesa.<\/p><\/div><\/div><\/div><\/div><div class='rt-col-md-12 rt-col-sm-12 rt-col-xs-12 even-grid-item rt-grid-item' data-id='1638'><div class=\"single-team-area\"><div class=\"img-area rt-col-sm-4 rt-col-xs-12 \"><figure><a class='' data-id='1638' target='_self' href='https:\/\/wpd.ugr.es\/~mitema\/wordpress\/?team=1638'><img width=\"150\" height=\"150\" src=\"https:\/\/wpd.ugr.es\/~mitema\/wordpress\/wp-content\/uploads\/2022\/02\/miembro04-150x150.jpg\" class=\"img-responsive rt-team-img\" alt=\"Jos\u00e9 Manuel CHICO MORALES\" loading=\"lazy\" srcset=\"https:\/\/wpd.ugr.es\/~mitema\/wordpress\/wp-content\/uploads\/2022\/02\/miembro04-150x150.jpg 150w, https:\/\/wpd.ugr.es\/~mitema\/wordpress\/wp-content\/uploads\/2022\/02\/miembro04-400x400.jpg 400w\" sizes=\"100vw\" \/><\/a><\/figure><\/div><div class=\"rttm-content-area rt-col-sm-8 rt-col-xs-12 \"><h3><span class=\"team-name\"><a class=\"\" data-id=\"1638\" target=\"_self\" title=\"Jos\u00e9 Manuel CHICO MORALES\" href=\"https:\/\/wpd.ugr.es\/~mitema\/wordpress\/?team=1638\">Jos\u00e9 Manuel CHICO MORALES<\/a><\/span><\/h3><div class=\"short-bio\"><p>Jos\u00e9 Manuel Chico Morales es profesor en el Departamento de Filolog\u00eda Francesa de la Universidad de Granada.<\/p><\/div><\/div><\/div><\/div><div class='rt-col-md-12 rt-col-sm-12 rt-col-xs-12 even-grid-item rt-grid-item' data-id='1636'><div class=\"single-team-area\"><div class=\"img-area rt-col-sm-4 rt-col-xs-12 \"><figure><a class='' data-id='1636' target='_self' href='https:\/\/wpd.ugr.es\/~mitema\/wordpress\/?team=victoria-ferrety-montiel'><img width=\"150\" height=\"150\" src=\"https:\/\/wpd.ugr.es\/~mitema\/wordpress\/wp-content\/uploads\/2022\/02\/foto-Granada-150x150.jpg\" class=\"img-responsive rt-team-img\" alt=\"Victoria FERRETY MONTIEL\" loading=\"lazy\" srcset=\"https:\/\/wpd.ugr.es\/~mitema\/wordpress\/wp-content\/uploads\/2022\/02\/foto-Granada-150x150.jpg 150w, https:\/\/wpd.ugr.es\/~mitema\/wordpress\/wp-content\/uploads\/2022\/02\/foto-Granada-400x400.jpg 400w\" sizes=\"100vw\" \/><\/a><\/figure><\/div><div class=\"rttm-content-area rt-col-sm-8 rt-col-xs-12 \"><h3><span class=\"team-name\"><a class=\"\" data-id=\"1636\" target=\"_self\" title=\"Victoria FERRETY MONTIEL\" href=\"https:\/\/wpd.ugr.es\/~mitema\/wordpress\/?team=victoria-ferrety-montiel\">Victoria FERRETY MONTIEL<\/a><\/span><\/h3><div class=\"short-bio\"><p>Tesorera. Profesora Contratada Doctora (acreditada a Titular) en el \u00e1rea de Filolog\u00eda Francesa (UCA).<\/p><\/div><\/div><\/div><\/div><div class='rt-col-md-12 rt-col-sm-12 rt-col-xs-12 even-grid-item rt-grid-item' data-id='1630'><div class=\"single-team-area\"><div class=\"img-area rt-col-sm-4 rt-col-xs-12 \"><figure><a class='' data-id='1630' target='_self' href='https:\/\/wpd.ugr.es\/~mitema\/wordpress\/?team=maria-flores-fernandez'><img width=\"160\" height=\"160\" class=\"default-img\" src=\"https:\/\/wpd.ugr.es\/~mitema\/wordpress\/wp-content\/plugins\/tlp-team\/assets\/images\/demo.jpg\" \/><\/a><\/figure><\/div><div class=\"rttm-content-area rt-col-sm-8 rt-col-xs-12 \"><h3><span class=\"team-name\"><a class=\"\" data-id=\"1630\" target=\"_self\" title=\"Mar\u00eda FLORES FERN\u00c1NDEZ\" href=\"https:\/\/wpd.ugr.es\/~mitema\/wordpress\/?team=maria-flores-fernandez\">Mar\u00eda FLORES FERN\u00c1NDEZ<\/a><\/span><\/h3><div class=\"short-bio\"><p>Secretaria. Profesora Ayudante doctora en el \u00e1rea de Filolog\u00eda Francesa (UGR).<\/p><\/div><\/div><\/div><\/div><div class='rt-col-md-12 rt-col-sm-12 rt-col-xs-12 even-grid-item rt-grid-item' data-id='1632'><div class=\"single-team-area\"><div class=\"img-area rt-col-sm-4 rt-col-xs-12 \"><figure><a class='' data-id='1632' target='_self' href='https:\/\/wpd.ugr.es\/~mitema\/wordpress\/?team=jose-antonio-gonzalez-alcantud'><img width=\"150\" height=\"150\" src=\"https:\/\/wpd.ugr.es\/~mitema\/wordpress\/wp-content\/uploads\/2022\/02\/unnamed-file-150x150.png\" class=\"img-responsive rt-team-img\" alt=\"Jos\u00e9 Antonio GONZ\u00c1LEZ ALCANTUD\" loading=\"lazy\" srcset=\"https:\/\/wpd.ugr.es\/~mitema\/wordpress\/wp-content\/uploads\/2022\/02\/unnamed-file-150x150.png 150w, https:\/\/wpd.ugr.es\/~mitema\/wordpress\/wp-content\/uploads\/2022\/02\/unnamed-file-400x399.png 400w\" sizes=\"100vw\" \/><\/a><\/figure><\/div><div class=\"rttm-content-area rt-col-sm-8 rt-col-xs-12 \"><h3><span class=\"team-name\"><a class=\"\" data-id=\"1632\" target=\"_self\" title=\"Jos\u00e9 Antonio GONZ\u00c1LEZ ALCANTUD\" href=\"https:\/\/wpd.ugr.es\/~mitema\/wordpress\/?team=jose-antonio-gonzalez-alcantud\">Jos\u00e9 Antonio GONZ\u00c1LEZ ALCANTUD<\/a><\/span><\/h3><div class=\"short-bio\"><p>Catedr\u00e1tico de Antropolog\u00eda Social de la Universidad de Granada.<\/p><\/div><\/div><\/div><\/div><div class='rt-col-md-12 rt-col-sm-12 rt-col-xs-12 even-grid-item rt-grid-item' data-id='1625'><div class=\"single-team-area\"><div class=\"img-area rt-col-sm-4 rt-col-xs-12 \"><figure><a class='' data-id='1625' target='_self' href='https:\/\/wpd.ugr.es\/~mitema\/wordpress\/?team=mercedes-montoro-araque'><img width=\"150\" height=\"150\" src=\"https:\/\/wpd.ugr.es\/~mitema\/wordpress\/wp-content\/uploads\/2022\/02\/miembro03-2-150x150.jpg\" class=\"img-responsive rt-team-img\" alt=\"Mercedes MONTORO ARAQUE\" loading=\"lazy\" srcset=\"https:\/\/wpd.ugr.es\/~mitema\/wordpress\/wp-content\/uploads\/2022\/02\/miembro03-2-150x150.jpg 150w, https:\/\/wpd.ugr.es\/~mitema\/wordpress\/wp-content\/uploads\/2022\/02\/miembro03-2-400x400.jpg 400w\" sizes=\"100vw\" \/><\/a><\/figure><\/div><div class=\"rttm-content-area rt-col-sm-8 rt-col-xs-12 \"><h3><span class=\"team-name\"><a class=\"\" data-id=\"1625\" target=\"_self\" title=\"Mercedes MONTORO ARAQUE\" href=\"https:\/\/wpd.ugr.es\/~mitema\/wordpress\/?team=mercedes-montoro-araque\">Mercedes MONTORO ARAQUE<\/a><\/span><\/h3><div class=\"short-bio\"><p>Presidenta. Profesora Titular Universidad (acreditada a Catedr\u00e1tica) en el \u00e1rea de Filolog\u00eda Francesa (UGR)<\/p><\/div><\/div><\/div><\/div><div class='rt-col-md-12 rt-col-sm-12 rt-col-xs-12 even-grid-item rt-grid-item' data-id='1736'><div class=\"single-team-area\"><div class=\"img-area rt-col-sm-4 rt-col-xs-12 \"><figure><a class='' data-id='1736' target='_self' href='https:\/\/wpd.ugr.es\/~mitema\/wordpress\/?team=nadege-palma-garcia'><img width=\"150\" height=\"150\" src=\"https:\/\/wpd.ugr.es\/~mitema\/wordpress\/wp-content\/uploads\/2024\/11\/e7583eb2-e0ac-46e8-9e19-2c128de6626c-150x150.jpeg\" class=\"img-responsive rt-team-img\" alt=\"Nad\u00e8ge PALMA GARC\u00cdA\" loading=\"lazy\" srcset=\"https:\/\/wpd.ugr.es\/~mitema\/wordpress\/wp-content\/uploads\/2024\/11\/e7583eb2-e0ac-46e8-9e19-2c128de6626c-150x150.jpeg 150w, https:\/\/wpd.ugr.es\/~mitema\/wordpress\/wp-content\/uploads\/2024\/11\/e7583eb2-e0ac-46e8-9e19-2c128de6626c-400x400.jpeg 400w\" sizes=\"100vw\" \/><\/a><\/figure><\/div><div class=\"rttm-content-area rt-col-sm-8 rt-col-xs-12 \"><h3><span class=\"team-name\"><a class=\"\" data-id=\"1736\" target=\"_self\" title=\"Nad\u00e8ge PALMA GARC\u00cdA\" href=\"https:\/\/wpd.ugr.es\/~mitema\/wordpress\/?team=nadege-palma-garcia\">Nad\u00e8ge PALMA GARC\u00cdA<\/a><\/span><\/h3><div class=\"short-bio\"><p>Graduada en Traducci\u00f3n e Interpretaci\u00f3n. M\u00e1ster en Lenguas y Culturas Modernas<\/p><\/div><\/div><\/div><\/div><div class='rt-col-md-12 rt-col-sm-12 rt-col-xs-12 even-grid-item rt-grid-item' data-id='1634'><div class=\"single-team-area\"><div class=\"img-area rt-col-sm-4 rt-col-xs-12 \"><figure><a class='' data-id='1634' target='_self' href='https:\/\/wpd.ugr.es\/~mitema\/wordpress\/?team=martine-renouprez'><img width=\"150\" height=\"150\" src=\"https:\/\/wpd.ugr.es\/~mitema\/wordpress\/wp-content\/uploads\/2022\/02\/Mitema-2-150x150.jpeg\" class=\"img-responsive rt-team-img\" alt=\"Martine RENOUPREZ\" loading=\"lazy\" srcset=\"https:\/\/wpd.ugr.es\/~mitema\/wordpress\/wp-content\/uploads\/2022\/02\/Mitema-2-150x150.jpeg 150w, https:\/\/wpd.ugr.es\/~mitema\/wordpress\/wp-content\/uploads\/2022\/02\/Mitema-2-400x400.jpeg 400w\" sizes=\"100vw\" \/><\/a><\/figure><\/div><div class=\"rttm-content-area rt-col-sm-8 rt-col-xs-12 \"><h3><span class=\"team-name\"><a class=\"\" data-id=\"1634\" target=\"_self\" title=\"Martine RENOUPREZ\" href=\"https:\/\/wpd.ugr.es\/~mitema\/wordpress\/?team=martine-renouprez\">Martine RENOUPREZ<\/a><\/span><\/h3><div class=\"short-bio\"><p>Profesora Titular Universidad (acreditada a Catedr\u00e1tica) en el \u00e1rea de Filolog\u00eda Francesa (UCA).<\/p><\/div><\/div><\/div><\/div><div class=\"rt-loading-overlay\"><\/div><div class=\"rt-loading rt-ball-clip-rotate\"><div><\/div><\/div><\/div><\/div>\n","protected":false},"excerpt":{"rendered":"<p>Junta Directiva Miembros actuales<\/p>\n","protected":false},"author":1,"featured_media":0,"parent":0,"menu_order":0,"comment_status":"closed","ping_status":"closed","template":"","meta":{"_mi_skip_tracking":false},"_links":{"self":[{"href":"https:\/\/wpd.ugr.es\/~mitema\/wordpress\/index.php?rest_route=\/wp\/v2\/pages\/1622"}],"collection":[{"href":"https:\/\/wpd.ugr.es\/~mitema\/wordpress\/index.php?rest_route=\/wp\/v2\/pages"}],"about":[{"href":"https:\/\/wpd.ugr.es\/~mitema\/wordpress\/index.php?rest_route=\/wp\/v2\/types\/page"}],"author":[{"embeddable":true,"href":"https:\/\/wpd.ugr.es\/~mitema\/wordpress\/index.php?rest_route=\/wp\/v2\/users\/1"}],"replies":[{"embeddable":true,"href":"https:\/\/wpd.ugr.es\/~mitema\/wordpress\/index.php?rest_route=%2Fwp%2Fv2%2Fcomments&post=1622"}],"version-history":[{"count":3,"href":"https:\/\/wpd.ugr.es\/~mitema\/wordpress\/index.php?rest_route=\/wp\/v2\/pages\/1622\/revisions"}],"predecessor-version":[{"id":1663,"href":"https:\/\/wpd.ugr.es\/~mitema\/wordpress\/index.php?rest_route=\/wp\/v2\/pages\/1622\/revisions\/1663"}],"wp:attachment":[{"href":"https:\/\/wpd.ugr.es\/~mitema\/wordpress\/index.php?rest_route=%2Fwp%2Fv2%2Fmedia&parent=1622"}],"curies":[{"name":"wp","href":"https:\/\/api.w.org\/{rel}","templated":true}]}}