{"id":1755,"date":"2024-11-28T12:22:29","date_gmt":"2024-11-28T12:22:29","guid":{"rendered":"https:\/\/wpd.ugr.es\/~mitema\/wordpress\/?page_id=1755"},"modified":"2024-11-28T12:23:36","modified_gmt":"2024-11-28T12:23:36","slug":"transferencia-del-conocimiento-a-la-sociedad","status":"publish","type":"page","link":"https:\/\/wpd.ugr.es\/~mitema\/wordpress\/?page_id=1755","title":{"rendered":"Transferencia del conocimiento a la sociedad"},"content":{"rendered":"\n<h2>Exposiciones<\/h2>\n\n\n\n<p><strong>La Universidad investiga: Paisaje y mujeres de sal (2023).<\/strong><br>La muestra ofrece una perspectiva multidisciplinar de la sal y su paisaje natural, cultural y social. Ha sido comisariada por Mar\u00eda Flores Fern\u00e1ndez y est\u00e1 organizada por la Unidad de Cultura Cient\u00edfica de la UGR, La Madraza. Centro de Cultura Contempor\u00e1nea, el \u00e1rea de Patrimonio de la UGR y Educa UGR. En la exhibici\u00f3n ha colaborado el Mus\u00e9e des Marais salants, el ayuntamiento de La Malah\u00e1, la Fundaci\u00f3n Espa\u00f1ola para la Ciencia y la Tecnolog\u00eda (FECYT), el Parque de las Ciencias, La Maison de France y distintos Departamentos de la Universidad de Granada<\/p>\n\n\n\n<p><strong>&#8220;Sentir el paisaje del agua andaluz. Identidades en femenino&#8221; (2023).<\/strong><br>Esta muestra, celebrada en la Sala de exposiciones del Cuarto Real de Santo Domingo (10 de marzo a 19 de abril de 2023), se articula alrededor de la importancia del agua en Granada como materia generadora de afectos, emociones y por consiguiente, como materia on\u00edrica. En esta exposici\u00f3n, comisariada por Mercedes Montoro Araque, las piezas invitan al espectador a establecer conexiones entre el espacio real y el espacio figurado, entre el lugar f\u00edsico y el lugar evocado, entre geograf\u00eda y memoria colectiva. Se trata de una propuesta de transferencia del conocimiento a la sociedad realizada en colaboraci\u00f3n con la Universidad de Granada y el proyecto I+D Paisart-agua 20 (PAIDI P20-00353).<\/p>\n\n\n\n<p><strong>&#8220;Agua, espejo y vergel. Patrimonio e identidad&#8221;. <\/strong>Esta muestra celebrada en los Jardines del Cuarto Real de Santo Domingo (10 de marzo a 19 de abril de 2023) como resultado de la colaboraci\u00f3n del artista pl\u00e1stico Miguel A. Moreno Carretero en el proyecto PaisARTagua20 (UGR), liderado por Mercedes Montoro Araque, presenta una serie de piezas que proponen un recorrido por el pasado y el presente granadino, utilizando tanto fuentes como espacio cultivado del singular monumento, para establecer di\u00e1logos e interacciones inesperadas. El espectador transita as\u00ed, por un espacio inmersivo que genera ecos, asociaciones y permite una mejor comprensi\u00f3n del patrimonio identitario granadino.<\/p>\n","protected":false},"excerpt":{"rendered":"<p>Exposiciones La Universidad investiga: Paisaje y mujeres de sal (2023).La muestra ofrece una perspectiva multidisciplinar de la sal y su paisaje natural, cultural y social. Ha sido comisariada por Mar\u00eda Flores Fern\u00e1ndez y est\u00e1 organizada por la Unidad de Cultura Cient\u00edfica de la UGR, La Madraza. Centro de Cultura Contempor\u00e1nea, el \u00e1rea de Patrimonio de &hellip; <\/p>\n<p class=\"link-more\"><a href=\"https:\/\/wpd.ugr.es\/~mitema\/wordpress\/?page_id=1755\" class=\"more-link\">Read more<span class=\"screen-reader-text\"> &#8220;Transferencia del conocimiento a la sociedad&#8221;<\/span><\/a><\/p>\n","protected":false},"author":1,"featured_media":0,"parent":0,"menu_order":0,"comment_status":"closed","ping_status":"closed","template":"","meta":{"_mi_skip_tracking":false},"_links":{"self":[{"href":"https:\/\/wpd.ugr.es\/~mitema\/wordpress\/index.php?rest_route=\/wp\/v2\/pages\/1755"}],"collection":[{"href":"https:\/\/wpd.ugr.es\/~mitema\/wordpress\/index.php?rest_route=\/wp\/v2\/pages"}],"about":[{"href":"https:\/\/wpd.ugr.es\/~mitema\/wordpress\/index.php?rest_route=\/wp\/v2\/types\/page"}],"author":[{"embeddable":true,"href":"https:\/\/wpd.ugr.es\/~mitema\/wordpress\/index.php?rest_route=\/wp\/v2\/users\/1"}],"replies":[{"embeddable":true,"href":"https:\/\/wpd.ugr.es\/~mitema\/wordpress\/index.php?rest_route=%2Fwp%2Fv2%2Fcomments&post=1755"}],"version-history":[{"count":2,"href":"https:\/\/wpd.ugr.es\/~mitema\/wordpress\/index.php?rest_route=\/wp\/v2\/pages\/1755\/revisions"}],"predecessor-version":[{"id":1757,"href":"https:\/\/wpd.ugr.es\/~mitema\/wordpress\/index.php?rest_route=\/wp\/v2\/pages\/1755\/revisions\/1757"}],"wp:attachment":[{"href":"https:\/\/wpd.ugr.es\/~mitema\/wordpress\/index.php?rest_route=%2Fwp%2Fv2%2Fmedia&parent=1755"}],"curies":[{"name":"wp","href":"https:\/\/api.w.org\/{rel}","templated":true}]}}