{"id":1193,"date":"2024-04-01T09:34:17","date_gmt":"2024-04-01T08:34:17","guid":{"rendered":"https:\/\/wpd.ugr.es\/~mixmesse\/?page_id=1193"},"modified":"2024-04-06T19:26:46","modified_gmt":"2024-04-06T18:26:46","slug":"reconocimiento-y-certificacion","status":"publish","type":"page","link":"https:\/\/wpd.ugr.es\/~mixmesse\/es\/reconocimiento-y-certificacion\/","title":{"rendered":"Reconocimiento y Certificaci\u00f3n"},"content":{"rendered":"\t\t<div data-elementor-type=\"wp-page\" data-elementor-id=\"1193\" class=\"elementor elementor-1193\" data-elementor-post-type=\"page\">\n\t\t\t\t\t\t<section class=\"elementor-section elementor-top-section elementor-element elementor-element-d1c8303 elementor-section-height-min-height elementor-section-boxed elementor-section-height-default elementor-section-items-middle\" data-id=\"d1c8303\" data-element_type=\"section\" data-settings=\"{&quot;background_background&quot;:&quot;classic&quot;}\">\n\t\t\t\t\t\t\t<div class=\"elementor-background-overlay\"><\/div>\n\t\t\t\t\t\t\t<div class=\"elementor-container elementor-column-gap-default\">\n\t\t\t\t\t<div class=\"elementor-column elementor-col-100 elementor-top-column elementor-element elementor-element-8427884\" data-id=\"8427884\" data-element_type=\"column\" data-settings=\"{&quot;background_background&quot;:&quot;classic&quot;}\">\n\t\t\t<div class=\"elementor-widget-wrap\">\n\t\t\t\t\t\t\t<\/div>\n\t\t<\/div>\n\t\t\t\t\t<\/div>\n\t\t<\/section>\n\t\t\t\t<section class=\"elementor-section elementor-top-section elementor-element elementor-element-b224a3c elementor-section-height-min-height elementor-section-items-stretch elementor-section-boxed elementor-section-height-default\" data-id=\"b224a3c\" data-element_type=\"section\">\n\t\t\t\t\t\t<div class=\"elementor-container elementor-column-gap-default\">\n\t\t\t\t\t<div class=\"elementor-column elementor-col-100 elementor-top-column elementor-element elementor-element-c14add4\" data-id=\"c14add4\" data-element_type=\"column\" data-settings=\"{&quot;background_background&quot;:&quot;classic&quot;}\">\n\t\t\t<div class=\"elementor-widget-wrap elementor-element-populated\">\n\t\t\t\t\t\t<div class=\"elementor-element elementor-element-9f4151d elementor-widget elementor-widget-heading\" data-id=\"9f4151d\" data-element_type=\"widget\" data-widget_type=\"heading.default\">\n\t\t\t\t<div class=\"elementor-widget-container\">\n\t\t\t<style>\/*! elementor - v3.20.0 - 26-03-2024 *\/\n.elementor-heading-title{padding:0;margin:0;line-height:1}.elementor-widget-heading .elementor-heading-title[class*=elementor-size-]>a{color:inherit;font-size:inherit;line-height:inherit}.elementor-widget-heading .elementor-heading-title.elementor-size-small{font-size:15px}.elementor-widget-heading .elementor-heading-title.elementor-size-medium{font-size:19px}.elementor-widget-heading .elementor-heading-title.elementor-size-large{font-size:29px}.elementor-widget-heading .elementor-heading-title.elementor-size-xl{font-size:39px}.elementor-widget-heading .elementor-heading-title.elementor-size-xxl{font-size:59px}<\/style><h1 class=\"elementor-heading-title elementor-size-default\">Reconocimiento y Certificaci\u00f3n<\/h1>\t\t<\/div>\n\t\t\t\t<\/div>\n\t\t\t\t\t<\/div>\n\t\t<\/div>\n\t\t\t\t\t<\/div>\n\t\t<\/section>\n\t\t\t\t<section class=\"elementor-section elementor-top-section elementor-element elementor-element-1b1991f elementor-section-boxed elementor-section-height-default elementor-section-height-default\" data-id=\"1b1991f\" data-element_type=\"section\">\n\t\t\t\t\t\t<div class=\"elementor-container elementor-column-gap-default\">\n\t\t\t\t\t<div class=\"elementor-column elementor-col-100 elementor-top-column elementor-element elementor-element-c5c105e\" data-id=\"c5c105e\" data-element_type=\"column\">\n\t\t\t<div class=\"elementor-widget-wrap elementor-element-populated\">\n\t\t\t\t\t\t<div class=\"elementor-element elementor-element-1a7a2c5 elementor-widget elementor-widget-text-editor\" data-id=\"1a7a2c5\" data-element_type=\"widget\" data-widget_type=\"text-editor.default\">\n\t\t\t\t<div class=\"elementor-widget-container\">\n\t\t\t<style>\/*! elementor - v3.20.0 - 26-03-2024 *\/\n.elementor-widget-text-editor.elementor-drop-cap-view-stacked .elementor-drop-cap{background-color:#69727d;color:#fff}.elementor-widget-text-editor.elementor-drop-cap-view-framed .elementor-drop-cap{color:#69727d;border:3px solid;background-color:transparent}.elementor-widget-text-editor:not(.elementor-drop-cap-view-default) .elementor-drop-cap{margin-top:8px}.elementor-widget-text-editor:not(.elementor-drop-cap-view-default) .elementor-drop-cap-letter{width:1em;height:1em}.elementor-widget-text-editor .elementor-drop-cap{float:left;text-align:center;line-height:1;font-size:50px}.elementor-widget-text-editor .elementor-drop-cap-letter{display:inline-block}<\/style>\t\t\t\t<h4><img fetchpriority=\"high\" decoding=\"async\" class=\"alignright wp-image-645\" src=\"https:\/\/wpd.ugr.es\/~mixmesse\/wp-content\/uploads\/2024\/01\/UGR-MARCA-01-color-300x300.jpg\" alt=\"\" width=\"305\" height=\"305\" srcset=\"https:\/\/wpd.ugr.es\/~mixmesse\/wp-content\/uploads\/2024\/01\/UGR-MARCA-01-color-300x300.jpg 300w, https:\/\/wpd.ugr.es\/~mixmesse\/wp-content\/uploads\/2024\/01\/UGR-MARCA-01-color-1024x1024.jpg 1024w, https:\/\/wpd.ugr.es\/~mixmesse\/wp-content\/uploads\/2024\/01\/UGR-MARCA-01-color-150x150.jpg 150w, https:\/\/wpd.ugr.es\/~mixmesse\/wp-content\/uploads\/2024\/01\/UGR-MARCA-01-color-768x768.jpg 768w, https:\/\/wpd.ugr.es\/~mixmesse\/wp-content\/uploads\/2024\/01\/UGR-MARCA-01-color.jpg 1200w\" sizes=\"(max-width: 305px) 100vw, 305px\" \/> <strong>A los efectos de certificaciones, constancias y reconocimiento acad\u00e9mico para los asistentes a la EDIV 2024, se ha consensuado con las siguientes universidades un reconocimiento oficial de 24 horas de formaci\u00f3n de posgrado:<\/strong><\/h4><p>La Escuela Doctoral Internacional de Verano 2024 forma parte del PLAN DE ACCIONES FORMATIVAS PROPIAS DEL PROGRAMA DE DOCTORADO EN CIENCIAS DE LA EDUCACI\u00d3N DE LA UNIVERSIDAD DE GRANADA (enero a diciembre de 2024).<\/p><p>La asistencia a la Escuela Doctoral Internacional de Verano 2024 se reconocer\u00e1 a los estudiantes del programa de doctorado en ciencias de la educaci\u00f3n de la Universidad de Granada (Espa\u00f1a) con 24 horas de formaci\u00f3n doctoral. As\u00ed, las horas que se certifiquen tienen un reconocimiento oficial de la UGR para la formaci\u00f3n complementaria que tienen que hacer los estudiantes de este programa de doctorado.<\/p><p>\u00a0<\/p><p>\u00a0<\/p><p><img decoding=\"async\" class=\"size-medium wp-image-642 alignright\" src=\"https:\/\/wpd.ugr.es\/~mixmesse\/wp-content\/uploads\/2024\/01\/800px-UADY_logo-300x164.jpg\" alt=\"\" width=\"300\" height=\"164\" srcset=\"https:\/\/wpd.ugr.es\/~mixmesse\/wp-content\/uploads\/2024\/01\/800px-UADY_logo-300x164.jpg 300w, https:\/\/wpd.ugr.es\/~mixmesse\/wp-content\/uploads\/2024\/01\/800px-UADY_logo-768x420.jpg 768w, https:\/\/wpd.ugr.es\/~mixmesse\/wp-content\/uploads\/2024\/01\/800px-UADY_logo.jpg 800w\" sizes=\"(max-width: 300px) 100vw, 300px\" \/><\/p><p>La Escuela Doctoral Internacional de Verano 2024 forma parte de las actividades formativas propias de posgrado de la Universidad Aut\u00f3noma de Yucat\u00e1n.<\/p><p>La asistencia a la Escuela Doctoral Internacional de Verano 2024 se reconocer\u00e1 a los estudiantes de doctorado y maestr\u00eda de UADY con 24 horas de formaci\u00f3n de posgrado. As\u00ed, las horas que se certifiquen tienen un reconocimiento oficial de la UADY para la formaci\u00f3n complementaria de estos estudiantes.<\/p><p>\u00a0<\/p><p>\u00a0<\/p><p><img decoding=\"async\" class=\"size-medium wp-image-1334 alignright\" src=\"https:\/\/wpd.ugr.es\/~mixmesse\/wp-content\/uploads\/2024\/04\/Logotipo-UPV-1-300x139.jpg\" alt=\"\" width=\"300\" height=\"139\" srcset=\"https:\/\/wpd.ugr.es\/~mixmesse\/wp-content\/uploads\/2024\/04\/Logotipo-UPV-1-300x139.jpg 300w, https:\/\/wpd.ugr.es\/~mixmesse\/wp-content\/uploads\/2024\/04\/Logotipo-UPV-1.jpg 450w\" sizes=\"(max-width: 300px) 100vw, 300px\" \/><\/p><p>La Escuela Doctoral Internacional de Verano 2024 cuenta con reconocimiento oficial de formaci\u00f3n doctoral para estudiantes de doctorado de la Universidad de Pa\u00eds Vasco (Espa\u00f1a).<\/p><p>\u00a0<\/p><p>\u00a0<\/p><p>\u00a0<\/p><p><img loading=\"lazy\" decoding=\"async\" class=\"size-full wp-image-1259 alignright\" src=\"https:\/\/wpd.ugr.es\/~mixmesse\/wp-content\/uploads\/2024\/04\/Logotipo-ISFODOSU.jpg\" alt=\"\" width=\"271\" height=\"102\" \/><\/p><p>La Escuela Doctoral Internacional de Verano 2024 cuenta con reconocimiento oficial de formaci\u00f3n en maestr\u00eda y doctorado para estudiantes de posgrado del Instituto Superior de Formaci\u00f3n Docente Salom\u00e9 Ure\u00f1a (Rep\u00fablica Dominicana).<\/p><p>\u00a0<\/p><p>\u00a0<\/p><p><img loading=\"lazy\" decoding=\"async\" class=\"size-medium wp-image-1258 alignright\" src=\"https:\/\/wpd.ugr.es\/~mixmesse\/wp-content\/uploads\/2024\/04\/Usac_logo-300x108.jpg\" alt=\"\" width=\"300\" height=\"108\" srcset=\"https:\/\/wpd.ugr.es\/~mixmesse\/wp-content\/uploads\/2024\/04\/Usac_logo-300x108.jpg 300w, https:\/\/wpd.ugr.es\/~mixmesse\/wp-content\/uploads\/2024\/04\/Usac_logo.jpg 360w\" sizes=\"(max-width: 300px) 100vw, 300px\" \/><\/p><p>La Escuela Doctoral Internacional de Verano 2024 cuenta con reconocimiento oficial de formaci\u00f3n doctoral para estudiantes de doctorado de la Universidad de San Carlos de Guatemala (Guatemala).<\/p><p>\u00a0<\/p><h5><img loading=\"lazy\" decoding=\"async\" class=\"wp-image-1384 alignright\" src=\"https:\/\/wpd.ugr.es\/~mixmesse\/wp-content\/uploads\/2024\/04\/logo-publicaciones.png\" alt=\"\" width=\"310\" height=\"310\" srcset=\"https:\/\/wpd.ugr.es\/~mixmesse\/wp-content\/uploads\/2024\/04\/logo-publicaciones.png 200w, https:\/\/wpd.ugr.es\/~mixmesse\/wp-content\/uploads\/2024\/04\/logo-publicaciones-150x150.png 150w\" sizes=\"(max-width: 310px) 100vw, 310px\" \/><\/h5><h5>\u00a0<\/h5><p>\u00a0<\/p><h5>Dos de los mejores trabajos presentados podr\u00e1n someterse a evaluaci\u00f3n, para su posible publicaci\u00f3n, en la revista <em>Publicaciones<\/em> de la Universidad de Granada.<\/h5><h5><em>Publicaciones<\/em> est\u00e1 indexada en SCOPUS (SJR), Web of Science (JCR, ESCI) y cuenta con el Sello de Calidad de la FECYT (Fundaci\u00f3n Espa\u00f1ola para la Ciencia y la Tecnolog\u00eda) <a href=\"https:\/\/revistaseug.ugr.es\/index.php\/publicaciones\/index\">https:\/\/revistaseug.ugr.es\/index.php\/publicaciones\/index<\/a><\/h5><h5>La selecci\u00f3n de estos dos trabajos corresponde al equipo de profesorado y coordinaci\u00f3n de la EDIV 2024.<\/h5>\t\t\t\t\t\t<\/div>\n\t\t\t\t<\/div>\n\t\t\t\t\t<\/div>\n\t\t<\/div>\n\t\t\t\t\t<\/div>\n\t\t<\/section>\n\t\t\t\t<\/div>\n\t\t","protected":false},"excerpt":{"rendered":"<p>Reconocimiento y Certificaci\u00f3n A los efectos de certificaciones, constancias y reconocimiento acad\u00e9mico para los asistentes a la EDIV 2024, se ha consensuado con las siguientes universidades un reconocimiento oficial de 24 horas de formaci\u00f3n de posgrado: La Escuela Doctoral Internacional de Verano 2024 forma parte del PLAN DE ACCIONES FORMATIVAS PROPIAS DEL PROGRAMA DE DOCTORADO [&hellip;]<\/p>\n","protected":false},"author":1,"featured_media":0,"parent":550,"menu_order":0,"comment_status":"closed","ping_status":"closed","template":"elementor_header_footer","meta":{"footnotes":""},"yoast_head":"<!-- This site is optimized with the Yoast SEO plugin v22.3 - https:\/\/yoast.com\/wordpress\/plugins\/seo\/ -->\n<title>Reconocimiento y Certificaci\u00f3n - Mixmesse<\/title>\n<meta name=\"robots\" content=\"index, follow, max-snippet:-1, max-image-preview:large, max-video-preview:-1\" \/>\n<link rel=\"canonical\" href=\"https:\/\/wpd.ugr.es\/~mixmesse\/es\/reconocimiento-y-certificacion\/\" \/>\n<meta property=\"og:locale\" content=\"es_ES\" \/>\n<meta property=\"og:type\" content=\"article\" \/>\n<meta property=\"og:title\" content=\"Reconocimiento y Certificaci\u00f3n - Mixmesse\" \/>\n<meta property=\"og:description\" content=\"Reconocimiento y Certificaci\u00f3n A los efectos de certificaciones, constancias y reconocimiento acad\u00e9mico para los asistentes a la EDIV 2024, se ha consensuado con las siguientes universidades un reconocimiento oficial de 24 horas de formaci\u00f3n de posgrado: La Escuela Doctoral Internacional de Verano 2024 forma parte del PLAN DE ACCIONES FORMATIVAS PROPIAS DEL PROGRAMA DE DOCTORADO [&hellip;]\" \/>\n<meta property=\"og:url\" content=\"https:\/\/wpd.ugr.es\/~mixmesse\/es\/reconocimiento-y-certificacion\/\" \/>\n<meta property=\"og:site_name\" content=\"Mixmesse\" \/>\n<meta property=\"article:modified_time\" content=\"2024-04-06T18:26:46+00:00\" \/>\n<meta property=\"og:image\" content=\"https:\/\/wpd.ugr.es\/~mixmesse\/wp-content\/uploads\/2024\/01\/UGR-MARCA-01-color-300x300.jpg\" \/>\n<meta name=\"twitter:card\" content=\"summary_large_image\" \/>\n<meta name=\"twitter:label1\" content=\"Tiempo de lectura\" \/>\n\t<meta name=\"twitter:data1\" content=\"3 minutos\" \/>\n<script type=\"application\/ld+json\" class=\"yoast-schema-graph\">{\"@context\":\"https:\/\/schema.org\",\"@graph\":[{\"@type\":\"WebPage\",\"@id\":\"https:\/\/wpd.ugr.es\/~mixmesse\/es\/reconocimiento-y-certificacion\/\",\"url\":\"https:\/\/wpd.ugr.es\/~mixmesse\/es\/reconocimiento-y-certificacion\/\",\"name\":\"Reconocimiento y Certificaci\u00f3n - Mixmesse\",\"isPartOf\":{\"@id\":\"https:\/\/wpd.ugr.es\/~mixmesse\/#website\"},\"primaryImageOfPage\":{\"@id\":\"https:\/\/wpd.ugr.es\/~mixmesse\/es\/reconocimiento-y-certificacion\/#primaryimage\"},\"image\":{\"@id\":\"https:\/\/wpd.ugr.es\/~mixmesse\/es\/reconocimiento-y-certificacion\/#primaryimage\"},\"thumbnailUrl\":\"https:\/\/wpd.ugr.es\/~mixmesse\/wp-content\/uploads\/2024\/01\/UGR-MARCA-01-color-300x300.jpg\",\"datePublished\":\"2024-04-01T08:34:17+00:00\",\"dateModified\":\"2024-04-06T18:26:46+00:00\",\"breadcrumb\":{\"@id\":\"https:\/\/wpd.ugr.es\/~mixmesse\/es\/reconocimiento-y-certificacion\/#breadcrumb\"},\"inLanguage\":\"es\",\"potentialAction\":[{\"@type\":\"ReadAction\",\"target\":[\"https:\/\/wpd.ugr.es\/~mixmesse\/es\/reconocimiento-y-certificacion\/\"]}]},{\"@type\":\"ImageObject\",\"inLanguage\":\"es\",\"@id\":\"https:\/\/wpd.ugr.es\/~mixmesse\/es\/reconocimiento-y-certificacion\/#primaryimage\",\"url\":\"https:\/\/wpd.ugr.es\/~mixmesse\/wp-content\/uploads\/2024\/01\/UGR-MARCA-01-color.jpg\",\"contentUrl\":\"https:\/\/wpd.ugr.es\/~mixmesse\/wp-content\/uploads\/2024\/01\/UGR-MARCA-01-color.jpg\",\"width\":1200,\"height\":1200},{\"@type\":\"BreadcrumbList\",\"@id\":\"https:\/\/wpd.ugr.es\/~mixmesse\/es\/reconocimiento-y-certificacion\/#breadcrumb\",\"itemListElement\":[{\"@type\":\"ListItem\",\"position\":1,\"name\":\"Portada\",\"item\":\"https:\/\/wpd.ugr.es\/~mixmesse\/\"},{\"@type\":\"ListItem\",\"position\":2,\"name\":\"es\",\"item\":\"https:\/\/wpd.ugr.es\/~mixmesse\/es\/\"},{\"@type\":\"ListItem\",\"position\":3,\"name\":\"Reconocimiento y Certificaci\u00f3n\"}]},{\"@type\":\"WebSite\",\"@id\":\"https:\/\/wpd.ugr.es\/~mixmesse\/#website\",\"url\":\"https:\/\/wpd.ugr.es\/~mixmesse\/\",\"name\":\"Mixmesse\",\"description\":\"Mixed methodology in Social Sciences and Education\",\"publisher\":{\"@id\":\"https:\/\/wpd.ugr.es\/~mixmesse\/#organization\"},\"potentialAction\":[{\"@type\":\"SearchAction\",\"target\":{\"@type\":\"EntryPoint\",\"urlTemplate\":\"https:\/\/wpd.ugr.es\/~mixmesse\/?s={search_term_string}\"},\"query-input\":\"required name=search_term_string\"}],\"inLanguage\":\"es\"},{\"@type\":\"Organization\",\"@id\":\"https:\/\/wpd.ugr.es\/~mixmesse\/#organization\",\"name\":\"MIXMESSE\",\"url\":\"https:\/\/wpd.ugr.es\/~mixmesse\/\",\"logo\":{\"@type\":\"ImageObject\",\"inLanguage\":\"es\",\"@id\":\"https:\/\/wpd.ugr.es\/~mixmesse\/#\/schema\/logo\/image\/\",\"url\":\"https:\/\/wpd.ugr.es\/~mixmesse\/wp-content\/uploads\/2022\/03\/MIXMESSE-con-letras-def.png\",\"contentUrl\":\"https:\/\/wpd.ugr.es\/~mixmesse\/wp-content\/uploads\/2022\/03\/MIXMESSE-con-letras-def.png\",\"width\":3609,\"height\":814,\"caption\":\"MIXMESSE\"},\"image\":{\"@id\":\"https:\/\/wpd.ugr.es\/~mixmesse\/#\/schema\/logo\/image\/\"}}]}<\/script>\n<!-- \/ Yoast SEO plugin. -->","yoast_head_json":{"title":"Reconocimiento y Certificaci\u00f3n - Mixmesse","robots":{"index":"index","follow":"follow","max-snippet":"max-snippet:-1","max-image-preview":"max-image-preview:large","max-video-preview":"max-video-preview:-1"},"canonical":"https:\/\/wpd.ugr.es\/~mixmesse\/es\/reconocimiento-y-certificacion\/","og_locale":"es_ES","og_type":"article","og_title":"Reconocimiento y Certificaci\u00f3n - Mixmesse","og_description":"Reconocimiento y Certificaci\u00f3n A los efectos de certificaciones, constancias y reconocimiento acad\u00e9mico para los asistentes a la EDIV 2024, se ha consensuado con las siguientes universidades un reconocimiento oficial de 24 horas de formaci\u00f3n de posgrado: La Escuela Doctoral Internacional de Verano 2024 forma parte del PLAN DE ACCIONES FORMATIVAS PROPIAS DEL PROGRAMA DE DOCTORADO [&hellip;]","og_url":"https:\/\/wpd.ugr.es\/~mixmesse\/es\/reconocimiento-y-certificacion\/","og_site_name":"Mixmesse","article_modified_time":"2024-04-06T18:26:46+00:00","og_image":[{"url":"https:\/\/wpd.ugr.es\/~mixmesse\/wp-content\/uploads\/2024\/01\/UGR-MARCA-01-color-300x300.jpg"}],"twitter_card":"summary_large_image","twitter_misc":{"Tiempo de lectura":"3 minutos"},"schema":{"@context":"https:\/\/schema.org","@graph":[{"@type":"WebPage","@id":"https:\/\/wpd.ugr.es\/~mixmesse\/es\/reconocimiento-y-certificacion\/","url":"https:\/\/wpd.ugr.es\/~mixmesse\/es\/reconocimiento-y-certificacion\/","name":"Reconocimiento y Certificaci\u00f3n - Mixmesse","isPartOf":{"@id":"https:\/\/wpd.ugr.es\/~mixmesse\/#website"},"primaryImageOfPage":{"@id":"https:\/\/wpd.ugr.es\/~mixmesse\/es\/reconocimiento-y-certificacion\/#primaryimage"},"image":{"@id":"https:\/\/wpd.ugr.es\/~mixmesse\/es\/reconocimiento-y-certificacion\/#primaryimage"},"thumbnailUrl":"https:\/\/wpd.ugr.es\/~mixmesse\/wp-content\/uploads\/2024\/01\/UGR-MARCA-01-color-300x300.jpg","datePublished":"2024-04-01T08:34:17+00:00","dateModified":"2024-04-06T18:26:46+00:00","breadcrumb":{"@id":"https:\/\/wpd.ugr.es\/~mixmesse\/es\/reconocimiento-y-certificacion\/#breadcrumb"},"inLanguage":"es","potentialAction":[{"@type":"ReadAction","target":["https:\/\/wpd.ugr.es\/~mixmesse\/es\/reconocimiento-y-certificacion\/"]}]},{"@type":"ImageObject","inLanguage":"es","@id":"https:\/\/wpd.ugr.es\/~mixmesse\/es\/reconocimiento-y-certificacion\/#primaryimage","url":"https:\/\/wpd.ugr.es\/~mixmesse\/wp-content\/uploads\/2024\/01\/UGR-MARCA-01-color.jpg","contentUrl":"https:\/\/wpd.ugr.es\/~mixmesse\/wp-content\/uploads\/2024\/01\/UGR-MARCA-01-color.jpg","width":1200,"height":1200},{"@type":"BreadcrumbList","@id":"https:\/\/wpd.ugr.es\/~mixmesse\/es\/reconocimiento-y-certificacion\/#breadcrumb","itemListElement":[{"@type":"ListItem","position":1,"name":"Portada","item":"https:\/\/wpd.ugr.es\/~mixmesse\/"},{"@type":"ListItem","position":2,"name":"es","item":"https:\/\/wpd.ugr.es\/~mixmesse\/es\/"},{"@type":"ListItem","position":3,"name":"Reconocimiento y Certificaci\u00f3n"}]},{"@type":"WebSite","@id":"https:\/\/wpd.ugr.es\/~mixmesse\/#website","url":"https:\/\/wpd.ugr.es\/~mixmesse\/","name":"Mixmesse","description":"Mixed methodology in Social Sciences and Education","publisher":{"@id":"https:\/\/wpd.ugr.es\/~mixmesse\/#organization"},"potentialAction":[{"@type":"SearchAction","target":{"@type":"EntryPoint","urlTemplate":"https:\/\/wpd.ugr.es\/~mixmesse\/?s={search_term_string}"},"query-input":"required name=search_term_string"}],"inLanguage":"es"},{"@type":"Organization","@id":"https:\/\/wpd.ugr.es\/~mixmesse\/#organization","name":"MIXMESSE","url":"https:\/\/wpd.ugr.es\/~mixmesse\/","logo":{"@type":"ImageObject","inLanguage":"es","@id":"https:\/\/wpd.ugr.es\/~mixmesse\/#\/schema\/logo\/image\/","url":"https:\/\/wpd.ugr.es\/~mixmesse\/wp-content\/uploads\/2022\/03\/MIXMESSE-con-letras-def.png","contentUrl":"https:\/\/wpd.ugr.es\/~mixmesse\/wp-content\/uploads\/2022\/03\/MIXMESSE-con-letras-def.png","width":3609,"height":814,"caption":"MIXMESSE"},"image":{"@id":"https:\/\/wpd.ugr.es\/~mixmesse\/#\/schema\/logo\/image\/"}}]}},"_links":{"self":[{"href":"https:\/\/wpd.ugr.es\/~mixmesse\/wp-json\/wp\/v2\/pages\/1193"}],"collection":[{"href":"https:\/\/wpd.ugr.es\/~mixmesse\/wp-json\/wp\/v2\/pages"}],"about":[{"href":"https:\/\/wpd.ugr.es\/~mixmesse\/wp-json\/wp\/v2\/types\/page"}],"author":[{"embeddable":true,"href":"https:\/\/wpd.ugr.es\/~mixmesse\/wp-json\/wp\/v2\/users\/1"}],"replies":[{"embeddable":true,"href":"https:\/\/wpd.ugr.es\/~mixmesse\/wp-json\/wp\/v2\/comments?post=1193"}],"version-history":[{"count":112,"href":"https:\/\/wpd.ugr.es\/~mixmesse\/wp-json\/wp\/v2\/pages\/1193\/revisions"}],"predecessor-version":[{"id":1524,"href":"https:\/\/wpd.ugr.es\/~mixmesse\/wp-json\/wp\/v2\/pages\/1193\/revisions\/1524"}],"up":[{"embeddable":true,"href":"https:\/\/wpd.ugr.es\/~mixmesse\/wp-json\/wp\/v2\/pages\/550"}],"wp:attachment":[{"href":"https:\/\/wpd.ugr.es\/~mixmesse\/wp-json\/wp\/v2\/media?parent=1193"}],"curies":[{"name":"wp","href":"https:\/\/api.w.org\/{rel}","templated":true}]}}