{"id":14,"date":"2020-01-22T10:54:04","date_gmt":"2020-01-22T09:54:04","guid":{"rendered":"https:\/\/wpd.ugr.es\/~monument\/?page_id=14"},"modified":"2020-01-29T09:44:14","modified_gmt":"2020-01-29T08:44:14","slug":"portada","status":"publish","type":"page","link":"https:\/\/wpd.ugr.es\/~monument\/","title":{"rendered":"Portada"},"content":{"rendered":"<p>[et_pb_section fb_built=&#8221;1&#8243; fullwidth=&#8221;on&#8221; _builder_version=&#8221;4.2.1&#8243;][et_pb_fullwidth_slider _builder_version=&#8221;4.2.1&#8243;][et_pb_slide use_bg_overlay=&#8221;off&#8221; use_text_overlay=&#8221;on&#8221; text_overlay_color=&#8221;rgba(0,0,0,0.68)&#8221; text_border_radius=&#8221;0px&#8221; _builder_version=&#8221;4.2.1&#8243; body_font=&#8221;|600||||on|||&#8221; body_text_color=&#8221;#ffffff&#8221; body_font_size=&#8221;24px&#8221; background_enable_color=&#8221;off&#8221; background_image=&#8221;https:\/\/wpd.ugr.es\/~monument\/wp-content\/uploads\/2020\/01\/IMG_0094.jpg&#8221; background_enable_image=&#8221;on&#8221; parallax=&#8221;on&#8221; text_orientation=&#8221;center&#8221; width=&#8221;100%&#8221; max_width=&#8221;100%&#8221; body_text_shadow_horizontal_length__hover_enabled=&#8221;on|desktop&#8221;]<\/p>\n<p>Grupo de Investigaci\u00f3n de la UGR, Espa\u00f1a:<br \/> Estudio y Conservaci\u00f3n de los materiales de construcci\u00f3n en el Patrimonio Arquitect\u00f3nico<\/p>\n<p>[\/et_pb_slide][\/et_pb_fullwidth_slider][\/et_pb_section][et_pb_section fb_built=&#8221;1&#8243; _builder_version=&#8221;4.2.1&#8243; hover_enabled=&#8221;0&#8243;][et_pb_row _builder_version=&#8221;4.2.1&#8243; hover_enabled=&#8221;0&#8243;][et_pb_column type=&#8221;4_4&#8243; _builder_version=&#8221;4.2.1&#8243;][et_pb_text _builder_version=&#8221;4.2.1&#8243;]<\/p>\n<p>El grupo de investigaci\u00f3n se encuentra adscrito al <span style=\"color: #333333;\"><a href=\"https:\/\/www.ugr.es\/~minpet\/\" target=\"_blank\" rel=\"noopener noreferrer\" style=\"color: #333333;\"><strong>Departamento de Mineralog\u00eda y Petrolog\u00eda de la Facultad de Ciencias de la UGR.<\/strong><\/a><\/span><\/p>\n<p>Desde su creaci\u00f3n, en 1988, se dedica al estudio de las caracter\u00edsticas y propiedades de los diferentes materiales de construcci\u00f3n que conforman los edificios hist\u00f3ricos, tanto en el laboratorio como en el monumento, al an\u00e1lisis de los factores y mecanismos que condicionan su deterioro, y a la investigaci\u00f3n y desarrollo cient\u00edfico de las t\u00e9cnicas y metodolog\u00edas que permitan la restauraci\u00f3n y conservaci\u00f3n del Patrimonio Arquitect\u00f3nico.<\/p>\n<p>Colabora, asimismo, con los profesionales encargados de la conservaci\u00f3n y restauraci\u00f3n de diversos edificios hist\u00f3ricos, realizando tanto el diagn\u00f3stico previo, como el seguimiento cient\u00edfico y control de las intervenciones.<\/p>\n<p>[\/et_pb_text][\/et_pb_column][\/et_pb_row][\/et_pb_section][et_pb_section fb_built=&#8221;1&#8243; _builder_version=&#8221;4.2.1&#8243; background_color=&#8221;#000000&#8243; custom_margin=&#8221;0px||-15px||false|false&#8221; custom_padding=&#8221;6px||0px||false|false&#8221;][et_pb_row column_structure=&#8221;1_3,1_3,1_3&#8243; _builder_version=&#8221;4.2.1&#8243; min_height=&#8221;207px&#8221; custom_margin=&#8221;-34px|auto||auto||&#8221; custom_padding=&#8221;||0px|||&#8221;][et_pb_column type=&#8221;1_3&#8243; _builder_version=&#8221;4.2.1&#8243;][\/et_pb_column][et_pb_column type=&#8221;1_3&#8243; _builder_version=&#8221;4.2.1&#8243;][et_pb_image src=&#8221;https:\/\/wpd.ugr.es\/~monument\/wp-content\/uploads\/2020\/01\/ugr-vertical-blanco.png&#8221; url=&#8221;https:\/\/www.ugr.es\/~minpet\/&#8221; url_new_window=&#8221;on&#8221; show_bottom_space=&#8221;off&#8221; _builder_version=&#8221;4.2.1&#8243; width=&#8221;82%&#8221; module_alignment=&#8221;center&#8221; custom_padding=&#8221;||0px|||&#8221;][\/et_pb_image][\/et_pb_column][et_pb_column type=&#8221;1_3&#8243; _builder_version=&#8221;4.2.1&#8243;][\/et_pb_column][\/et_pb_row][\/et_pb_section]<\/p>\n","protected":false},"excerpt":{"rendered":"<p>[et_pb_section fb_built=&#8221;1&#8243; fullwidth=&#8221;on&#8221; _builder_version=&#8221;4.2.1&#8243;][et_pb_fullwidth_slider _builder_version=&#8221;4.2.1&#8243;][et_pb_slide use_bg_overlay=&#8221;off&#8221; use_text_overlay=&#8221;on&#8221; text_overlay_color=&#8221;rgba(0,0,0,0.68)&#8221; text_border_radius=&#8221;0px&#8221; _builder_version=&#8221;4.2.1&#8243; body_font=&#8221;|600||||on|||&#8221; body_text_color=&#8221;#ffffff&#8221; body_font_size=&#8221;24px&#8221; background_enable_color=&#8221;off&#8221; background_image=&#8221;https:\/\/wpd.ugr.es\/~monument\/wp-content\/uploads\/2020\/01\/IMG_0094.jpg&#8221; background_enable_image=&#8221;on&#8221; parallax=&#8221;on&#8221; text_orientation=&#8221;center&#8221; width=&#8221;100%&#8221; max_width=&#8221;100%&#8221; body_text_shadow_horizontal_length__hover_enabled=&#8221;on|desktop&#8221;] Grupo de Investigaci\u00f3n de la UGR, Espa\u00f1a: Estudio y Conservaci\u00f3n de los materiales de construcci\u00f3n en el Patrimonio Arquitect\u00f3nico [\/et_pb_slide][\/et_pb_fullwidth_slider][\/et_pb_section][et_pb_section fb_built=&#8221;1&#8243; _builder_version=&#8221;4.2.1&#8243; hover_enabled=&#8221;0&#8243;][et_pb_row _builder_version=&#8221;4.2.1&#8243; hover_enabled=&#8221;0&#8243;][et_pb_column type=&#8221;4_4&#8243; _builder_version=&#8221;4.2.1&#8243;][et_pb_text _builder_version=&#8221;4.2.1&#8243;] El grupo de investigaci\u00f3n se encuentra [&hellip;]<\/p>\n","protected":false},"author":1,"featured_media":0,"parent":0,"menu_order":0,"comment_status":"closed","ping_status":"closed","template":"","meta":{"_et_pb_use_builder":"on","_et_pb_old_content":"","_et_gb_content_width":""},"_links":{"self":[{"href":"https:\/\/wpd.ugr.es\/~monument\/wp-json\/wp\/v2\/pages\/14"}],"collection":[{"href":"https:\/\/wpd.ugr.es\/~monument\/wp-json\/wp\/v2\/pages"}],"about":[{"href":"https:\/\/wpd.ugr.es\/~monument\/wp-json\/wp\/v2\/types\/page"}],"author":[{"embeddable":true,"href":"https:\/\/wpd.ugr.es\/~monument\/wp-json\/wp\/v2\/users\/1"}],"replies":[{"embeddable":true,"href":"https:\/\/wpd.ugr.es\/~monument\/wp-json\/wp\/v2\/comments?post=14"}],"version-history":[{"count":10,"href":"https:\/\/wpd.ugr.es\/~monument\/wp-json\/wp\/v2\/pages\/14\/revisions"}],"predecessor-version":[{"id":318,"href":"https:\/\/wpd.ugr.es\/~monument\/wp-json\/wp\/v2\/pages\/14\/revisions\/318"}],"wp:attachment":[{"href":"https:\/\/wpd.ugr.es\/~monument\/wp-json\/wp\/v2\/media?parent=14"}],"curies":[{"name":"wp","href":"https:\/\/api.w.org\/{rel}","templated":true}]}}