{"id":341,"date":"2020-01-29T13:54:24","date_gmt":"2020-01-29T12:54:24","guid":{"rendered":"https:\/\/wpd.ugr.es\/~monument\/?page_id=341"},"modified":"2020-01-29T14:01:46","modified_gmt":"2020-01-29T13:01:46","slug":"services-and-assessment","status":"publish","type":"page","link":"https:\/\/wpd.ugr.es\/~monument\/en\/services-and-assessment\/","title":{"rendered":"Services and assessment"},"content":{"rendered":"<p>[et_pb_section fb_built=&#8221;1&#8243; _builder_version=&#8221;4.2.1&#8243; use_background_color_gradient=&#8221;on&#8221; background_color_gradient_start=&#8221;#e02b20&#8243; background_color_gradient_end=&#8221;#000000&#8243; background_image=&#8221;https:\/\/wpd.ugr.es\/~monument\/wp-content\/uploads\/2020\/01\/gypsum.png&#8221;][et_pb_row _builder_version=&#8221;4.2.1&#8243;][et_pb_column type=&#8221;4_4&#8243; _builder_version=&#8221;4.2.1&#8243;][et_pb_post_title meta=&#8221;off&#8221; featured_image=&#8221;off&#8221; _builder_version=&#8221;4.2.1&#8243; title_level=&#8221;h3&#8243; title_font=&#8221;|600||on|||||&#8221; title_text_align=&#8221;left&#8221; title_text_color=&#8221;#ffffff&#8221; title_font_size=&#8221;21px&#8221;][\/et_pb_post_title][\/et_pb_column][\/et_pb_row][\/et_pb_section][et_pb_section fb_built=&#8221;1&#8243; _builder_version=&#8221;4.2.2&#8243; custom_padding=&#8221;25px||||false|false&#8221;][et_pb_row _builder_version=&#8221;4.2.2&#8243;][et_pb_column type=&#8221;4_4&#8243; _builder_version=&#8221;4.2.2&#8243;][et_pb_text _builder_version=&#8221;4.2.2&#8243; hover_enabled=&#8221;0&#8243;]<\/p>\n<p>The group performs specific or integrated studies of buildings and monuments, being contracted by governmental agencies or private companies. Additionally, the group offers advice to professionals entrusted with intervention projects in the architectural heritage conservation. A selection of studies and activities in different buildings belonging to the cultural heritage is given below:<\/p>\n<p>&nbsp;<\/p>\n<ul>\n<li>Collaboration in the &#8220;Plan Director&#8221; for the Cathedral of Granada (Spain).<\/li>\n<li>Collaboration in the &#8220;Plan Director&#8221; for the Cathedral of Ja\u00e9n (Spain).<\/li>\n<li>Analytical study previous to the conservation interventions in the &#8220;Ba\u00f1os&#8221; of the &#8220;Palacio de Comares&#8221; in the Alhambra (Granada, Spain).<\/li>\n<li>Mineralogical-petrografical study of the construction materials of the &#8220;Rauda Real&#8221; (cemetery) in the Alhambra (Granada, Spain).<\/li>\n<li>Mineralogical-petrografical study of the construction materials of the &#8220;Castillo de Santa Elena&#8221; (Silla del Moro) (Granada, Spain).<\/li>\n<li>Analysis of the state of conservation of the construction materials of the church\u00a0 &#8220;Santa Mar\u00eda de Mesa&#8221; (Utrera, Seville, Spain).<\/li>\n<li>Evaluation of the state of conservation of the &#8220;Iglesia de Santiago&#8221; in Baza (Granada, Spain), and proposal for interventions.<\/li>\n<li>Petrografical study of historic buildings in La Orotava (&#8220;Catedral de la Concepci\u00f3n&#8221;, &#8220;Casa Monteverde&#8221; and Cementery) and in La Laguna (&#8220;Casa de los Capitanes Generales&#8221; and &#8220;Monasterio de San Agust\u00edn&#8221;) (Canary Islands, Spain).<\/li>\n<li>Supervision of the rehabilitation of the &#8220;Palacio de la Provincia&#8221; (Vitoria, \u00c1lava, Spain).<\/li>\n<li>Petrophysical studies of ornamental rocks of the &#8220;Puerta del Perd\u00f3n&#8221; and the fa\u00e7ade facing the street &#8220;C\u00e1rcel Baja&#8221; of the Cathedral of Granada (Spain).<\/li>\n<li>Control of the materials and intervention procedures during the rehabilitation of the Cathedral in Ja\u00e9n (Spain), as well as scientific follow-up.<\/li>\n<li>Control of the materials and intervention procedures during the rehabilitation of the Cathedral in Granada, as well as scientific follow-up.<\/li>\n<li>Study of the state of conservation of the main fa\u00e7ade of San Mateo in Tarifa (C\u00e1diz, Spain).<\/li>\n<li>Study of the construction materials of the &#8220;Ba\u00f1os de Hernando de Zafra, (Casa de Tumbas)&#8221; of Granada.<\/li>\n<li>Survey and consolidation of medieval wall remains at the Plaza de Las Palomas (Guadix, Spain).<\/li>\n<li>Analysis of original materials and condition survey of the High Altar of the Granada Cathedral. Control during the conservation intervention.<\/li>\n<li>Study of the original materials and control during the conservation intervention of the Madraza (old murish university) in Granada.<\/li>\n<li>Petrophysical study of the ornamental stone of the Roman bridge in C\u00f3rdoba. Evaluacion of the stone material used for replacement.<\/li>\n<\/ul>\n<p>[\/et_pb_text][\/et_pb_column][\/et_pb_row][\/et_pb_section][et_pb_section fb_built=&#8221;1&#8243; _builder_version=&#8221;4.2.1&#8243; background_color=&#8221;#000000&#8243; custom_margin=&#8221;0px||-15px||false|false&#8221; custom_padding=&#8221;6px||0px||false|false&#8221;][et_pb_row column_structure=&#8221;1_3,1_3,1_3&#8243; _builder_version=&#8221;4.2.1&#8243; min_height=&#8221;207px&#8221; custom_margin=&#8221;-34px|auto||auto||&#8221; custom_padding=&#8221;||0px|||&#8221;][et_pb_column type=&#8221;1_3&#8243; _builder_version=&#8221;4.2.1&#8243;][\/et_pb_column][et_pb_column type=&#8221;1_3&#8243; _builder_version=&#8221;4.2.1&#8243;][et_pb_image src=&#8221;https:\/\/wpd.ugr.es\/~monument\/wp-content\/uploads\/2020\/01\/ugr-vertical-blanco.png&#8221; url=&#8221;https:\/\/www.ugr.es\/~minpet\/&#8221; url_new_window=&#8221;on&#8221; show_bottom_space=&#8221;off&#8221; _builder_version=&#8221;4.2.1&#8243; width=&#8221;82%&#8221; module_alignment=&#8221;center&#8221; custom_padding=&#8221;||0px|||&#8221;][\/et_pb_image][\/et_pb_column][et_pb_column type=&#8221;1_3&#8243; _builder_version=&#8221;4.2.1&#8243;][\/et_pb_column][\/et_pb_row][\/et_pb_section]<\/p>\n","protected":false},"excerpt":{"rendered":"<p>[et_pb_section fb_built=&#8221;1&#8243; _builder_version=&#8221;4.2.1&#8243; use_background_color_gradient=&#8221;on&#8221; background_color_gradient_start=&#8221;#e02b20&#8243; background_color_gradient_end=&#8221;#000000&#8243; background_image=&#8221;https:\/\/wpd.ugr.es\/~monument\/wp-content\/uploads\/2020\/01\/gypsum.png&#8221;][et_pb_row _builder_version=&#8221;4.2.1&#8243;][et_pb_column type=&#8221;4_4&#8243; _builder_version=&#8221;4.2.1&#8243;][et_pb_post_title meta=&#8221;off&#8221; featured_image=&#8221;off&#8221; _builder_version=&#8221;4.2.1&#8243; title_level=&#8221;h3&#8243; title_font=&#8221;|600||on|||||&#8221; title_text_align=&#8221;left&#8221; title_text_color=&#8221;#ffffff&#8221; title_font_size=&#8221;21px&#8221;][\/et_pb_post_title][\/et_pb_column][\/et_pb_row][\/et_pb_section][et_pb_section fb_built=&#8221;1&#8243; _builder_version=&#8221;4.2.2&#8243; custom_padding=&#8221;25px||||false|false&#8221;][et_pb_row _builder_version=&#8221;4.2.2&#8243;][et_pb_column type=&#8221;4_4&#8243; _builder_version=&#8221;4.2.2&#8243;][et_pb_text _builder_version=&#8221;4.2.2&#8243; hover_enabled=&#8221;0&#8243;] The group performs specific or integrated studies of buildings and monuments, being contracted by governmental agencies or private companies. Additionally, the group offers advice to professionals entrusted with intervention [&hellip;]<\/p>\n","protected":false},"author":1,"featured_media":0,"parent":0,"menu_order":0,"comment_status":"closed","ping_status":"closed","template":"","meta":{"_et_pb_use_builder":"on","_et_pb_old_content":"","_et_gb_content_width":""},"_links":{"self":[{"href":"https:\/\/wpd.ugr.es\/~monument\/wp-json\/wp\/v2\/pages\/341"}],"collection":[{"href":"https:\/\/wpd.ugr.es\/~monument\/wp-json\/wp\/v2\/pages"}],"about":[{"href":"https:\/\/wpd.ugr.es\/~monument\/wp-json\/wp\/v2\/types\/page"}],"author":[{"embeddable":true,"href":"https:\/\/wpd.ugr.es\/~monument\/wp-json\/wp\/v2\/users\/1"}],"replies":[{"embeddable":true,"href":"https:\/\/wpd.ugr.es\/~monument\/wp-json\/wp\/v2\/comments?post=341"}],"version-history":[{"count":4,"href":"https:\/\/wpd.ugr.es\/~monument\/wp-json\/wp\/v2\/pages\/341\/revisions"}],"predecessor-version":[{"id":352,"href":"https:\/\/wpd.ugr.es\/~monument\/wp-json\/wp\/v2\/pages\/341\/revisions\/352"}],"wp:attachment":[{"href":"https:\/\/wpd.ugr.es\/~monument\/wp-json\/wp\/v2\/media?parent=341"}],"curies":[{"name":"wp","href":"https:\/\/api.w.org\/{rel}","templated":true}]}}