{"id":85,"date":"2020-01-22T12:36:31","date_gmt":"2020-01-22T11:36:31","guid":{"rendered":"https:\/\/wpd.ugr.es\/~monument\/?page_id=85"},"modified":"2020-01-29T13:59:56","modified_gmt":"2020-01-29T12:59:56","slug":"analisis-y-asesoria","status":"publish","type":"page","link":"https:\/\/wpd.ugr.es\/~monument\/analisis-y-asesoria\/","title":{"rendered":"An\u00e1lisis y asesor\u00eda"},"content":{"rendered":"<p>[et_pb_section fb_built=&#8221;1&#8243; _builder_version=&#8221;4.2.1&#8243; use_background_color_gradient=&#8221;on&#8221; background_color_gradient_start=&#8221;#e02b20&#8243; background_color_gradient_end=&#8221;#000000&#8243; background_image=&#8221;https:\/\/wpd.ugr.es\/~monument\/wp-content\/uploads\/2020\/01\/gypsum.png&#8221;][et_pb_row _builder_version=&#8221;4.2.1&#8243;][et_pb_column type=&#8221;4_4&#8243; _builder_version=&#8221;4.2.1&#8243;][et_pb_post_title meta=&#8221;off&#8221; featured_image=&#8221;off&#8221; _builder_version=&#8221;4.2.1&#8243; title_level=&#8221;h3&#8243; title_font=&#8221;|600||on|||||&#8221; title_text_align=&#8221;left&#8221; title_text_color=&#8221;#ffffff&#8221; title_font_size=&#8221;21px&#8221;][\/et_pb_post_title][\/et_pb_column][\/et_pb_row][\/et_pb_section][et_pb_section fb_built=&#8221;1&#8243; _builder_version=&#8221;4.2.2&#8243; custom_padding=&#8221;25px|||||&#8221;][et_pb_row _builder_version=&#8221;4.2.1&#8243;][et_pb_column type=&#8221;4_4&#8243; _builder_version=&#8221;4.2.1&#8243;][et_pb_text _builder_version=&#8221;4.2.2&#8243; hover_enabled=&#8221;0&#8243;]<\/p>\n<p style=\"text-align: justify;\">Entre los cometidos del grupo se encuentran los de realizar estudios puntuales o integrales sobre edificios o monumentos, por encargo de las diversas administraciones o empresas. Asimismo, es funci\u00f3n del grupo asesorar a profesionales con responsabilidades en proyectos de Intervenci\u00f3n en el Patrimonio Arquitect\u00f3nico. De numerosos estudios y actuaciones en diferentes edificios del Patrimonio Monumental merecen citarse:<\/p>\n<p style=\"text-align: justify;\">\n<ul>\n<li>Colaboraci\u00f3n en el Plan Director de la Catedral de Granada.<\/li>\n<li>Colaboraci\u00f3n en el Plan Director de la Catedral de Ja\u00e9n.<\/li>\n<li>Estudio anal\u00edtico previo al proceso de intervenci\u00f3n en los Ba\u00f1os del Palacio de Comares de la Alhambra.<\/li>\n<li>Estudio mineral\u00f3gico-petrogr\u00e1fico de los materiales de construcci\u00f3n de la Rauda o Cementerio Real de la Alhambra.<\/li>\n<li>Estudio mineral\u00f3gico-petrogr\u00e1fico de los materiales de construcci\u00f3n del Castillo de Santa Elena (Silla del Moro).<\/li>\n<li>An\u00e1lisis del estado de conservaci\u00f3n de los materiales de construcci\u00f3n de Santa Mar\u00eda de Mesa (Utrera, Sevilla).<\/li>\n<li>Evaluaci\u00f3n del estado de conservaci\u00f3n de la Iglesia de Santiago de Baza (Granada). Propuestas de intervenci\u00f3n.<\/li>\n<li>Estudio petrogr\u00e1fico de los Edificios Hist\u00f3ricos de La Orotava (Catedral de la Concepci\u00f3n, Casa Monteverde y Cementerio) y de La Laguna (Casa de los Capitanes Generales y Monasterio de San Agust\u00edn)<\/li>\n<li>Control de la rehabilitaci\u00f3n del Palacio de la Provincia (Vitoria, \u00c1lava).<\/li>\n<li>Estudio petrof\u00edsico de las rocas ornamentales de la Puerta del Perd\u00f3n y Fachada a calle C\u00e1rcel Baja de la Catedral de Granada.<\/li>\n<li>Control y seguimiento de materiales y proceso de intervenci\u00f3n en la intervenci\u00f3n ordinaria de rehabilitaci\u00f3n de la Catedral de Ja\u00e9n.<\/li>\n<li>Control y seguimiento de materiales y obras en la intervenci\u00f3n ordinaria de rehabilitaci\u00f3n de la Catedral de Granada.<\/li>\n<li>Estudio del estado de conservaci\u00f3n de la fachada principal de San Mateo de Tarifa (C\u00e1diz).<\/li>\n<li>Estudio de los materiales de construcci\u00f3n de los Ba\u00f1os de Hernando de Zafra (Casa de Tumbas) de Granada.<\/li>\n<li>An\u00e1lisis de materiales y del estado de conservaci\u00f3n del Altar Mayor de la catedral de Granada. Control seguimiento de la intervenci\u00f3n.<\/li>\n<li>Estudio de los materiales originales y control de la intervenci\u00f3n de la Madraza (antigua universidad \u00e1rabe) de Granada.<\/li>\n<li>Proyecto de Apeo y Consolidaci\u00f3n de Restos de Muralla Medieval en la Plaza de Las Palomas (Guadix, Espa\u00f1a).<\/li>\n<li>Estudio petrof\u00edsico de la piedra ornamental del puente Romano de C\u00f3rdoba. Evaluaci\u00f3n de materiales p\u00e9treos de sustituci\u00f3n.<\/li>\n<\/ul>\n<p>[\/et_pb_text][\/et_pb_column][\/et_pb_row][\/et_pb_section][et_pb_section fb_built=&#8221;1&#8243; _builder_version=&#8221;4.2.1&#8243; background_color=&#8221;#000000&#8243; custom_margin=&#8221;0px||-15px||false|false&#8221; custom_padding=&#8221;6px||0px||false|false&#8221;][et_pb_row column_structure=&#8221;1_3,1_3,1_3&#8243; _builder_version=&#8221;4.2.1&#8243; min_height=&#8221;207px&#8221; custom_margin=&#8221;-34px|auto||auto||&#8221; custom_padding=&#8221;||0px|||&#8221;][et_pb_column type=&#8221;1_3&#8243; _builder_version=&#8221;4.2.1&#8243;][\/et_pb_column][et_pb_column type=&#8221;1_3&#8243; _builder_version=&#8221;4.2.1&#8243;][et_pb_image src=&#8221;https:\/\/wpd.ugr.es\/~monument\/wp-content\/uploads\/2020\/01\/ugr-vertical-blanco.png&#8221; url=&#8221;https:\/\/www.ugr.es\/~minpet\/&#8221; url_new_window=&#8221;on&#8221; show_bottom_space=&#8221;off&#8221; _builder_version=&#8221;4.2.1&#8243; width=&#8221;82%&#8221; module_alignment=&#8221;center&#8221; custom_padding=&#8221;||0px|||&#8221;][\/et_pb_image][\/et_pb_column][et_pb_column type=&#8221;1_3&#8243; _builder_version=&#8221;4.2.1&#8243;][\/et_pb_column][\/et_pb_row][\/et_pb_section]<\/p>\n","protected":false},"excerpt":{"rendered":"<p>[et_pb_section fb_built=&#8221;1&#8243; _builder_version=&#8221;4.2.1&#8243; use_background_color_gradient=&#8221;on&#8221; background_color_gradient_start=&#8221;#e02b20&#8243; background_color_gradient_end=&#8221;#000000&#8243; background_image=&#8221;https:\/\/wpd.ugr.es\/~monument\/wp-content\/uploads\/2020\/01\/gypsum.png&#8221;][et_pb_row _builder_version=&#8221;4.2.1&#8243;][et_pb_column type=&#8221;4_4&#8243; _builder_version=&#8221;4.2.1&#8243;][et_pb_post_title meta=&#8221;off&#8221; featured_image=&#8221;off&#8221; _builder_version=&#8221;4.2.1&#8243; title_level=&#8221;h3&#8243; title_font=&#8221;|600||on|||||&#8221; title_text_align=&#8221;left&#8221; title_text_color=&#8221;#ffffff&#8221; title_font_size=&#8221;21px&#8221;][\/et_pb_post_title][\/et_pb_column][\/et_pb_row][\/et_pb_section][et_pb_section fb_built=&#8221;1&#8243; _builder_version=&#8221;4.2.2&#8243; custom_padding=&#8221;25px|||||&#8221;][et_pb_row _builder_version=&#8221;4.2.1&#8243;][et_pb_column type=&#8221;4_4&#8243; _builder_version=&#8221;4.2.1&#8243;][et_pb_text _builder_version=&#8221;4.2.2&#8243; hover_enabled=&#8221;0&#8243;] Entre los cometidos del grupo se encuentran los de realizar estudios puntuales o integrales sobre edificios o monumentos, por encargo de las diversas administraciones o empresas. Asimismo, es funci\u00f3n [&hellip;]<\/p>\n","protected":false},"author":1,"featured_media":0,"parent":0,"menu_order":0,"comment_status":"closed","ping_status":"closed","template":"","meta":{"_et_pb_use_builder":"on","_et_pb_old_content":"<!-- wp:divi\/placeholder \/-->","_et_gb_content_width":""},"_links":{"self":[{"href":"https:\/\/wpd.ugr.es\/~monument\/wp-json\/wp\/v2\/pages\/85"}],"collection":[{"href":"https:\/\/wpd.ugr.es\/~monument\/wp-json\/wp\/v2\/pages"}],"about":[{"href":"https:\/\/wpd.ugr.es\/~monument\/wp-json\/wp\/v2\/types\/page"}],"author":[{"embeddable":true,"href":"https:\/\/wpd.ugr.es\/~monument\/wp-json\/wp\/v2\/users\/1"}],"replies":[{"embeddable":true,"href":"https:\/\/wpd.ugr.es\/~monument\/wp-json\/wp\/v2\/comments?post=85"}],"version-history":[{"count":8,"href":"https:\/\/wpd.ugr.es\/~monument\/wp-json\/wp\/v2\/pages\/85\/revisions"}],"predecessor-version":[{"id":349,"href":"https:\/\/wpd.ugr.es\/~monument\/wp-json\/wp\/v2\/pages\/85\/revisions\/349"}],"wp:attachment":[{"href":"https:\/\/wpd.ugr.es\/~monument\/wp-json\/wp\/v2\/media?parent=85"}],"curies":[{"name":"wp","href":"https:\/\/api.w.org\/{rel}","templated":true}]}}