{"id":13,"date":"2022-06-07T20:37:43","date_gmt":"2022-06-07T20:37:43","guid":{"rendered":"https:\/\/wpd.ugr.es\/~osakar\/?page_id=13"},"modified":"2022-11-13T11:31:30","modified_gmt":"2022-11-13T11:31:30","slug":"formacion","status":"publish","type":"page","link":"https:\/\/wpd.ugr.es\/~osakar\/formacion\/","title":{"rendered":"TRAINING"},"content":{"rendered":"<p>[vc_row css_animation=\u00bb\u00bb row_type=\u00bbrow\u00bb use_row_as_full_screen_section=\u00bbno\u00bb type=\u00bbgrid\u00bb angled_section=\u00bbno\u00bb text_align=\u00bbleft\u00bb background_image_as_pattern=\u00bbwithout_pattern\u00bb z_index=\u00bb\u00bb][vc_column][vc_single_image image=\u00bb513&#8243; img_size=\u00bbfull\u00bb alignment=\u00bbcenter\u00bb qode_css_animation=\u00bb\u00bb][vc_single_image image=\u00bb174&#8243; img_size=\u00bbfull\u00bb alignment=\u00bbcenter\u00bb qode_css_animation=\u00bb\u00bb][vc_separator type=\u00bbnormal\u00bb color=\u00bbrgba(0,0,0,0.01)\u00bb][\/vc_column][\/vc_row][vc_row css_animation=\u00bb\u00bb row_type=\u00bbrow\u00bb use_row_as_full_screen_section=\u00bbno\u00bb type=\u00bbgrid\u00bb angled_section=\u00bbno\u00bb text_align=\u00bbleft\u00bb background_image_as_pattern=\u00bbwithout_pattern\u00bb z_index=\u00bb\u00bb][vc_column][vc_column_text]<\/p>\n<h4><a href=\"http:\/\/asuncionlozano.com\/\">Asunci\u00f3n Lozano Salmer\u00f3n<\/a>\u00a0\/\u00a0<a href=\"https:\/\/laramascoto.com\/\">Beatriz Coto Megido\u00a0<\/a>\/\u00a0<a href=\"http:\/\/ivanizquierdo.es\/\">Iv\u00e1n L\u00f3pez Izquierdo<\/a>\u00a0\/\u00a0<a href=\"https:\/\/joseluislozanojimenez.jimdofree.com\/\">Jos\u00e9 Luis Lozano Jim\u00e9nez<\/a> \/\u00a0<a href=\"http:\/\/www.marisamancilla.com\/trayectoria.html\">Marisa Mancilla Abril<\/a>\u00a0\/\u00a0<a href=\"http:\/\/pedroosakar.com\/\">Pedro Osakar Olaiz\u00a0<\/a>\/<\/h4>\n<p>[\/vc_column_text][vc_separator type=\u00bbnormal\u00bb color=\u00bbrgba(0,0,0,0.01)\u00bb][vc_row_inner row_type=\u00bbrow\u00bb type=\u00bbfull_width\u00bb text_align=\u00bbleft\u00bb css_animation=\u00bb\u00bb][vc_column_inner width=\u00bb2\/3&#8243;][vc_column_text]<\/p>\n<h3 class=\"post-title entry-title\">Creaci\u00f3n de una Imagen Digital de un Animal Fant\u00e1stico a partir de un Esc\u00e1ner Fotogr\u00e1fico<\/h3>\n<p>CREACI\u00d3N DIGITAL PRACTICA 2<\/p>\n<p><a href=\"http:\/\/creaciondigitalugrpractica2.blogspot.com\/\">http:\/\/creaciondigitalugrpractica2.blogspot.com\/<\/a>[\/vc_column_text][vc_separator type=\u00bbnormal\u00bb color=\u00bbrgba(0,0,0,0.01)\u00bb][vc_zigzag color=\u00bbblue\u00bb el_width=\u00bb60&#8243; el_border_width=\u00bb10&#8243;][\/vc_column_inner][vc_column_inner width=\u00bb1\/3&#8243;][vc_single_image image=\u00bb266&#8243; img_size=\u00bbmedium\u00bb onclick=\u00bbcustom_link\u00bb img_link_target=\u00bb_blank\u00bb qode_css_animation=\u00bb\u00bb link=\u00bbhttp:\/\/creaciondigitalugrpractica2.blogspot.com\/\u00bb][\/vc_column_inner][\/vc_row_inner][vc_separator type=\u00bbnormal\u00bb][vc_row_inner row_type=\u00bbrow\u00bb type=\u00bbfull_width\u00bb text_align=\u00bbleft\u00bb css_animation=\u00bb\u00bb][vc_column_inner width=\u00bb2\/3&#8243;][vc_column_text]<\/p>\n<h3>Trazado vectorial de una imagen para plotter de corte en vinilo<\/h3>\n<p>CREACI\u00d3N DIGITAL PRACTICA 3<\/p>\n<p><a href=\"http:\/\/creaciondigitalugrpractica3.blogspot.com\/\">http:\/\/creaciondigitalugrpractica3.blogspot.com\/<\/a>[\/vc_column_text][vc_separator type=\u00bbnormal\u00bb color=\u00bbrgba(0,0,0,0.01)\u00bb][vc_zigzag color=\u00bbcustom\u00bb el_width=\u00bb60&#8243; el_border_width=\u00bb10&#8243; custom_color=\u00bb#dd3333&#8243;][\/vc_column_inner][vc_column_inner width=\u00bb1\/3&#8243;][vc_single_image image=\u00bb267&#8243; img_size=\u00bbmedium\u00bb onclick=\u00bbcustom_link\u00bb qode_css_animation=\u00bb\u00bb link=\u00bbhttp:\/\/creaciondigitalugrpractica3.blogspot.com\/\u00bb][\/vc_column_inner][\/vc_row_inner][vc_separator type=\u00bbnormal\u00bb][vc_row_inner row_type=\u00bbrow\u00bb type=\u00bbfull_width\u00bb text_align=\u00bbleft\u00bb css_animation=\u00bb\u00bb][vc_column_inner width=\u00bb2\/3&#8243;][vc_column_text]<\/p>\n<h3>Trazado vectorial de una imagen para corte y grabado en laser<\/h3>\n<p>CREACI\u00d3N DIGITAL PRACTICA 4<\/p>\n<p><a href=\"http:\/\/creaciondigitalugrpractica4.blogspot.com\/\">http:\/\/creaciondigitalugrpractica4.blogspot.com\/<\/a>[\/vc_column_text][vc_separator type=\u00bbnormal\u00bb color=\u00bbrgba(0,0,0,0.01)\u00bb][vc_zigzag color=\u00bbcustom\u00bb el_width=\u00bb60&#8243; el_border_width=\u00bb10&#8243; custom_color=\u00bb#eeee22&#8243;][\/vc_column_inner][vc_column_inner width=\u00bb1\/3&#8243;][vc_single_image image=\u00bb273&#8243; img_size=\u00bbmedium\u00bb onclick=\u00bbcustom_link\u00bb img_link_target=\u00bb_blank\u00bb qode_css_animation=\u00bb\u00bb link=\u00bbhttp:\/\/creaciondigitalugrpractica4.blogspot.com\/\u00bb][\/vc_column_inner][\/vc_row_inner][vc_separator type=\u00bbnormal\u00bb][vc_row_inner row_type=\u00bbrow\u00bb type=\u00bbfull_width\u00bb text_align=\u00bbleft\u00bb css_animation=\u00bb\u00bb][vc_column_inner width=\u00bb2\/3&#8243;][vc_column_text]<\/p>\n<h3>Preparaci\u00f3n de archivos para Risograf\u00eda<\/h3>\n<p>CREACI\u00d3N DIGITAL PRACTICA 5<\/p>\n<p><a href=\"https:\/\/creaciondigitalugrpractica5.blogspot.com\/\">https:\/\/creaciondigitalugrpractica5.blogspot.com\/<\/a>[\/vc_column_text][vc_separator type=\u00bbnormal\u00bb color=\u00bbrgba(0,0,0,0.01)\u00bb][vc_zigzag color=\u00bbvista_blue\u00bb el_width=\u00bb60&#8243; el_border_width=\u00bb10&#8243;][\/vc_column_inner][vc_column_inner width=\u00bb1\/3&#8243;][vc_single_image image=\u00bb274&#8243; img_size=\u00bbmedium\u00bb onclick=\u00bbcustom_link\u00bb img_link_target=\u00bb_blank\u00bb qode_css_animation=\u00bb\u00bb link=\u00bbhttps:\/\/creaciondigitalugrpractica5.blogspot.com\/\u00bb][\/vc_column_inner][\/vc_row_inner][vc_separator type=\u00bbnormal\u00bb][\/vc_column][\/vc_row]<\/p>\n","protected":false},"excerpt":{"rendered":"<p>[vc_row css_animation=\u00bb\u00bb row_type=\u00bbrow\u00bb use_row_as_full_screen_section=\u00bbno\u00bb type=\u00bbgrid\u00bb angled_section=\u00bbno\u00bb text_align=\u00bbleft\u00bb background_image_as_pattern=\u00bbwithout_pattern\u00bb z_index=\u00bb\u00bb][vc_column][vc_single_image image=\u00bb513&#8243; img_size=\u00bbfull\u00bb alignment=\u00bbcenter\u00bb qode_css_animation=\u00bb\u00bb][vc_single_image image=\u00bb174&#8243; img_size=\u00bbfull\u00bb alignment=\u00bbcenter\u00bb qode_css_animation=\u00bb\u00bb][vc_separator type=\u00bbnormal\u00bb color=\u00bbrgba(0,0,0,0.01)\u00bb][\/vc_column][\/vc_row][vc_row css_animation=\u00bb\u00bb row_type=\u00bbrow\u00bb use_row_as_full_screen_section=\u00bbno\u00bb type=\u00bbgrid\u00bb angled_section=\u00bbno\u00bb text_align=\u00bbleft\u00bb background_image_as_pattern=\u00bbwithout_pattern\u00bb z_index=\u00bb\u00bb][vc_column][vc_column_text] Asunci\u00f3n Lozano Salmer\u00f3n\u00a0\/\u00a0Beatriz Coto Megido\u00a0\/\u00a0Iv\u00e1n L\u00f3pez Izquierdo\u00a0\/\u00a0Jos\u00e9 Luis Lozano Jim\u00e9nez \/\u00a0Marisa Mancilla Abril\u00a0\/\u00a0Pedro Osakar Olaiz\u00a0\/ [\/vc_column_text][vc_separator type=\u00bbnormal\u00bb color=\u00bbrgba(0,0,0,0.01)\u00bb][vc_row_inner&#8230;<\/p>\n","protected":false},"author":1,"featured_media":0,"parent":0,"menu_order":0,"comment_status":"closed","ping_status":"closed","template":"full_width.php","meta":[],"_links":{"self":[{"href":"https:\/\/wpd.ugr.es\/~osakar\/wp-json\/wp\/v2\/pages\/13"}],"collection":[{"href":"https:\/\/wpd.ugr.es\/~osakar\/wp-json\/wp\/v2\/pages"}],"about":[{"href":"https:\/\/wpd.ugr.es\/~osakar\/wp-json\/wp\/v2\/types\/page"}],"author":[{"embeddable":true,"href":"https:\/\/wpd.ugr.es\/~osakar\/wp-json\/wp\/v2\/users\/1"}],"replies":[{"embeddable":true,"href":"https:\/\/wpd.ugr.es\/~osakar\/wp-json\/wp\/v2\/comments?post=13"}],"version-history":[{"count":27,"href":"https:\/\/wpd.ugr.es\/~osakar\/wp-json\/wp\/v2\/pages\/13\/revisions"}],"predecessor-version":[{"id":546,"href":"https:\/\/wpd.ugr.es\/~osakar\/wp-json\/wp\/v2\/pages\/13\/revisions\/546"}],"wp:attachment":[{"href":"https:\/\/wpd.ugr.es\/~osakar\/wp-json\/wp\/v2\/media?parent=13"}],"curies":[{"name":"wp","href":"https:\/\/api.w.org\/{rel}","templated":true}]}}