{"id":14,"date":"2022-06-07T20:37:32","date_gmt":"2022-06-07T20:37:32","guid":{"rendered":"https:\/\/wpd.ugr.es\/~osakar\/?page_id=14"},"modified":"2025-06-23T05:43:04","modified_gmt":"2025-06-23T05:43:04","slug":"laboratorio-de-imagen","status":"publish","type":"page","link":"https:\/\/wpd.ugr.es\/~osakar\/laboratorio-de-imagen\/","title":{"rendered":"IMAGE LABORATORY"},"content":{"rendered":"<p>[vc_row css_animation=\u00bb\u00bb row_type=\u00bbrow\u00bb use_row_as_full_screen_section=\u00bbno\u00bb type=\u00bbgrid\u00bb angled_section=\u00bbno\u00bb text_align=\u00bbcenter\u00bb background_image_as_pattern=\u00bbwithout_pattern\u00bb z_index=\u00bb\u00bb][vc_column][vc_single_image image=\u00bb541&#8243; img_size=\u00bbfull\u00bb alignment=\u00bbcenter\u00bb qode_css_animation=\u00bb\u00bb][\/vc_column][\/vc_row][vc_row css_animation=\u00bb\u00bb row_type=\u00bbrow\u00bb use_row_as_full_screen_section=\u00bbno\u00bb type=\u00bbgrid\u00bb angled_section=\u00bbno\u00bb text_align=\u00bbcenter\u00bb background_image_as_pattern=\u00bbwithout_pattern\u00bb z_index=\u00bb\u00bb][vc_column][vc_single_image image=\u00bb760&#8243; img_size=\u00bbfull\u00bb alignment=\u00bbcenter\u00bb qode_css_animation=\u00bb\u00bb][\/vc_column][\/vc_row][vc_row css_animation=\u00bb\u00bb row_type=\u00bbrow\u00bb use_row_as_full_screen_section=\u00bbno\u00bb type=\u00bbgrid\u00bb angled_section=\u00bbno\u00bb text_align=\u00bbcenter\u00bb background_image_as_pattern=\u00bbwithout_pattern\u00bb z_index=\u00bb\u00bb][vc_column][vc_separator type=\u00bbtransparent\u00bb thickness=\u00bb20&#8243;][\/vc_column][\/vc_row][vc_row css_animation=\u00bb\u00bb row_type=\u00bbrow\u00bb use_row_as_full_screen_section=\u00bbno\u00bb type=\u00bbfull_width\u00bb angled_section=\u00bbno\u00bb text_align=\u00bbleft\u00bb background_image_as_pattern=\u00bbwithout_pattern\u00bb][vc_column][vc_separator type=\u00bbtransparent\u00bb thickness=\u00bb20&#8243;][\/vc_column][\/vc_row][vc_row css_animation=\u00bb\u00bb row_type=\u00bbrow\u00bb use_row_as_full_screen_section=\u00bbno\u00bb type=\u00bbgrid\u00bb angled_section=\u00bbno\u00bb text_align=\u00bbleft\u00bb background_image_as_pattern=\u00bbwithout_pattern\u00bb z_index=\u00bb\u00bb][vc_column][vc_column_text]<span style=\"color: #808080;\">The Image Laboratory is a place that exchanges knowledge, ideas and resources to collectively empower people to experiment with new artistic objects and visual reflexions. The Image Laboratory lab is open to university community members to explore, innovate and bring their ideas to reality. The users of the Image Lab can share knowledge with a global network of makers. And it can serve the needs of educators in need of a lab space for courses, students needing to prototype a design or produce something tangible. There are workshops available for students to learn how to create and use a space like this. The Image laboratory offers a permanent service of advice in design, laser cutting (Co2 80w), vinyl printing and cutting, color printing plotter. The Image Laboratory is attended by a Laboratory Technician, as a part of the Functional Unit of Laboratories of the UGR and depends on the Dept. of Painting. He is in charge of giving the necessary support for the preparation of practices, experiments or services in the field of teaching and research.<\/span><\/p>\n<p>El Laboratorio de Imagen es un lugar que intercambia conocimientos, ideas y recursos para capacitar colectivamente a las personas que experimentan con nuevos objetos art\u00edsticos y reflexiones visuales. El Laboratorio de Imagen est\u00e1 abierto a los miembros de la comunidad universitaria para explorar, innovar y hacer realidad sus ideas. Los usuarios del Laboratorio de Imagen pueden compartir conocimientos con una red global de creadores. Y puede servir a las necesidades de los educadores que necesitan un espacio de laboratorio para sus cursos, a los estudiantes que necesitan crear un prototipo de un dise\u00f1o o producir algo tangible. Hay talleres disponibles para que los estudiantes aprendan a crear y utilizar un espacio como \u00e9ste. El laboratorio de Imagen ofrece un servicio permanente de asesoramiento en dise\u00f1o, corte l\u00e1ser (Co2 80w), impresi\u00f3n y corte de vinilo, impresi\u00f3n risogr\u00e1fica y plotter de impresi\u00f3n en color. El Laboratorio de Imagen es atendido por un T\u00e9cnico de Laboratorio, que se inscribe en la Unidad Funcional de Laboratorios de la UGR y dependiente del Dpto. de Pintura. Encargado de dar el soporte necesario para la preparaci\u00f3n de pr\u00e1cticas, experimentos o servicios en el \u00e1mbito de la docencia y la investigaci\u00f3n.<\/p>\n<p>MAS INFORMACI\u00d3N \/ <span style=\"color: #808080;\">MORE INFORMATION<\/span><\/p>\n<p><a href=\"https:\/\/www.fablabs.io\/labs\/fablabimagen\">https:\/\/www.fablabs.io\/labs\/fablabimagen<\/a>[\/vc_column_text][\/vc_column][\/vc_row][vc_row css_animation=\u00bb\u00bb row_type=\u00bbrow\u00bb use_row_as_full_screen_section=\u00bbno\u00bb type=\u00bbfull_width\u00bb angled_section=\u00bbno\u00bb text_align=\u00bbleft\u00bb background_image_as_pattern=\u00bbwithout_pattern\u00bb z_index=\u00bb\u00bb css=\u00bb.vc_custom_1656864334918{border-radius: 2px !important;}\u00bb][vc_column][vc_separator type=\u00bbtransparent\u00bb thickness=\u00bb20&#8243;][\/vc_column][\/vc_row][vc_row css_animation=\u00bb\u00bb row_type=\u00bbrow\u00bb use_row_as_full_screen_section=\u00bbno\u00bb type=\u00bbgrid\u00bb angled_section=\u00bbno\u00bb text_align=\u00bbleft\u00bb background_image_as_pattern=\u00bbwithout_pattern\u00bb z_index=\u00bb\u00bb][vc_column width=\u00bb1\/5&#8243;]<div class='q_icon_with_title small custom_icon_image left_from_title '><div class=\"icon_text_holder\" style=\"\"><div class=\"icon_text_inner\" style=\"\"><div class=\"icon_title_holder\"><div class=\"icon_holder \" style=\" \"><img itemprop=\"image\" style=\"\" src=\"https:\/\/wpd.ugr.es\/~osakar\/wp-content\/uploads\/2022\/11\/Laboratorio-LOGO.png\" alt=\"\"><\/a><\/div><h3 class=\"icon_title\" style=\"\">UGRLab<\/h3><\/div><p style=''><\/p><a itemprop='url' class='icon_with_title_link' href='https:\/\/bellasartes.ugr.es\/facultad\/presentacion\/aulas-espacios\/laboratorio-imagen' target='_self' style='color: #3a3a3a;'>Visit Us!<\/a><\/div><\/div><\/div>[\/vc_column][vc_column width=\u00bb1\/5&#8243;]<div class='q_icon_with_title small custom_icon_image left_from_title '><div class=\"icon_text_holder\" style=\"\"><div class=\"icon_text_inner\" style=\"\"><div class=\"icon_title_holder\"><div class=\"icon_holder \" style=\" \"><img itemprop=\"image\" style=\"\" src=\"https:\/\/wpd.ugr.es\/~osakar\/wp-content\/uploads\/2022\/11\/LOGO-FABLAB.jpg\" alt=\"\"><\/a><\/div><h3 class=\"icon_title\" style=\"\">FabLab.org<\/h3><\/div><p style=''><\/p><a itemprop='url' class='icon_with_title_link' href='https:\/\/www.fablabs.io\/labs\/fablabimagen' target='_self' style='color: #2d2d2d;'>Visit Us!<\/a><\/div><\/div><\/div>[\/vc_column][vc_column width=\u00bb1\/5&#8243;]<div class='q_icon_with_title medium normal_icon left_from_title '><div class=\"icon_text_holder\" style=\"\"><div class=\"icon_text_inner\" style=\"\"><div class=\"icon_title_holder\"><div class=\"icon_holder \" style=\" \"><span data-icon-type=\"normal\"   style=\"\" class=\"qode_iwt_icon_holder q_font_awsome_icon fa-3x  \"><i class=\"qode_icon_font_awesome fa fa-phone qode_iwt_icon_element\" style=\"color: #ea1b23;\" ><\/i><\/span><\/div><h3 class=\"icon_title\" style=\"\">PHONE OFFICE<\/h3><\/div><div class=\"separator small left\" style=\"height: 2px;background-color: #ffffff;width: 20px;margin-top: 3px;margin-bottom: 15px;\"><\/div><p style=''>958 24 27 11<\/p><\/div><\/div><\/div>[\/vc_column][vc_column width=\u00bb1\/5&#8243;]<div class='q_icon_with_title medium normal_icon left_from_title '><div class=\"icon_text_holder\" style=\"\"><div class=\"icon_text_inner\" style=\"\"><div class=\"icon_title_holder\"><div class=\"icon_holder \" style=\" \"><span data-icon-type=\"normal\"   style=\"\" class=\"qode_iwt_icon_holder q_font_awsome_icon fa-3x  \"><i class=\"qode_icon_font_awesome fa fa-envelope qode_iwt_icon_element\" style=\"color: #078807;\" ><\/i><\/span><\/div><h3 class=\"icon_title\" style=\"\">Email<\/h3><\/div><div class=\"separator small left\" style=\"height: 2px;background-color: #ffffff;width: 20px;margin-top: 3px;margin-bottom: 15px;\"><\/div><p style=''>laboratoriodeimagen@ugr.es<\/p><\/div><\/div><\/div>[\/vc_column][vc_column width=\u00bb1\/5&#8243;]<div class='q_icon_with_title medium normal_icon left_from_title '><div class=\"icon_text_holder\" style=\"\"><div class=\"icon_text_inner\" style=\"\"><div class=\"icon_title_holder\"><div class=\"icon_holder \" style=\" \"><span data-icon-type=\"normal\"   style=\"\" class=\"qode_iwt_icon_holder q_font_awsome_icon fa-3x  \"><i class=\"qode_icon_font_awesome fa fa-clock-o qode_iwt_icon_element\" style=\"color: #06abeb;\" ><\/i><\/span><\/div><h3 class=\"icon_title\" style=\"color: #444444;\">Horario \/Timetable<\/h3><\/div><div class=\"separator small left\" style=\"height: 2px;background-color: #ffffff;width: 20px;margin-top: 3px;margin-bottom: 15px;\"><\/div><p style=''>Monday to friday 9:00 to 14:00<\/p><\/div><\/div><\/div>[\/vc_column][\/vc_row][vc_row css_animation=\u00bb\u00bb row_type=\u00bbrow\u00bb use_row_as_full_screen_section=\u00bbno\u00bb type=\u00bbfull_width\u00bb angled_section=\u00bbno\u00bb text_align=\u00bbleft\u00bb background_image_as_pattern=\u00bbwithout_pattern\u00bb z_index=\u00bb\u00bb css=\u00bb.vc_custom_1656864334918{border-radius: 2px !important;}\u00bb][vc_column][vc_separator type=\u00bbtransparent\u00bb thickness=\u00bb20&#8243;][\/vc_column][\/vc_row][vc_row css_animation=\u00bb\u00bb row_type=\u00bbrow\u00bb use_row_as_full_screen_section=\u00bbno\u00bb type=\u00bbgrid\u00bb angled_section=\u00bbno\u00bb text_align=\u00bbleft\u00bb background_image_as_pattern=\u00bbwithout_pattern\u00bb z_index=\u00bb\u00bb css=\u00bb.vc_custom_1656965921756{border-radius: 2px !important;}\u00bb][vc_column][vc_single_image image=\u00bb173&#8243; img_size=\u00bbfull\u00bb qode_css_animation=\u00bb\u00bb][\/vc_column][\/vc_row][vc_row css_animation=\u00bb\u00bb row_type=\u00bbrow\u00bb use_row_as_full_screen_section=\u00bbno\u00bb type=\u00bbgrid\u00bb angled_section=\u00bbno\u00bb text_align=\u00bbleft\u00bb background_image_as_pattern=\u00bbwithout_pattern\u00bb z_index=\u00bb\u00bb css=\u00bb.vc_custom_1668385997001{border-radius: 2px !important;}\u00bb][vc_column][vc_separator type=\u00bbtransparent\u00bb thickness=\u00bb20&#8243;][\/vc_column][\/vc_row][vc_row css_animation=\u00bb\u00bb row_type=\u00bbrow\u00bb use_row_as_full_screen_section=\u00bbno\u00bb type=\u00bbgrid\u00bb angled_section=\u00bbno\u00bb text_align=\u00bbleft\u00bb background_image_as_pattern=\u00bbwithout_pattern\u00bb z_index=\u00bb\u00bb][vc_column width=\u00bb1\/2&#8243;][vc_single_image image=\u00bb152&#8243; img_size=\u00bbfull\u00bb qode_css_animation=\u00bb\u00bb][\/vc_column][vc_column width=\u00bb1\/2&#8243;][vc_column_text]<\/p>\n<h2><strong>Vinyl Printer Cutter Roland TrueVIS SG2-300<\/strong><\/h2>\n<p>[\/vc_column_text][vc_row_inner row_type=\u00bbrow\u00bb type=\u00bbfull_width\u00bb text_align=\u00bbleft\u00bb css_animation=\u00bb\u00bb][vc_column_inner][vc_column_text]<a href=\"https:\/\/www.rolanddg.eu\/-\/media\/roland-emea\/files\/brochures\/vg2\/sg2_brochure_es.pdf?la=es-es&amp;hash=5AAB8886EAF5A57993D2946DCFE6DACCB096B3B5\" target=\"_blank\" rel=\"noopener\">CAT\u00c1LOGO .pdf<\/a>[\/vc_column_text][\/vc_column_inner][\/vc_row_inner][\/vc_column][\/vc_row][vc_row css_animation=\u00bb\u00bb row_type=\u00bbrow\u00bb use_row_as_full_screen_section=\u00bbno\u00bb type=\u00bbgrid\u00bb angled_section=\u00bbno\u00bb text_align=\u00bbleft\u00bb background_image_as_pattern=\u00bbwithout_pattern\u00bb z_index=\u00bb\u00bb css=\u00bb.vc_custom_1668386386382{border-radius: 2px !important;}\u00bb][vc_column][vc_separator type=\u00bbnormal\u00bb thickness=\u00bb20&#8243; color=\u00bb#efefef\u00bb][\/vc_column][\/vc_row][vc_row css_animation=\u00bb\u00bb row_type=\u00bbrow\u00bb use_row_as_full_screen_section=\u00bbno\u00bb type=\u00bbgrid\u00bb angled_section=\u00bbno\u00bb text_align=\u00bbleft\u00bb background_image_as_pattern=\u00bbwithout_pattern\u00bb z_index=\u00bb\u00bb][vc_column width=\u00bb1\/2&#8243;][vc_single_image image=\u00bb155&#8243; img_size=\u00bbfull\u00bb qode_css_animation=\u00bb\u00bb][\/vc_column][vc_column width=\u00bb1\/2&#8243;][vc_column_text]<\/p>\n<h2><strong>RISO &#8211; SF9350 Digital Duplicator <\/strong><\/h2>\n<p>[\/vc_column_text][vc_row_inner row_type=\u00bbrow\u00bb type=\u00bbfull_width\u00bb text_align=\u00bbleft\u00bb css_animation=\u00bb\u00bb][vc_column_inner][vc_column_text]<a href=\"https:\/\/www.risoiberica.es\/downloads\/11\/usersguideriso-sf9x50eiispacompressed.pdf\" target=\"_blank\" rel=\"noopener\">GU\u00cdA DE USUARIO .pdf<\/a>[\/vc_column_text][\/vc_column_inner][\/vc_row_inner][\/vc_column][\/vc_row][vc_row css_animation=\u00bb\u00bb row_type=\u00bbrow\u00bb use_row_as_full_screen_section=\u00bbno\u00bb type=\u00bbgrid\u00bb angled_section=\u00bbno\u00bb text_align=\u00bbleft\u00bb background_image_as_pattern=\u00bbwithout_pattern\u00bb z_index=\u00bb\u00bb css=\u00bb.vc_custom_1668386015992{border-radius: 2px !important;}\u00bb][vc_column][vc_separator type=\u00bbnormal\u00bb thickness=\u00bb20&#8243; color=\u00bb#efefef\u00bb][\/vc_column][\/vc_row][vc_row css_animation=\u00bb\u00bb row_type=\u00bbrow\u00bb use_row_as_full_screen_section=\u00bbno\u00bb type=\u00bbgrid\u00bb angled_section=\u00bbno\u00bb text_align=\u00bbleft\u00bb background_image_as_pattern=\u00bbwithout_pattern\u00bb z_index=\u00bb\u00bb][vc_column width=\u00bb1\/2&#8243;][vc_separator type=\u00bbtransparent\u00bb thickness=\u00bb10&#8243;][vc_single_image image=\u00bb159&#8243; img_size=\u00bbfull\u00bb qode_css_animation=\u00bb\u00bb][\/vc_column][vc_column width=\u00bb1\/2&#8243;][vc_column_text]<\/p>\n<h2><strong>Printing Plotter Canon ip6700D &#8211; MonitorEIZO ColorEdge 27 <\/strong><\/h2>\n<p>[\/vc_column_text][\/vc_column][\/vc_row][vc_row css_animation=\u00bb\u00bb row_type=\u00bbrow\u00bb use_row_as_full_screen_section=\u00bbno\u00bb type=\u00bbgrid\u00bb angled_section=\u00bbno\u00bb text_align=\u00bbleft\u00bb background_image_as_pattern=\u00bbwithout_pattern\u00bb z_index=\u00bb\u00bb][vc_column][vc_separator type=\u00bbnormal\u00bb thickness=\u00bb20&#8243; color=\u00bb#efefef\u00bb][\/vc_column][\/vc_row][vc_row css_animation=\u00bb\u00bb row_type=\u00bbrow\u00bb use_row_as_full_screen_section=\u00bbno\u00bb type=\u00bbgrid\u00bb angled_section=\u00bbno\u00bb text_align=\u00bbleft\u00bb background_image_as_pattern=\u00bbwithout_pattern\u00bb z_index=\u00bb\u00bb][vc_column width=\u00bb1\/2&#8243;][vc_single_image image=\u00bb150&#8243; img_size=\u00bbfull\u00bb qode_css_animation=\u00bb\u00bb][\/vc_column][vc_column width=\u00bb1\/2&#8243;][vc_column_text]<\/p>\n<h2><strong>Printing Plotter HP Laserjet 2200d<\/strong><\/h2>\n<p>[\/vc_column_text][vc_row_inner row_type=\u00bbrow\u00bb type=\u00bbfull_width\u00bb text_align=\u00bbleft\u00bb css_animation=\u00bb\u00bb][vc_column_inner][vc_column_text]<a href=\"http:\/\/h10032.www1.hp.com\/ctg\/Manual\/bpl12819.pdf\" target=\"_blank\" rel=\"noopener\">Manual de usuario .pdf<\/a>[\/vc_column_text][\/vc_column_inner][\/vc_row_inner][\/vc_column][\/vc_row][vc_row css_animation=\u00bb\u00bb row_type=\u00bbrow\u00bb use_row_as_full_screen_section=\u00bbno\u00bb type=\u00bbgrid\u00bb angled_section=\u00bbno\u00bb text_align=\u00bbleft\u00bb background_image_as_pattern=\u00bbwithout_pattern\u00bb z_index=\u00bb\u00bb][vc_column][vc_separator type=\u00bbnormal\u00bb thickness=\u00bb20&#8243; color=\u00bb#efefef\u00bb][\/vc_column][\/vc_row][vc_row css_animation=\u00bb\u00bb row_type=\u00bbrow\u00bb use_row_as_full_screen_section=\u00bbno\u00bb type=\u00bbgrid\u00bb angled_section=\u00bbno\u00bb text_align=\u00bbleft\u00bb background_image_as_pattern=\u00bbwithout_pattern\u00bb z_index=\u00bb\u00bb][vc_column width=\u00bb1\/2&#8243;][vc_single_image image=\u00bb151&#8243; img_size=\u00bbfull\u00bb qode_css_animation=\u00bb\u00bb][\/vc_column][vc_column width=\u00bb1\/2&#8243;][vc_column_text]<\/p>\n<h2><strong>Laser Engraving and Cutting CO2(80watts) TODOIMPRESION System<\/strong><\/h2>\n<p>[\/vc_column_text][vc_row_inner row_type=\u00bbrow\u00bb type=\u00bbfull_width\u00bb text_align=\u00bbleft\u00bb css_animation=\u00bb\u00bb][vc_column_inner][vc_column_text]<a href=\"https:\/\/todoimpresion.com\/es\/producto\/pyro\/\" target=\"_blank\" rel=\"noopener\">INFORMACI\u00d3N WEB<\/a><\/p>\n<p><a href=\"https:\/\/todoimpresion.com\/es\/producto\/pyro\/?print-products=pdf\">PDF. PYRO LASER<\/a>[\/vc_column_text][\/vc_column_inner][\/vc_row_inner][\/vc_column][\/vc_row][vc_row css_animation=\u00bb\u00bb row_type=\u00bbrow\u00bb use_row_as_full_screen_section=\u00bbno\u00bb type=\u00bbgrid\u00bb angled_section=\u00bbno\u00bb text_align=\u00bbleft\u00bb background_image_as_pattern=\u00bbwithout_pattern\u00bb z_index=\u00bb\u00bb][vc_column][vc_separator type=\u00bbnormal\u00bb thickness=\u00bb20&#8243; color=\u00bb#efefef\u00bb][\/vc_column][\/vc_row][vc_row css_animation=\u00bb\u00bb row_type=\u00bbrow\u00bb use_row_as_full_screen_section=\u00bbno\u00bb type=\u00bbgrid\u00bb angled_section=\u00bbno\u00bb text_align=\u00bbleft\u00bb background_image_as_pattern=\u00bbwithout_pattern\u00bb z_index=\u00bb\u00bb][vc_column width=\u00bb1\/2&#8243;][vc_single_image image=\u00bb156&#8243; img_size=\u00bbfull\u00bb qode_css_animation=\u00bb\u00bb][\/vc_column][vc_column width=\u00bb1\/2&#8243;][vc_column_text]<\/p>\n<h2><strong>Vinyl Cutting Plotter Roland CAMM1PRO <\/strong><\/h2>\n<p>[\/vc_column_text][\/vc_column][\/vc_row][vc_row css_animation=\u00bb\u00bb row_type=\u00bbrow\u00bb use_row_as_full_screen_section=\u00bbno\u00bb type=\u00bbgrid\u00bb angled_section=\u00bbno\u00bb text_align=\u00bbleft\u00bb background_image_as_pattern=\u00bbwithout_pattern\u00bb z_index=\u00bb\u00bb][vc_column][vc_separator type=\u00bbnormal\u00bb thickness=\u00bb20&#8243; color=\u00bb#efefef\u00bb][\/vc_column][\/vc_row][vc_row css_animation=\u00bb\u00bb row_type=\u00bbrow\u00bb use_row_as_full_screen_section=\u00bbno\u00bb type=\u00bbgrid\u00bb angled_section=\u00bbno\u00bb text_align=\u00bbleft\u00bb background_image_as_pattern=\u00bbwithout_pattern\u00bb z_index=\u00bb\u00bb][vc_column width=\u00bb1\/2&#8243;][vc_single_image image=\u00bb157&#8243; img_size=\u00bbfull\u00bb qode_css_animation=\u00bb\u00bb][\/vc_column][vc_column width=\u00bb1\/2&#8243;][vc_column_text]<\/p>\n<h2><strong>Scaner 9800xl plus MICROTEK<\/strong><\/h2>\n<p>[\/vc_column_text][\/vc_column][\/vc_row][vc_row css_animation=\u00bb\u00bb row_type=\u00bbrow\u00bb use_row_as_full_screen_section=\u00bbno\u00bb type=\u00bbgrid\u00bb angled_section=\u00bbno\u00bb text_align=\u00bbleft\u00bb background_image_as_pattern=\u00bbwithout_pattern\u00bb z_index=\u00bb\u00bb][vc_column][vc_separator type=\u00bbnormal\u00bb thickness=\u00bb20&#8243; color=\u00bb#efefef\u00bb][\/vc_column][\/vc_row][vc_row css_animation=\u00bb\u00bb row_type=\u00bbrow\u00bb use_row_as_full_screen_section=\u00bbno\u00bb type=\u00bbgrid\u00bb angled_section=\u00bbno\u00bb text_align=\u00bbleft\u00bb background_image_as_pattern=\u00bbwithout_pattern\u00bb z_index=\u00bb\u00bb][vc_column width=\u00bb1\/3&#8243;][\/vc_column][vc_column width=\u00bb1\/3&#8243;][vc_column_text]<strong>Pr\u00e9stamo<\/strong><\/p>\n<p>2 Organic Glass Protection Glasses<\/p>\n<p>1 Paper Cutter YOSAN 56 S<\/p>\n<p>C\u00e1mara fotogr\u00e1fica SONY Cyber-Shot DSC-F828<\/p>\n<p>C\u00e1mara de v\u00eddeo Canon.<\/p>\n<p>Tr\u00edpode MANFROTTO TRPDW\/141RC[\/vc_column_text][\/vc_column][vc_column width=\u00bb1\/3&#8243;][\/vc_column][\/vc_row][vc_row css_animation=\u00bb\u00bb row_type=\u00bbrow\u00bb use_row_as_full_screen_section=\u00bbno\u00bb type=\u00bbfull_width\u00bb angled_section=\u00bbno\u00bb text_align=\u00bbleft\u00bb background_image_as_pattern=\u00bbwithout_pattern\u00bb][vc_column][vc_separator type=\u00bbtransparent\u00bb thickness=\u00bb20&#8243;][\/vc_column][\/vc_row][vc_row css_animation=\u00bb\u00bb row_type=\u00bbrow\u00bb use_row_as_full_screen_section=\u00bbno\u00bb type=\u00bbgrid\u00bb angled_section=\u00bbno\u00bb text_align=\u00bbleft\u00bb background_image_as_pattern=\u00bbwithout_pattern\u00bb z_index=\u00bb\u00bb][vc_column][vc_single_image image=\u00bb172&#8243; img_size=\u00bbfull\u00bb qode_css_animation=\u00bb\u00bb][\/vc_column][\/vc_row]<\/p>\n","protected":false},"excerpt":{"rendered":"<p>[vc_row css_animation=\u00bb\u00bb row_type=\u00bbrow\u00bb use_row_as_full_screen_section=\u00bbno\u00bb type=\u00bbgrid\u00bb angled_section=\u00bbno\u00bb text_align=\u00bbcenter\u00bb background_image_as_pattern=\u00bbwithout_pattern\u00bb z_index=\u00bb\u00bb][vc_column][vc_single_image image=\u00bb541&#8243; img_size=\u00bbfull\u00bb alignment=\u00bbcenter\u00bb qode_css_animation=\u00bb\u00bb][\/vc_column][\/vc_row][vc_row css_animation=\u00bb\u00bb row_type=\u00bbrow\u00bb use_row_as_full_screen_section=\u00bbno\u00bb type=\u00bbgrid\u00bb angled_section=\u00bbno\u00bb text_align=\u00bbcenter\u00bb background_image_as_pattern=\u00bbwithout_pattern\u00bb z_index=\u00bb\u00bb][vc_column][vc_single_image image=\u00bb760&#8243; img_size=\u00bbfull\u00bb alignment=\u00bbcenter\u00bb qode_css_animation=\u00bb\u00bb][\/vc_column][\/vc_row][vc_row css_animation=\u00bb\u00bb row_type=\u00bbrow\u00bb use_row_as_full_screen_section=\u00bbno\u00bb type=\u00bbgrid\u00bb angled_section=\u00bbno\u00bb text_align=\u00bbcenter\u00bb background_image_as_pattern=\u00bbwithout_pattern\u00bb z_index=\u00bb\u00bb][vc_column][vc_separator type=\u00bbtransparent\u00bb thickness=\u00bb20&#8243;][\/vc_column][\/vc_row][vc_row css_animation=\u00bb\u00bb row_type=\u00bbrow\u00bb use_row_as_full_screen_section=\u00bbno\u00bb type=\u00bbfull_width\u00bb angled_section=\u00bbno\u00bb text_align=\u00bbleft\u00bb background_image_as_pattern=\u00bbwithout_pattern\u00bb][vc_column][vc_separator type=\u00bbtransparent\u00bb thickness=\u00bb20&#8243;][\/vc_column][\/vc_row][vc_row css_animation=\u00bb\u00bb&#8230;<\/p>\n","protected":false},"author":1,"featured_media":0,"parent":0,"menu_order":0,"comment_status":"closed","ping_status":"closed","template":"full_width.php","meta":[],"_links":{"self":[{"href":"https:\/\/wpd.ugr.es\/~osakar\/wp-json\/wp\/v2\/pages\/14"}],"collection":[{"href":"https:\/\/wpd.ugr.es\/~osakar\/wp-json\/wp\/v2\/pages"}],"about":[{"href":"https:\/\/wpd.ugr.es\/~osakar\/wp-json\/wp\/v2\/types\/page"}],"author":[{"embeddable":true,"href":"https:\/\/wpd.ugr.es\/~osakar\/wp-json\/wp\/v2\/users\/1"}],"replies":[{"embeddable":true,"href":"https:\/\/wpd.ugr.es\/~osakar\/wp-json\/wp\/v2\/comments?post=14"}],"version-history":[{"count":69,"href":"https:\/\/wpd.ugr.es\/~osakar\/wp-json\/wp\/v2\/pages\/14\/revisions"}],"predecessor-version":[{"id":1728,"href":"https:\/\/wpd.ugr.es\/~osakar\/wp-json\/wp\/v2\/pages\/14\/revisions\/1728"}],"wp:attachment":[{"href":"https:\/\/wpd.ugr.es\/~osakar\/wp-json\/wp\/v2\/media?parent=14"}],"curies":[{"name":"wp","href":"https:\/\/api.w.org\/{rel}","templated":true}]}}