{"id":16,"date":"2022-06-07T20:37:23","date_gmt":"2022-06-07T20:37:23","guid":{"rendered":"https:\/\/wpd.ugr.es\/~osakar\/?page_id=16"},"modified":"2024-06-27T17:46:04","modified_gmt":"2024-06-27T17:46:04","slug":"componentes","status":"publish","type":"page","link":"https:\/\/wpd.ugr.es\/~osakar\/componentes\/","title":{"rendered":"EQUIPO\/TEAM"},"content":{"rendered":"<p>[vc_row css_animation=\u00bb\u00bb row_type=\u00bbrow\u00bb use_row_as_full_screen_section=\u00bbno\u00bb type=\u00bbgrid\u00bb angled_section=\u00bbno\u00bb text_align=\u00bbcenter\u00bb background_image_as_pattern=\u00bbwithout_pattern\u00bb z_index=\u00bb\u00bb][vc_column][vc_separator type=\u00bbtransparent\u00bb thickness=\u00bb20&#8243;][vc_single_image image=\u00bb480&#8243; img_size=\u00bbfull\u00bb alignment=\u00bbcenter\u00bb qode_css_animation=\u00bb\u00bb][\/vc_column][\/vc_row][vc_row css_animation=\u00bb\u00bb row_type=\u00bbrow\u00bb use_row_as_full_screen_section=\u00bbno\u00bb type=\u00bbgrid\u00bb angled_section=\u00bbno\u00bb text_align=\u00bbcenter\u00bb background_image_as_pattern=\u00bbwithout_pattern\u00bb z_index=\u00bb\u00bb][vc_column][vc_single_image image=\u00bb174&#8243; img_size=\u00bbfull\u00bb alignment=\u00bbcenter\u00bb qode_css_animation=\u00bb\u00bb][vc_separator type=\u00bbtransparent\u00bb thickness=\u00bb20&#8243;][\/vc_column][\/vc_row][vc_row css_animation=\u00bb\u00bb row_type=\u00bbrow\u00bb use_row_as_full_screen_section=\u00bbno\u00bb type=\u00bbgrid\u00bb angled_section=\u00bbno\u00bb text_align=\u00bbleft\u00bb background_image_as_pattern=\u00bbwithout_pattern\u00bb z_index=\u00bb\u00bb][vc_column width=\u00bb1\/3&#8243;]<div class='image_hover ' style='' data-transition-delay=''><div class='images_holder'><a itemprop='url' href='https:\/\/wpd.ugr.es\/~osakar\/componentes\/pedro-osakar-olaiz\/' target='_self'><img itemprop='image' class='active_image ' src='https:\/\/wpd.ugr.es\/~osakar\/wp-content\/uploads\/2022\/06\/pedro-osakar-color.jpg' alt='' style='' \/><img itemprop='image' class='hover_image' src='https:\/\/wpd.ugr.es\/~osakar\/wp-content\/uploads\/2022\/06\/pedro-osakar-normal.jpg' alt='' style='' \/><\/a><\/div><\/div>[vc_separator type=\u00bbtransparent\u00bb thickness=\u00bb5&#8243;][vc_column_text]<\/p>\n<h3 style=\"text-align: left;\"><span style=\"color: #666699;\"><strong><a style=\"color: #666699;\" href=\"https:\/\/wpd.ugr.es\/~osakar\/componentes\/pedro-osakar-olaiz\/\">PEDRO OSAKAR OLAIZ<\/a><\/strong><\/span><\/h3>\n<p>[\/vc_column_text][vc_separator type=\u00bbtransparent\u00bb thickness=\u00bb20&#8243;][\/vc_column][vc_column width=\u00bb1\/3&#8243;]<div class='image_hover ' style='' data-transition-delay=''><div class='images_holder'><a itemprop='url' href='https:\/\/wpd.ugr.es\/~osakar\/componentes_equipo\/salvador-haro-gonzalez\/' target='_self'><img itemprop='image' class='active_image ' src='https:\/\/wpd.ugr.es\/~osakar\/wp-content\/uploads\/2022\/11\/b-1.jpg' alt='' style='' \/><img itemprop='image' class='hover_image' src='https:\/\/wpd.ugr.es\/~osakar\/wp-content\/uploads\/2022\/11\/a-1.jpg' alt='' style='' \/><\/a><\/div><\/div>[vc_separator type=\u00bbtransparent\u00bb thickness=\u00bb5&#8243;][vc_column_text]<\/p>\n<h3 style=\"text-align: left;\"><span style=\"color: #666699;\"><strong><a style=\"color: #666699;\" href=\"https:\/\/wpd.ugr.es\/~osakar\/componentes\/salvador-haro-gonzalez\/\">SALVADOR HARO GONZ\u00c1LEZ<\/a><\/strong><\/span><\/h3>\n<p>[\/vc_column_text][vc_separator type=\u00bbtransparent\u00bb thickness=\u00bb20&#8243;][\/vc_column][vc_column width=\u00bb1\/3&#8243;]<div class='image_hover ' style='' data-transition-delay=''><div class='images_holder'><a itemprop='url' href='https:\/\/wpd.ugr.es\/~osakar\/componentes_equipo\/santiago-lara-morcillo\/' target='_self'><img itemprop='image' class='active_image ' src='https:\/\/wpd.ugr.es\/~osakar\/wp-content\/uploads\/2022\/07\/SANTIAGO-LARA-COLOR.jpg' alt='' style='' \/><img itemprop='image' class='hover_image' src='https:\/\/wpd.ugr.es\/~osakar\/wp-content\/uploads\/2022\/07\/SANTIAGO-LARA-NORMAL.jpg' alt='' style='' \/><\/a><\/div><\/div>[vc_separator type=\u00bbtransparent\u00bb thickness=\u00bb5&#8243;][vc_column_text]<\/p>\n<h3 style=\"text-align: left;\"><span style=\"color: #666699;\"><strong><a style=\"color: #666699;\" href=\"https:\/\/wpd.ugr.es\/~osakar\/componentes\/santiago-lara-morcillo\/\">SANTIAGO LARA MORCILLO<\/a><\/strong><\/span><\/h3>\n<p>[\/vc_column_text][vc_separator type=\u00bbtransparent\u00bb thickness=\u00bb20&#8243;][\/vc_column][\/vc_row][vc_row css_animation=\u00bb\u00bb row_type=\u00bbrow\u00bb use_row_as_full_screen_section=\u00bbno\u00bb type=\u00bbgrid\u00bb angled_section=\u00bbno\u00bb text_align=\u00bbleft\u00bb background_image_as_pattern=\u00bbwithout_pattern\u00bb z_index=\u00bb\u00bb][vc_column width=\u00bb1\/3&#8243;]<div class='image_hover ' style='' data-transition-delay=''><div class='images_holder'><a itemprop='url' href='https:\/\/wpd.ugr.es\/~osakar\/componentes_equipo\/asuncion-lozano-salmeron\/' target='_self'><img itemprop='image' class='active_image ' src='https:\/\/wpd.ugr.es\/~osakar\/wp-content\/uploads\/2022\/11\/susi-2.jpg' alt='' style='' \/><img itemprop='image' class='hover_image' src='https:\/\/wpd.ugr.es\/~osakar\/wp-content\/uploads\/2022\/11\/susi.jpg' alt='' style='' \/><\/a><\/div><\/div>[vc_separator type=\u00bbtransparent\u00bb thickness=\u00bb5&#8243;][vc_column_text]<\/p>\n<h3 style=\"text-align: left;\"><a href=\"https:\/\/wpd.ugr.es\/~osakar\/componentes_equipo\/asuncion-lozano-salmeron\/\"><span style=\"color: #666699;\"><strong>ASUNCION LOZANO SALMERON<\/strong><\/span><\/a><\/h3>\n<p>[\/vc_column_text][vc_separator type=\u00bbtransparent\u00bb thickness=\u00bb10&#8243;][\/vc_column][vc_column width=\u00bb1\/3&#8243;]<div class='image_hover ' style='' data-transition-delay=''><div class='images_holder'><a itemprop='url' href='https:\/\/wpd.ugr.es\/~osakar\/componentes_equipo\/beatriz-coto-megido\/' target='_self'><img itemprop='image' class='active_image ' src='https:\/\/wpd.ugr.es\/~osakar\/wp-content\/uploads\/2022\/07\/BEA-COTO-COLOR.jpg' alt='' style='' \/><img itemprop='image' class='hover_image' src='https:\/\/wpd.ugr.es\/~osakar\/wp-content\/uploads\/2022\/07\/BEA-COTO-NORMAL.jpg' alt='' style='' \/><\/a><\/div><\/div>[vc_separator type=\u00bbtransparent\u00bb thickness=\u00bb5&#8243;][vc_column_text]<\/p>\n<h3 style=\"text-align: left;\"><span style=\"color: #666699;\"><strong><a style=\"color: #666699;\" href=\"https:\/\/wpd.ugr.es\/~osakar\/componentes\/beatriz-coto-megido\/\">BEATRIZ COTO MEGIDO<\/a><\/strong><\/span><\/h3>\n<p>[\/vc_column_text][vc_separator type=\u00bbtransparent\u00bb thickness=\u00bb20&#8243;][\/vc_column][vc_column width=\u00bb1\/3&#8243;]<div class='image_hover ' style='' data-transition-delay=''><div class='images_holder'><a itemprop='url' href='https:\/\/wpd.ugr.es\/~osakar\/componentes_equipo\/carlos-garcia-sanchez\/' target='_self'><img itemprop='image' class='active_image ' src='https:\/\/wpd.ugr.es\/~osakar\/wp-content\/uploads\/2022\/06\/carlos-garcia-sanchez.jpg' alt='' style='' \/><img itemprop='image' class='hover_image' src='https:\/\/wpd.ugr.es\/~osakar\/wp-content\/uploads\/2022\/06\/carlos-garcia-sanchez-bn.jpg' alt='' style='' \/><\/a><\/div><\/div>[vc_separator type=\u00bbtransparent\u00bb thickness=\u00bb5&#8243;][vc_column_text]<\/p>\n<h3 style=\"text-align: left;\"><span style=\"color: #666699;\"><strong><a style=\"color: #666699;\" href=\"https:\/\/wpd.ugr.es\/~osakar\/componentes\/carlos-garcia-sanchez\/\">CARLOS GARC\u00cdA S\u00c1NCHEZ<\/a><\/strong><\/span><\/h3>\n<p>[\/vc_column_text][vc_separator type=\u00bbtransparent\u00bb thickness=\u00bb20&#8243;][\/vc_column][\/vc_row][vc_row css_animation=\u00bb\u00bb row_type=\u00bbrow\u00bb use_row_as_full_screen_section=\u00bbno\u00bb type=\u00bbgrid\u00bb angled_section=\u00bbno\u00bb text_align=\u00bbleft\u00bb background_image_as_pattern=\u00bbwithout_pattern\u00bb z_index=\u00bb\u00bb][vc_column width=\u00bb1\/3&#8243;]<div class='image_hover ' style='' data-transition-delay=''><div class='images_holder'><a itemprop='url' href='https:\/\/wpd.ugr.es\/~osakar\/componentes_equipo\/christian-m-walter\/' target='_self'><img itemprop='image' class='active_image ' src='https:\/\/wpd.ugr.es\/~osakar\/wp-content\/uploads\/2022\/07\/WALTER-COLOR.jpg' alt='' style='' \/><img itemprop='image' class='hover_image' src='https:\/\/wpd.ugr.es\/~osakar\/wp-content\/uploads\/2022\/07\/WALTER-NORMAL.jpg' alt='' style='' \/><\/a><\/div><\/div>[vc_separator type=\u00bbtransparent\u00bb thickness=\u00bb5&#8243;][vc_column_text]<\/p>\n<h3 style=\"text-align: left;\"><span style=\"color: #666699;\"><strong><a style=\"color: #666699;\" href=\"https:\/\/wpd.ugr.es\/~osakar\/componentes\/christian-m-walter\/\">CHRISTIAN M. WALTER<\/a><\/strong><\/span><\/h3>\n<p>[\/vc_column_text][vc_separator type=\u00bbtransparent\u00bb thickness=\u00bb20&#8243;][\/vc_column][vc_column width=\u00bb1\/3&#8243;]<div class='image_hover ' style='' data-transition-delay=''><div class='images_holder'><a itemprop='url' href='https:\/\/wpd.ugr.es\/~osakar\/componentes_equipo\/david-lopez-rubino\/' target='_self'><img itemprop='image' class='active_image ' src='https:\/\/wpd.ugr.es\/~osakar\/wp-content\/uploads\/2022\/11\/XX.jpg' alt='' style='' \/><img itemprop='image' class='hover_image' src='https:\/\/wpd.ugr.es\/~osakar\/wp-content\/uploads\/2022\/11\/X.jpg' alt='' style='' \/><\/a><\/div><\/div>[vc_separator type=\u00bbtransparent\u00bb thickness=\u00bb5&#8243;][vc_column_text]<\/p>\n<h3 style=\"text-align: left;\"><span style=\"color: #666699;\"><strong><a style=\"color: #666699;\" href=\"https:\/\/wpd.ugr.es\/~osakar\/componentes\/david-lopez-rubino\/\">DAVID L\u00d3PEZ RUBI\u00d1O<\/a><\/strong><\/span><\/h3>\n<p>[\/vc_column_text][vc_separator type=\u00bbtransparent\u00bb thickness=\u00bb20&#8243;][\/vc_column][vc_column width=\u00bb1\/3&#8243;]<div class='image_hover ' style='' data-transition-delay=''><div class='images_holder'><a itemprop='url' href='https:\/\/wpd.ugr.es\/~osakar\/componentes_equipo\/francisco-vela\/' target='_self'><img itemprop='image' class='active_image ' src='https:\/\/wpd.ugr.es\/~osakar\/wp-content\/uploads\/2022\/07\/paco-vela-normal-1.jpg' alt='' style='' \/><img itemprop='image' class='hover_image' src='https:\/\/wpd.ugr.es\/~osakar\/wp-content\/uploads\/2022\/07\/paco-vela-normal.jpg' alt='' style='' \/><\/a><\/div><\/div>[vc_separator type=\u00bbtransparent\u00bb thickness=\u00bb5&#8243;][vc_column_text]<\/p>\n<h3 style=\"text-align: left;\"><span style=\"color: #666699;\"><strong><a style=\"color: #666699;\" href=\"https:\/\/wpd.ugr.es\/~osakar\/componentes\/francisco-vela\/\">PACO\u00a0 VELA<\/a><\/strong><\/span><\/h3>\n<p>[\/vc_column_text][vc_separator type=\u00bbtransparent\u00bb thickness=\u00bb20&#8243;][\/vc_column][\/vc_row][vc_row css_animation=\u00bb\u00bb row_type=\u00bbrow\u00bb use_row_as_full_screen_section=\u00bbno\u00bb type=\u00bbgrid\u00bb angled_section=\u00bbno\u00bb text_align=\u00bbleft\u00bb background_image_as_pattern=\u00bbwithout_pattern\u00bb z_index=\u00bb\u00bb][vc_column width=\u00bb1\/3&#8243;]<div class='image_hover ' style='' data-transition-delay=''><div class='images_holder'><a itemprop='url' href='https:\/\/wpd.ugr.es\/~osakar\/componentes_equipo\/ivan-lopez-izquierdo\/' target='_self'><img itemprop='image' class='active_image ' src='https:\/\/wpd.ugr.es\/~osakar\/wp-content\/uploads\/2022\/07\/IVAN-COLOR.jpg' alt='' style='' \/><img itemprop='image' class='hover_image' src='https:\/\/wpd.ugr.es\/~osakar\/wp-content\/uploads\/2022\/07\/IVAN-NORMAL.jpg' alt='' style='' \/><\/a><\/div><\/div>[vc_separator type=\u00bbtransparent\u00bb thickness=\u00bb5&#8243;][vc_column_text]<\/p>\n<h3 style=\"text-align: left;\"><span style=\"color: #666699;\"><strong><a style=\"color: #666699;\" href=\"https:\/\/wpd.ugr.es\/~osakar\/componentes\/ivan-lopez-izquierdo\/\">IV\u00c1N L\u00d3PEZ IZQUIERDO<\/a><\/strong><\/span><\/h3>\n<p>[\/vc_column_text][vc_separator type=\u00bbtransparent\u00bb thickness=\u00bb20&#8243;][\/vc_column][vc_column width=\u00bb1\/3&#8243;]<div class='image_hover ' style='' data-transition-delay=''><div class='images_holder'><a itemprop='url' href='https:\/\/wpd.ugr.es\/~osakar\/componentes\/jose-luis-lozano-jimenez\/' target='_self'><img itemprop='image' class='active_image ' src='https:\/\/wpd.ugr.es\/~osakar\/wp-content\/uploads\/2022\/06\/joseluis-lozano-color.jpg' alt='' style='' \/><img itemprop='image' class='hover_image' src='https:\/\/wpd.ugr.es\/~osakar\/wp-content\/uploads\/2022\/06\/joseluis-lozano-normal.jpg' alt='' style='' \/><\/a><\/div><\/div>[vc_separator type=\u00bbtransparent\u00bb thickness=\u00bb5&#8243;][vc_column_text]<\/p>\n<h3 style=\"text-align: left;\"><span style=\"color: #666699;\"><strong><a style=\"color: #666699;\" href=\"https:\/\/wpd.ugr.es\/~osakar\/componentes\/jose-luis-lozano-jimenez\/\">JOSE LUIS LOZANO JIMENEZ<\/a><\/strong><\/span><\/h3>\n<p>[\/vc_column_text][vc_separator type=\u00bbtransparent\u00bb thickness=\u00bb20&#8243;][\/vc_column][vc_column width=\u00bb1\/3&#8243;]<div class='image_hover ' style='' data-transition-delay=''><div class='images_holder'><a itemprop='url' href='https:\/\/wpd.ugr.es\/~osakar\/componentes_equipo\/maria-dolores-gallego\/' target='_self'><img itemprop='image' class='active_image ' src='https:\/\/wpd.ugr.es\/~osakar\/wp-content\/uploads\/2024\/06\/MADO-BLANCO-Y-NEGRO.jpg' alt='' style='' \/><img itemprop='image' class='hover_image' src='https:\/\/wpd.ugr.es\/~osakar\/wp-content\/uploads\/2024\/06\/MADO-COLOR.jpg' alt='' style='' \/><\/a><\/div><\/div>[vc_separator type=\u00bbtransparent\u00bb thickness=\u00bb5&#8243;][vc_column_text]<\/p>\n<h3 style=\"text-align: left;\"><a href=\"https:\/\/wpd.ugr.es\/~osakar\/componentes_equipo\/maria-dolores-gallego\/\" target=\"_blank\" rel=\"noopener\"><span style=\"color: #666699;\">MARIA DOLORES GALLEGO<\/span><\/a><\/h3>\n<p>[\/vc_column_text][vc_separator type=\u00bbtransparent\u00bb thickness=\u00bb20&#8243;][\/vc_column][\/vc_row][vc_row css_animation=\u00bb\u00bb row_type=\u00bbrow\u00bb use_row_as_full_screen_section=\u00bbno\u00bb type=\u00bbgrid\u00bb angled_section=\u00bbno\u00bb text_align=\u00bbleft\u00bb background_image_as_pattern=\u00bbwithout_pattern\u00bb z_index=\u00bb\u00bb][vc_column width=\u00bb1\/3&#8243;]<div class='image_hover ' style='' data-transition-delay=''><div class='images_holder'><a itemprop='url' href='https:\/\/wpd.ugr.es\/~osakar\/componentes_equipo\/alejandro-del-valle-cordero\/' target='_self'><img itemprop='image' class='active_image ' src='https:\/\/wpd.ugr.es\/~osakar\/wp-content\/uploads\/2022\/06\/alejandrodelvalle-color.jpg' alt='' style='' \/><img itemprop='image' class='hover_image' src='https:\/\/wpd.ugr.es\/~osakar\/wp-content\/uploads\/2022\/06\/alejandrodelvalle-normal.jpg' alt='' style='' \/><\/a><\/div><\/div>[vc_separator type=\u00bbtransparent\u00bb thick=\u00bb20&#8243; thickness=\u00bb12&#8243;][vc_column_text]<\/p>\n<h3 style=\"text-align: left;\"><span style=\"color: #666699;\"><strong><a style=\"color: #666699;\" href=\"https:\/\/wpd.ugr.es\/~osakar\/componentes_equipo\/alejandro-del-valle-cordero\/\">ALEJANDRO DEL VALLE CORDERO<\/a><\/strong><\/span><\/h3>\n<p>[\/vc_column_text][vc_separator type=\u00bbtransparent\u00bb thick=\u00bb20&#8243;][\/vc_column][vc_column width=\u00bb1\/3&#8243;]<div class='image_hover ' style='' data-transition-delay=''><div class='images_holder'><a itemprop='url' href='https:\/\/wpd.ugr.es\/~osakar\/componentes_equipo\/luis-candaudap-guinea\/' target='_self'><img itemprop='image' class='active_image ' src='https:\/\/wpd.ugr.es\/~osakar\/wp-content\/uploads\/2023\/08\/LUIS-CANDAUDAP-BN.jpg' alt='' style='' \/><img itemprop='image' class='hover_image' src='https:\/\/wpd.ugr.es\/~osakar\/wp-content\/uploads\/2023\/08\/LUIS-CANDAUDAP-COLOR.jpg' alt='' style='' \/><\/a><\/div><\/div>[vc_separator type=\u00bbtransparent\u00bb thick=\u00bb20&#8243; thickness=\u00bb12&#8243;][vc_column_text]<\/p>\n<h3><span style=\"color: #666699;\"><a style=\"color: #666699;\" href=\"https:\/\/wpd.ugr.es\/~osakar\/componentes_equipo\/luis-candaudap-guinea\/\" target=\"_blank\" rel=\"noopener\">LUIS CANDAUDAP GUINEA<\/a><\/span><\/h3>\n<p>[\/vc_column_text][vc_separator type=\u00bbtransparent\u00bb thick=\u00bb20&#8243;][\/vc_column][vc_column width=\u00bb1\/3&#8243;]<div class='image_hover ' style='' data-transition-delay=''><div class='images_holder'><a itemprop='url' href='https:\/\/wpd.ugr.es\/~osakar\/componentes\/maria-caro-cabrera\/' target='_self'><img itemprop='image' class='active_image ' src='https:\/\/wpd.ugr.es\/~osakar\/wp-content\/uploads\/2023\/01\/maria-caro-color-2.jpg' alt='' style='' \/><img itemprop='image' class='hover_image' src='https:\/\/wpd.ugr.es\/~osakar\/wp-content\/uploads\/2023\/01\/maria-caro-normal-2.jpg' alt='' style='' \/><\/a><\/div><\/div>[vc_separator type=\u00bbtransparent\u00bb thick=\u00bb20&#8243; thickness=\u00bb12&#8243;][vc_column_text]<\/p>\n<h3 style=\"text-align: left;\"><span style=\"color: #666699;\"><strong><a style=\"color: #666699;\" href=\"https:\/\/wpd.ugr.es\/~osakar\/componentes_equipo\/maria-caro-cabrera\/\">MARIA CARO CABRERA<\/a><\/strong><\/span><\/h3>\n<p>[\/vc_column_text][vc_separator type=\u00bbtransparent\u00bb thickness=\u00bb20&#8243;][\/vc_column][\/vc_row][vc_row css_animation=\u00bb\u00bb row_type=\u00bbrow\u00bb use_row_as_full_screen_section=\u00bbno\u00bb type=\u00bbgrid\u00bb angled_section=\u00bbno\u00bb text_align=\u00bbleft\u00bb background_image_as_pattern=\u00bbwithout_pattern\u00bb z_index=\u00bb\u00bb][vc_column width=\u00bb1\/3&#8243;]<div class='image_hover ' style='' data-transition-delay=''><div class='images_holder'><a itemprop='url' href='https:\/\/wpd.ugr.es\/~osakar\/componentes\/maria-davila-guerra\/' target='_self'><img itemprop='image' class='active_image ' src='https:\/\/wpd.ugr.es\/~osakar\/wp-content\/uploads\/2023\/08\/MARI\u0301A-BN.jpg' alt='' style='' \/><img itemprop='image' class='hover_image' src='https:\/\/wpd.ugr.es\/~osakar\/wp-content\/uploads\/2023\/08\/MARIA-COLOR.jpg' alt='' style='' \/><\/a><\/div><\/div>[vc_separator type=\u00bbtransparent\u00bb thickness=\u00bb5&#8243;][vc_column_text]<\/p>\n<h3 style=\"text-align: left;\"><span style=\"color: #666699;\"><strong><a style=\"color: #666699;\" href=\"https:\/\/wpd.ugr.es\/~osakar\/componentes\/maria-davila-guerra\/\">MAR\u00cdA D\u00c1VILA GUERRA<\/a><\/strong><\/span><\/h3>\n<p>[\/vc_column_text][vc_separator type=\u00bbtransparent\u00bb thickness=\u00bb20&#8243;][\/vc_column][vc_column width=\u00bb1\/3&#8243;]<div class='image_hover ' style='' data-transition-delay=''><div class='images_holder'><a itemprop='url' href='https:\/\/wpd.ugr.es\/~osakar\/componentes_equipo\/maria-rodriguez-valdes\/' target='_self'><img itemprop='image' class='active_image ' src='https:\/\/wpd.ugr.es\/~osakar\/wp-content\/uploads\/2022\/06\/maria-rodriguez-valdes-color.jpg' alt='' style='' \/><img itemprop='image' class='hover_image' src='https:\/\/wpd.ugr.es\/~osakar\/wp-content\/uploads\/2022\/06\/maria-rodriguez-valdes-normal.jpg' alt='' style='' \/><\/a><\/div><\/div>[vc_separator type=\u00bbtransparent\u00bb thickness=\u00bb5&#8243;][vc_column_text]<\/p>\n<h3 style=\"text-align: left;\"><span style=\"color: #666699;\"><strong><a style=\"color: #666699;\" href=\"https:\/\/wpd.ugr.es\/~osakar\/componentes\/maria-rodriguez-valdes\/\">MAR\u00cdA RODR\u00cdGUEZ VALD\u00c9S<\/a><\/strong><\/span><\/h3>\n<p>[\/vc_column_text][vc_separator type=\u00bbtransparent\u00bb thickness=\u00bb20&#8243;][\/vc_column][vc_column width=\u00bb1\/3&#8243;]<div class='image_hover ' style='' data-transition-delay=''><div class='images_holder'><a itemprop='url' href='https:\/\/wpd.ugr.es\/~osakar\/componentes_equipo\/marisa-mancilla-abril\/' target='_self'><img itemprop='image' class='active_image ' src='https:\/\/wpd.ugr.es\/~osakar\/wp-content\/uploads\/2022\/07\/MARISA-COLOR.jpg' alt='' style='' \/><img itemprop='image' class='hover_image' src='https:\/\/wpd.ugr.es\/~osakar\/wp-content\/uploads\/2022\/07\/MARISA-NORMAL.jpg' alt='' style='' \/><\/a><\/div><\/div>[vc_separator type=\u00bbtransparent\u00bb thickness=\u00bb5&#8243;][vc_column_text]<\/p>\n<h3 style=\"text-align: left;\"><span style=\"color: #666699;\"><strong><a style=\"color: #666699;\" href=\"https:\/\/wpd.ugr.es\/~osakar\/componentes\/marisa-mancilla-abril\/\">MARISA MANCILLA ABRIL<\/a><\/strong><\/span><\/h3>\n<p>[\/vc_column_text][vc_separator type=\u00bbtransparent\u00bb thickness=\u00bb20&#8243;][\/vc_column][\/vc_row][vc_row css_animation=\u00bb\u00bb row_type=\u00bbrow\u00bb use_row_as_full_screen_section=\u00bbno\u00bb type=\u00bbgrid\u00bb angled_section=\u00bbno\u00bb text_align=\u00bbcenter\u00bb background_image_as_pattern=\u00bbsin_patr\u00f3n\u00bb z_index=\u00bb\u00bb][vc_column][vc_separator type=\u00bbtransparent\u00bb thick=\u00bb20&#8243;][vc_single_image image=\u00bb172&#8243; img_size=\u00bbcompleto\u00bb qode_css_animation=\u00bb\u00bb][vc_separator type=\u00bbtransparent\u00bb grosor=\u00bb20&#8243;][\/vc_column][\/vc_row][vc_row css_animation=\u00bb\u00bb row_type=\u00bbrow\u00bb use_row_as_full_screen_section=\u00bbno\u00bb type=\u00bbfull_width\u00bb angled_section=\u00bbno\u00bb text_align=\u00bbleft\u00bb background_image_as_pattern=\u00bbwithout_pattern\u00bb][vc_column][vc_column_text][\/vc_column_text][\/vc_column][\/vc_row]<\/p>\n","protected":false},"excerpt":{"rendered":"<p>[vc_row css_animation=\u00bb\u00bb row_type=\u00bbrow\u00bb use_row_as_full_screen_section=\u00bbno\u00bb type=\u00bbgrid\u00bb angled_section=\u00bbno\u00bb text_align=\u00bbcenter\u00bb background_image_as_pattern=\u00bbwithout_pattern\u00bb z_index=\u00bb\u00bb][vc_column][vc_separator type=\u00bbtransparent\u00bb thickness=\u00bb20&#8243;][vc_single_image image=\u00bb480&#8243; img_size=\u00bbfull\u00bb alignment=\u00bbcenter\u00bb qode_css_animation=\u00bb\u00bb][\/vc_column][\/vc_row][vc_row css_animation=\u00bb\u00bb row_type=\u00bbrow\u00bb use_row_as_full_screen_section=\u00bbno\u00bb type=\u00bbgrid\u00bb angled_section=\u00bbno\u00bb text_align=\u00bbcenter\u00bb background_image_as_pattern=\u00bbwithout_pattern\u00bb z_index=\u00bb\u00bb][vc_column][vc_single_image image=\u00bb174&#8243; img_size=\u00bbfull\u00bb alignment=\u00bbcenter\u00bb qode_css_animation=\u00bb\u00bb][vc_separator type=\u00bbtransparent\u00bb thickness=\u00bb20&#8243;][\/vc_column][\/vc_row][vc_row css_animation=\u00bb\u00bb row_type=\u00bbrow\u00bb use_row_as_full_screen_section=\u00bbno\u00bb type=\u00bbgrid\u00bb angled_section=\u00bbno\u00bb text_align=\u00bbleft\u00bb background_image_as_pattern=\u00bbwithout_pattern\u00bb z_index=\u00bb\u00bb][vc_column width=\u00bb1\/3&#8243;][vc_separator type=\u00bbtransparent\u00bb thickness=\u00bb5&#8243;][vc_column_text] PEDRO OSAKAR OLAIZ [\/vc_column_text][vc_separator type=\u00bbtransparent\u00bb&#8230;<\/p>\n","protected":false},"author":1,"featured_media":0,"parent":0,"menu_order":0,"comment_status":"closed","ping_status":"closed","template":"full_width.php","meta":[],"_links":{"self":[{"href":"https:\/\/wpd.ugr.es\/~osakar\/wp-json\/wp\/v2\/pages\/16"}],"collection":[{"href":"https:\/\/wpd.ugr.es\/~osakar\/wp-json\/wp\/v2\/pages"}],"about":[{"href":"https:\/\/wpd.ugr.es\/~osakar\/wp-json\/wp\/v2\/types\/page"}],"author":[{"embeddable":true,"href":"https:\/\/wpd.ugr.es\/~osakar\/wp-json\/wp\/v2\/users\/1"}],"replies":[{"embeddable":true,"href":"https:\/\/wpd.ugr.es\/~osakar\/wp-json\/wp\/v2\/comments?post=16"}],"version-history":[{"count":76,"href":"https:\/\/wpd.ugr.es\/~osakar\/wp-json\/wp\/v2\/pages\/16\/revisions"}],"predecessor-version":[{"id":1674,"href":"https:\/\/wpd.ugr.es\/~osakar\/wp-json\/wp\/v2\/pages\/16\/revisions\/1674"}],"wp:attachment":[{"href":"https:\/\/wpd.ugr.es\/~osakar\/wp-json\/wp\/v2\/media?parent=16"}],"curies":[{"name":"wp","href":"https:\/\/api.w.org\/{rel}","templated":true}]}}