{"id":34,"date":"2024-10-10T13:26:17","date_gmt":"2024-10-10T11:26:17","guid":{"rendered":"https:\/\/wpd.ugr.es\/~pdemas\/?page_id=34"},"modified":"2024-10-23T14:31:44","modified_gmt":"2024-10-23T12:31:44","slug":"people","status":"publish","type":"page","link":"https:\/\/wpd.ugr.es\/~pdemas\/people\/","title":{"rendered":"People"},"content":{"rendered":"\n<div class=\"wp-block-group alignwide white has-base-2-background-color has-background has-global-padding is-layout-constrained wp-container-core-group-layout-1 wp-block-group-is-layout-constrained\" style=\"border-radius:16px;margin-top:var(--wp--preset--spacing--30);padding-top:var(--wp--preset--spacing--20);padding-right:var(--wp--preset--spacing--50);padding-bottom:var(--wp--preset--spacing--20);padding-left:var(--wp--preset--spacing--50)\">\n<h2 class=\"wp-block-heading has-text-align-center\" style=\"margin-top:0;font-size:clamp(2.629rem, 2.629rem + ((1vw - 0.2rem) * 3.952), 5rem);text-transform:uppercase\"><strong>PEOPLE<\/strong><\/h2>\n\n\n\n<div style=\"height:50px\" aria-hidden=\"true\" class=\"wp-block-spacer\"><\/div>\n\n\n\n<h2 class=\"wp-block-heading has-text-align-center\" style=\"margin-top:0;margin-bottom:var(--wp--preset--spacing--10)\"><strong>RESEARCH TEAM<\/strong><\/h2>\n\n\n\n<div class=\"wp-block-columns is-layout-flex wp-container-core-columns-layout-1 wp-block-columns-is-layout-flex\" style=\"margin-top:0\">\n<div class=\"wp-block-column is-vertically-aligned-top is-layout-flow wp-block-column-is-layout-flow\">\n<figure class=\"wp-block-image aligncenter size-thumbnail is-resized has-custom-border is-style-rounded\"><a href=\"https:\/\/wpd.ugr.es\/~pdemas\/inmaculada-benitez-berral\/\"><img decoding=\"async\" src=\"https:\/\/wpd.ugr.es\/~pdemas\/wp-content\/uploads\/2024\/04\/Inmaculada-Benitez-Berral-150x150.jpg\" alt=\"\" class=\"wp-image-81\" style=\"border-width:3px;object-fit:cover;width:150px;height:150px\"\/><\/a><\/figure>\n\n\n\n<h6 class=\"wp-block-heading has-text-align-center\"><a href=\"https:\/\/wpd.ugr.es\/~pdemas\/inmaculada-benitez-berral\/\">INMACULADA BEN\u00cdTEZ BERRAL<\/a><\/h6>\n<\/div>\n\n\n\n<div class=\"wp-block-column is-vertically-aligned-top is-layout-flow wp-block-column-is-layout-flow\">\n<figure class=\"wp-block-image aligncenter size-thumbnail is-resized has-custom-border is-style-rounded\"><a href=\"https:\/\/wpd.ugr.es\/~pdemas\/jose-a-canizo-rincon\/\"><img decoding=\"async\" src=\"https:\/\/wpd.ugr.es\/~pdemas\/wp-content\/uploads\/2024\/04\/jose-a-canizo-150x150.jpg\" alt=\"\" class=\"wp-image-38\" style=\"border-width:3px;object-fit:cover;width:150px;height:150px\"\/><\/a><\/figure>\n\n\n\n<h6 class=\"wp-block-heading has-text-align-center\"><a href=\"https:\/\/wpd.ugr.es\/~pdemas\/jose-a-canizo-rincon\/\">JOS\u00c9 A. CA\u00d1IZO RINC\u00d3N<\/a><\/h6>\n<\/div>\n\n\n\n<div class=\"wp-block-column is-vertically-aligned-top is-layout-flow wp-block-column-is-layout-flow\">\n<figure class=\"wp-block-image aligncenter size-full is-resized has-custom-border is-style-rounded\"><a href=\"https:\/\/wpd.ugr.es\/~pdemas\/jose-miguel-mantas-ruiz\/\"><img loading=\"lazy\" decoding=\"async\" width=\"113\" height=\"132\" src=\"https:\/\/wpd.ugr.es\/~pdemas\/wp-content\/uploads\/2024\/10\/jose-miguel-mantas.jpg\" alt=\"\" class=\"wp-image-92\" style=\"border-width:3px;object-fit:cover;width:150px;height:150px\"\/><\/a><\/figure>\n\n\n\n<h6 class=\"wp-block-heading has-text-align-center\"><a href=\"https:\/\/wpd.ugr.es\/~pdemas\/jose-miguel-mantas-ruiz\/\">JOS\u00c9 MIGUEL MANTAS<\/a><\/h6>\n<\/div>\n<\/div>\n\n\n\n<div class=\"wp-block-columns is-layout-flex wp-container-core-columns-layout-2 wp-block-columns-is-layout-flex\" style=\"margin-top:var(--wp--preset--spacing--30)\">\n<div class=\"wp-block-column is-vertically-aligned-top is-layout-flow wp-block-column-is-layout-flow\">\n<figure class=\"wp-block-image aligncenter size-full is-resized has-custom-border is-style-rounded\"><img decoding=\"async\" src=\"https:\/\/wpd.ugr.es\/~pdemas\/wp-content\/uploads\/2024\/04\/Prasanta-Barik.jpg\" alt=\"\" class=\"wp-image-227\" style=\"border-width:3px;object-fit:cover;width:150px;height:150px\"\/><\/figure>\n\n\n\n<h6 class=\"wp-block-heading has-text-align-center\">KUMAR PRASANTA BARIK<\/h6>\n<\/div>\n\n\n\n<div class=\"wp-block-column is-vertically-aligned-top is-layout-flow wp-block-column-is-layout-flow\">\n<figure class=\"wp-block-image aligncenter size-thumbnail is-resized has-custom-border is-style-rounded\"><a href=\"https:\/\/wpd.ugr.es\/~pdemas\/maria-jose-caceres-granados\/\"><img decoding=\"async\" src=\"https:\/\/wpd.ugr.es\/~pdemas\/wp-content\/uploads\/2024\/04\/maria-jose-caceres-150x150.jpg\" alt=\"\" class=\"wp-image-66\" style=\"border-width:3px;object-fit:cover;width:150px;height:150px\"\/><\/a><\/figure>\n\n\n\n<h6 class=\"wp-block-heading has-text-align-center\"><a href=\"https:\/\/wpd.ugr.es\/~pdemas\/maria-jose-caceres-granados\/\">MAR\u00cdA JOS\u00c9 C\u00c1CERES GRANADOS<\/a><\/h6>\n<\/div>\n\n\n\n<div class=\"wp-block-column is-vertically-aligned-top is-layout-flow wp-block-column-is-layout-flow\">\n<figure class=\"wp-block-image aligncenter size-thumbnail is-resized has-custom-border is-style-rounded\"><a href=\"https:\/\/wpd.ugr.es\/~pdemas\/nicolas-torres-escorza\/\"><img decoding=\"async\" src=\"https:\/\/wpd.ugr.es\/~pdemas\/wp-content\/uploads\/2024\/04\/nicolas-torres-escorza-150x150.jpg\" alt=\"\" class=\"wp-image-76\" style=\"border-width:3px;object-fit:cover;width:150px;height:150px\"\/><\/a><\/figure>\n\n\n\n<h6 class=\"wp-block-heading has-text-align-center\"><a href=\"https:\/\/wpd.ugr.es\/~pdemas\/nicolas-torres-escorza\/\">NICOL\u00c1S TORRES ESCORZA<\/a><\/h6>\n<\/div>\n<\/div>\n\n\n\n<div class=\"wp-block-columns is-layout-flex wp-container-core-columns-layout-3 wp-block-columns-is-layout-flex\" style=\"margin-top:var(--wp--preset--spacing--30)\">\n<div class=\"wp-block-column is-vertically-aligned-top is-layout-flow wp-block-column-is-layout-flow\">\n<figure class=\"wp-block-image aligncenter size-thumbnail is-resized has-custom-border is-style-rounded\"><img decoding=\"async\" src=\"https:\/\/wpd.ugr.es\/~pdemas\/wp-content\/uploads\/2024\/04\/Nicolo-Tassi-2-150x150.jpeg\" alt=\"\" class=\"wp-image-224\" style=\"border-width:3px;object-fit:cover;width:150px;height:150px\"\/><\/figure>\n\n\n\n<h6 class=\"wp-block-heading has-text-align-center\">NICOL\u00d2 TASSI<\/h6>\n<\/div>\n\n\n\n<div class=\"wp-block-column is-vertically-aligned-top is-layout-flow wp-block-column-is-layout-flow\">\n<figure class=\"wp-block-image aligncenter size-full is-resized has-custom-border is-style-rounded\"><a href=\"https:\/\/wpd.ugr.es\/~pdemas\/pedro-gonzalez-rodelas\/\"><img decoding=\"async\" src=\"https:\/\/wpd.ugr.es\/~pdemas\/wp-content\/uploads\/2024\/04\/pedro-gonzalez-2-1.png\" alt=\"\" class=\"wp-image-225\" style=\"border-width:3px;object-fit:cover;width:150px;height:150px\"\/><\/a><\/figure>\n\n\n\n<h6 class=\"wp-block-heading has-text-align-center\"><a href=\"https:\/\/wpd.ugr.es\/~pdemas\/pedro-gonzalez-rodelas\/\">PEDRO GONZ\u00c1LEZ RODELAS<\/a><\/h6>\n<\/div>\n\n\n\n<div class=\"wp-block-column is-vertically-aligned-top is-layout-flow wp-block-column-is-layout-flow\">\n<figure class=\"wp-block-image aligncenter size-full is-resized has-custom-border is-style-rounded\"><img decoding=\"async\" src=\"https:\/\/wpd.ugr.es\/~pdemas\/wp-content\/uploads\/2024\/04\/raed-maraabeh.jpg\" alt=\"\" class=\"wp-image-238\" style=\"border-width:3px;object-fit:cover;width:150px;height:150px\"\/><\/figure>\n\n\n\n<h6 class=\"wp-block-heading has-text-align-center\">RAED MARAABEH<\/h6>\n<\/div>\n<\/div>\n\n\n\n<div style=\"height:50px\" aria-hidden=\"true\" class=\"wp-block-spacer\"><\/div>\n\n\n\n<h2 class=\"wp-block-heading has-text-align-center\" style=\"margin-top:0;margin-bottom:var(--wp--preset--spacing--10)\"><strong>EXTERNAL COLLABORATORS<\/strong><\/h2>\n\n\n\n<div class=\"wp-block-columns is-layout-flex wp-container-core-columns-layout-4 wp-block-columns-is-layout-flex\" style=\"margin-top:0\">\n<div class=\"wp-block-column is-vertically-aligned-top is-layout-flow wp-block-column-is-layout-flow\">\n<figure class=\"wp-block-image aligncenter size-thumbnail is-resized has-custom-border is-style-rounded\"><img decoding=\"async\" src=\"https:\/\/wpd.ugr.es\/~pdemas\/wp-content\/uploads\/2024\/04\/francesco-vecil-150x150.jpg\" alt=\"\" class=\"wp-image-233\" style=\"border-width:3px;object-fit:cover;width:150px;height:150px\"\/><\/figure>\n\n\n\n<h6 class=\"wp-block-heading has-text-align-center\">FRANCESCO VECIL<\/h6>\n<\/div>\n\n\n\n<div class=\"wp-block-column is-vertically-aligned-top is-layout-flow wp-block-column-is-layout-flow\">\n<figure class=\"wp-block-image aligncenter size-thumbnail is-resized has-custom-border is-style-rounded\"><a href=\"https:\/\/sites.google.com\/view\/havvayoldas\/home\" target=\"_blank\" rel=\"noreferrer noopener\"><img decoding=\"async\" src=\"https:\/\/wpd.ugr.es\/~pdemas\/wp-content\/uploads\/2024\/04\/yoldas-150x150.jpg\" alt=\"\" class=\"wp-image-234\" style=\"border-width:3px;object-fit:cover;width:150px;height:150px\"\/><\/a><\/figure>\n\n\n\n<h6 class=\"wp-block-heading has-text-align-center\"><a href=\"https:\/\/sites.google.com\/view\/havvayoldas\/home\" target=\"_blank\" rel=\"noreferrer noopener\">HAVVA YOLDA\u015e<\/a><\/h6>\n<\/div>\n\n\n\n<div class=\"wp-block-column is-vertically-aligned-top is-layout-flow wp-block-column-is-layout-flow\">\n<figure class=\"wp-block-image aligncenter size-thumbnail is-resized has-custom-border is-style-rounded\"><a href=\"https:\/\/www.queens.ox.ac.uk\/people\/prof-jose-a-carrillo-de-la-plata\/\" target=\"_blank\" rel=\"noreferrer noopener\"><img decoding=\"async\" src=\"https:\/\/wpd.ugr.es\/~pdemas\/wp-content\/uploads\/2024\/04\/carrillodelaplata-150x150.jpg\" alt=\"\" class=\"wp-image-235\" style=\"border-width:3px;object-fit:cover;width:150px;height:150px\"\/><\/a><\/figure>\n\n\n\n<h6 class=\"wp-block-heading has-text-align-center\"><a href=\"https:\/\/www.queens.ox.ac.uk\/people\/prof-jose-a-carrillo-de-la-plata\/\" target=\"_blank\" rel=\"noreferrer noopener\">JOS\u00c9 A. CARRILLO DE LA PLATA<\/a><\/h6>\n<\/div>\n<\/div>\n<\/div>\n","protected":false},"excerpt":{"rendered":"<p>PEOPLE RESEARCH TEAM INMACULADA BEN\u00cdTEZ BERRAL JOS\u00c9 A. CA\u00d1IZO RINC\u00d3N JOS\u00c9 MIGUEL MANTAS KUMAR PRASANTA BARIK MAR\u00cdA JOS\u00c9 C\u00c1CERES GRANADOS NICOL\u00c1S TORRES ESCORZA NICOL\u00d2 TASSI PEDRO GONZ\u00c1LEZ RODELAS RAED MARAABEH EXTERNAL COLLABORATORS FRANCESCO VECIL HAVVA YOLDA\u015e JOS\u00c9 A. CARRILLO DE LA PLATA<\/p>\n","protected":false},"author":1,"featured_media":0,"parent":0,"menu_order":0,"comment_status":"closed","ping_status":"closed","template":"page-no-title","meta":{"footnotes":""},"_links":{"self":[{"href":"https:\/\/wpd.ugr.es\/~pdemas\/wp-json\/wp\/v2\/pages\/34"}],"collection":[{"href":"https:\/\/wpd.ugr.es\/~pdemas\/wp-json\/wp\/v2\/pages"}],"about":[{"href":"https:\/\/wpd.ugr.es\/~pdemas\/wp-json\/wp\/v2\/types\/page"}],"author":[{"embeddable":true,"href":"https:\/\/wpd.ugr.es\/~pdemas\/wp-json\/wp\/v2\/users\/1"}],"replies":[{"embeddable":true,"href":"https:\/\/wpd.ugr.es\/~pdemas\/wp-json\/wp\/v2\/comments?post=34"}],"version-history":[{"count":10,"href":"https:\/\/wpd.ugr.es\/~pdemas\/wp-json\/wp\/v2\/pages\/34\/revisions"}],"predecessor-version":[{"id":109,"href":"https:\/\/wpd.ugr.es\/~pdemas\/wp-json\/wp\/v2\/pages\/34\/revisions\/109"}],"wp:attachment":[{"href":"https:\/\/wpd.ugr.es\/~pdemas\/wp-json\/wp\/v2\/media?parent=34"}],"curies":[{"name":"wp","href":"https:\/\/api.w.org\/{rel}","templated":true}]}}