{"id":16,"date":"2023-10-11T11:57:20","date_gmt":"2023-10-11T09:57:20","guid":{"rendered":"https:\/\/wpd.ugr.es\/~polcom\/?page_id=16"},"modified":"2026-04-27T13:01:34","modified_gmt":"2026-04-27T11:01:34","slug":"inicio","status":"publish","type":"page","link":"https:\/\/wpd.ugr.es\/~polcom\/","title":{"rendered":"Inicio"},"content":{"rendered":"<header class=\"wp-block-template-part\"><\/header>\n\n\n\n\n<div class=\"wp-block-group is-style-default is-layout-flow wp-block-group-is-layout-flow\"><\/div>\n\n\n\n<div class=\"wp-block-group is-content-justification-center is-layout-constrained wp-block-group-is-layout-constrained\"><\/div>\n\n\n\n<div class=\"wp-block-group is-layout-constrained wp-block-group-is-layout-constrained\" style=\"padding-top:0;padding-bottom:0\"><\/div>\n\n\n\n<div class=\"wp-block-columns is-style-customborderhover is-layout-flex wp-container-core-columns-is-layout-ec2e7a44 wp-block-columns-is-layout-flex\" style=\"padding-top:0;padding-bottom:0\">\n<div class=\"wp-block-column is-layout-flow wp-container-core-column-is-layout-92d440f1 wp-block-column-is-layout-flow\" style=\"padding-top:0;padding-bottom:0;flex-basis:100%\">\t\t<div class=\"gutenverse-popup-gallery hidden popup-guten-Em2rq8\">\n\t\t\t<div class=\"gallery-header\">\n\t\t\t\t<div class=\"left-header\"><\/div>\n\t\t\t\t<div class=\"right-header\">\n\t\t\t\t\t<svg xmlns=\"http:\/\/www.w3.org\/2000\/svg\" width=\"24\" height=\"24\" viewBox=\"0 0 24 24\" fill=\"none\" stroke=\"currentColor\" stroke-width=\"2\" stroke-linecap=\"round\" stroke-linejoin=\"round\" class=\"icon-fullscreen\"><path d=\"M8 3H5a2 2 0 0 0-2 2v3m18 0V5a2 2 0 0 0-2-2h-3m0 18h3a2 2 0 0 0 2-2v-3M3 16v3a2 2 0 0 0 2 2h3\"><\/path><\/svg>\n\t\t\t\t\t<svg xmlns=\"http:\/\/www.w3.org\/2000\/svg\" width=\"24\" height=\"24\" viewBox=\"0 0 24 24\" fill=\"none\" stroke=\"currentColor\" stroke-width=\"2\" stroke-linecap=\"round\" stroke-linejoin=\"round\" class=\"icon-minimize hidden\"><path d=\"M8 3v3a2 2 0 0 1-2 2H3m18 0h-3a2 2 0 0 1-2-2V3m0 18v-3a2 2 0 0 1 2-2h3M3 16h3a2 2 0 0 1 2 2v3\"><\/path><\/svg>\n\t\t\t\t\t<svg xmlns=\"http:\/\/www.w3.org\/2000\/svg\" width=\"24\" height=\"24\" viewBox=\"0 0 24 24\" fill=\"none\" stroke=\"currentColor\" stroke-width=\"2\" stroke-linecap=\"round\" stroke-linejoin=\"round\" class=\"icon-zoom\"><circle cx=\"11\" cy=\"11\" r=\"8\"><\/circle><line x1=\"21\" y1=\"21\" x2=\"16.65\" y2=\"16.65\"><\/line><line x1=\"11\" y1=\"8\" x2=\"11\" y2=\"14\"><\/line><line x1=\"8\" y1=\"11\" x2=\"14\" y2=\"11\"><\/line><\/svg>\n\t\t\t\t\t<svg xmlns=\"http:\/\/www.w3.org\/2000\/svg\" width=\"24\" height=\"24\" viewBox=\"0 0 24 24\" fill=\"none\" stroke=\"currentColor\" stroke-width=\"2\" stroke-linecap=\"round\" stroke-linejoin=\"round\" class=\"icon-close\"><line x1=\"18\" y1=\"6\" x2=\"6\" y2=\"18\"><\/line><line x1=\"6\" y1=\"6\" x2=\"18\" y2=\"18\"><\/line><\/svg>\n\t\t\t\t<\/div>\n\t\t\t<\/div>\n\t\t\t<div class=\"gallery-body\">\n\t\t\t\t<div class=\"images\">\n\t\t\t\t\t<div id=\"guten-Em2rq8\" class=\"swiper-container\">\n\t\t\t\t\t\t<div class=\"swiper-wrapper\">\n\t\t\t\t\t\t\t\t\t\t\t\t\t\t\t<div class=\"swiper-slide image-list image-list-0\" data-filter=\"One\" data-title=\"(Un)founded fear towards the algorithm: YouTube recommendations and polarisation\" data-category=\"\" data-content=\"\" data-index=\"0\">\n\t\t\t\t\t\t\t\t\t<div class=\"content-image swiper-zoom-container\">\n\t\t\t\t\t\t\t\t\t\t<img decoding=\"async\" class=\"main-image\" src=\"https:\/\/wpd.ugr.es\/~polcom\/wp-content\/uploads\/2023\/10\/4878eea5-7edc-4561-b1b3-0dd25424a186_bn.jpg\" alt=\"(Un)founded fear towards the algorithm: YouTube recommendations and polarisation\" \/>\t\t\t\t\t\t\t\t\t\t\t\t\t\t\t\t\t\t\t<\/div>\n\t\t\t\t\t\t\t\t<\/div>\n\t\t\t\t\t\t\t\t\t\t\t\t\t\t\t<div class=\"swiper-slide image-list image-list-1\" data-filter=\"Two\" data-title=\"New Methodological Perspectives in Political Communication Research: Machine Learning and Algorithms\" data-category=\"\" data-content=\"\" data-index=\"1\">\n\t\t\t\t\t\t\t\t\t<div class=\"content-image swiper-zoom-container\">\n\t\t\t\t\t\t\t\t\t\t<img decoding=\"async\" class=\"main-image\" src=\"https:\/\/wpd.ugr.es\/~polcom\/wp-content\/uploads\/2023\/10\/56ed2be1-2e49-4f59-aadc-8c2453d6e753_bn.jpg\" alt=\"New Methodological Perspectives in Political Communication Research: Machine Learning and Algorithms\" \/>\t\t\t\t\t\t\t\t\t\t\t\t\t\t\t\t\t\t\t<\/div>\n\t\t\t\t\t\t\t\t<\/div>\n\t\t\t\t\t\t\t\t\t\t\t\t\t\t\t<div class=\"swiper-slide image-list image-list-2\" data-filter=\"Three\" data-title=\"Feminist Framing in Times of Pandemic: An Analysis of the Spanish Case\" data-category=\"\" data-content=\"\" data-index=\"2\">\n\t\t\t\t\t\t\t\t\t<div class=\"content-image swiper-zoom-container\">\n\t\t\t\t\t\t\t\t\t\t<img decoding=\"async\" class=\"main-image\" src=\"https:\/\/wpd.ugr.es\/~polcom\/wp-content\/uploads\/2023\/10\/05b8f97b-c125-4a84-9c47-7ca7e89f4028_bn.jpg\" alt=\"Feminist Framing in Times of Pandemic: An Analysis of the Spanish Case\" \/>\t\t\t\t\t\t\t\t\t\t\t\t\t\t\t\t\t\t\t<\/div>\n\t\t\t\t\t\t\t\t<\/div>\n\t\t\t\t\t\t\t\t\t\t\t\t\t\t\t<div class=\"swiper-slide image-list image-list-3\" data-filter=\"Four\" data-title=\"The Anti-feminist Agenda of the Spanish Populist Radical Right in Times of COVID-19 Crisis: A Comparative Approach\" data-category=\"\" data-content=\"\" data-index=\"3\">\n\t\t\t\t\t\t\t\t\t<div class=\"content-image swiper-zoom-container\">\n\t\t\t\t\t\t\t\t\t\t<img decoding=\"async\" class=\"main-image\" src=\"https:\/\/wpd.ugr.es\/~polcom\/wp-content\/uploads\/2023\/10\/011a7369-8782-41f3-b677-80fc15209a9c_bn.jpg\" alt=\"The Anti-feminist Agenda of the Spanish Populist Radical Right in Times of COVID-19 Crisis: A Comparative Approach\" \/>\t\t\t\t\t\t\t\t\t\t\t\t\t\t\t\t\t\t\t<\/div>\n\t\t\t\t\t\t\t\t<\/div>\n\t\t\t\t\t\t\t\t\t\t\t\t\t\t\t<div class=\"swiper-slide image-list image-list-4\" data-filter=\"Five\" data-title=\"Conflictos armados. El caso de la guerra entre Armenia y Azerbaiy\u00e1n en Twitter\" data-category=\"\" data-content=\"\" data-index=\"4\">\n\t\t\t\t\t\t\t\t\t<div class=\"content-image swiper-zoom-container\">\n\t\t\t\t\t\t\t\t\t\t<img decoding=\"async\" class=\"main-image\" src=\"https:\/\/wpd.ugr.es\/~polcom\/wp-content\/uploads\/2023\/12\/cf0f025f-e1f7-4395-8520-05cb9aabc18e.jpg\" alt=\"Conflictos armados. El caso de la guerra entre Armenia y Azerbaiy\u00e1n en Twitter\" \/>\t\t\t\t\t\t\t\t\t\t\t\t\t\t\t\t\t\t\t<\/div>\n\t\t\t\t\t\t\t\t<\/div>\n\t\t\t\t\t\t\t\t\t\t\t\t\t\t\t<div class=\"swiper-slide image-list image-list-5\" data-filter=\"Six\" data-title=\"Coberturas medi\u00e1ticas, polarizaci\u00f3n y reformas educativas en Espa\u00f1a\" data-category=\"\" data-content=\"\" data-index=\"5\">\n\t\t\t\t\t\t\t\t\t<div class=\"content-image swiper-zoom-container\">\n\t\t\t\t\t\t\t\t\t\t<img decoding=\"async\" class=\"main-image\" src=\"https:\/\/wpd.ugr.es\/~polcom\/wp-content\/uploads\/2023\/12\/b227ef29-1b5f-4d92-b9c6-b261f4d37935-1.jpg\" alt=\"Coberturas medi\u00e1ticas, polarizaci\u00f3n y reformas educativas en Espa\u00f1a\" \/>\t\t\t\t\t\t\t\t\t\t\t\t\t\t\t\t\t\t\t<\/div>\n\t\t\t\t\t\t\t\t<\/div>\n\t\t\t\t\t\t\t\t\t\t\t\t\t<\/div>\n\t\t\t\t\t\t<div class=\"swiper-button-prev\"><\/div>\n\t\t\t\t\t\t<div class=\"swiper-button-next\"><\/div>\n\t\t\t\t\t<\/div>\n\t\t\t\t<\/div>\n\t\t\t<\/div>\n\t\t<\/div>\n\n\t\t\n\t\t<div class=\"gallery-items\" data-loaded=\"6\" data-more=\"2\" data-max=\"6\" data-zoom=\"disable\">\n\t\t\t\t\t\t\t<div class=\"gallery-item-wrap \" data-index=\"0\" data-control=\"One\">\n\t\t\t\t\t<div class=\"grid-item\"><div class=\"thumbnail-wrap\"><img decoding=\"async\" class=\"main-image\" src=\"https:\/\/wpd.ugr.es\/~polcom\/wp-content\/uploads\/2023\/10\/4878eea5-7edc-4561-b1b3-0dd25424a186_bn.jpg\" alt=\"(Un)founded fear towards the algorithm: YouTube recommendations and polarisation\" \/><div class=\"caption-wrap style-overlay overlay-overlay \"><div class=\"item-hover-bg\"><\/div><div class=\"item-caption-over\"><h5 class=\"item-title\">(Un)founded fear towards the algorithm: YouTube recommendations and polarisation<\/h5><div class=\"item-content\"><\/div><div class=\"item-buttons\"><\/div><\/div><div class=\"caption-head\"><\/div><\/div><\/div><\/div>\t\t\t\t<\/div>\n\t\t\t\t\t\t\t<div class=\"gallery-item-wrap \" data-index=\"1\" data-control=\"Two\">\n\t\t\t\t\t<div class=\"grid-item\"><div class=\"thumbnail-wrap\"><img decoding=\"async\" class=\"main-image\" src=\"https:\/\/wpd.ugr.es\/~polcom\/wp-content\/uploads\/2023\/10\/56ed2be1-2e49-4f59-aadc-8c2453d6e753_bn.jpg\" alt=\"New Methodological Perspectives in Political Communication Research: Machine Learning and Algorithms\" \/><div class=\"caption-wrap style-overlay overlay-overlay \"><div class=\"item-hover-bg\"><\/div><div class=\"item-caption-over\"><h5 class=\"item-title\">New Methodological Perspectives in Political Communication Research: Machine Learning and Algorithms<\/h5><div class=\"item-content\"><\/div><div class=\"item-buttons\"><\/div><\/div><div class=\"caption-head\"><\/div><\/div><\/div><\/div>\t\t\t\t<\/div>\n\t\t\t\t\t\t\t<div class=\"gallery-item-wrap \" data-index=\"2\" data-control=\"Three\">\n\t\t\t\t\t<div class=\"grid-item\"><div class=\"thumbnail-wrap\"><img decoding=\"async\" class=\"main-image\" src=\"https:\/\/wpd.ugr.es\/~polcom\/wp-content\/uploads\/2023\/10\/05b8f97b-c125-4a84-9c47-7ca7e89f4028_bn.jpg\" alt=\"Feminist Framing in Times of Pandemic: An Analysis of the Spanish Case\" \/><div class=\"caption-wrap style-overlay overlay-overlay \"><div class=\"item-hover-bg\"><\/div><div class=\"item-caption-over\"><h5 class=\"item-title\">Feminist Framing in Times of Pandemic: An Analysis of the Spanish Case<\/h5><div class=\"item-content\"><\/div><div class=\"item-buttons\"><\/div><\/div><div class=\"caption-head\"><\/div><\/div><\/div><\/div>\t\t\t\t<\/div>\n\t\t\t\t\t\t\t<div class=\"gallery-item-wrap \" data-index=\"3\" data-control=\"Four\">\n\t\t\t\t\t<div class=\"grid-item\"><div class=\"thumbnail-wrap\"><img decoding=\"async\" class=\"main-image\" src=\"https:\/\/wpd.ugr.es\/~polcom\/wp-content\/uploads\/2023\/10\/011a7369-8782-41f3-b677-80fc15209a9c_bn.jpg\" alt=\"The Anti-feminist Agenda of the Spanish Populist Radical Right in Times of COVID-19 Crisis: A Comparative Approach\" \/><div class=\"caption-wrap style-overlay overlay-overlay \"><div class=\"item-hover-bg\"><\/div><div class=\"item-caption-over\"><h5 class=\"item-title\">The Anti-feminist Agenda of the Spanish Populist Radical Right in Times of COVID-19 Crisis: A Comparative Approach<\/h5><div class=\"item-content\"><\/div><div class=\"item-buttons\"><\/div><\/div><div class=\"caption-head\"><\/div><\/div><\/div><\/div>\t\t\t\t<\/div>\n\t\t\t\t\t\t\t<div class=\"gallery-item-wrap \" data-index=\"4\" data-control=\"Five\">\n\t\t\t\t\t<div class=\"grid-item\"><div class=\"thumbnail-wrap\"><img decoding=\"async\" class=\"main-image\" src=\"https:\/\/wpd.ugr.es\/~polcom\/wp-content\/uploads\/2023\/12\/cf0f025f-e1f7-4395-8520-05cb9aabc18e.jpg\" alt=\"Conflictos armados. El caso de la guerra entre Armenia y Azerbaiy\u00e1n en Twitter\" \/><div class=\"caption-wrap style-overlay overlay-overlay \"><div class=\"item-hover-bg\"><\/div><div class=\"item-caption-over\"><h5 class=\"item-title\">Conflictos armados. El caso de la guerra entre Armenia y Azerbaiy\u00e1n en Twitter<\/h5><div class=\"item-content\"><\/div><div class=\"item-buttons\"><\/div><\/div><div class=\"caption-head\"><\/div><\/div><\/div><\/div>\t\t\t\t<\/div>\n\t\t\t\t\t\t\t<div class=\"gallery-item-wrap \" data-index=\"5\" data-control=\"Six\">\n\t\t\t\t\t<div class=\"grid-item\"><div class=\"thumbnail-wrap\"><img decoding=\"async\" class=\"main-image\" src=\"https:\/\/wpd.ugr.es\/~polcom\/wp-content\/uploads\/2023\/12\/b227ef29-1b5f-4d92-b9c6-b261f4d37935-1.jpg\" alt=\"Coberturas medi\u00e1ticas, polarizaci\u00f3n y reformas educativas en Espa\u00f1a\" \/><div class=\"caption-wrap style-overlay overlay-overlay \"><div class=\"item-hover-bg\"><\/div><div class=\"item-caption-over\"><h5 class=\"item-title\">Coberturas medi\u00e1ticas, polarizaci\u00f3n y reformas educativas en Espa\u00f1a<\/h5><div class=\"item-content\"><\/div><div class=\"item-buttons\"><\/div><\/div><div class=\"caption-head\"><\/div><\/div><\/div><\/div>\t\t\t\t<\/div>\n\t\t\t\t\t<\/div>\n\n\t\t\t\t<\/div>\n<\/div>\n\n\n\n\n\n\n\n\n\n\n<footer class=\"wp-block-template-part\">\n\n<\/footer>","protected":false},"excerpt":{"rendered":"","protected":false},"author":1,"featured_media":0,"parent":0,"menu_order":0,"comment_status":"closed","ping_status":"closed","template":"","meta":{"footnotes":""},"class_list":["post-16","page","type-page","status-publish","hentry"],"_links":{"self":[{"href":"https:\/\/wpd.ugr.es\/~polcom\/wp-json\/wp\/v2\/pages\/16","targetHints":{"allow":["GET"]}}],"collection":[{"href":"https:\/\/wpd.ugr.es\/~polcom\/wp-json\/wp\/v2\/pages"}],"about":[{"href":"https:\/\/wpd.ugr.es\/~polcom\/wp-json\/wp\/v2\/types\/page"}],"author":[{"embeddable":true,"href":"https:\/\/wpd.ugr.es\/~polcom\/wp-json\/wp\/v2\/users\/1"}],"replies":[{"embeddable":true,"href":"https:\/\/wpd.ugr.es\/~polcom\/wp-json\/wp\/v2\/comments?post=16"}],"version-history":[{"count":53,"href":"https:\/\/wpd.ugr.es\/~polcom\/wp-json\/wp\/v2\/pages\/16\/revisions"}],"predecessor-version":[{"id":748,"href":"https:\/\/wpd.ugr.es\/~polcom\/wp-json\/wp\/v2\/pages\/16\/revisions\/748"}],"wp:attachment":[{"href":"https:\/\/wpd.ugr.es\/~polcom\/wp-json\/wp\/v2\/media?parent=16"}],"curies":[{"name":"wp","href":"https:\/\/api.w.org\/{rel}","templated":true}]}}