{"id":302,"date":"2023-12-14T18:39:24","date_gmt":"2023-12-14T17:39:24","guid":{"rendered":"https:\/\/wpd.ugr.es\/~polcom\/?page_id=302"},"modified":"2024-03-06T14:10:05","modified_gmt":"2024-03-06T13:10:05","slug":"quienes-somos-3","status":"publish","type":"page","link":"https:\/\/wpd.ugr.es\/~polcom\/inicio\/quienes-somos-3\/","title":{"rendered":""},"content":{"rendered":"\n<div class=\"wp-block-group has-black-background-color has-background is-layout-constrained wp-container-core-group-is-layout-1 wp-block-group-is-layout-constrained\" style=\"padding-top:0px;padding-right:0px;padding-bottom:0px;padding-left:0px\">\n<div class=\"wp-block-cover is-light\" style=\"padding-bottom:180px;min-height:232px;aspect-ratio:unset;\"><span aria-hidden=\"true\" class=\"wp-block-cover__background has-background-dim-0 has-background-dim\"><\/span><div class=\"wp-block-cover__inner-container is-layout-flow wp-block-cover-is-layout-flow\"><header class=\"wp-block-template-part\">\n<div class=\"section-wrapper\" data-id=\"fvg1Dl\"><section class=\"wp-block-gutenverse-section guten-element guten-section guten-fvg1Dl layout-boxed align-stretch\"><div class=\"guten-container guten-column-gap-no\">\n<div class=\"wp-block-gutenverse-column guten-element guten-column guten-hdVg51\"><div class=\"guten-column-wrapper\" data-id=\"hdVg51\">\n<div class=\"wp-block-gutenverse-image guten-element guten-image guten-xxQGCA animated guten-element-hide fast desktop-slideInLeft\"><a class=\"guten-image-wrapper\" href=\"https:\/\/wpd.ugr.es\/~polcom\/\"><img loading=\"lazy\" decoding=\"async\" class=\"gutenverse-image-box-filled\" src=\"https:\/\/wpd.ugr.es\/~polcom\/wp-content\/uploads\/2023\/10\/Political-PhotoRoom.png-PhotoRoom.png\" height=\"1280\" width=\"1280\"\/><\/a><\/div>\n<\/div><\/div>\n\n\n\n<div class=\"wp-block-gutenverse-column guten-element guten-column guten-4D2MFv\"><div class=\"guten-column-wrapper\" data-id=\"4D2MFv\"><div id=\"guten-uNzlPk\" class=\"guten-element guten-nav-menu nav-menu break-point-tablet submenu-click-title  animated guten-element-hide fast desktop-fadeInUp \" data-item-indicator=\"fas fa-chevron-down\" data-close-on-click=\"1\">\n\t\t\t<div class=\"gutenverse-hamburger-wrapper\">\n\t\t\t\t<button class=\"gutenverse-hamburger-menu\">\n\t\t\t\t\t<i aria-hidden=\"true\" class=\"fas fa-bars\"><\/i>\n\t\t\t\t<\/button>\n\t\t\t<\/div>\n\t\t\t\n\t\t\t<div class=\"gutenverse-menu-wrapper\"><div class=\"gutenverse-menu-container\"><ul id=\"menu-p\" class=\"gutenverse-menu\"><li id=\"menu-item-29\" class=\"menu-item menu-item-type-post_type menu-item-object-page menu-item-home menu-item-29\"><a href=\"javascript:void(0);\" data-href=\"https:\/\/wpd.ugr.es\/~polcom\/\">Inicio<\/a><\/li>\n<li id=\"menu-item-332\" class=\"menu-item menu-item-type-custom menu-item-object-custom menu-item-has-children menu-item-332\"><a href=\"javascript:void(0);\" data-href=\"http:\/\/-\">\u00bfQui\u00e9nes somos?<\/a>\n<ul class=\"sub-menu\">\n\t<li id=\"menu-item-373\" class=\"menu-item menu-item-type-post_type menu-item-object-page menu-item-373\"><a href=\"javascript:void(0);\" data-href=\"https:\/\/wpd.ugr.es\/~polcom\/inicio\/quienes-somos-3\/\">Equipo<\/a><\/li>\n<\/ul>\n<\/li>\n<li id=\"menu-item-371\" class=\"menu-item menu-item-type-post_type menu-item-object-page menu-item-371\"><a href=\"javascript:void(0);\" data-href=\"https:\/\/wpd.ugr.es\/~polcom\/transferencia\/\">Transferencia<\/a><\/li>\n<li id=\"menu-item-372\" class=\"menu-item menu-item-type-post_type menu-item-object-page menu-item-372\"><a href=\"javascript:void(0);\" data-href=\"https:\/\/wpd.ugr.es\/~polcom\/proyectos\/\">Investigaci\u00f3n<\/a><\/li>\n<li id=\"menu-item-484\" class=\"menu-item menu-item-type-post_type menu-item-object-page menu-item-484\"><a href=\"javascript:void(0);\" data-href=\"https:\/\/wpd.ugr.es\/~polcom\/iv-transformations-in-the-digital-age\/\">Congresos cient\u00edficos<\/a><\/li>\n<\/ul><\/div>\n\t\t\t\t<div>\n\t\t\t\t\t<div class=\"gutenverse-nav-identity-panel\">\n\t\t\t\t\t\t<div class=\"gutenverse-nav-site-title\">\n\t\t\t\t\t\t\t<a href=\"https:\/\/wpd.ugr.es\/~polcom\" class=\"gutenverse-nav-logo\"><img decoding=\"async\" src=\"https:\/\/wpd.ugr.es\/~polcom\/wp-content\/uploads\/2023\/10\/Political-PhotoRoom.png-PhotoRoom.png\" alt=\" - \"><\/a>\n\t\t\t\t\t\t<\/div>\n\t\t\t\t\t\t<button class=\"gutenverse-close-menu\"><i aria-hidden=\"true\" class=\"fas fa-times\"><\/i><\/button>\n\t\t\t\t\t<\/div>\n\t\t\t\t<\/div>\n\t\t\t<\/div>\n\t\t<\/div><\/div><\/div>\n<\/div><\/section><\/div>\n<\/header>\n\n\n<p><\/p>\n<\/div><\/div>\n\n\n\n<div class=\"guten-element guten-animated-text guten-Nx1cZk\" data-animation=\"none\" data-loop=\"true\"><h2 class=\"text-content\">Equipo<\/h2><\/div>\n<\/div>\n\n\n\n<div class=\"wp-block-group has-black-background-color has-background is-layout-constrained wp-block-group-is-layout-constrained\" style=\"padding-bottom:180px\">\n<div class=\"wp-block-columns zeever-margin-top-n80 zeever-animate zeever-move-up zeever-delay-1 is-layout-flex wp-container-core-columns-is-layout-1 wp-block-columns-is-layout-flex\" style=\"padding-right:10px;padding-left:10px\">\n<div class=\"wp-block-column is-layout-flow wp-block-column-is-layout-flow\">\n<div class=\"wp-block-group zeever-animate zeever-move-up zeever-delay-1 is-style-customboxshadow has-background is-layout-constrained wp-container-core-group-is-layout-2 wp-block-group-is-layout-constrained\" style=\"background-color:#12121200;padding-top:50px;padding-right:30px;padding-bottom:50px;padding-left:30px\">\n<figure class=\"wp-block-image size-full is-resized\"><img loading=\"lazy\" decoding=\"async\" width=\"1016\" height=\"1280\" src=\"https:\/\/wpd.ugr.es\/~polcom\/wp-content\/uploads\/2023\/11\/8a3cb055-364a-4804-b5cd-24b6a0fd84ee-PhotoRoom.png-PhotoRoom_bn.png\" alt=\"\" class=\"wp-image-259\" style=\"object-fit:cover;width:250px;height:250px\" srcset=\"https:\/\/wpd.ugr.es\/~polcom\/wp-content\/uploads\/2023\/11\/8a3cb055-364a-4804-b5cd-24b6a0fd84ee-PhotoRoom.png-PhotoRoom_bn.png 1016w, https:\/\/wpd.ugr.es\/~polcom\/wp-content\/uploads\/2023\/11\/8a3cb055-364a-4804-b5cd-24b6a0fd84ee-PhotoRoom.png-PhotoRoom_bn-238x300.png 238w, https:\/\/wpd.ugr.es\/~polcom\/wp-content\/uploads\/2023\/11\/8a3cb055-364a-4804-b5cd-24b6a0fd84ee-PhotoRoom.png-PhotoRoom_bn-813x1024.png 813w, https:\/\/wpd.ugr.es\/~polcom\/wp-content\/uploads\/2023\/11\/8a3cb055-364a-4804-b5cd-24b6a0fd84ee-PhotoRoom.png-PhotoRoom_bn-768x968.png 768w\" sizes=\"auto, (max-width: 1016px) 100vw, 1016px\" \/><\/figure>\n\n\n\n<h2 class=\"wp-block-heading has-text-align-left has-zeever-primary-color has-text-color\" style=\"margin-top:30px;font-size:28px;font-style:normal;font-weight:600\"><a href=\"https:\/\/scholar.google.es\/citations?user=90tEHhAAAAAJ&amp;hl=es\">\u00d3scar G. Luengo<\/a><\/h2>\n\n\n\n<p>Catedr\u00e1tico de Ciencia Pol\u00edtica (Universidad de Granada). Doctor Europeo en Ciencia Pol\u00edtica y de la Administraci\u00f3n por la Universidad Complutense de Madrid. Postgrado en An\u00e1lisis de Datos (Centro de Investigaciones Sociol\u00f3gicas). Postgrado en Ciencia Pol\u00edtica y Derecho Constitucional (Centro de Estudios Pol\u00edticos y Constitucionales). Investigador y profesor visitante en centros extranjeros como la Universidad de California, Berkeley, Amsterdam School of Communication Research, Johannes Gutenberg University Mainz, European University Institute, Universidad Tecnol\u00f3gica de Monterrey, University of Ritsumeikan (Japan), o la&nbsp; Florida International University (FIU). Ha sido Coordinador de la Escuela de Verano en Metodolog\u00eda de la IPSA; Director del Research Committee on Political Communication (RC22-IPSA), Director de la Escuela de Altos Estudios en Gobierno Local (UIM); Vicedecano de Relaciones Internacionales; Distinguished visiting scholar at Florida International University.<\/p>\n<\/div>\n<\/div>\n\n\n\n<div class=\"wp-block-column is-layout-flow wp-block-column-is-layout-flow\">\n<div class=\"wp-block-group is-style-customborderhover zeever-animate zeever-move-up zeever-delay-5 has-background is-layout-flow wp-block-group-is-layout-flow\" style=\"background-color:#121212;padding-top:50px;padding-right:30px;padding-bottom:50px;padding-left:30px\">\n<figure class=\"wp-block-image size-full is-resized\"><img loading=\"lazy\" decoding=\"async\" width=\"432\" height=\"389\" src=\"https:\/\/wpd.ugr.es\/~polcom\/wp-content\/uploads\/2023\/11\/WhatsApp-Image-2023-11-02-at-13.13.14-PhotoRoom.png-PhotoRoom_bn.png\" alt=\"\" class=\"wp-image-260\" style=\"object-fit:cover;width:250px;height:250px\" srcset=\"https:\/\/wpd.ugr.es\/~polcom\/wp-content\/uploads\/2023\/11\/WhatsApp-Image-2023-11-02-at-13.13.14-PhotoRoom.png-PhotoRoom_bn.png 432w, https:\/\/wpd.ugr.es\/~polcom\/wp-content\/uploads\/2023\/11\/WhatsApp-Image-2023-11-02-at-13.13.14-PhotoRoom.png-PhotoRoom_bn-300x270.png 300w\" sizes=\"auto, (max-width: 432px) 100vw, 432px\" \/><\/figure>\n\n\n\n<h2 class=\"wp-block-heading has-text-align-left has-zeever-primary-color has-text-color\" style=\"margin-top:30px;font-size:28px;font-style:normal;font-weight:600\"><a href=\"https:\/\/scholar.google.es\/citations?user=jaAAGAkAAAAJ&amp;hl=es\">Javier Garc\u00eda-Mar\u00edn<\/a><\/h2>\n\n\n\n<p class=\"has-text-align-left has-zeever-primary-color has-text-color\">Profesor titular del Departamento de Ciencia Pol\u00edtica y de la Administraci\u00f3n en la Universidad de Granada. Es doctor en Ciencia Pol\u00edtica, Licenciado en Historia Contempor\u00e1nea y m\u00e1ster en Econom\u00eda y Relaciones Internacionales. Ha sido tutor del Centro de Estudios Pol\u00edticos y Constitucionales y Vicedecano de Participaci\u00f3n de la Facultad de Ciencias Pol\u00edticas y Sociolog\u00eda de la Universidad de Granada. Ha sido profesor visitante en la London School of Economics and Political Science, en la Universidad de Glasgow (Glasgow Media Unit), la Amsterdam School for Communications Research, el Institut d&#8217;Etudes Politiques de Burdeos y la Universidad de Buenos Aires. Tambi\u00e9n ha ense\u00f1ado en programas de grado y posgrado en m\u00faltiples pa\u00edses. Adem\u00e1s, es colaborador en m\u00faltiples proyectos nacionales e internacionales. Sus l\u00edneas de investigaci\u00f3n son la comunicaci\u00f3n pol\u00edtica y las relaciones internacionales con un gran \u00e9nfasis en redes sociales y las nuevas t\u00e9cnicas de an\u00e1lisis automatizado de datos.<\/p>\n<\/div>\n<\/div>\n<\/div>\n<\/div>\n\n\n\n<div class=\"wp-block-group has-black-background-color has-background is-layout-constrained wp-container-core-group-is-layout-7 wp-block-group-is-layout-constrained\" style=\"padding-bottom:180px\">\n<div class=\"wp-block-columns zeever-margin-top-n80 zeever-animate zeever-move-up zeever-delay-1 is-layout-flex wp-container-core-columns-is-layout-2 wp-block-columns-is-layout-flex\" style=\"padding-right:10px;padding-left:10px\">\n<div class=\"wp-block-column is-layout-flow wp-block-column-is-layout-flow\">\n<div class=\"wp-block-group is-style-customborderhover zeever-animate zeever-move-up zeever-delay-1 has-background is-layout-flow wp-block-group-is-layout-flow\" style=\"background-color:#121212;padding-top:50px;padding-right:30px;padding-bottom:50px;padding-left:30px\">\n<figure class=\"wp-block-image size-full is-resized\"><img loading=\"lazy\" decoding=\"async\" width=\"371\" height=\"370\" src=\"https:\/\/wpd.ugr.es\/~polcom\/wp-content\/uploads\/2023\/12\/Foto.png\" alt=\"\" class=\"wp-image-275\" style=\"object-fit:cover;width:250px;height:250px\" srcset=\"https:\/\/wpd.ugr.es\/~polcom\/wp-content\/uploads\/2023\/12\/Foto.png 371w, https:\/\/wpd.ugr.es\/~polcom\/wp-content\/uploads\/2023\/12\/Foto-300x300.png 300w, https:\/\/wpd.ugr.es\/~polcom\/wp-content\/uploads\/2023\/12\/Foto-150x150.png 150w\" sizes=\"auto, (max-width: 371px) 100vw, 371px\" \/><\/figure>\n\n\n\n<h2 class=\"wp-block-heading has-text-align-left has-zeever-primary-color has-text-color\" style=\"margin-top:30px;font-size:28px;font-style:normal;font-weight:600\"><a href=\"https:\/\/scholar.google.es\/citations?hl=es&amp;user=E05B3hoAAAAJ\">Bel\u00e9n Fern\u00e1ndez Garc\u00eda<\/a><\/h2>\n\n\n\n<p class=\"has-text-align-left has-zeever-primary-color has-text-color\">Profesora Ayudante Doctora en el Departamento de Ciencia Pol\u00edtica y de la Administraci\u00f3n de la Universidad de Granada. Licenciada en Ciencia Pol\u00edtica y de la Administraci\u00f3n; M\u00e1ster en Problemas Sociales: Direcci\u00f3n y Gesti\u00f3n de Programas Sociales; doctora por la Universidad de Granada, y Experto Universitario en M\u00e9todos Avanzados de Estad\u00edstica Aplicada (UNED). Obtuvo una beca para la Formaci\u00f3n del Profesorado Universitario (FPU) del Ministerio de Educaci\u00f3n y Ciencia, un Contrato Puente en la Universidad de Granada y un contrato posdoctoral en la Universidad de M\u00e1laga (Plan PAIDI). Ha sido galardonada con uno de los Premios Nacionales de Fin de Carrera de Educaci\u00f3n Universitaria del Ministerio de Educaci\u00f3n y Ciencia. Asimismo, recibi\u00f3 un Premio al Mejor Paper Metodol\u00f3gico por la \u2018#SMSociety 2020 Conference Awards\u2019. En total, ha realizado 24 meses de estancias en el extranjero: 6 meses de estancias predoctorales en la Universidad de D\u00fcsseldorf (Alemania) y en la Universidad de \u00c1msterdam (Pa\u00edses Bajos), 15 meses de contrato posdoctoral en el Instituto de Ciencias Sociales de la Universidad de Lisboa y 3 meses de estancia posdoctoral en el Centro de Estudios Europeos de Sciences Po Par\u00eds (Francia). En la actualidad, forma parte del Consejo de Redacci\u00f3n de la Revista Internacional de Sociolog\u00eda, de la Junta Directiva de la Asociaci\u00f3n Espa\u00f1ola de Ciencia Pol\u00edtica (AECPA) y del Comit\u00e9 Acad\u00e9mico de la Asociaci\u00f3n de Comunicaci\u00f3n Pol\u00edtica (ACOP).<\/p>\n<\/div>\n<\/div>\n\n\n\n<div class=\"wp-block-column is-layout-flow wp-block-column-is-layout-flow\">\n<div class=\"wp-block-group is-style-customborderhover zeever-animate zeever-move-up zeever-delay-5 is-layout-flow wp-block-group-is-layout-flow\" style=\"padding-top:50px;padding-right:30px;padding-bottom:50px;padding-left:30px\">\n<figure class=\"wp-block-image size-full is-resized\"><img loading=\"lazy\" decoding=\"async\" width=\"629\" height=\"669\" src=\"https:\/\/wpd.ugr.es\/~polcom\/wp-content\/uploads\/2023\/10\/DSC_00-2_-PhotoRoom.png-PhotoRoom_-e1698756009316.png\" alt=\"\" class=\"wp-image-199\" style=\"object-fit:cover;width:250px;height:250px\" srcset=\"https:\/\/wpd.ugr.es\/~polcom\/wp-content\/uploads\/2023\/10\/DSC_00-2_-PhotoRoom.png-PhotoRoom_-e1698756009316.png 629w, https:\/\/wpd.ugr.es\/~polcom\/wp-content\/uploads\/2023\/10\/DSC_00-2_-PhotoRoom.png-PhotoRoom_-e1698756009316-282x300.png 282w\" sizes=\"auto, (max-width: 629px) 100vw, 629px\" \/><\/figure>\n\n\n\n<h2 class=\"wp-block-heading has-text-align-left has-zeever-primary-color has-text-color\" style=\"margin-top:30px;font-size:28px;font-style:normal;font-weight:600\"><a href=\"https:\/\/scholar.google.es\/citations?user=ze5lP1YAAAAJ&amp;hl=es&amp;oi=ao\">Ignacio-Jes\u00fas Serrano-Contreras<\/a><\/h2>\n\n\n\n<p class=\"has-text-align-left has-zeever-primary-color has-text-color\">Profesor asociado en el Departamento de Ciencia Pol\u00edtica y Administraci\u00f3n P\u00fablica (Universidad de Granada), adem\u00e1s es investigador colaborador en el Instituto Robert Zajonc de investigaci\u00f3n social (Polonia). Doctor Internacional con menci\u00f3n Cum Laude por la Universidad de Granada. M\u00e1ster en Nuevos Medios Interactivos. Formaci\u00f3n especializada en An\u00e1lisis de Datos Computacionales por la DECSAI (UGR), Inteligencia Artificial y Gobernanza por la Florida International University (FIU), as\u00ed como formaci\u00f3n docente internacional en la Bauhaus University (Alemania). Ha sido investigador visitante en la Surrey University (Reino Unido), Bergen University (Noruega), LUISS (Italia), Mostar University (Bosnia y Herzegovina) o Hildesheim University (Alemania). Es revisor cient\u00edfico en revista c\u00f3mo Comunicar (JCR Q1) o RIS (JCR Q3).<\/p>\n<\/div>\n<\/div>\n<\/div>\n<\/div>\n\n\n\n<div class=\"wp-block-group has-black-background-color has-background is-layout-constrained wp-container-core-group-is-layout-9 wp-block-group-is-layout-constrained\" style=\"padding-bottom:180px\">\n<div class=\"wp-block-columns zeever-margin-top-n80 zeever-animate zeever-move-up zeever-delay-1 is-layout-flex wp-container-core-columns-is-layout-3 wp-block-columns-is-layout-flex\" style=\"padding-right:10px;padding-left:10px\">\n<div class=\"wp-block-column is-layout-flow wp-block-column-is-layout-flow\">\n<div class=\"wp-block-group is-style-customborderhover zeever-animate zeever-move-up zeever-delay-1 is-layout-flow wp-block-group-is-layout-flow\" style=\"padding-top:50px;padding-right:30px;padding-bottom:50px;padding-left:30px\">\n<figure class=\"wp-block-image size-full is-resized\"><img loading=\"lazy\" decoding=\"async\" width=\"938\" height=\"914\" src=\"https:\/\/wpd.ugr.es\/~polcom\/wp-content\/uploads\/2023\/11\/paloma-PhotoRoom.png-PhotoRoom.png\" alt=\"\" class=\"wp-image-269\" style=\"aspect-ratio:1;object-fit:cover;width:234px;height:auto\" srcset=\"https:\/\/wpd.ugr.es\/~polcom\/wp-content\/uploads\/2023\/11\/paloma-PhotoRoom.png-PhotoRoom.png 938w, https:\/\/wpd.ugr.es\/~polcom\/wp-content\/uploads\/2023\/11\/paloma-PhotoRoom.png-PhotoRoom-300x292.png 300w, https:\/\/wpd.ugr.es\/~polcom\/wp-content\/uploads\/2023\/11\/paloma-PhotoRoom.png-PhotoRoom-768x748.png 768w\" sizes=\"auto, (max-width: 938px) 100vw, 938px\" \/><\/figure>\n\n\n\n<h2 class=\"wp-block-heading has-text-align-left has-zeever-primary-color has-text-color\" style=\"margin-top:30px;font-size:28px;font-style:normal;font-weight:600\">Paloma Egea-Cari\u00f1anos<\/h2>\n\n\n\n<p>Investigadora predoctoral en el Departamento de Ciencia Pol\u00edtica de la Universidad de Granada. Doble grado en Derecho y Ciencias Pol\u00edticas y de la Administraci\u00f3n (Universidad de Granada), M\u00e1ster en Derecho Constitucional (Centro de Estudios Pol\u00edticos y constitucionales) y Curso de Posgrado de Formaci\u00f3n de Especialistas en Investigaci\u00f3n Social Aplicada y An\u00e1lisis de Datos (CIS). Durante el grado ha realizado estancias de estudios en la Pontificia Universidad Cat\u00f3lica de Chile (Chile) y en la University of Lodz (Polonia). Experiencia profesional como becaria en formaci\u00f3n en el Centro de Investigaciones Sociol\u00f3gicas y como analista de datos cuantitativos y cualitativos.<\/p>\n<\/div>\n<\/div>\n<\/div>\n<\/div>\n","protected":false},"excerpt":{"rendered":"<p>\u00d3scar G. Luengo Catedr\u00e1tico de Ciencia Pol\u00edtica (Universidad de Granada). Doctor Europeo en Ciencia Pol\u00edtica y de la Administraci\u00f3n por la Universidad Complutense de Madrid. Postgrado en An\u00e1lisis de Datos (Centro de Investigaciones Sociol\u00f3gicas). Postgrado en Ciencia Pol\u00edtica y Derecho Constitucional (Centro de Estudios Pol\u00edticos y Constitucionales). Investigador y profesor visitante en centros extranjeros como la Universidad de California, Berkeley, Amsterdam School of Communication Research, Johannes Gutenberg University Mainz, European University Institute, Universidad Tecnol\u00f3gica de Monterrey, University of Ritsumeikan (Japan), o la&nbsp; Florida International University (FIU). Ha sido Coordinador de la Escuela de Verano en Metodolog\u00eda de la IPSA; Director<\/p>\n","protected":false},"author":1,"featured_media":0,"parent":16,"menu_order":0,"comment_status":"closed","ping_status":"closed","template":"equipo","meta":{"footnotes":""},"class_list":["post-302","page","type-page","status-publish","hentry"],"_links":{"self":[{"href":"https:\/\/wpd.ugr.es\/~polcom\/wp-json\/wp\/v2\/pages\/302","targetHints":{"allow":["GET"]}}],"collection":[{"href":"https:\/\/wpd.ugr.es\/~polcom\/wp-json\/wp\/v2\/pages"}],"about":[{"href":"https:\/\/wpd.ugr.es\/~polcom\/wp-json\/wp\/v2\/types\/page"}],"author":[{"embeddable":true,"href":"https:\/\/wpd.ugr.es\/~polcom\/wp-json\/wp\/v2\/users\/1"}],"replies":[{"embeddable":true,"href":"https:\/\/wpd.ugr.es\/~polcom\/wp-json\/wp\/v2\/comments?post=302"}],"version-history":[{"count":20,"href":"https:\/\/wpd.ugr.es\/~polcom\/wp-json\/wp\/v2\/pages\/302\/revisions"}],"predecessor-version":[{"id":596,"href":"https:\/\/wpd.ugr.es\/~polcom\/wp-json\/wp\/v2\/pages\/302\/revisions\/596"}],"up":[{"embeddable":true,"href":"https:\/\/wpd.ugr.es\/~polcom\/wp-json\/wp\/v2\/pages\/16"}],"wp:attachment":[{"href":"https:\/\/wpd.ugr.es\/~polcom\/wp-json\/wp\/v2\/media?parent=302"}],"curies":[{"name":"wp","href":"https:\/\/api.w.org\/{rel}","templated":true}]}}