{"id":361,"date":"2023-12-20T15:52:53","date_gmt":"2023-12-20T14:52:53","guid":{"rendered":"https:\/\/wpd.ugr.es\/~polcom\/?page_id=361"},"modified":"2024-03-02T13:02:11","modified_gmt":"2024-03-02T12:02:11","slug":"proyectos","status":"publish","type":"page","link":"https:\/\/wpd.ugr.es\/~polcom\/proyectos\/","title":{"rendered":""},"content":{"rendered":"\n<div class=\"wp-block-group has-black-background-color has-background is-layout-constrained wp-container-core-group-is-layout-1 wp-block-group-is-layout-constrained\" style=\"padding-top:0px;padding-right:0px;padding-bottom:0px;padding-left:0px\">\n<div class=\"wp-block-cover is-light\" style=\"padding-bottom:180px;min-height:221px;aspect-ratio:unset;\"><span aria-hidden=\"true\" class=\"wp-block-cover__background has-background-dim-0 has-background-dim\"><\/span><div class=\"wp-block-cover__inner-container is-layout-flow wp-block-cover-is-layout-flow\"><header class=\"wp-block-template-part\">\n<div class=\"section-wrapper\" data-id=\"fvg1Dl\"><section class=\"wp-block-gutenverse-section guten-element guten-section guten-fvg1Dl layout-boxed align-stretch\"><div class=\"guten-container guten-column-gap-no\">\n<div class=\"wp-block-gutenverse-column guten-element guten-column guten-hdVg51\"><div class=\"guten-column-wrapper\" data-id=\"hdVg51\">\n<div class=\"wp-block-gutenverse-image guten-element guten-image guten-xxQGCA animated guten-element-hide fast desktop-slideInLeft\"><a class=\"guten-image-wrapper\" href=\"https:\/\/wpd.ugr.es\/~polcom\/\"><img loading=\"lazy\" decoding=\"async\" class=\"gutenverse-image-box-filled\" src=\"https:\/\/wpd.ugr.es\/~polcom\/wp-content\/uploads\/2023\/10\/Political-PhotoRoom.png-PhotoRoom.png\" height=\"1280\" width=\"1280\"\/><\/a><\/div>\n<\/div><\/div>\n\n\n\n<div class=\"wp-block-gutenverse-column guten-element guten-column guten-4D2MFv\"><div class=\"guten-column-wrapper\" data-id=\"4D2MFv\"><div id=\"guten-uNzlPk\" class=\"guten-element guten-nav-menu nav-menu break-point-tablet submenu-click-title  animated guten-element-hide fast desktop-fadeInUp \" data-item-indicator=\"fas fa-chevron-down\" data-close-on-click=\"1\">\n\t\t\t<div class=\"gutenverse-hamburger-wrapper\">\n\t\t\t\t<button class=\"gutenverse-hamburger-menu\">\n\t\t\t\t\t<i aria-hidden=\"true\" class=\"fas fa-bars\"><\/i>\n\t\t\t\t<\/button>\n\t\t\t<\/div>\n\t\t\t\n\t\t\t<div class=\"gutenverse-menu-wrapper\"><div class=\"gutenverse-menu-container\"><ul id=\"menu-p\" class=\"gutenverse-menu\"><li id=\"menu-item-29\" class=\"menu-item menu-item-type-post_type menu-item-object-page menu-item-home menu-item-29\"><a href=\"javascript:void(0);\" data-href=\"https:\/\/wpd.ugr.es\/~polcom\/\">Inicio<\/a><\/li>\n<li id=\"menu-item-332\" class=\"menu-item menu-item-type-custom menu-item-object-custom menu-item-has-children menu-item-332\"><a href=\"javascript:void(0);\" data-href=\"http:\/\/-\">\u00bfQui\u00e9nes somos?<\/a>\n<ul class=\"sub-menu\">\n\t<li id=\"menu-item-373\" class=\"menu-item menu-item-type-post_type menu-item-object-page menu-item-373\"><a href=\"javascript:void(0);\" data-href=\"https:\/\/wpd.ugr.es\/~polcom\/inicio\/quienes-somos-3\/\">Equipo<\/a><\/li>\n<\/ul>\n<\/li>\n<li id=\"menu-item-371\" class=\"menu-item menu-item-type-post_type menu-item-object-page menu-item-371\"><a href=\"javascript:void(0);\" data-href=\"https:\/\/wpd.ugr.es\/~polcom\/transferencia\/\">Transferencia<\/a><\/li>\n<li id=\"menu-item-372\" class=\"menu-item menu-item-type-post_type menu-item-object-page menu-item-372\"><a href=\"javascript:void(0);\" data-href=\"https:\/\/wpd.ugr.es\/~polcom\/proyectos\/\">Investigaci\u00f3n<\/a><\/li>\n<li id=\"menu-item-484\" class=\"menu-item menu-item-type-post_type menu-item-object-page menu-item-484\"><a href=\"javascript:void(0);\" data-href=\"https:\/\/wpd.ugr.es\/~polcom\/iv-transformations-in-the-digital-age\/\">Congresos cient\u00edficos<\/a><\/li>\n<\/ul><\/div>\n\t\t\t\t<div>\n\t\t\t\t\t<div class=\"gutenverse-nav-identity-panel\">\n\t\t\t\t\t\t<div class=\"gutenverse-nav-site-title\">\n\t\t\t\t\t\t\t<a href=\"https:\/\/wpd.ugr.es\/~polcom\" class=\"gutenverse-nav-logo\"><img decoding=\"async\" src=\"https:\/\/wpd.ugr.es\/~polcom\/wp-content\/uploads\/2023\/10\/Political-PhotoRoom.png-PhotoRoom.png\" alt=\" - \"><\/a>\n\t\t\t\t\t\t<\/div>\n\t\t\t\t\t\t<button class=\"gutenverse-close-menu\"><i aria-hidden=\"true\" class=\"fas fa-times\"><\/i><\/button>\n\t\t\t\t\t<\/div>\n\t\t\t\t<\/div>\n\t\t\t<\/div>\n\t\t<\/div><\/div><\/div>\n<\/div><\/section><\/div>\n<\/header><\/div><\/div>\n<\/div>\n\n\n\n<div class=\"guten-element guten-animated-text guten-M4uSsN\" data-animation=\"none\" data-loop=\"true\"><h2 class=\"text-content\">Proyectos<\/h2><\/div>\n\n\n\n<div class=\"wp-block-group has-black-background-color has-background is-layout-constrained wp-container-core-group-is-layout-4 wp-block-group-is-layout-constrained\" style=\"padding-top:100px;padding-bottom:100px\">\n<div class=\"wp-block-columns is-layout-flex wp-container-core-columns-is-layout-2 wp-block-columns-is-layout-flex\">\n<div class=\"wp-block-column is-layout-flow wp-block-column-is-layout-flow\">\n<div class=\"wp-block-group is-layout-flow wp-block-group-is-layout-flow\" style=\"padding-top:40px\">\n<div class=\"section-wrapper\" data-id=\"XggLN2\"><section class=\"wp-block-gutenverse-section guten-element guten-section guten-XggLN2 layout-boxed align-stretch\"><div class=\"guten-background-overlay\"><\/div><div class=\"guten-shape-divider guten-shape-divider-top\"><\/div><div class=\"guten-shape-divider guten-shape-divider-bottom\"><\/div><div class=\"guten-container guten-column-gap-default\">\n<div class=\"wp-block-gutenverse-column guten-element guten-column guten-J81djY\"><div class=\"guten-background-overlay\"><\/div><div class=\"sticky-wrapper\" data-id=\"J81djY\"><div class=\"guten-column-wrapper\">\n<figure class=\"wp-block-gallery has-nested-images columns-default is-cropped wp-block-gallery-2 is-layout-flex wp-block-gallery-is-layout-flex\">\n<figure class=\"wp-block-image size-large is-style-rounded wp-duotone-67ff66-121212-1\"><img loading=\"lazy\" decoding=\"async\" width=\"1024\" height=\"1024\" src=\"https:\/\/wpd.ugr.es\/~polcom\/wp-content\/uploads\/2023\/12\/01d2811e-9b09-4281-b242-2e772b0973f2.jpg\" alt=\"\" class=\"wp-image-364\" srcset=\"https:\/\/wpd.ugr.es\/~polcom\/wp-content\/uploads\/2023\/12\/01d2811e-9b09-4281-b242-2e772b0973f2.jpg 1024w, https:\/\/wpd.ugr.es\/~polcom\/wp-content\/uploads\/2023\/12\/01d2811e-9b09-4281-b242-2e772b0973f2-300x300.jpg 300w, https:\/\/wpd.ugr.es\/~polcom\/wp-content\/uploads\/2023\/12\/01d2811e-9b09-4281-b242-2e772b0973f2-150x150.jpg 150w, https:\/\/wpd.ugr.es\/~polcom\/wp-content\/uploads\/2023\/12\/01d2811e-9b09-4281-b242-2e772b0973f2-768x768.jpg 768w\" sizes=\"auto, (max-width: 1024px) 100vw, 1024px\" \/><\/figure>\n<\/figure>\n<\/div><\/div><\/div>\n\n\n\n<div class=\"wp-block-gutenverse-column guten-element guten-column guten-xsNgN3\"><div class=\"guten-background-overlay\"><\/div><div class=\"sticky-wrapper\" data-id=\"xsNgN3\"><div class=\"guten-column-wrapper\">\n<figure class=\"wp-block-gallery has-nested-images columns-default is-cropped wp-block-gallery-4 is-layout-flex wp-block-gallery-is-layout-flex\">\n<figure class=\"wp-block-image size-large is-style-rounded wp-duotone-rgb111-67ff66-3\"><img loading=\"lazy\" decoding=\"async\" width=\"1024\" height=\"1024\" src=\"https:\/\/wpd.ugr.es\/~polcom\/wp-content\/uploads\/2023\/12\/3265ee95-0514-4599-b8c0-f1e938eb5545.jpg\" alt=\"\" class=\"wp-image-365\" srcset=\"https:\/\/wpd.ugr.es\/~polcom\/wp-content\/uploads\/2023\/12\/3265ee95-0514-4599-b8c0-f1e938eb5545.jpg 1024w, https:\/\/wpd.ugr.es\/~polcom\/wp-content\/uploads\/2023\/12\/3265ee95-0514-4599-b8c0-f1e938eb5545-300x300.jpg 300w, https:\/\/wpd.ugr.es\/~polcom\/wp-content\/uploads\/2023\/12\/3265ee95-0514-4599-b8c0-f1e938eb5545-150x150.jpg 150w, https:\/\/wpd.ugr.es\/~polcom\/wp-content\/uploads\/2023\/12\/3265ee95-0514-4599-b8c0-f1e938eb5545-768x768.jpg 768w\" sizes=\"auto, (max-width: 1024px) 100vw, 1024px\" \/><\/figure>\n<\/figure>\n<\/div><\/div><\/div>\n<\/div><\/section><\/div>\n<\/div>\n\n\n\n<div class=\"wp-block-group is-layout-flow wp-block-group-is-layout-flow\" style=\"padding-top:80px\">\n<div class=\"wp-block-columns is-layout-flex wp-container-core-columns-is-layout-1 wp-block-columns-is-layout-flex\">\n<div class=\"wp-block-column is-layout-flow wp-block-column-is-layout-flow\" style=\"padding-right:60px\">\n<h2 class=\"wp-block-heading zeever-animate zeever-move-up zeever-delay-1 has-zeever-primary-color has-text-color\" style=\"font-size:21px\">POLAR-MED: La polarizaci\u00f3n en los medios de comunicaci\u00f3n en Andaluc\u00eda<\/h2>\n\n\n\n<p class=\"has-text-align-left zeever-animate zeever-move-up zeever-delay-3 has-zeever-bodytext-color has-text-color\">PRY69\/22 proyecto financiado por la Fundaci\u00f3n CENTRA de la Junta de Andaluc\u00eda. <\/p>\n\n\n\n<p class=\"has-text-align-left zeever-animate zeever-move-up zeever-delay-3 has-zeever-bodytext-color has-text-color\">POLAR-MED es un proyecto de investigaci\u00f3n analiza, mediante modelos de computaci\u00f3n, el nivel de polarizaci\u00f3n que muestran los medios audiovisuales y radiof\u00f3nicos en su cobertura informativa en Andaluc\u00eda. <\/p>\n<\/div>\n\n\n\n<div class=\"wp-block-column is-layout-flow wp-block-column-is-layout-flow\" style=\"padding-right:60px\">\n<h2 class=\"wp-block-heading zeever-animate zeever-move-up zeever-delay-1 has-zeever-primary-color has-text-color\" style=\"font-size:21px\">POLFACE: Herramienta de localizaci\u00f3n de figuras pol\u00edticas en las televisiones espa\u00f1olas<\/h2>\n\n\n\n<p>Proyecto de I+D+i PID2021-128272NB-I00 financiado por MCIN\/ AEI\/10.13039\/501100011033\/FEDER \u201cUna manera de hacer Europa\u201d <\/p>\n\n\n\n<p>POLFACE se fundamenta en una herramienta para detectar rostros y las emociones en l\u00edderes pol\u00edticos. <\/p>\n<\/div>\n<\/div>\n<\/div>\n<\/div>\n<\/div>\n<\/div>\n","protected":false},"excerpt":{"rendered":"<p>POLAR-MED: La polarizaci\u00f3n en los medios de comunicaci\u00f3n en Andaluc\u00eda PRY69\/22 proyecto financiado por la Fundaci\u00f3n CENTRA de la Junta de Andaluc\u00eda. POLAR-MED es un proyecto de investigaci\u00f3n analiza, mediante modelos de computaci\u00f3n, el nivel de polarizaci\u00f3n que muestran los medios audiovisuales y radiof\u00f3nicos en su cobertura informativa en Andaluc\u00eda. POLFACE: Herramienta de localizaci\u00f3n de figuras pol\u00edticas en las televisiones espa\u00f1olas Proyecto de I+D+i PID2021-128272NB-I00 financiado por MCIN\/ AEI\/10.13039\/501100011033\/FEDER \u201cUna manera de hacer Europa\u201d POLFACE se fundamenta en una herramienta para detectar rostros y las emociones en l\u00edderes pol\u00edticos.<\/p>\n","protected":false},"author":1,"featured_media":0,"parent":0,"menu_order":0,"comment_status":"closed","ping_status":"closed","template":"proyectos","meta":{"footnotes":""},"class_list":["post-361","page","type-page","status-publish","hentry"],"_links":{"self":[{"href":"https:\/\/wpd.ugr.es\/~polcom\/wp-json\/wp\/v2\/pages\/361","targetHints":{"allow":["GET"]}}],"collection":[{"href":"https:\/\/wpd.ugr.es\/~polcom\/wp-json\/wp\/v2\/pages"}],"about":[{"href":"https:\/\/wpd.ugr.es\/~polcom\/wp-json\/wp\/v2\/types\/page"}],"author":[{"embeddable":true,"href":"https:\/\/wpd.ugr.es\/~polcom\/wp-json\/wp\/v2\/users\/1"}],"replies":[{"embeddable":true,"href":"https:\/\/wpd.ugr.es\/~polcom\/wp-json\/wp\/v2\/comments?post=361"}],"version-history":[{"count":8,"href":"https:\/\/wpd.ugr.es\/~polcom\/wp-json\/wp\/v2\/pages\/361\/revisions"}],"predecessor-version":[{"id":531,"href":"https:\/\/wpd.ugr.es\/~polcom\/wp-json\/wp\/v2\/pages\/361\/revisions\/531"}],"wp:attachment":[{"href":"https:\/\/wpd.ugr.es\/~polcom\/wp-json\/wp\/v2\/media?parent=361"}],"curies":[{"name":"wp","href":"https:\/\/api.w.org\/{rel}","templated":true}]}}