{"id":23,"date":"2022-05-11T20:24:21","date_gmt":"2022-05-11T18:24:21","guid":{"rendered":"http:\/\/wpd.ugr.es\/~red.edps.nl\/?page_id=23"},"modified":"2023-09-12T14:02:53","modified_gmt":"2023-09-12T12:02:53","slug":"organizers","status":"publish","type":"page","link":"https:\/\/wpd.ugr.es\/~red.edps.nl\/organizers\/","title":{"rendered":"Organizers"},"content":{"rendered":"\n<p>The &#8220;Red de EDPs No Locales y Aplicaciones&#8221; is coordinated by  Diego C\u00f3rdoba (ICMAT) since 2023.  It includes the following nodes at several universities:<\/p>\n\n\n\n<ul><li>Universitat Polit\u00e8cnica de Catalunya, coordinated by Xavier Cabr\u00e9<\/li><li>Universitat de Barcelona, coordinated by Xavier Ros Oton<\/li><li>Universitat Aut\u00f2noma de Barcelona, coordinated by Joan Mateu<\/li><li>Universidad del Pa\u00eds Vasco, coordinated by Miguel Escobedo<\/li><li>BCAM, coordinated by Luis Vega<\/li><li>Universidad de Valencia, coordinated by Jos\u00e9 M. Maz\u00f3n<\/li><li>Universidad de Valladolid, coordinated by \u00d3scar Angulo<\/li><li>ICMAT, coordinated by \u00c1ngel Castro<\/li><li>Universidad Aut\u00f3noma de Madrid, coordinated by Fernando Quir\u00f3s<\/li><li>Universidad de La Laguna, coordinated by Bego\u00f1a Barrios<\/li><li>Universidad de Sevilla, coordinated by Francisco Gancedo<\/li><li>Universidad de Granada, coordinated by Jos\u00e9 Ca\u00f1izo<\/li><\/ul>\n\n\n\n<p>The network has a Steering Committee formed by:<\/p>\n\n\n\n<ul><li>Jos\u00e9 Antonio Carrillo<\/li><li>Alberto Enciso<\/li><li>Francisco Gancedo<\/li><li>Mar Gonz\u00e1lez<\/li><li>Daniel Peralta<\/li><li>David Ruiz<\/li><li>Juan Soler<\/li><li>Juan Luis V\u00e1zquez<\/li><li>Joan Verdera<\/li><\/ul>\n\n\n\n<h2>Previous organisers<\/h2>\n\n\n\n<p>From 2019 to 2022 the network was coordinated by Xavier Cabr\u00e9 (ICREA and Universitat Polit\u00e8cnica de Catalunya).<\/p>\n","protected":false},"excerpt":{"rendered":"<p>The &#8220;Red de EDPs No Locales y Aplicaciones&#8221; is coordinated by Diego C\u00f3rdoba (ICMAT) since 2023. It includes the following nodes at several universities: Universitat Polit\u00e8cnica de Catalunya, coordinated by Xavier Cabr\u00e9 Universitat de Barcelona, coordinated by Xavier Ros Oton Universitat Aut\u00f2noma de Barcelona, coordinated by Joan Mateu Universidad del Pa\u00eds Vasco, coordinated by Miguel [&hellip;]<\/p>\n","protected":false},"author":1,"featured_media":0,"parent":0,"menu_order":0,"comment_status":"closed","ping_status":"closed","template":"","meta":[],"_links":{"self":[{"href":"https:\/\/wpd.ugr.es\/~red.edps.nl\/wp-json\/wp\/v2\/pages\/23"}],"collection":[{"href":"https:\/\/wpd.ugr.es\/~red.edps.nl\/wp-json\/wp\/v2\/pages"}],"about":[{"href":"https:\/\/wpd.ugr.es\/~red.edps.nl\/wp-json\/wp\/v2\/types\/page"}],"author":[{"embeddable":true,"href":"https:\/\/wpd.ugr.es\/~red.edps.nl\/wp-json\/wp\/v2\/users\/1"}],"replies":[{"embeddable":true,"href":"https:\/\/wpd.ugr.es\/~red.edps.nl\/wp-json\/wp\/v2\/comments?post=23"}],"version-history":[{"count":7,"href":"https:\/\/wpd.ugr.es\/~red.edps.nl\/wp-json\/wp\/v2\/pages\/23\/revisions"}],"predecessor-version":[{"id":119,"href":"https:\/\/wpd.ugr.es\/~red.edps.nl\/wp-json\/wp\/v2\/pages\/23\/revisions\/119"}],"wp:attachment":[{"href":"https:\/\/wpd.ugr.es\/~red.edps.nl\/wp-json\/wp\/v2\/media?parent=23"}],"curies":[{"name":"wp","href":"https:\/\/api.w.org\/{rel}","templated":true}]}}