{"id":27,"date":"2023-07-06T17:34:42","date_gmt":"2023-07-06T15:34:42","guid":{"rendered":"https:\/\/redimemo.joseluisrivera.es\/?page_id=27"},"modified":"2023-09-15T13:13:39","modified_gmt":"2023-09-15T11:13:39","slug":"inicio","status":"publish","type":"page","link":"https:\/\/wpd.ugr.es\/~redimemo\/","title":{"rendered":"Inicio"},"content":{"rendered":"\n<div class=\"wp-block-uagb-container uagb-block-be61c9ea alignfull uagb-is-root-container\"><div class=\"uagb-container__shape uagb-container__shape-bottom uagb-container__shape-flip uagb-container__shape-above-content uagb-container__invert\" data-negative=\"false\"><svg xmlns=\"https:\/\/www.w3.org\/2000\/svg\" viewBox=\"0 0 1000 100\" preserveAspectRatio=\"none\"><path class=\"uagb-container__shape-fill\" d=\"M421.9,6.5c22.6-2.5,51.5,0.4,75.5,5.3c23.6,4.9,70.9,23.5,100.5,35.7c75.8,32.2,133.7,44.5,192.6,49.7  c23.6,2.1,48.7,3.5,103.4-2.5c54.7-6,106.2-25.6,106.2-25.6V0H0v30.3c0,0,72,32.6,158.4,30.5c39.2-0.7,92.8-6.7,134-22.4  c21.2-8.1,52.2-18.2,79.7-24.2C399.3,7.9,411.6,7.5,421.9,6.5z\"><\/path><\/svg><\/div>\n<div class=\"is-light is-style-default editor:no-inserter wp-block-cover alignfull preview:min-h-50 ext-py-lg\" style=\"min-height:40vw\"><span aria-hidden=\"true\" class=\"wp-block-cover__background has-ast-global-color-1-background-color has-background-dim-80 has-background-dim\"><\/span><img decoding=\"async\" loading=\"lazy\" width=\"1025\" height=\"660\" class=\"wp-block-cover__image-background wp-image-627\" alt=\"\" src=\"https:\/\/wpd.ugr.es\/~redimemo\/wp-content\/uploads\/2023\/09\/imagen-web-2.jpeg\" data-object-fit=\"cover\" srcset=\"https:\/\/wpd.ugr.es\/~redimemo\/wp-content\/uploads\/2023\/09\/imagen-web-2.jpeg 1025w, https:\/\/wpd.ugr.es\/~redimemo\/wp-content\/uploads\/2023\/09\/imagen-web-2-300x193.jpeg 300w, https:\/\/wpd.ugr.es\/~redimemo\/wp-content\/uploads\/2023\/09\/imagen-web-2-768x495.jpeg 768w\" sizes=\"(max-width: 1025px) 100vw, 1025px\" \/><div class=\"wp-block-cover__inner-container is-layout-flow wp-block-cover-is-layout-flow\">\n<div class=\"inherit-container-width wp-block-group ext-px-base editor:no-inserter is-layout-constrained wp-block-group-is-layout-constrained\">\n<div class=\"inherit-container-width wp-block-group alignwide editor:no-inserter is-layout-constrained wp-block-group-is-layout-constrained\">\n<p class=\"has-text-align-left has-ast-global-color-5-color has-text-color has-medium-font-size ext-mt-base\" id=\"vestibulum-id-ligula-porta-felis-euismod-semper-nullam-quis-risus-eget-urna-mollis-ornare-velo\" style=\"margin-top:0px;margin-right:0px;margin-bottom:0px;margin-left:0px;padding-top:0px;padding-right:0px;padding-bottom:0px;padding-left:0px;font-style:normal;font-weight:800\">PROYECTO DE INVESTIGACI\u00d3N REDIMEMO (PID2019-109489GB-100)<\/p>\n\n\n\n<div class=\"wp-block-uagb-advanced-heading uagb-block-b0fe5b53\"><h1 class=\"uagb-heading-text\">RELATOS, DISCURSOS Y GESTI\u00d3N DE LA MEMORIA Y EL PASADO DE AGENTES E INTERMEDIARIOS EN LA MONARQU\u00cdA HISP\u00c1NICA (SIGLOS XVI-XVII)<\/h1><\/div>\n<\/div>\n\n\n\n<div class=\"wp-block-uagb-buttons uagb-buttons__outer-wrap uagb-btn__default-btn uagb-btn-tablet__default-btn uagb-btn-mobile__default-btn uagb-block-d69250fc\"><div class=\"uagb-buttons__wrap uagb-buttons-layout-wrap\">\n<div class=\"wp-block-uagb-buttons-child uagb-buttons__outer-wrap uagb-block-2150f773 wp-block-button\"><div class=\"uagb-button__wrapper\"><a class=\"uagb-buttons-repeater wp-block-button__link\" href=\"\/~redimemo\/proyecto\/\" onclick=\"return true;\" rel=\"follow noopener\" target=\"_self\"><div class=\"uagb-button__link\">M\u00e1s informaci\u00f3n<\/div><\/a><\/div><\/div>\n<\/div><\/div>\n<\/div>\n<\/div><\/div>\n<\/div>\n\n\n\n<div class=\"inherit-container-width wp-block-group alignfull ext-my-0 ext is-layout-constrained wp-block-group-is-layout-constrained\">\n<div class=\"wp-block-media-text alignwide is-stacked-on-mobile ext-py-lg ext\" style=\"padding-top:0px;padding-bottom:0px\"><figure class=\"wp-block-media-text__media\"><img decoding=\"async\" loading=\"lazy\" width=\"593\" height=\"633\" src=\"https:\/\/wpd.ugr.es\/~redimemo\/wp-content\/uploads\/2023\/09\/imagen-web-4.jpg\" alt=\"\" class=\"wp-image-639 size-full\" srcset=\"https:\/\/wpd.ugr.es\/~redimemo\/wp-content\/uploads\/2023\/09\/imagen-web-4.jpg 593w, https:\/\/wpd.ugr.es\/~redimemo\/wp-content\/uploads\/2023\/09\/imagen-web-4-281x300.jpg 281w\" sizes=\"(max-width: 593px) 100vw, 593px\" \/><\/figure><div class=\"wp-block-media-text__content\">\n<h2 class=\"wp-block-heading has-ast-global-color-0-color has-text-color has-ext-large-font-size ext-mt-base tablet:ext-mt-0\" id=\"a-second-heading\">Or\u00edgenes del proyecto e hip\u00f3tesis de partida<\/h2>\n\n\n\n<p id=\"a-second-heading\">La gesti\u00f3n de la memoria y del pasado han estado muy presentes en numerosas investigaciones hasta la fecha, dando lugar a una asentada historiograf\u00eda que ha abordado las cr\u00f3nicas regias, las hagiograf\u00edas, las memorias o las historias geneal\u00f3gicas nobiliarias durante el Antiguo R\u00e9gimen.<\/p>\n\n\n\n<div class=\"wp-block-buttons is-layout-flex wp-block-buttons-is-layout-flex\">\n<div class=\"wp-block-button\"><a class=\"wp-block-button__link wp-element-button\" href=\"\/~redimemo\/proyecto\/\">Leer m\u00e1s<\/a><\/div>\n<\/div>\n<\/div><\/div>\n<\/div>\n\n\n\n<div class=\"inherit-container-width wp-block-group alignfull has-ast-global-color-6-background-color has-background ext editor:no-inserter ext-my-0 ext-py-lg is-layout-constrained wp-block-group-is-layout-constrained\" style=\"margin-bottom:var(--wp--preset--spacing--80);padding-top:50px;padding-right:0px;padding-bottom:50px;padding-left:0px\">\n<h2 class=\"wp-block-heading has-text-align-center has-ast-global-color-0-color has-text-color has-ext-large-font-size ext-mt-base tablet:ext-mt-0\" id=\"a-second-heading\">Equipo de investigaci\u00f3n<\/h2>\n\n\n\n<p class=\"has-text-align-center\" style=\"margin-bottom:var(--wp--preset--spacing--60)\">Los miembros del equipo de investigaci\u00f3n cuentan con un amplio historial cient\u00edfico desarrollado durante los \u00faltimo a\u00f1os<\/p>\n\n\n\n<div class=\"wp-block-columns alignwide tablet:fullwidth-cols ext-mt-lg is-layout-flex wp-container-9 wp-block-columns-is-layout-flex\" style=\"margin-top:0px;margin-bottom:0px;padding-top:0;padding-right:0;padding-bottom:0;padding-left:0\">\n<div class=\"wp-block-column ext-mb-lg tablet:ext-mb-0 is-layout-flow wp-container-6 wp-block-column-is-layout-flow\" style=\"padding-top:0;padding-right:0;padding-bottom:0;padding-left:0\">\n<figure class=\"is-style-rounded wp-block-image aligncenter size-full is-resized editor:no-caption editor:no-resize ext-mb-base\"><img decoding=\"async\" loading=\"lazy\" src=\"https:\/\/wpd.ugr.es\/~redimemo\/wp-content\/uploads\/2023\/07\/antonio-jimenez-estrella.jpg\" alt=\"\" class=\"wp-image-97\" style=\"width:200px;height:200px\" width=\"200\" height=\"200\" srcset=\"https:\/\/wpd.ugr.es\/~redimemo\/wp-content\/uploads\/2023\/07\/antonio-jimenez-estrella.jpg 530w, https:\/\/wpd.ugr.es\/~redimemo\/wp-content\/uploads\/2023\/07\/antonio-jimenez-estrella-300x300.jpg 300w, https:\/\/wpd.ugr.es\/~redimemo\/wp-content\/uploads\/2023\/07\/antonio-jimenez-estrella-150x150.jpg 150w\" sizes=\"(max-width: 200px) 100vw, 200px\" \/><\/figure>\n\n\n\n<p class=\"has-text-align-center has-ext-medium-font-size\" style=\"margin-top:0px;margin-right:0px;margin-bottom:0px;margin-left:0px;padding-top:0px;padding-right:0px;padding-bottom:0px;padding-left:0px\">ANTONIO JIM\u00c9NEZ ESTRELLA (IP-1)<\/p>\n\n\n\n<p class=\"has-text-align-center\">Universidad de Granada<\/p>\n\n\n\n<p class=\"has-text-align-center\"><a href=\"mailto:jimenez@ugr.es\">jimenez@ugr.es<\/a><\/p>\n<\/div>\n\n\n\n<div class=\"wp-block-column ext-mb-lg tablet:ext-mb-0 ext-pt-base tablet:ext-pt-0 tablet:ext--ml-base is-layout-flow wp-block-column-is-layout-flow\">\n<figure class=\"is-style-rounded wp-block-image aligncenter size-full is-resized editor:no-caption editor:no-resize ext-mb-base\"><img decoding=\"async\" loading=\"lazy\" src=\"https:\/\/wpd.ugr.es\/~redimemo\/wp-content\/uploads\/2023\/07\/julian-lozano-navarro.jpg\" alt=\"\" class=\"wp-image-98\" style=\"width:200px;height:200px\" width=\"200\" height=\"200\" srcset=\"https:\/\/wpd.ugr.es\/~redimemo\/wp-content\/uploads\/2023\/07\/julian-lozano-navarro.jpg 530w, https:\/\/wpd.ugr.es\/~redimemo\/wp-content\/uploads\/2023\/07\/julian-lozano-navarro-300x300.jpg 300w, https:\/\/wpd.ugr.es\/~redimemo\/wp-content\/uploads\/2023\/07\/julian-lozano-navarro-150x150.jpg 150w\" sizes=\"(max-width: 200px) 100vw, 200px\" \/><\/figure>\n\n\n\n<p class=\"has-text-align-center has-ext-medium-font-size\" style=\"margin-top:0px;margin-right:0px;margin-bottom:0px;margin-left:0px;padding-top:0px;padding-right:0px;padding-bottom:0px;padding-left:0px\">JULI\u00c1N J. LOZANO NAVARRO (IP-2)<\/p>\n\n\n\n<p class=\"has-text-align-center\" style=\"margin-top:0px;margin-right:0px;margin-bottom:0px;margin-left:0px;padding-top:0px;padding-right:0px;padding-bottom:0px;padding-left:0px\">Universidad de Granada<\/p>\n\n\n\n<p class=\"has-text-align-center\"><a href=\"mailto:jjlozano@ugr.es\">jjlozano@ugr.es<\/a><\/p>\n<\/div>\n\n\n\n<div class=\"wp-block-column ext-mb-lg ext-pt-base tablet:ext-mb-0 tablet:ext--ml-base tablet:ext-pt-0 is-layout-flow wp-block-column-is-layout-flow\">\n<figure class=\"is-style-rounded wp-block-image aligncenter size-full is-resized editor:no-caption editor:no-resize ext-mb-base\"><img decoding=\"async\" loading=\"lazy\" src=\"https:\/\/wpd.ugr.es\/~redimemo\/wp-content\/uploads\/2023\/07\/francisco-sanchez-montes-gonzalez.jpg\" alt=\"\" class=\"wp-image-106\" style=\"width:200px;height:200px\" width=\"200\" height=\"200\" srcset=\"https:\/\/wpd.ugr.es\/~redimemo\/wp-content\/uploads\/2023\/07\/francisco-sanchez-montes-gonzalez.jpg 530w, https:\/\/wpd.ugr.es\/~redimemo\/wp-content\/uploads\/2023\/07\/francisco-sanchez-montes-gonzalez-300x300.jpg 300w, https:\/\/wpd.ugr.es\/~redimemo\/wp-content\/uploads\/2023\/07\/francisco-sanchez-montes-gonzalez-150x150.jpg 150w\" sizes=\"(max-width: 200px) 100vw, 200px\" \/><\/figure>\n\n\n\n<p class=\"has-text-align-center has-ext-medium-font-size\" style=\"margin-top:0px;margin-right:0px;margin-bottom:0px;margin-left:0px;padding-top:0px;padding-right:0px;padding-bottom:0px;padding-left:0px\">FRANCISCO S\u00c1NCHEZ-MONTES GONZ\u00c1LEZ<\/p>\n\n\n\n<p class=\"has-text-align-center\" style=\"margin-top:0px;margin-right:0px;margin-bottom:0px;margin-left:0px;padding-top:0px;padding-right:0px;padding-bottom:0px;padding-left:0px\">Universidad de Granada<\/p>\n\n\n\n<p class=\"has-text-align-center\"><a href=\"mailto:fsmg@ugr.es\">fsmg@ugr.es <\/a><\/p>\n<\/div>\n<\/div>\n\n\n\n<div class=\"wp-block-buttons is-content-justification-center is-layout-flex wp-container-10 wp-block-buttons-is-layout-flex\" style=\"margin-top:30px;margin-bottom:0px\">\n<div class=\"wp-block-button\"><a class=\"wp-block-button__link wp-element-button\" href=\"\/~redimemo\/miembros\/\">Equipos de investigaci\u00f3n y trabajo<\/a><\/div>\n<\/div>\n<\/div>\n\n\n\n<div class=\"wp-block-uagb-container uagb-block-67b0b731 alignfull uagb-is-root-container\"><div class=\"uagb-container-inner-blocks-wrap\">\n<div class=\"wp-block-uagb-container uagb-block-382f870a\">\n<div class=\"wp-block-uagb-info-box uagb-block-5e2b89ce uagb-infobox__content-wrap  uagb-infobox-icon-above-title uagb-infobox-image-valign-top\"><div class=\"uagb-ifb-content\"><div class=\"uagb-ifb-image-content\"><img decoding=\"async\" src=\"https:\/\/wpd.ugr.es\/~redimemo\/wp-content\/uploads\/2023\/09\/Imagen-web-3-inicio.jpg\" alt=\"\" width=\"480\" height=\"620\" loading=\"lazy\"\/><\/div><div class=\"uagb-ifb-title-wrap\"><h3 class=\"uagb-ifb-title\">Actividades y actualidad<\/h3><\/div><p class=\"uagb-ifb-desc\">En el seno de REDIMEMO se han organizado actividades cient\u00edficas a trav\u00e9s de seminarios, congresos y coloquios cient\u00edficos.<\/p><div class=\"uagb-ifb-button-wrapper wp-block-button\"><a href=\"actividades-y-actualidad\" class=\"uagb-infobox-cta-link wp-block-button__link\" target=\"_self\" rel=\"noopener noreferrer\" onclick=\"return true;\" alt=\"\"><span class=\"uagb-inline-editing\">Leer m\u00e1s<\/span><\/a><\/div><\/div><\/div>\n<\/div>\n\n\n\n<div class=\"wp-block-uagb-container uagb-block-83b39789\">\n<div class=\"wp-block-uagb-info-box uagb-block-a60b7fff uagb-infobox__content-wrap  uagb-infobox-icon-above-title uagb-infobox-image-valign-top\"><div class=\"uagb-ifb-content\"><div class=\"uagb-ifb-image-content\"><img decoding=\"async\" src=\"https:\/\/wpd.ugr.es\/~redimemo\/wp-content\/uploads\/2023\/07\/publicaciones.jpg\" alt=\"Publicaciones\" width=\"480\" height=\"620\" loading=\"lazy\"\/><\/div><div class=\"uagb-ifb-title-wrap\"><h3 class=\"uagb-ifb-title\">Publicaciones<\/h3><\/div><p class=\"uagb-ifb-desc\">Bibliograf\u00eda de inter\u00e9s, publicaciones colectivas y las principales publicaciones relacionadas con el proyecto REDIMEMO.<\/p><div class=\"uagb-ifb-button-wrapper wp-block-button\"><a href=\"publicaciones\" class=\"uagb-infobox-cta-link wp-block-button__link\" target=\"_self\" rel=\"noopener noreferrer\" onclick=\"return true;\" alt=\"\"><span class=\"uagb-inline-editing\">Leer m\u00e1s<\/span><\/a><\/div><\/div><\/div>\n<\/div>\n\n\n\n<div class=\"wp-block-uagb-container uagb-block-309a628e\">\n<div class=\"wp-block-uagb-info-box uagb-block-b9da1785 uagb-infobox__content-wrap  uagb-infobox-icon-above-title uagb-infobox-image-valign-top\"><div class=\"uagb-ifb-content\"><div class=\"uagb-ifb-image-content\"><img decoding=\"async\" src=\"https:\/\/wpd.ugr.es\/~redimemo\/wp-content\/uploads\/2023\/09\/imagen-web-1-inicio.jpg\" alt=\"\" width=\"480\" height=\"620\" loading=\"lazy\"\/><\/div><div class=\"uagb-ifb-title-wrap\"><h3 class=\"uagb-ifb-title\">Enlaces de inter\u00e9s<\/h3><\/div><p class=\"uagb-ifb-desc\">Selecci\u00f3n de enlaces a recursos electr\u00f3nicos disponibles en Internet relacionados con el proyecto de investigaci\u00f3n.<\/p><div class=\"uagb-ifb-button-wrapper wp-block-button\"><a href=\"enlaces\" class=\"uagb-infobox-cta-link wp-block-button__link\" target=\"_self\" rel=\"noopener noreferrer\" onclick=\"return true;\" alt=\"\"><span class=\"uagb-inline-editing\">Leer m\u00e1s<\/span><\/a><\/div><\/div><\/div>\n<\/div>\n<\/div><\/div>\n\n\n\n<div style=\"height:100px\" aria-hidden=\"true\" class=\"wp-block-spacer\"><\/div>\n","protected":false},"excerpt":{"rendered":"<p>Or\u00edgenes del proyecto e hip\u00f3tesis de partida La gesti\u00f3n de la memoria y del pasado han estado muy presentes en numerosas investigaciones hasta la fecha, dando lugar a una asentada historiograf\u00eda que ha abordado las cr\u00f3nicas regias, las hagiograf\u00edas, las memorias o las historias geneal\u00f3gicas nobiliarias durante el Antiguo R\u00e9gimen. Equipo de investigaci\u00f3n Los miembros &hellip;<\/p>\n<p class=\"read-more\"> <a class=\"\" href=\"https:\/\/wpd.ugr.es\/~redimemo\/\"> <span class=\"screen-reader-text\">Inicio<\/span> Leer m\u00e1s &raquo;<\/a><\/p>\n","protected":false},"author":1,"featured_media":0,"parent":0,"menu_order":0,"comment_status":"closed","ping_status":"closed","template":"","meta":{"_uag_custom_page_level_css":"","site-sidebar-layout":"default","site-content-layout":"default","ast-global-header-display":"","ast-banner-title-visibility":"","ast-main-header-display":"","ast-hfb-above-header-display":"","ast-hfb-below-header-display":"","ast-hfb-mobile-header-display":"","site-post-title":"disabled","ast-breadcrumbs-content":"","ast-featured-img":"","footer-sml-layout":"","theme-transparent-header-meta":"","adv-header-id-meta":"","stick-header-meta":"","header-above-stick-meta":"","header-main-stick-meta":"","header-below-stick-meta":"","footnotes":""},"uagb_featured_image_src":{"full":false,"thumbnail":false,"medium":false,"medium_large":false,"large":false,"1536x1536":false,"2048x2048":false},"uagb_author_info":{"display_name":"redimemo@ugr.es","author_link":"https:\/\/wpd.ugr.es\/~redimemo\/author\/redimemougr-es\/"},"uagb_comment_info":0,"uagb_excerpt":"Or\u00edgenes del proyecto e hip\u00f3tesis de partida La gesti\u00f3n de la memoria y del pasado han estado muy presentes en numerosas investigaciones hasta la fecha, dando lugar a una asentada historiograf\u00eda que ha abordado las cr\u00f3nicas regias, las hagiograf\u00edas, las memorias o las historias geneal\u00f3gicas nobiliarias durante el Antiguo R\u00e9gimen. Equipo de investigaci\u00f3n Los miembros&hellip;","_links":{"self":[{"href":"https:\/\/wpd.ugr.es\/~redimemo\/wp-json\/wp\/v2\/pages\/27"}],"collection":[{"href":"https:\/\/wpd.ugr.es\/~redimemo\/wp-json\/wp\/v2\/pages"}],"about":[{"href":"https:\/\/wpd.ugr.es\/~redimemo\/wp-json\/wp\/v2\/types\/page"}],"author":[{"embeddable":true,"href":"https:\/\/wpd.ugr.es\/~redimemo\/wp-json\/wp\/v2\/users\/1"}],"replies":[{"embeddable":true,"href":"https:\/\/wpd.ugr.es\/~redimemo\/wp-json\/wp\/v2\/comments?post=27"}],"version-history":[{"count":3,"href":"https:\/\/wpd.ugr.es\/~redimemo\/wp-json\/wp\/v2\/pages\/27\/revisions"}],"predecessor-version":[{"id":740,"href":"https:\/\/wpd.ugr.es\/~redimemo\/wp-json\/wp\/v2\/pages\/27\/revisions\/740"}],"wp:attachment":[{"href":"https:\/\/wpd.ugr.es\/~redimemo\/wp-json\/wp\/v2\/media?parent=27"}],"curies":[{"name":"wp","href":"https:\/\/api.w.org\/{rel}","templated":true}]}}