{"id":419,"date":"2023-07-26T11:58:17","date_gmt":"2023-07-26T09:58:17","guid":{"rendered":"https:\/\/redimemo.joseluisrivera.es\/?page_id=419"},"modified":"2023-07-26T11:58:17","modified_gmt":"2023-07-26T09:58:17","slug":"publicaciones","status":"publish","type":"page","link":"https:\/\/wpd.ugr.es\/~redimemo\/publicaciones\/","title":{"rendered":"Publicaciones"},"content":{"rendered":"\n<div class=\"inherit-container-width wp-block-group alignfull ext-my-0 ext is-layout-constrained wp-container-5 wp-block-group-is-layout-constrained\" style=\"padding-top:0px;padding-right:0px;padding-bottom:0px;padding-left:0px\">\n<div class=\"inherit-container-width wp-block-group alignfull is-layout-constrained wp-container-4 wp-block-group-is-layout-constrained\" style=\"padding-top:0;padding-right:0;padding-bottom:0;padding-left:0\">\n<div class=\"wp-block-cover alignfull is-light is-style-default editor:no-inserter\" style=\"min-height:350px\"><span aria-hidden=\"true\" class=\"wp-block-cover__background has-ast-global-color-1-background-color has-background-dim-80 has-background-dim\"><\/span><img decoding=\"async\" loading=\"lazy\" width=\"1940\" height=\"712\" class=\"wp-block-cover__image-background wp-image-630\" alt=\"\" src=\"https:\/\/wpd.ugr.es\/~redimemo\/wp-content\/uploads\/2023\/09\/imagen-web-1.jpg\" data-object-fit=\"cover\" srcset=\"https:\/\/wpd.ugr.es\/~redimemo\/wp-content\/uploads\/2023\/09\/imagen-web-1.jpg 1940w, https:\/\/wpd.ugr.es\/~redimemo\/wp-content\/uploads\/2023\/09\/imagen-web-1-300x110.jpg 300w, https:\/\/wpd.ugr.es\/~redimemo\/wp-content\/uploads\/2023\/09\/imagen-web-1-1024x376.jpg 1024w, https:\/\/wpd.ugr.es\/~redimemo\/wp-content\/uploads\/2023\/09\/imagen-web-1-768x282.jpg 768w, https:\/\/wpd.ugr.es\/~redimemo\/wp-content\/uploads\/2023\/09\/imagen-web-1-1536x564.jpg 1536w\" sizes=\"(max-width: 1940px) 100vw, 1940px\" \/><div class=\"wp-block-cover__inner-container is-layout-flow wp-block-cover-is-layout-flow\">\n<div class=\"inherit-container-width wp-block-group ext-px-base editor:no-inserter is-layout-constrained wp-container-2 wp-block-group-is-layout-constrained\" style=\"padding-top:0px;padding-right:0px;padding-bottom:0px;padding-left:0px\">\n<div class=\"inherit-container-width wp-block-group alignwide editor:no-inserter is-layout-constrained wp-container-1 wp-block-group-is-layout-constrained\" style=\"padding-top:0px;padding-right:0px;padding-bottom:0px;padding-left:0px\">\n<div class=\"wp-block-uagb-advanced-heading uagb-block-96f7df4b\"><h1 class=\"uagb-heading-text\">Publicaciones<\/h1><\/div>\n\n\n\n<div class=\"wp-block-uagb-advanced-heading uagb-block-322654fe\"><h2 class=\"uagb-heading-text\">Proyecto de Investigaci\u00f3n \u00abRelatos, discursos y gesti\u00f3n de la memoria y el pasado de agentes e intermediarios en la Monarqu\u00eda Hisp\u00e1nica (s. XVI-XVII)\u00bb<\/h2><\/div>\n<\/div>\n<\/div>\n<\/div><\/div>\n<\/div>\n<\/div>\n\n\n\n<div class=\"wp-block-uagb-container uagb-block-b52c275c alignfull uagb-is-root-container\"><div class=\"uagb-container-inner-blocks-wrap\">\n<div class=\"wp-block-uagb-container uagb-block-465d4477\">\n<div class=\"wp-block-uagb-image uagb-block-22b5c9f3 wp-block-uagb-image--layout-default wp-block-uagb-image--effect-static wp-block-uagb-image--align-none\"><figure class=\"wp-block-uagb-image__figure\"><img decoding=\"async\" srcset=\"https:\/\/wpd.ugr.es\/~redimemo\/wp-content\/uploads\/2023\/07\/bibliografia.jpg \" sizes=\"(max-width: 480px) 150px\" src=\"https:\/\/wpd.ugr.es\/~redimemo\/wp-content\/uploads\/2023\/07\/bibliografia.jpg\" alt=\"Bibliograf\u00eda\" class=\"uag-image-541\" width=\"600\" height=\"400\" title=\"\" loading=\"lazy\"\/><\/figure><\/div>\n\n\n\n<div class=\"wp-block-uagb-info-box uagb-block-d1587b67 uagb-infobox__content-wrap  uagb-infobox-icon-above-title uagb-infobox-image-valign-top\"><div class=\"uagb-ifb-content\"><div class=\"uagb-ifb-title-wrap\"><h3 class=\"uagb-ifb-title\">Bibliograf\u00eda de inter\u00e9s<\/h3><\/div><p class=\"uagb-ifb-desc\">sobre la tem\u00e1tica del proyecto<\/p><div class=\"uagb-ifb-button-wrapper wp-block-button\"><a href=\"bibliografia\" class=\"uagb-infobox-cta-link wp-block-button__link\" target=\"_self\" rel=\"noopener noreferrer\" onclick=\"return true;\" alt=\"\"><span class=\"uagb-inline-editing\">M\u00e1s informaci\u00f3n<\/span><\/a><\/div><\/div><\/div>\n<\/div>\n\n\n\n<div class=\"wp-block-uagb-container uagb-block-385045be\">\n<div class=\"wp-block-uagb-image uagb-block-b662e787 wp-block-uagb-image--layout-default wp-block-uagb-image--effect-static wp-block-uagb-image--align-none\"><figure class=\"wp-block-uagb-image__figure\"><img decoding=\"async\" srcset=\"https:\/\/wpd.ugr.es\/~redimemo\/wp-content\/uploads\/2023\/07\/publicaciones-colectivas.jpg \" sizes=\"(max-width: 480px) 150px\" src=\"https:\/\/wpd.ugr.es\/~redimemo\/wp-content\/uploads\/2023\/07\/publicaciones-colectivas.jpg\" alt=\"Publicaciones colectivas\" class=\"uag-image-543\" width=\"600\" height=\"400\" title=\"\" loading=\"lazy\"\/><\/figure><\/div>\n\n\n\n<div class=\"wp-block-uagb-info-box uagb-block-018096a3 uagb-infobox__content-wrap  uagb-infobox-icon-above-title uagb-infobox-image-valign-top\"><div class=\"uagb-ifb-content\"><div class=\"uagb-ifb-title-wrap\"><h3 class=\"uagb-ifb-title\">Publicaciones colectivas<\/h3><\/div><p class=\"uagb-ifb-desc\">del proyecto REDIMEMO<\/p><div class=\"uagb-ifb-button-wrapper wp-block-button\"><a href=\"publicaciones-colectivas\" class=\"uagb-infobox-cta-link wp-block-button__link\" target=\"_self\" rel=\"noopener noreferrer\" onclick=\"return true;\" alt=\"\"><span class=\"uagb-inline-editing\">M\u00e1s informaci\u00f3n<\/span><\/a><\/div><\/div><\/div>\n<\/div>\n\n\n\n<div class=\"wp-block-uagb-container uagb-block-f5159e8c\">\n<div class=\"wp-block-uagb-image uagb-block-69cfde29 wp-block-uagb-image--layout-default wp-block-uagb-image--effect-static wp-block-uagb-image--align-none\"><figure class=\"wp-block-uagb-image__figure\"><img decoding=\"async\" srcset=\"https:\/\/wpd.ugr.es\/~redimemo\/wp-content\/uploads\/2023\/07\/principales-publicaciones.jpg \" sizes=\"(max-width: 480px) 150px\" src=\"https:\/\/wpd.ugr.es\/~redimemo\/wp-content\/uploads\/2023\/07\/principales-publicaciones.jpg\" alt=\"Principales publicaciones\" class=\"uag-image-544\" width=\"600\" height=\"400\" title=\"\" loading=\"lazy\"\/><\/figure><\/div>\n\n\n\n<div class=\"wp-block-uagb-info-box uagb-block-148532d3 uagb-infobox__content-wrap  uagb-infobox-icon-above-title uagb-infobox-image-valign-top\"><div class=\"uagb-ifb-content\"><div class=\"uagb-ifb-title-wrap\"><h3 class=\"uagb-ifb-title\">Principales publicaciones<\/h3><\/div><p class=\"uagb-ifb-desc\">del proyecto REDIMEMO<\/p><div class=\"uagb-ifb-button-wrapper wp-block-button\"><a href=\"principales-publicaciones\" class=\"uagb-infobox-cta-link wp-block-button__link\" target=\"_self\" rel=\"noopener noreferrer\" onclick=\"return true;\" alt=\"\"><span class=\"uagb-inline-editing\">M\u00e1s informaci\u00f3n<\/span><\/a><\/div><\/div><\/div>\n<\/div>\n<\/div><\/div>\n","protected":false},"excerpt":{"rendered":"","protected":false},"author":1,"featured_media":0,"parent":0,"menu_order":0,"comment_status":"closed","ping_status":"closed","template":"","meta":{"_uag_custom_page_level_css":"","site-sidebar-layout":"default","site-content-layout":"default","ast-global-header-display":"","ast-banner-title-visibility":"","ast-main-header-display":"","ast-hfb-above-header-display":"","ast-hfb-below-header-display":"","ast-hfb-mobile-header-display":"","site-post-title":"disabled","ast-breadcrumbs-content":"","ast-featured-img":"","footer-sml-layout":"","theme-transparent-header-meta":"","adv-header-id-meta":"","stick-header-meta":"","header-above-stick-meta":"","header-main-stick-meta":"","header-below-stick-meta":"","footnotes":""},"uagb_featured_image_src":{"full":false,"thumbnail":false,"medium":false,"medium_large":false,"large":false,"1536x1536":false,"2048x2048":false},"uagb_author_info":{"display_name":"redimemo@ugr.es","author_link":"https:\/\/wpd.ugr.es\/~redimemo\/author\/redimemougr-es\/"},"uagb_comment_info":0,"uagb_excerpt":null,"_links":{"self":[{"href":"https:\/\/wpd.ugr.es\/~redimemo\/wp-json\/wp\/v2\/pages\/419"}],"collection":[{"href":"https:\/\/wpd.ugr.es\/~redimemo\/wp-json\/wp\/v2\/pages"}],"about":[{"href":"https:\/\/wpd.ugr.es\/~redimemo\/wp-json\/wp\/v2\/types\/page"}],"author":[{"embeddable":true,"href":"https:\/\/wpd.ugr.es\/~redimemo\/wp-json\/wp\/v2\/users\/1"}],"replies":[{"embeddable":true,"href":"https:\/\/wpd.ugr.es\/~redimemo\/wp-json\/wp\/v2\/comments?post=419"}],"version-history":[{"count":0,"href":"https:\/\/wpd.ugr.es\/~redimemo\/wp-json\/wp\/v2\/pages\/419\/revisions"}],"wp:attachment":[{"href":"https:\/\/wpd.ugr.es\/~redimemo\/wp-json\/wp\/v2\/media?parent=419"}],"curies":[{"name":"wp","href":"https:\/\/api.w.org\/{rel}","templated":true}]}}