{"id":438,"date":"2023-07-26T12:12:14","date_gmt":"2023-07-26T10:12:14","guid":{"rendered":"https:\/\/redimemo.joseluisrivera.es\/?page_id=438"},"modified":"2024-05-13T07:55:11","modified_gmt":"2024-05-13T05:55:11","slug":"publicaciones-colectivas","status":"publish","type":"page","link":"https:\/\/wpd.ugr.es\/~redimemo\/publicaciones-colectivas\/","title":{"rendered":"Publicaciones colectivas"},"content":{"rendered":"\n<div class=\"inherit-container-width wp-block-group alignfull ext-my-0 ext is-layout-constrained wp-container-5 wp-block-group-is-layout-constrained\" style=\"padding-top:0px;padding-right:0px;padding-bottom:0px;padding-left:0px\">\n<div class=\"inherit-container-width wp-block-group alignfull is-layout-constrained wp-container-4 wp-block-group-is-layout-constrained\" style=\"padding-top:0;padding-right:0;padding-bottom:0;padding-left:0\">\n<div class=\"wp-block-cover alignfull is-light is-style-default editor:no-inserter\" style=\"min-height:350px\"><span aria-hidden=\"true\" class=\"wp-block-cover__background has-ast-global-color-1-background-color has-background-dim-80 has-background-dim\"><\/span><img decoding=\"async\" loading=\"lazy\" width=\"1940\" height=\"712\" class=\"wp-block-cover__image-background wp-image-630\" alt=\"\" src=\"https:\/\/wpd.ugr.es\/~redimemo\/wp-content\/uploads\/2023\/09\/imagen-web-1.jpg\" data-object-fit=\"cover\" srcset=\"https:\/\/wpd.ugr.es\/~redimemo\/wp-content\/uploads\/2023\/09\/imagen-web-1.jpg 1940w, https:\/\/wpd.ugr.es\/~redimemo\/wp-content\/uploads\/2023\/09\/imagen-web-1-300x110.jpg 300w, https:\/\/wpd.ugr.es\/~redimemo\/wp-content\/uploads\/2023\/09\/imagen-web-1-1024x376.jpg 1024w, https:\/\/wpd.ugr.es\/~redimemo\/wp-content\/uploads\/2023\/09\/imagen-web-1-768x282.jpg 768w, https:\/\/wpd.ugr.es\/~redimemo\/wp-content\/uploads\/2023\/09\/imagen-web-1-1536x564.jpg 1536w\" sizes=\"(max-width: 1940px) 100vw, 1940px\" \/><div class=\"wp-block-cover__inner-container is-layout-flow wp-block-cover-is-layout-flow\">\n<div class=\"inherit-container-width wp-block-group ext-px-base editor:no-inserter is-layout-constrained wp-container-2 wp-block-group-is-layout-constrained\" style=\"padding-top:0px;padding-right:0px;padding-bottom:0px;padding-left:0px\">\n<div class=\"inherit-container-width wp-block-group alignwide editor:no-inserter is-layout-constrained wp-container-1 wp-block-group-is-layout-constrained\" style=\"padding-top:0px;padding-right:0px;padding-bottom:0px;padding-left:0px\">\n<div class=\"wp-block-uagb-advanced-heading uagb-block-cd131e98\"><h1 class=\"uagb-heading-text\">Publicaciones<\/h1><\/div>\n\n\n\n<div class=\"wp-block-uagb-advanced-heading uagb-block-21817627\"><h2 class=\"uagb-heading-text\">Proyecto de Investigaci\u00f3n \u00abRelatos, discursos y gesti\u00f3n de la memoria y el pasado de agentes e intermediarios en la Monarqu\u00eda Hisp\u00e1nica (s. XVI-XVII)\u00bb<\/h2><\/div>\n<\/div>\n<\/div>\n<\/div><\/div>\n<\/div>\n<\/div>\n\n\n\n<h2 class=\"wp-block-heading has-ast-global-color-1-color has-text-color\" style=\"margin-top:50px;margin-right:0;margin-bottom:20px;margin-left:0\">Publicaciones colectivas<\/h2>\n\n\n\n\n\n<div class=\"wp-block-columns has-ast-global-color-2-background-color has-background is-layout-flex wp-container-9 wp-block-columns-is-layout-flex\" style=\"margin-top:var(--wp--preset--spacing--60);padding-top:30px;padding-right:30px;padding-bottom:30px;padding-left:30px\">\n<div class=\"wp-block-column is-layout-flow wp-block-column-is-layout-flow\" style=\"flex-basis:30%\">\n<figure class=\"wp-block-image size-full\"><img decoding=\"async\" loading=\"lazy\" width=\"369\" height=\"521\" src=\"https:\/\/wpd.ugr.es\/~redimemo\/wp-content\/uploads\/2024\/05\/LA-CONSTRUCCION-DE-LA-MEMORIA.jpg\" alt=\"\" class=\"wp-image-758\" srcset=\"https:\/\/wpd.ugr.es\/~redimemo\/wp-content\/uploads\/2024\/05\/LA-CONSTRUCCION-DE-LA-MEMORIA.jpg 369w, https:\/\/wpd.ugr.es\/~redimemo\/wp-content\/uploads\/2024\/05\/LA-CONSTRUCCION-DE-LA-MEMORIA-212x300.jpg 212w\" sizes=\"(max-width: 369px) 100vw, 369px\" \/><\/figure>\n<\/div>\n\n\n\n<div class=\"wp-block-column is-layout-flow wp-block-column-is-layout-flow\">\n<h3 class=\"wp-block-heading has-medium-font-size\" style=\"font-style:normal;font-weight:800\">Antonio Jim\u00e9nez Estrella, Juli\u00e1n J. Lozano Navarro y Francisco S\u00e1nchez-Montes Gonz\u00e1lez (eds.), La construcci\u00f3n de la memoria. <em>El pasado y sus relatos en la Monarqu\u00eda Hisp\u00e1nica<\/em>, Granada, Comares, 2024. ISBN: 978-84-1369-691-1<\/h3>\n\n\n\n<p>Como indica Francisco And\u00fajar en el pr\u00f3logo a esta obra, ha habido toda una corriente historiogr\u00e1fica en torno a la interpretaci\u00f3n de la memoria, su vinculaci\u00f3n a los grupos humanos y la sociedad. En ella se enmarca este libro, que recoge buena parte de los resultados del Proyecto Relatos, discursos y gesti\u00f3n de la memoria y el pasado de agentes e intermediarios en la Monarqu\u00eda Hisp\u00e1nica (siglos XVI-XVII), a trav\u00e9s de los trabajos de doce especialistas que reflexionan sobre la construcci\u00f3n de la memoria y sus relatos: los discursos en la reconstrucci\u00f3n de hechos de trascendencia militar y su uso propagand\u00edstico, el recurso al pasado y la memoria en el \u00e1mbito de la tratad\u00edstica militar hispana o su instrumentalizaci\u00f3n para ensalzar la antig\u00fcedad de una ciudad, loar a un linaje nobiliario o servir de ejemplo en el campo de la diplomacia y la corte; el papel de las memorias individuales en la exaltaci\u00f3n o recuperaci\u00f3n del olvido de representantes de \u00f3rdenes religiosas y sus mecanismos de control y manipulaci\u00f3n para preservar su reputaci\u00f3n; el uso de la memoria en los discursos de justificaci\u00f3n de los indianos que circulaban por la Monarqu\u00eda solicitando mercedes o el recurso, en el mundo virreinal americano, al poder de la iconograf\u00eda para apelar al pasado como instrumento de legitimaci\u00f3n; por \u00faltimo, los problemas planteados por olvido y desmemoria como instrumentos de manipulaci\u00f3n en la sociedad del Antiguo R\u00e9gimen. En medio de estas reflexiones y an\u00e1lisis en torno a la memoria, al pasado y sus relatos en la Monarqu\u00eda Hisp\u00e1nica, esperamos que el lector encuentre algunas respuestas a los interrogantes planteados.<\/p>\n\n\n\n<div class=\"wp-block-buttons is-layout-flex wp-block-buttons-is-layout-flex\">\n<div class=\"wp-block-button\"><a class=\"wp-block-button__link wp-element-button\" href=\"https:\/\/www.comares.com\/libro\/la-construccion-de-la-memoria_150686\/?fbclid=IwZXh0bgNhZW0CMTEAAR2Mo533xdhtox6KnEFllPKEYzt-9oFXcDYkmhk-8S3j0izEurovAVCOqWE_aem_AXPC-Q5uRocR9JiHBCx-q705nueGSSpRgW50lpLZgpjzyg-J3-ltI1DWsvI7E7vQbsATcE7rglGy1EOsMN_OGpzi\" target=\"_blank\" rel=\"noreferrer noopener\">M\u00e1s informaci\u00f3n<\/a><\/div>\n<\/div>\n<\/div>\n<\/div>\n\n\n\n<div class=\"wp-block-columns has-ast-global-color-2-background-color has-background is-layout-flex wp-container-13 wp-block-columns-is-layout-flex\" style=\"margin-top:var(--wp--preset--spacing--60);padding-top:30px;padding-right:30px;padding-bottom:30px;padding-left:30px\">\n<div class=\"wp-block-column is-layout-flow wp-block-column-is-layout-flow\" style=\"flex-basis:30%\">\n<figure class=\"wp-block-image size-large\"><img decoding=\"async\" loading=\"lazy\" width=\"646\" height=\"1024\" src=\"https:\/\/wpd.ugr.es\/~redimemo\/wp-content\/uploads\/2023\/07\/portada-libro-urdimbre-646x1024.jpg\" alt=\"Portada del libro\" class=\"wp-image-439\" srcset=\"https:\/\/wpd.ugr.es\/~redimemo\/wp-content\/uploads\/2023\/07\/portada-libro-urdimbre-646x1024.jpg 646w, https:\/\/wpd.ugr.es\/~redimemo\/wp-content\/uploads\/2023\/07\/portada-libro-urdimbre-189x300.jpg 189w, https:\/\/wpd.ugr.es\/~redimemo\/wp-content\/uploads\/2023\/07\/portada-libro-urdimbre-768x1218.jpg 768w, https:\/\/wpd.ugr.es\/~redimemo\/wp-content\/uploads\/2023\/07\/portada-libro-urdimbre-968x1536.jpg 968w, https:\/\/wpd.ugr.es\/~redimemo\/wp-content\/uploads\/2023\/07\/portada-libro-urdimbre.jpg 1000w\" sizes=\"(max-width: 646px) 100vw, 646px\" \/><\/figure>\n<\/div>\n\n\n\n<div class=\"wp-block-column is-layout-flow wp-block-column-is-layout-flow\">\n<h3 class=\"wp-block-heading has-medium-font-size\" style=\"font-style:normal;font-weight:800\">Antonio Jim\u00e9nez Estrella, Juli\u00e1n J. Lozano Navarro, Francisco S\u00e1nchez-Montes Gonz\u00e1lez (eds.), Urdimbre y memoria de un imperio global: redes y circulaci\u00f3n de agentes en la Monarqu\u00eda Hisp\u00e1nica, Granada, Universidad de Granada, 2023. ISBN: 978-84-338-7085-8<\/h3>\n\n\n\n<p>A trav\u00e9s de 22 trabajos de diferentes especialistas, estructurados en cinco grandes bloques tem\u00e1ticos, este libro analiza la Monarqu\u00eda Hisp\u00e1nica como un imperio global que se articul\u00f3 gracias a la creaci\u00f3n de una tupida red de oficiales y agentes que circularon por cada uno de sus territorios.<br><\/p>\n\n\n\n<p>El volumen surge de un intenso debate cient\u00edfico en el marco de acci\u00f3n de las redes Columnaria y Coredex2, a las que pertenecen los firmantes de la obra, quienes han tratado de integrar sus investigaciones y puntos de vista sobre las redes de poder y los agentes y oficiales de la Monarqu\u00eda que por espacio de tres siglos permitieron consolidar la memoria y la \u00aburdimbre\u00bb de ese imperio, tanto en la administraci\u00f3n territorial y del ej\u00e9rcito, como en el \u00e1mbito de la diplomacia, las finanzas y el comercio, tanto en sus territorios europeos como en aquellos que se encontraban en ultramar.<\/p>\n\n\n\n<div class=\"wp-block-buttons is-layout-flex wp-block-buttons-is-layout-flex\">\n<div class=\"wp-block-button\"><a class=\"wp-block-button__link wp-element-button\" href=\"https:\/\/editorial.ugr.es\/libro\/urdimbre-y-memoria-de-un-imperio-global_139388\/\" target=\"_blank\" rel=\"noreferrer noopener\">M\u00e1s informaci\u00f3n<\/a><\/div>\n<\/div>\n<\/div>\n<\/div>\n\n\n\n<div class=\"wp-block-uagb-container uagb-block-db54f15d alignfull uagb-is-root-container\"><div class=\"uagb-container-inner-blocks-wrap\">\n<div class=\"wp-block-uagb-container uagb-block-d11244f9\">\n<div class=\"wp-block-uagb-image uagb-block-20052552 wp-block-uagb-image--layout-default wp-block-uagb-image--effect-static wp-block-uagb-image--align-none\"><figure class=\"wp-block-uagb-image__figure\"><img decoding=\"async\" srcset=\"https:\/\/wpd.ugr.es\/~redimemo\/wp-content\/uploads\/2023\/07\/bibliografia.jpg \" sizes=\"(max-width: 480px) 150px\" src=\"https:\/\/wpd.ugr.es\/~redimemo\/wp-content\/uploads\/2023\/07\/bibliografia.jpg\" alt=\"Bibliograf\u00eda\" class=\"uag-image-541\" width=\"600\" height=\"400\" title=\"\" loading=\"lazy\"\/><\/figure><\/div>\n\n\n\n<div class=\"wp-block-uagb-info-box uagb-block-701f6fb0 uagb-infobox__content-wrap  uagb-infobox-icon-above-title uagb-infobox-image-valign-top\"><div class=\"uagb-ifb-content\"><div class=\"uagb-ifb-title-wrap\"><h3 class=\"uagb-ifb-title\">Bibliograf\u00eda de inter\u00e9s<\/h3><\/div><p class=\"uagb-ifb-desc\">sobre la tem\u00e1tica del proyecto<\/p><div class=\"uagb-ifb-button-wrapper wp-block-button\"><a href=\"bibliografia\" class=\"uagb-infobox-cta-link wp-block-button__link\" target=\"_self\" rel=\"noopener noreferrer\" onclick=\"return true;\" alt=\"\"><span class=\"uagb-inline-editing\">M\u00e1s informaci\u00f3n<\/span><\/a><\/div><\/div><\/div>\n<\/div>\n\n\n\n<div class=\"wp-block-uagb-container uagb-block-8fcd9b20\">\n<div class=\"wp-block-uagb-image uagb-block-436e4078 wp-block-uagb-image--layout-default wp-block-uagb-image--effect-static wp-block-uagb-image--align-none\"><figure class=\"wp-block-uagb-image__figure\"><img decoding=\"async\" srcset=\"https:\/\/wpd.ugr.es\/~redimemo\/wp-content\/uploads\/2023\/07\/publicaciones-colectivas.jpg \" sizes=\"(max-width: 480px) 150px\" src=\"https:\/\/wpd.ugr.es\/~redimemo\/wp-content\/uploads\/2023\/07\/publicaciones-colectivas.jpg\" alt=\"Publicaciones colectivas\" class=\"uag-image-543\" width=\"600\" height=\"400\" title=\"\" loading=\"lazy\"\/><\/figure><\/div>\n\n\n\n<div class=\"wp-block-uagb-info-box uagb-block-089024b4 uagb-infobox__content-wrap  uagb-infobox-icon-above-title uagb-infobox-image-valign-top\"><div class=\"uagb-ifb-content\"><div class=\"uagb-ifb-title-wrap\"><h3 class=\"uagb-ifb-title\">Publicaciones colectivas<\/h3><\/div><p class=\"uagb-ifb-desc\">del proyecto REDIMEMO<\/p><div class=\"uagb-ifb-button-wrapper wp-block-button\"><a href=\"publicaciones-colectivas\" class=\"uagb-infobox-cta-link wp-block-button__link\" target=\"_self\" rel=\"noopener noreferrer\" onclick=\"return true;\" alt=\"\"><span class=\"uagb-inline-editing\">M\u00e1s informaci\u00f3n<\/span><\/a><\/div><\/div><\/div>\n<\/div>\n\n\n\n<div class=\"wp-block-uagb-container uagb-block-4ce2c493\">\n<div class=\"wp-block-uagb-image uagb-block-e2029543 wp-block-uagb-image--layout-default wp-block-uagb-image--effect-static wp-block-uagb-image--align-none\"><figure class=\"wp-block-uagb-image__figure\"><img decoding=\"async\" srcset=\"https:\/\/wpd.ugr.es\/~redimemo\/wp-content\/uploads\/2023\/07\/principales-publicaciones.jpg \" sizes=\"(max-width: 480px) 150px\" src=\"https:\/\/wpd.ugr.es\/~redimemo\/wp-content\/uploads\/2023\/07\/principales-publicaciones.jpg\" alt=\"Principales publicaciones\" class=\"uag-image-544\" width=\"600\" height=\"400\" title=\"\" loading=\"lazy\"\/><\/figure><\/div>\n\n\n\n<div class=\"wp-block-uagb-info-box uagb-block-3ca49fe2 uagb-infobox__content-wrap  uagb-infobox-icon-above-title uagb-infobox-image-valign-top\"><div class=\"uagb-ifb-content\"><div class=\"uagb-ifb-title-wrap\"><h3 class=\"uagb-ifb-title\">Principales publicaciones<\/h3><\/div><p class=\"uagb-ifb-desc\">del proyecto REDIMEMO<\/p><div class=\"uagb-ifb-button-wrapper wp-block-button\"><a href=\"principales-publicaciones\" class=\"uagb-infobox-cta-link wp-block-button__link\" target=\"_self\" rel=\"noopener noreferrer\" onclick=\"return true;\" alt=\"\"><span class=\"uagb-inline-editing\">M\u00e1s informaci\u00f3n<\/span><\/a><\/div><\/div><\/div>\n<\/div>\n<\/div><\/div>\n","protected":false},"excerpt":{"rendered":"<p>Publicaciones colectivas Antonio Jim\u00e9nez Estrella, Juli\u00e1n J. Lozano Navarro y Francisco S\u00e1nchez-Montes Gonz\u00e1lez (eds.), La construcci\u00f3n de la memoria. El pasado y sus relatos en la Monarqu\u00eda Hisp\u00e1nica, Granada, Comares, 2024. ISBN: 978-84-1369-691-1 Como indica Francisco And\u00fajar en el pr\u00f3logo a esta obra, ha habido toda una corriente historiogr\u00e1fica en torno a la interpretaci\u00f3n de &hellip;<\/p>\n<p class=\"read-more\"> <a class=\"\" href=\"https:\/\/wpd.ugr.es\/~redimemo\/publicaciones-colectivas\/\"> <span class=\"screen-reader-text\">Publicaciones colectivas<\/span> Leer m\u00e1s &raquo;<\/a><\/p>\n","protected":false},"author":1,"featured_media":0,"parent":0,"menu_order":0,"comment_status":"closed","ping_status":"closed","template":"","meta":{"_uag_custom_page_level_css":"","site-sidebar-layout":"default","site-content-layout":"default","ast-global-header-display":"","ast-banner-title-visibility":"","ast-main-header-display":"","ast-hfb-above-header-display":"","ast-hfb-below-header-display":"","ast-hfb-mobile-header-display":"","site-post-title":"disabled","ast-breadcrumbs-content":"","ast-featured-img":"","footer-sml-layout":"","theme-transparent-header-meta":"","adv-header-id-meta":"","stick-header-meta":"","header-above-stick-meta":"","header-main-stick-meta":"","header-below-stick-meta":"","footnotes":""},"uagb_featured_image_src":{"full":false,"thumbnail":false,"medium":false,"medium_large":false,"large":false,"1536x1536":false,"2048x2048":false},"uagb_author_info":{"display_name":"redimemo@ugr.es","author_link":"https:\/\/wpd.ugr.es\/~redimemo\/author\/redimemougr-es\/"},"uagb_comment_info":0,"uagb_excerpt":"Publicaciones colectivas Antonio Jim\u00e9nez Estrella, Juli\u00e1n J. Lozano Navarro y Francisco S\u00e1nchez-Montes Gonz\u00e1lez (eds.), La construcci\u00f3n de la memoria. El pasado y sus relatos en la Monarqu\u00eda Hisp\u00e1nica, Granada, Comares, 2024. ISBN: 978-84-1369-691-1 Como indica Francisco And\u00fajar en el pr\u00f3logo a esta obra, ha habido toda una corriente historiogr\u00e1fica en torno a la interpretaci\u00f3n de&hellip;","_links":{"self":[{"href":"https:\/\/wpd.ugr.es\/~redimemo\/wp-json\/wp\/v2\/pages\/438"}],"collection":[{"href":"https:\/\/wpd.ugr.es\/~redimemo\/wp-json\/wp\/v2\/pages"}],"about":[{"href":"https:\/\/wpd.ugr.es\/~redimemo\/wp-json\/wp\/v2\/types\/page"}],"author":[{"embeddable":true,"href":"https:\/\/wpd.ugr.es\/~redimemo\/wp-json\/wp\/v2\/users\/1"}],"replies":[{"embeddable":true,"href":"https:\/\/wpd.ugr.es\/~redimemo\/wp-json\/wp\/v2\/comments?post=438"}],"version-history":[{"count":2,"href":"https:\/\/wpd.ugr.es\/~redimemo\/wp-json\/wp\/v2\/pages\/438\/revisions"}],"predecessor-version":[{"id":760,"href":"https:\/\/wpd.ugr.es\/~redimemo\/wp-json\/wp\/v2\/pages\/438\/revisions\/760"}],"wp:attachment":[{"href":"https:\/\/wpd.ugr.es\/~redimemo\/wp-json\/wp\/v2\/media?parent=438"}],"curies":[{"name":"wp","href":"https:\/\/api.w.org\/{rel}","templated":true}]}}