{"id":482,"date":"2023-07-26T12:46:09","date_gmt":"2023-07-26T10:46:09","guid":{"rendered":"https:\/\/redimemo.joseluisrivera.es\/?page_id=482"},"modified":"2023-07-26T12:46:09","modified_gmt":"2023-07-26T10:46:09","slug":"enlaces","status":"publish","type":"page","link":"https:\/\/wpd.ugr.es\/~redimemo\/enlaces\/","title":{"rendered":"Enlaces"},"content":{"rendered":"\n<div class=\"inherit-container-width wp-block-group alignfull ext-my-0 ext is-layout-constrained wp-container-5 wp-block-group-is-layout-constrained\" style=\"padding-top:0px;padding-right:0px;padding-bottom:0px;padding-left:0px\">\n<div class=\"inherit-container-width wp-block-group alignfull is-layout-constrained wp-container-4 wp-block-group-is-layout-constrained\" style=\"padding-top:0;padding-right:0;padding-bottom:0;padding-left:0\">\n<div class=\"wp-block-cover alignfull is-light is-style-default editor:no-inserter\" style=\"min-height:350px\"><span aria-hidden=\"true\" class=\"wp-block-cover__background has-ast-global-color-1-background-color has-background-dim-80 has-background-dim\"><\/span><img decoding=\"async\" loading=\"lazy\" width=\"1940\" height=\"712\" class=\"wp-block-cover__image-background wp-image-630\" alt=\"\" src=\"https:\/\/wpd.ugr.es\/~redimemo\/wp-content\/uploads\/2023\/09\/imagen-web-1.jpg\" data-object-fit=\"cover\" srcset=\"https:\/\/wpd.ugr.es\/~redimemo\/wp-content\/uploads\/2023\/09\/imagen-web-1.jpg 1940w, https:\/\/wpd.ugr.es\/~redimemo\/wp-content\/uploads\/2023\/09\/imagen-web-1-300x110.jpg 300w, https:\/\/wpd.ugr.es\/~redimemo\/wp-content\/uploads\/2023\/09\/imagen-web-1-1024x376.jpg 1024w, https:\/\/wpd.ugr.es\/~redimemo\/wp-content\/uploads\/2023\/09\/imagen-web-1-768x282.jpg 768w, https:\/\/wpd.ugr.es\/~redimemo\/wp-content\/uploads\/2023\/09\/imagen-web-1-1536x564.jpg 1536w\" sizes=\"(max-width: 1940px) 100vw, 1940px\" \/><div class=\"wp-block-cover__inner-container is-layout-flow wp-block-cover-is-layout-flow\">\n<div class=\"inherit-container-width wp-block-group ext-px-base editor:no-inserter is-layout-constrained wp-container-2 wp-block-group-is-layout-constrained\" style=\"padding-top:0px;padding-right:0px;padding-bottom:0px;padding-left:0px\">\n<div class=\"inherit-container-width wp-block-group alignwide editor:no-inserter is-layout-constrained wp-container-1 wp-block-group-is-layout-constrained\" style=\"padding-top:0px;padding-right:0px;padding-bottom:0px;padding-left:0px\">\n<div class=\"wp-block-uagb-advanced-heading uagb-block-6caa1888\"><h1 class=\"uagb-heading-text\">Enlaces de inter\u00e9s<\/h1><\/div>\n\n\n\n<div class=\"wp-block-uagb-advanced-heading uagb-block-74bd5aad\"><h2 class=\"uagb-heading-text\">Proyecto de Investigaci\u00f3n \u00abRelatos, discursos y gesti\u00f3n de la memoria y el pasado de agentes e intermediarios en la Monarqu\u00eda Hisp\u00e1nica (s. XVI-XVII)\u00bb<\/h2><\/div>\n<\/div>\n<\/div>\n<\/div><\/div>\n<\/div>\n<\/div>\n\n\n\n<div class=\"wp-block-columns is-layout-flex wp-container-12 wp-block-columns-is-layout-flex\" style=\"margin-top:100px;padding-top:0px;padding-right:0px;padding-bottom:0px;padding-left:0px\">\n<div class=\"wp-block-column has-ast-global-color-6-background-color has-background is-layout-flow wp-block-column-is-layout-flow\" style=\"padding-top:0;padding-right:0;padding-bottom:var(--wp--preset--spacing--40);padding-left:0\">\n<figure class=\"wp-block-image size-full\"><img decoding=\"async\" loading=\"lazy\" width=\"600\" height=\"400\" src=\"https:\/\/wpd.ugr.es\/~redimemo\/wp-content\/uploads\/2023\/07\/enlace-01.jpg\" alt=\"Enlace Historia Moderna\" class=\"wp-image-486\" srcset=\"https:\/\/wpd.ugr.es\/~redimemo\/wp-content\/uploads\/2023\/07\/enlace-01.jpg 600w, https:\/\/wpd.ugr.es\/~redimemo\/wp-content\/uploads\/2023\/07\/enlace-01-300x200.jpg 300w\" sizes=\"(max-width: 600px) 100vw, 600px\" \/><\/figure>\n\n\n\n<div style=\"height:20px\" aria-hidden=\"true\" class=\"wp-block-spacer\"><\/div>\n\n\n\n<p class=\"has-text-align-center\">Departamento de Historia Moderna y de Am\u00e9rica de la Universidad de Granada<\/p>\n\n\n\n<div class=\"wp-block-buttons is-content-justification-center is-layout-flex wp-container-6 wp-block-buttons-is-layout-flex\">\n<div class=\"wp-block-button\"><a class=\"wp-block-button__link wp-element-button\" href=\"https:\/\/hmoderame.ugr.es\" target=\"_blank\" rel=\"noreferrer noopener\">Enlace<\/a><\/div>\n<\/div>\n<\/div>\n\n\n\n<div class=\"wp-block-column has-ast-global-color-6-background-color has-background is-layout-flow wp-block-column-is-layout-flow\" style=\"padding-top:0;padding-right:0;padding-bottom:var(--wp--preset--spacing--40);padding-left:0\">\n<figure class=\"wp-block-image size-full\"><img decoding=\"async\" loading=\"lazy\" width=\"600\" height=\"400\" src=\"https:\/\/wpd.ugr.es\/~redimemo\/wp-content\/uploads\/2023\/09\/dialnet.jpg\" alt=\"\" class=\"wp-image-676\" srcset=\"https:\/\/wpd.ugr.es\/~redimemo\/wp-content\/uploads\/2023\/09\/dialnet.jpg 600w, https:\/\/wpd.ugr.es\/~redimemo\/wp-content\/uploads\/2023\/09\/dialnet-300x200.jpg 300w\" sizes=\"(max-width: 600px) 100vw, 600px\" \/><\/figure>\n\n\n\n<div style=\"height:20px\" aria-hidden=\"true\" class=\"wp-block-spacer\"><\/div>\n\n\n\n<p class=\"has-text-align-center\">Base de datos bibliogr\u00e1fica DIALNET<\/p>\n\n\n\n<div class=\"wp-block-buttons is-content-justification-center is-layout-flex wp-container-8 wp-block-buttons-is-layout-flex\">\n<div class=\"wp-block-button\"><a class=\"wp-block-button__link wp-element-button\" href=\"https:\/\/dialnet.unirioja.es\" target=\"_blank\" rel=\"noreferrer noopener\">Enlace<\/a><\/div>\n<\/div>\n<\/div>\n\n\n\n<div class=\"wp-block-column has-ast-global-color-6-background-color has-background is-layout-flow wp-block-column-is-layout-flow\" style=\"padding-top:0;padding-right:0;padding-bottom:var(--wp--preset--spacing--40);padding-left:0\">\n<figure class=\"wp-block-image size-full\"><img decoding=\"async\" loading=\"lazy\" width=\"600\" height=\"400\" src=\"https:\/\/wpd.ugr.es\/~redimemo\/wp-content\/uploads\/2023\/09\/isbn.jpg\" alt=\"\" class=\"wp-image-679\" srcset=\"https:\/\/wpd.ugr.es\/~redimemo\/wp-content\/uploads\/2023\/09\/isbn.jpg 600w, https:\/\/wpd.ugr.es\/~redimemo\/wp-content\/uploads\/2023\/09\/isbn-300x200.jpg 300w\" sizes=\"(max-width: 600px) 100vw, 600px\" \/><\/figure>\n\n\n\n<div style=\"height:20px\" aria-hidden=\"true\" class=\"wp-block-spacer\"><\/div>\n\n\n\n<p class=\"has-text-align-center\">Base de datos del ISBN<\/p>\n\n\n\n<div class=\"wp-block-buttons is-content-justification-center is-layout-flex wp-container-10 wp-block-buttons-is-layout-flex\">\n<div class=\"wp-block-button\"><a class=\"wp-block-button__link wp-element-button\" href=\"https:\/\/www.culturaydeporte.gob.es\/cultura\/libro\/bases-de-datos-del-isbn.html\" target=\"_blank\" rel=\"noreferrer noopener\">Enlace<\/a><\/div>\n<\/div>\n<\/div>\n<\/div>\n\n\n\n<div class=\"wp-block-columns is-layout-flex wp-container-19 wp-block-columns-is-layout-flex\" style=\"margin-top:var(--wp--preset--spacing--60);padding-top:0px;padding-right:0px;padding-bottom:0px;padding-left:0px\">\n<div class=\"wp-block-column has-ast-global-color-6-background-color has-background is-layout-flow wp-block-column-is-layout-flow\" style=\"padding-top:0;padding-right:0;padding-bottom:var(--wp--preset--spacing--40);padding-left:0\">\n<figure class=\"wp-block-image size-full\"><img decoding=\"async\" loading=\"lazy\" width=\"600\" height=\"400\" src=\"https:\/\/wpd.ugr.es\/~redimemo\/wp-content\/uploads\/2023\/09\/teseo.jpg\" alt=\"\" class=\"wp-image-681\" srcset=\"https:\/\/wpd.ugr.es\/~redimemo\/wp-content\/uploads\/2023\/09\/teseo.jpg 600w, https:\/\/wpd.ugr.es\/~redimemo\/wp-content\/uploads\/2023\/09\/teseo-300x200.jpg 300w\" sizes=\"(max-width: 600px) 100vw, 600px\" \/><\/figure>\n\n\n\n<div style=\"height:20px\" aria-hidden=\"true\" class=\"wp-block-spacer\"><\/div>\n\n\n\n<p class=\"has-text-align-center\">Base de datos de tesis doctorales TESEO<\/p>\n\n\n\n<div class=\"wp-block-buttons is-content-justification-center is-layout-flex wp-container-13 wp-block-buttons-is-layout-flex\">\n<div class=\"wp-block-button\"><a class=\"wp-block-button__link wp-element-button\" href=\"https:\/\/www.educacion.gob.es\/teseo\/irGestionarConsulta.do\" target=\"_blank\" rel=\"noreferrer noopener\">Enlace<\/a><\/div>\n<\/div>\n<\/div>\n\n\n\n<div class=\"wp-block-column has-ast-global-color-6-background-color has-background is-layout-flow wp-block-column-is-layout-flow\" style=\"padding-top:0;padding-right:0;padding-bottom:var(--wp--preset--spacing--40);padding-left:0\">\n<figure class=\"wp-block-image size-full\"><img decoding=\"async\" loading=\"lazy\" width=\"600\" height=\"400\" src=\"https:\/\/wpd.ugr.es\/~redimemo\/wp-content\/uploads\/2023\/09\/csic.jpg\" alt=\"\" class=\"wp-image-682\" srcset=\"https:\/\/wpd.ugr.es\/~redimemo\/wp-content\/uploads\/2023\/09\/csic.jpg 600w, https:\/\/wpd.ugr.es\/~redimemo\/wp-content\/uploads\/2023\/09\/csic-300x200.jpg 300w\" sizes=\"(max-width: 600px) 100vw, 600px\" \/><\/figure>\n\n\n\n<div style=\"height:20px\" aria-hidden=\"true\" class=\"wp-block-spacer\"><\/div>\n\n\n\n<p class=\"has-text-align-center\">Base de datos bibliogr\u00e1fica del CSIC<\/p>\n\n\n\n<div class=\"wp-block-buttons is-content-justification-center is-layout-flex wp-container-15 wp-block-buttons-is-layout-flex\">\n<div class=\"wp-block-button\"><a class=\"wp-block-button__link wp-element-button\" href=\"http:\/\/bddoc.csic.es:8080\/\" target=\"_blank\" rel=\"noreferrer noopener\">Enlace<\/a><\/div>\n<\/div>\n<\/div>\n\n\n\n<div class=\"wp-block-column has-ast-global-color-6-background-color has-background is-layout-flow wp-block-column-is-layout-flow\" style=\"padding-top:0;padding-right:0;padding-bottom:var(--wp--preset--spacing--40);padding-left:0\">\n<figure class=\"wp-block-image size-full\"><img decoding=\"async\" loading=\"lazy\" width=\"600\" height=\"400\" src=\"https:\/\/wpd.ugr.es\/~redimemo\/wp-content\/uploads\/2023\/09\/pares.jpg\" alt=\"\" class=\"wp-image-684\" srcset=\"https:\/\/wpd.ugr.es\/~redimemo\/wp-content\/uploads\/2023\/09\/pares.jpg 600w, https:\/\/wpd.ugr.es\/~redimemo\/wp-content\/uploads\/2023\/09\/pares-300x200.jpg 300w\" sizes=\"(max-width: 600px) 100vw, 600px\" \/><\/figure>\n\n\n\n<div style=\"height:20px\" aria-hidden=\"true\" class=\"wp-block-spacer\"><\/div>\n\n\n\n<p class=\"has-text-align-center\">PARES, Portal de Archivos Espa\u00f1oles<\/p>\n\n\n\n<div class=\"wp-block-buttons is-content-justification-center is-layout-flex wp-container-17 wp-block-buttons-is-layout-flex\">\n<div class=\"wp-block-button\"><a class=\"wp-block-button__link wp-element-button\" href=\"https:\/\/pares.culturaydeporte.gob.es\/inicio.html\" target=\"_blank\" rel=\"noreferrer noopener\">Enlace<\/a><\/div>\n<\/div>\n<\/div>\n<\/div>\n\n\n\n<div class=\"wp-block-columns is-layout-flex wp-container-26 wp-block-columns-is-layout-flex\" style=\"margin-top:var(--wp--preset--spacing--60);padding-top:0px;padding-right:0px;padding-bottom:0px;padding-left:0px\">\n<div class=\"wp-block-column has-ast-global-color-6-background-color has-background is-layout-flow wp-block-column-is-layout-flow\" style=\"padding-top:0;padding-right:0;padding-bottom:var(--wp--preset--spacing--40);padding-left:0\">\n<figure class=\"wp-block-image size-full\"><img decoding=\"async\" loading=\"lazy\" width=\"600\" height=\"400\" src=\"https:\/\/wpd.ugr.es\/~redimemo\/wp-content\/uploads\/2023\/09\/digibug.jpg\" alt=\"\" class=\"wp-image-685\" srcset=\"https:\/\/wpd.ugr.es\/~redimemo\/wp-content\/uploads\/2023\/09\/digibug.jpg 600w, https:\/\/wpd.ugr.es\/~redimemo\/wp-content\/uploads\/2023\/09\/digibug-300x200.jpg 300w\" sizes=\"(max-width: 600px) 100vw, 600px\" \/><\/figure>\n\n\n\n<div style=\"height:20px\" aria-hidden=\"true\" class=\"wp-block-spacer\"><\/div>\n\n\n\n<p class=\"has-text-align-center\">DIGIBUG, Repositorio institucional de la Universidad de Granada<\/p>\n\n\n\n<div class=\"wp-block-buttons is-content-justification-center is-layout-flex wp-container-20 wp-block-buttons-is-layout-flex\">\n<div class=\"wp-block-button\"><a class=\"wp-block-button__link wp-element-button\" href=\"http:\/\/digibug.ugr.es\/\" target=\"_blank\" rel=\"noreferrer noopener\">Enlace<\/a><\/div>\n<\/div>\n<\/div>\n\n\n\n<div class=\"wp-block-column has-ast-global-color-6-background-color has-background is-layout-flow wp-block-column-is-layout-flow\" style=\"padding-top:0;padding-right:0;padding-bottom:var(--wp--preset--spacing--40);padding-left:0\">\n<figure class=\"wp-block-image size-full\"><img decoding=\"async\" loading=\"lazy\" width=\"600\" height=\"400\" src=\"https:\/\/wpd.ugr.es\/~redimemo\/wp-content\/uploads\/2023\/09\/revistas-ugr.jpg\" alt=\"\" class=\"wp-image-686\" srcset=\"https:\/\/wpd.ugr.es\/~redimemo\/wp-content\/uploads\/2023\/09\/revistas-ugr.jpg 600w, https:\/\/wpd.ugr.es\/~redimemo\/wp-content\/uploads\/2023\/09\/revistas-ugr-300x200.jpg 300w\" sizes=\"(max-width: 600px) 100vw, 600px\" \/><\/figure>\n\n\n\n<div style=\"height:20px\" aria-hidden=\"true\" class=\"wp-block-spacer\"><\/div>\n\n\n\n<p class=\"has-text-align-center\">Portal de Revistas de la Universidad de Granada<\/p>\n\n\n\n<div class=\"wp-block-buttons is-content-justification-center is-layout-flex wp-container-22 wp-block-buttons-is-layout-flex\">\n<div class=\"wp-block-button\"><a class=\"wp-block-button__link wp-element-button\" href=\"http:\/\/revistaseug.ugr.es\/\" target=\"_blank\" rel=\"noreferrer noopener\">Enlace<\/a><\/div>\n<\/div>\n<\/div>\n\n\n\n<div class=\"wp-block-column has-ast-global-color-6-background-color has-background is-layout-flow wp-block-column-is-layout-flow\" style=\"padding-top:0;padding-right:0;padding-bottom:var(--wp--preset--spacing--40);padding-left:0\">\n<figure class=\"wp-block-image size-full\"><img decoding=\"async\" loading=\"lazy\" width=\"600\" height=\"400\" src=\"https:\/\/wpd.ugr.es\/~redimemo\/wp-content\/uploads\/2023\/09\/bne.jpg\" alt=\"\" class=\"wp-image-687\" srcset=\"https:\/\/wpd.ugr.es\/~redimemo\/wp-content\/uploads\/2023\/09\/bne.jpg 600w, https:\/\/wpd.ugr.es\/~redimemo\/wp-content\/uploads\/2023\/09\/bne-300x200.jpg 300w\" sizes=\"(max-width: 600px) 100vw, 600px\" \/><\/figure>\n\n\n\n<div style=\"height:20px\" aria-hidden=\"true\" class=\"wp-block-spacer\"><\/div>\n\n\n\n<p class=\"has-text-align-center\">BNE. Biblioteca Nacional de Espa\u00f1a<\/p>\n\n\n\n<div class=\"wp-block-buttons is-content-justification-center is-layout-flex wp-container-24 wp-block-buttons-is-layout-flex\">\n<div class=\"wp-block-button\"><a class=\"wp-block-button__link wp-element-button\" href=\"http:\/\/www.bne.es\/es\/Inicio\/index.html\" target=\"_blank\" rel=\"noreferrer noopener\">Enlace<\/a><\/div>\n<\/div>\n<\/div>\n<\/div>\n\n\n\n<div class=\"wp-block-columns is-layout-flex wp-container-33 wp-block-columns-is-layout-flex\" style=\"margin-top:var(--wp--preset--spacing--60);padding-top:0px;padding-right:0px;padding-bottom:0px;padding-left:0px\">\n<div class=\"wp-block-column has-ast-global-color-6-background-color has-background is-layout-flow wp-block-column-is-layout-flow\" style=\"padding-top:0;padding-right:0;padding-bottom:var(--wp--preset--spacing--40);padding-left:0\">\n<figure class=\"wp-block-image size-full\"><img decoding=\"async\" loading=\"lazy\" width=\"600\" height=\"400\" src=\"https:\/\/wpd.ugr.es\/~redimemo\/wp-content\/uploads\/2023\/09\/revistas-csic.jpg\" alt=\"\" class=\"wp-image-688\" srcset=\"https:\/\/wpd.ugr.es\/~redimemo\/wp-content\/uploads\/2023\/09\/revistas-csic.jpg 600w, https:\/\/wpd.ugr.es\/~redimemo\/wp-content\/uploads\/2023\/09\/revistas-csic-300x200.jpg 300w\" sizes=\"(max-width: 600px) 100vw, 600px\" \/><\/figure>\n\n\n\n<div style=\"height:20px\" aria-hidden=\"true\" class=\"wp-block-spacer\"><\/div>\n\n\n\n<p class=\"has-text-align-center\">Revistas Cient\u00edficas del CSIC<\/p>\n\n\n\n<div class=\"wp-block-buttons is-content-justification-center is-layout-flex wp-container-27 wp-block-buttons-is-layout-flex\">\n<div class=\"wp-block-button\"><a class=\"wp-block-button__link wp-element-button\" href=\"https:\/\/revistas.csic.es\/\" target=\"_blank\" rel=\"noreferrer noopener\">Enlace<\/a><\/div>\n<\/div>\n<\/div>\n\n\n\n<div class=\"wp-block-column has-ast-global-color-6-background-color has-background is-layout-flow wp-block-column-is-layout-flow\" style=\"padding-top:0;padding-right:0;padding-bottom:var(--wp--preset--spacing--40);padding-left:0\">\n<figure class=\"wp-block-image size-full\"><img decoding=\"async\" loading=\"lazy\" width=\"600\" height=\"400\" src=\"https:\/\/wpd.ugr.es\/~redimemo\/wp-content\/uploads\/2023\/09\/miguel-cervantes.jpg\" alt=\"\" class=\"wp-image-689\" srcset=\"https:\/\/wpd.ugr.es\/~redimemo\/wp-content\/uploads\/2023\/09\/miguel-cervantes.jpg 600w, https:\/\/wpd.ugr.es\/~redimemo\/wp-content\/uploads\/2023\/09\/miguel-cervantes-300x200.jpg 300w\" sizes=\"(max-width: 600px) 100vw, 600px\" \/><\/figure>\n\n\n\n<div style=\"height:20px\" aria-hidden=\"true\" class=\"wp-block-spacer\"><\/div>\n\n\n\n<p class=\"has-text-align-center\">Biblioteca Virtual Miguel de Cervantes<\/p>\n\n\n\n<div class=\"wp-block-buttons is-content-justification-center is-layout-flex wp-container-29 wp-block-buttons-is-layout-flex\">\n<div class=\"wp-block-button\"><a class=\"wp-block-button__link wp-element-button\" href=\"http:\/\/www.cervantesvirtual.com\/\" target=\"_blank\" rel=\"noreferrer noopener\">Enlace<\/a><\/div>\n<\/div>\n<\/div>\n\n\n\n<div class=\"wp-block-column has-ast-global-color-6-background-color has-background is-layout-flow wp-block-column-is-layout-flow\" style=\"padding-top:0;padding-right:0;padding-bottom:var(--wp--preset--spacing--40);padding-left:0\">\n<figure class=\"wp-block-image size-full\"><img decoding=\"async\" loading=\"lazy\" width=\"600\" height=\"400\" src=\"https:\/\/wpd.ugr.es\/~redimemo\/wp-content\/uploads\/2023\/09\/researchgate.jpg\" alt=\"\" class=\"wp-image-690\" srcset=\"https:\/\/wpd.ugr.es\/~redimemo\/wp-content\/uploads\/2023\/09\/researchgate.jpg 600w, https:\/\/wpd.ugr.es\/~redimemo\/wp-content\/uploads\/2023\/09\/researchgate-300x200.jpg 300w\" sizes=\"(max-width: 600px) 100vw, 600px\" \/><\/figure>\n\n\n\n<div style=\"height:20px\" aria-hidden=\"true\" class=\"wp-block-spacer\"><\/div>\n\n\n\n<p class=\"has-text-align-center\">Researchgate<\/p>\n\n\n\n<div class=\"wp-block-buttons is-content-justification-center is-layout-flex wp-container-31 wp-block-buttons-is-layout-flex\">\n<div class=\"wp-block-button\"><a class=\"wp-block-button__link wp-element-button\" href=\"https:\/\/www.researchgate.net\/\" target=\"_blank\" rel=\"noreferrer noopener\">Enlace<\/a><\/div>\n<\/div>\n<\/div>\n<\/div>\n\n\n\n<div class=\"wp-block-columns is-layout-flex wp-container-40 wp-block-columns-is-layout-flex\" style=\"margin-top:var(--wp--preset--spacing--60);padding-top:0px;padding-right:0px;padding-bottom:0px;padding-left:0px\">\n<div class=\"wp-block-column has-ast-global-color-6-background-color has-background is-layout-flow wp-block-column-is-layout-flow\" style=\"padding-top:0;padding-right:0;padding-bottom:var(--wp--preset--spacing--40);padding-left:0\">\n<figure class=\"wp-block-image size-full\"><img decoding=\"async\" loading=\"lazy\" width=\"600\" height=\"400\" src=\"https:\/\/wpd.ugr.es\/~redimemo\/wp-content\/uploads\/2023\/09\/academia.jpg\" alt=\"\" class=\"wp-image-692\" srcset=\"https:\/\/wpd.ugr.es\/~redimemo\/wp-content\/uploads\/2023\/09\/academia.jpg 600w, https:\/\/wpd.ugr.es\/~redimemo\/wp-content\/uploads\/2023\/09\/academia-300x200.jpg 300w\" sizes=\"(max-width: 600px) 100vw, 600px\" \/><\/figure>\n\n\n\n<div style=\"height:20px\" aria-hidden=\"true\" class=\"wp-block-spacer\"><\/div>\n\n\n\n<p class=\"has-text-align-center\">Academia.edu<\/p>\n\n\n\n<div class=\"wp-block-buttons is-content-justification-center is-layout-flex wp-container-34 wp-block-buttons-is-layout-flex\">\n<div class=\"wp-block-button\"><a class=\"wp-block-button__link wp-element-button\" href=\"https:\/\/www.academia.edu\/\" target=\"_blank\" rel=\"noreferrer noopener\">Enlace<\/a><\/div>\n<\/div>\n<\/div>\n\n\n\n<div class=\"wp-block-column has-ast-global-color-6-background-color has-background is-layout-flow wp-block-column-is-layout-flow\" style=\"padding-top:0;padding-right:0;padding-bottom:var(--wp--preset--spacing--40);padding-left:0\">\n<figure class=\"wp-block-image size-full\"><img decoding=\"async\" loading=\"lazy\" width=\"600\" height=\"400\" src=\"https:\/\/wpd.ugr.es\/~redimemo\/wp-content\/uploads\/2023\/09\/historia-moderna.jpg\" alt=\"\" class=\"wp-image-693\" srcset=\"https:\/\/wpd.ugr.es\/~redimemo\/wp-content\/uploads\/2023\/09\/historia-moderna.jpg 600w, https:\/\/wpd.ugr.es\/~redimemo\/wp-content\/uploads\/2023\/09\/historia-moderna-300x200.jpg 300w\" sizes=\"(max-width: 600px) 100vw, 600px\" \/><\/figure>\n\n\n\n<div style=\"height:20px\" aria-hidden=\"true\" class=\"wp-block-spacer\"><\/div>\n\n\n\n<p class=\"has-text-align-center\">Fundaci\u00f3n Espa\u00f1ola de Historia Moderna<\/p>\n\n\n\n<div class=\"wp-block-buttons is-content-justification-center is-layout-flex wp-container-36 wp-block-buttons-is-layout-flex\">\n<div class=\"wp-block-button\"><a class=\"wp-block-button__link wp-element-button\" href=\"http:\/\/www.moderna1.ih.csic.es\/fehm\/ \" target=\"_blank\" rel=\"noreferrer noopener\">Enlace<\/a><\/div>\n<\/div>\n<\/div>\n\n\n\n<div class=\"wp-block-column has-ast-global-color-6-background-color has-background is-layout-flow wp-block-column-is-layout-flow\" style=\"padding-top:0;padding-right:0;padding-bottom:var(--wp--preset--spacing--40);padding-left:0\">\n<figure class=\"wp-block-image size-full\"><img decoding=\"async\" loading=\"lazy\" width=\"600\" height=\"400\" src=\"https:\/\/wpd.ugr.es\/~redimemo\/wp-content\/uploads\/2023\/09\/biblioteca-congreso.jpg\" alt=\"\" class=\"wp-image-694\" srcset=\"https:\/\/wpd.ugr.es\/~redimemo\/wp-content\/uploads\/2023\/09\/biblioteca-congreso.jpg 600w, https:\/\/wpd.ugr.es\/~redimemo\/wp-content\/uploads\/2023\/09\/biblioteca-congreso-300x200.jpg 300w\" sizes=\"(max-width: 600px) 100vw, 600px\" \/><\/figure>\n\n\n\n<div style=\"height:20px\" aria-hidden=\"true\" class=\"wp-block-spacer\"><\/div>\n\n\n\n<p class=\"has-text-align-center\">Biblioteca del Congreso de Estados Unidos<\/p>\n\n\n\n<div class=\"wp-block-buttons is-content-justification-center is-layout-flex wp-container-38 wp-block-buttons-is-layout-flex\">\n<div class=\"wp-block-button\"><a class=\"wp-block-button__link wp-element-button\" href=\"http:\/\/www.loc.gov\/index.html \" target=\"_blank\" rel=\"noreferrer noopener\">Enlace<\/a><\/div>\n<\/div>\n<\/div>\n<\/div>\n\n\n\n<div style=\"height:100px\" aria-hidden=\"true\" class=\"wp-block-spacer\"><\/div>\n","protected":false},"excerpt":{"rendered":"<p>Departamento de Historia Moderna y de Am\u00e9rica de la Universidad de Granada Base de datos bibliogr\u00e1fica DIALNET Base de datos del ISBN Base de datos de tesis doctorales TESEO Base de datos bibliogr\u00e1fica del CSIC PARES, Portal de Archivos Espa\u00f1oles DIGIBUG, Repositorio institucional de la Universidad de Granada Portal de Revistas de la Universidad de &hellip;<\/p>\n<p class=\"read-more\"> <a class=\"\" href=\"https:\/\/wpd.ugr.es\/~redimemo\/enlaces\/\"> <span class=\"screen-reader-text\">Enlaces<\/span> Leer m\u00e1s &raquo;<\/a><\/p>\n","protected":false},"author":1,"featured_media":0,"parent":0,"menu_order":0,"comment_status":"closed","ping_status":"closed","template":"","meta":{"_uag_custom_page_level_css":"","site-sidebar-layout":"default","site-content-layout":"default","ast-global-header-display":"","ast-banner-title-visibility":"","ast-main-header-display":"","ast-hfb-above-header-display":"","ast-hfb-below-header-display":"","ast-hfb-mobile-header-display":"","site-post-title":"disabled","ast-breadcrumbs-content":"","ast-featured-img":"","footer-sml-layout":"","theme-transparent-header-meta":"","adv-header-id-meta":"","stick-header-meta":"","header-above-stick-meta":"","header-main-stick-meta":"","header-below-stick-meta":"","footnotes":""},"uagb_featured_image_src":{"full":false,"thumbnail":false,"medium":false,"medium_large":false,"large":false,"1536x1536":false,"2048x2048":false},"uagb_author_info":{"display_name":"redimemo@ugr.es","author_link":"https:\/\/wpd.ugr.es\/~redimemo\/author\/redimemougr-es\/"},"uagb_comment_info":0,"uagb_excerpt":"Departamento de Historia Moderna y de Am\u00e9rica de la Universidad de Granada Base de datos bibliogr\u00e1fica DIALNET Base de datos del ISBN Base de datos de tesis doctorales TESEO Base de datos bibliogr\u00e1fica del CSIC PARES, Portal de Archivos Espa\u00f1oles DIGIBUG, Repositorio institucional de la Universidad de Granada Portal de Revistas de la Universidad de&hellip;","_links":{"self":[{"href":"https:\/\/wpd.ugr.es\/~redimemo\/wp-json\/wp\/v2\/pages\/482"}],"collection":[{"href":"https:\/\/wpd.ugr.es\/~redimemo\/wp-json\/wp\/v2\/pages"}],"about":[{"href":"https:\/\/wpd.ugr.es\/~redimemo\/wp-json\/wp\/v2\/types\/page"}],"author":[{"embeddable":true,"href":"https:\/\/wpd.ugr.es\/~redimemo\/wp-json\/wp\/v2\/users\/1"}],"replies":[{"embeddable":true,"href":"https:\/\/wpd.ugr.es\/~redimemo\/wp-json\/wp\/v2\/comments?post=482"}],"version-history":[{"count":0,"href":"https:\/\/wpd.ugr.es\/~redimemo\/wp-json\/wp\/v2\/pages\/482\/revisions"}],"wp:attachment":[{"href":"https:\/\/wpd.ugr.es\/~redimemo\/wp-json\/wp\/v2\/media?parent=482"}],"curies":[{"name":"wp","href":"https:\/\/api.w.org\/{rel}","templated":true}]}}